{"id":1461,"date":"2022-06-06T14:08:36","date_gmt":"2022-06-06T14:08:36","guid":{"rendered":"https:\/\/serviozono.com\/?page_id=1461"},"modified":"2022-06-15T10:54:35","modified_gmt":"2022-06-15T10:54:35","slug":"maquinas-de-ozono-comercial-hogar","status":"publish","type":"page","link":"https:\/\/serviozono.com\/de\/maquinas-de-ozono-comercial-hogar\/","title":{"rendered":"Maschinen von Ozon-Kommerziellen und Home"},"content":{"rendered":"<p><section id=\"bt_bb_section69f638a61a780\" class=\"bt_bb_section bt_bb_layout_boxed_1200\"  data-bt-override-class=\"null\"><div class=\"bt_bb_port\"><div class=\"bt_bb_cell\"><div class=\"bt_bb_cell_inner\"><div class=\"bt_bb_row\"  data-bt-override-class=\"{}\"><div class=\"bt_bb_row_holder\" ><div  class=\"bt_bb_column col-xxl-12 col-xl-12 col-xs-12 col-sm-12 col-md-12 col-lg-12 bt_bb_vertical_align_top bt_bb_align_left bt_bb_padding_normal\"  data-width=\"12\" data-bt-override-class=\"{}\"><div class=\"bt_bb_column_content\"><div class=\"bt_bb_separator bt_bb_border_style_none bt_bb_top_spacing_normal bt_bb_bottom_spacing_normal\" data-bt-override-class=\"{&quot;bt_bb_top_spacing_&quot;:{&quot;current_class&quot;:&quot;bt_bb_top_spacing_normal&quot;,&quot;def&quot;:&quot;normal&quot;,&quot;xl&quot;:&quot;normal&quot;},&quot;bt_bb_bottom_spacing_&quot;:{&quot;current_class&quot;:&quot;bt_bb_bottom_spacing_normal&quot;,&quot;def&quot;:&quot;normal&quot;,&quot;xl&quot;:&quot;normal&quot;}}\"><\/div><div  class=\"bt_bb_text\" ><\/p>\n<h3 style=\"text-align: center;\"><span style=\"color: #104a8f;\">Maschinen von Ozon Zu die Luft<\/span><\/h3>\n<p style=\"text-align: center;\">Mit fans oder Turbinen, diese Generatoren eine gr\u00f6\u00dfere Fl\u00e4che expansion des Ozons und vieles mehr schnell und effizient.<\/p>\n<p>\n<\/div><\/div><\/div><\/div><\/div><\/div><!-- cell_inner --><\/div><!-- cell --><\/div><!-- port --><\/section><section id=\"bt_bb_section69f638a61a9ae\" class=\"bt_bb_section bt_bb_layout_boxed_1200 bt_bb_vertical_align_top bt_bb_top_spacing_ bt_bb_bottom_spacing_\"  data-bt-override-class=\"{&quot;bt_bb_top_spacing_&quot;:{&quot;current_class&quot;:&quot;bt_bb_top_spacing_&quot;,&quot;def&quot;:&quot;&quot;,&quot;xl&quot;:&quot;&quot;},&quot;bt_bb_bottom_spacing_&quot;:{&quot;current_class&quot;:&quot;bt_bb_bottom_spacing_&quot;,&quot;def&quot;:&quot;&quot;,&quot;xl&quot;:&quot;&quot;}}\"><div class=\"bt_bb_port\"><div class=\"bt_bb_cell\"><div class=\"bt_bb_cell_inner\"><div class=\"bt_bb_row\"  data-bt-override-class=\"{}\"><div class=\"bt_bb_row_holder\" ><div  class=\"bt_bb_column col-xxl-4 col-xl-4 col-xs-12 col-sm-12 col-md-12 col-lg-4 bt_bb_vertical_align_top bt_bb_align_left bt_bb_padding_normal\"  data-width=\"4\" data-bt-override-class=\"{}\"><div class=\"bt_bb_column_content\"><div class=\"bt_bb_separator bt_bb_border_style_none bt_bb_top_spacing_normal bt_bb_bottom_spacing_normal\" data-bt-override-class=\"{&quot;bt_bb_top_spacing_&quot;:{&quot;current_class&quot;:&quot;bt_bb_top_spacing_normal&quot;,&quot;def&quot;:&quot;normal&quot;,&quot;xl&quot;:&quot;normal&quot;},&quot;bt_bb_bottom_spacing_&quot;:{&quot;current_class&quot;:&quot;bt_bb_bottom_spacing_normal&quot;,&quot;def&quot;:&quot;normal&quot;,&quot;xl&quot;:&quot;normal&quot;}}\"><\/div><div  class=\"bt_bb_text\" ><\/p>\n<h4 style=\"text-align: center;\">Ozonizers Wandbilder f\u00fcr Behandlung Umwelt<\/h4>\n<p>\n<\/div><div class=\"bt_bb_image bt_bb_shape_square bt_bb_target_self bt_bb_align_inherit bt_bb_hover_style_simple bt_bb_content_display_always bt_bb_content_align_middle\" data-bt-override-class=\"{&quot;bt_bb_align_&quot;:{&quot;current_class&quot;:&quot;bt_bb_align_inherit&quot;,&quot;def&quot;:&quot;inherit&quot;,&quot;xl&quot;:&quot;inherit&quot;}}\"><span><img loading=\"lazy\" decoding=\"async\" width=\"500\" height=\"500\" src=\"https:\/\/serviozono.com\/wp-content\/uploads\/2022\/06\/pro-20.jpg\" class=\"attachment-full size-full\" alt=\"https:\/\/serviozono.com\/wp-content\/uploads\/2022\/06\/pro-20.jpg\" data-full_image_src=\"https:\/\/serviozono.com\/wp-content\/uploads\/2022\/06\/pro-20.jpg\" title=\"pro-20\" srcset=\"https:\/\/serviozono.com\/wp-content\/uploads\/2022\/06\/pro-20.jpg 500w, https:\/\/serviozono.com\/wp-content\/uploads\/2022\/06\/pro-20-300x300.jpg 300w, https:\/\/serviozono.com\/wp-content\/uploads\/2022\/06\/pro-20-100x100.jpg 100w, https:\/\/serviozono.com\/wp-content\/uploads\/2022\/06\/pro-20-160x160.jpg 160w, https:\/\/serviozono.com\/wp-content\/uploads\/2022\/06\/pro-20-320x320.jpg 320w\" sizes=\"auto, (max-width: 500px) 100vw, 500px\" \/><\/span><\/div><\/div><\/div><div  class=\"bt_bb_column col-xxl-4 col-xl-4 col-xs-12 col-sm-12 col-md-12 col-lg-4 bt_bb_vertical_align_top bt_bb_align_left bt_bb_padding_normal\"  data-width=\"4\" data-bt-override-class=\"{}\"><div class=\"bt_bb_column_content\"><div class=\"bt_bb_separator bt_bb_border_style_none bt_bb_top_spacing_normal bt_bb_bottom_spacing_normal\" data-bt-override-class=\"{&quot;bt_bb_top_spacing_&quot;:{&quot;current_class&quot;:&quot;bt_bb_top_spacing_normal&quot;,&quot;def&quot;:&quot;normal&quot;,&quot;xl&quot;:&quot;normal&quot;},&quot;bt_bb_bottom_spacing_&quot;:{&quot;current_class&quot;:&quot;bt_bb_bottom_spacing_normal&quot;,&quot;def&quot;:&quot;normal&quot;,&quot;xl&quot;:&quot;normal&quot;}}\"><\/div><div  class=\"bt_bb_text\" ><\/p>\n<h4 style=\"text-align: center;\">Ozonizers f\u00fcr Behandlungen Umwelt bus<\/h4>\n<p>\n<\/div><div class=\"bt_bb_image bt_bb_shape_square bt_bb_target_self bt_bb_align_inherit bt_bb_hover_style_simple bt_bb_content_display_always bt_bb_content_align_middle\" data-bt-override-class=\"{&quot;bt_bb_align_&quot;:{&quot;current_class&quot;:&quot;bt_bb_align_inherit&quot;,&quot;def&quot;:&quot;inherit&quot;,&quot;xl&quot;:&quot;inherit&quot;}}\"><span><img loading=\"lazy\" decoding=\"async\" width=\"500\" height=\"500\" src=\"https:\/\/serviozono.com\/wp-content\/uploads\/2022\/06\/Ozonizadores-murales-para-aire-y-agua.jpg\" class=\"attachment-full size-full\" alt=\"https:\/\/serviozono.com\/wp-content\/uploads\/2022\/06\/Ozonizadores-murales-para-aire-y-agua.jpg\" data-full_image_src=\"https:\/\/serviozono.com\/wp-content\/uploads\/2022\/06\/Ozonizadores-murales-para-aire-y-agua.jpg\" title=\"Ozonizers-Wandbilder-f\u00fcr-Luft-und-Wasser\" srcset=\"https:\/\/serviozono.com\/wp-content\/uploads\/2022\/06\/Ozonizadores-murales-para-aire-y-agua.jpg 500w, https:\/\/serviozono.com\/wp-content\/uploads\/2022\/06\/Ozonizadores-murales-para-aire-y-agua-300x300.jpg 300w, https:\/\/serviozono.com\/wp-content\/uploads\/2022\/06\/Ozonizadores-murales-para-aire-y-agua-100x100.jpg 100w, https:\/\/serviozono.com\/wp-content\/uploads\/2022\/06\/Ozonizadores-murales-para-aire-y-agua-160x160.jpg 160w, https:\/\/serviozono.com\/wp-content\/uploads\/2022\/06\/Ozonizadores-murales-para-aire-y-agua-320x320.jpg 320w\" sizes=\"auto, (max-width: 500px) 100vw, 500px\" \/><\/span><\/div><\/div><\/div><div  class=\"bt_bb_column col-xxl-4 col-xl-4 col-xs-12 col-sm-12 col-md-12 col-lg-4 bt_bb_vertical_align_top bt_bb_align_left bt_bb_padding_normal\"  data-width=\"4\" data-bt-override-class=\"{}\"><div class=\"bt_bb_column_content\"><div class=\"bt_bb_separator bt_bb_border_style_none bt_bb_top_spacing_normal bt_bb_bottom_spacing_normal\" data-bt-override-class=\"{&quot;bt_bb_top_spacing_&quot;:{&quot;current_class&quot;:&quot;bt_bb_top_spacing_normal&quot;,&quot;def&quot;:&quot;normal&quot;,&quot;xl&quot;:&quot;normal&quot;},&quot;bt_bb_bottom_spacing_&quot;:{&quot;current_class&quot;:&quot;bt_bb_bottom_spacing_normal&quot;,&quot;def&quot;:&quot;normal&quot;,&quot;xl&quot;:&quot;normal&quot;}}\"><\/div><div  class=\"bt_bb_text\" ><\/p>\n<h4 style=\"text-align: center;\">Ozonizers Portable room Air und Schock<\/h4>\n<p>\n<\/div><div class=\"bt_bb_image bt_bb_shape_square bt_bb_target_self bt_bb_align_inherit bt_bb_hover_style_simple bt_bb_content_display_always bt_bb_content_align_middle\" data-bt-override-class=\"{&quot;bt_bb_align_&quot;:{&quot;current_class&quot;:&quot;bt_bb_align_inherit&quot;,&quot;def&quot;:&quot;inherit&quot;,&quot;xl&quot;:&quot;inherit&quot;}}\"><span><img loading=\"lazy\" decoding=\"async\" width=\"500\" height=\"500\" src=\"https:\/\/serviozono.com\/wp-content\/uploads\/2022\/06\/pro-05.jpg\" class=\"attachment-full size-full\" alt=\"https:\/\/serviozono.com\/wp-content\/uploads\/2022\/06\/pro-05.jpg\" data-full_image_src=\"https:\/\/serviozono.com\/wp-content\/uploads\/2022\/06\/pro-05.jpg\" title=\"pro-05\" srcset=\"https:\/\/serviozono.com\/wp-content\/uploads\/2022\/06\/pro-05.jpg 500w, https:\/\/serviozono.com\/wp-content\/uploads\/2022\/06\/pro-05-300x300.jpg 300w, https:\/\/serviozono.com\/wp-content\/uploads\/2022\/06\/pro-05-100x100.jpg 100w, https:\/\/serviozono.com\/wp-content\/uploads\/2022\/06\/pro-05-160x160.jpg 160w, https:\/\/serviozono.com\/wp-content\/uploads\/2022\/06\/pro-05-320x320.jpg 320w\" sizes=\"auto, (max-width: 500px) 100vw, 500px\" \/><\/span><\/div><\/div><\/div><\/div><\/div><\/div><!-- cell_inner --><\/div><!-- cell --><\/div><!-- port --><\/section><section id=\"bt_bb_section69f638a61b4a4\" class=\"bt_bb_section bt_bb_layout_boxed_1200\"  data-bt-override-class=\"null\"><div class=\"bt_bb_port\"><div class=\"bt_bb_cell\"><div class=\"bt_bb_cell_inner\"><div class=\"bt_bb_row\"  data-bt-override-class=\"{}\"><div class=\"bt_bb_row_holder\" ><div  class=\"bt_bb_column col-xxl-12 col-xl-12 col-xs-12 col-sm-12 col-md-12 col-lg-12 bt_bb_vertical_align_top bt_bb_align_left bt_bb_padding_normal\"  data-width=\"12\" data-bt-override-class=\"{}\"><div class=\"bt_bb_column_content\"><div class=\"bt_bb_separator bt_bb_border_style_none bt_bb_top_spacing_normal bt_bb_bottom_spacing_normal\" data-bt-override-class=\"{&quot;bt_bb_top_spacing_&quot;:{&quot;current_class&quot;:&quot;bt_bb_top_spacing_normal&quot;,&quot;def&quot;:&quot;normal&quot;,&quot;xl&quot;:&quot;normal&quot;},&quot;bt_bb_bottom_spacing_&quot;:{&quot;current_class&quot;:&quot;bt_bb_bottom_spacing_normal&quot;,&quot;def&quot;:&quot;normal&quot;,&quot;xl&quot;:&quot;normal&quot;}}\"><\/div><div  class=\"bt_bb_text\" ><\/p>\n<h3 style=\"text-align: center;\"><span style=\"color: #104a8f;\">Maschinen, Ozon, Luft und Wasser<\/span><\/h3>\n<div class=\"et_pb_row et_pb_row_2\">\n<div class=\"et_pb_column et_pb_column_1_2 et_pb_column_3 et_pb_css_mix_blend_mode_passthrough et-last-child\">\n<div class=\"et_pb_module et_pb_text et_pb_text_2 et_pb_text_align_left et_pb_bg_layout_light\">\n<div class=\"et_pb_text_inner\">\n<p style=\"text-align: center;\">Diese Generatoren, Kompressoren verwendet, mit denen die \u00fcberwindung der hydrostatische Druck das Wasser durch den Druck der Injektion von Ozon-gas in einem Rohr getrieben, so dass auch Gie\u00dfen Sie das Ozon in der Atmosph\u00e4re.<\/p>\n<\/div>\n<\/div>\n<\/div>\n<\/div>\n<p>\n<\/div><\/div><\/div><\/div><\/div><\/div><!-- cell_inner --><\/div><!-- cell --><\/div><!-- port --><\/section><section id=\"bt_bb_section69f638a61b646\" class=\"bt_bb_section bt_bb_layout_boxed_1200\"  data-bt-override-class=\"null\"><div class=\"bt_bb_port\"><div class=\"bt_bb_cell\"><div class=\"bt_bb_cell_inner\"><div class=\"bt_bb_row\"  data-bt-override-class=\"{}\"><div class=\"bt_bb_row_holder\" ><div  class=\"bt_bb_column col-xxl-4 col-xl-4 col-xs-12 col-sm-12 col-md-12 col-lg-4 bt_bb_vertical_align_top bt_bb_align_left bt_bb_padding_normal\"  data-width=\"4\" data-bt-override-class=\"{}\"><div class=\"bt_bb_column_content\"><div class=\"bt_bb_separator bt_bb_border_style_none bt_bb_top_spacing_normal bt_bb_bottom_spacing_normal\" data-bt-override-class=\"{&quot;bt_bb_top_spacing_&quot;:{&quot;current_class&quot;:&quot;bt_bb_top_spacing_normal&quot;,&quot;def&quot;:&quot;normal&quot;,&quot;xl&quot;:&quot;normal&quot;},&quot;bt_bb_bottom_spacing_&quot;:{&quot;current_class&quot;:&quot;bt_bb_bottom_spacing_normal&quot;,&quot;def&quot;:&quot;normal&quot;,&quot;xl&quot;:&quot;normal&quot;}}\"><\/div><div  class=\"bt_bb_text\" ><\/p>\n<h4 style=\"text-align: center;\">Multi-Funktion tragbare, Luft und Wasser<\/h4>\n<p>\n<\/div><div class=\"bt_bb_image bt_bb_shape_square bt_bb_target_self bt_bb_align_inherit bt_bb_hover_style_simple bt_bb_content_display_always bt_bb_content_align_middle\" data-bt-override-class=\"{&quot;bt_bb_align_&quot;:{&quot;current_class&quot;:&quot;bt_bb_align_inherit&quot;,&quot;def&quot;:&quot;inherit&quot;,&quot;xl&quot;:&quot;inherit&quot;}}\"><span><img loading=\"lazy\" decoding=\"async\" width=\"500\" height=\"500\" src=\"https:\/\/serviozono.com\/wp-content\/uploads\/2022\/06\/pro-13.jpg\" class=\"attachment-full size-full\" alt=\"https:\/\/serviozono.com\/wp-content\/uploads\/2022\/06\/pro-13.jpg\" data-full_image_src=\"https:\/\/serviozono.com\/wp-content\/uploads\/2022\/06\/pro-13.jpg\" title=\"pro-13\" srcset=\"https:\/\/serviozono.com\/wp-content\/uploads\/2022\/06\/pro-13.jpg 500w, https:\/\/serviozono.com\/wp-content\/uploads\/2022\/06\/pro-13-300x300.jpg 300w, https:\/\/serviozono.com\/wp-content\/uploads\/2022\/06\/pro-13-100x100.jpg 100w, https:\/\/serviozono.com\/wp-content\/uploads\/2022\/06\/pro-13-160x160.jpg 160w, https:\/\/serviozono.com\/wp-content\/uploads\/2022\/06\/pro-13-320x320.jpg 320w\" sizes=\"auto, (max-width: 500px) 100vw, 500px\" \/><\/span><\/div><\/div><\/div><div  class=\"bt_bb_column col-xxl-4 col-xl-4 col-xs-12 col-sm-12 col-md-12 col-lg-4 bt_bb_vertical_align_top bt_bb_align_left bt_bb_padding_normal\"  data-width=\"4\" data-bt-override-class=\"{}\"><div class=\"bt_bb_column_content\"><div class=\"bt_bb_separator bt_bb_border_style_none bt_bb_top_spacing_normal bt_bb_bottom_spacing_normal\" data-bt-override-class=\"{&quot;bt_bb_top_spacing_&quot;:{&quot;current_class&quot;:&quot;bt_bb_top_spacing_normal&quot;,&quot;def&quot;:&quot;normal&quot;,&quot;xl&quot;:&quot;normal&quot;},&quot;bt_bb_bottom_spacing_&quot;:{&quot;current_class&quot;:&quot;bt_bb_bottom_spacing_normal&quot;,&quot;def&quot;:&quot;normal&quot;,&quot;xl&quot;:&quot;normal&quot;}}\"><\/div><div  class=\"bt_bb_text\" ><\/p>\n<h4 style=\"text-align: center;\">Ozonizers Wandbilder Luft \/ Wasser<\/h4>\n<p>\n<\/div><div class=\"bt_bb_image bt_bb_shape_square bt_bb_target_self bt_bb_align_inherit bt_bb_hover_style_simple bt_bb_content_display_always bt_bb_content_align_middle\" data-bt-override-class=\"{&quot;bt_bb_align_&quot;:{&quot;current_class&quot;:&quot;bt_bb_align_inherit&quot;,&quot;def&quot;:&quot;inherit&quot;,&quot;xl&quot;:&quot;inherit&quot;}}\"><span><img loading=\"lazy\" decoding=\"async\" width=\"500\" height=\"500\" src=\"https:\/\/serviozono.com\/wp-content\/uploads\/2022\/06\/Ozonizadores-multifuncion-aire-y-agua.jpg\" class=\"attachment-full size-full\" alt=\"https:\/\/serviozono.com\/wp-content\/uploads\/2022\/06\/Ozonizadores-multifuncion-aire-y-agua.jpg\" data-full_image_src=\"https:\/\/serviozono.com\/wp-content\/uploads\/2022\/06\/Ozonizadores-multifuncion-aire-y-agua.jpg\" title=\"Ozonizers-multi-Funktion-Luft-und-Wasser\" srcset=\"https:\/\/serviozono.com\/wp-content\/uploads\/2022\/06\/Ozonizadores-multifuncion-aire-y-agua.jpg 500w, https:\/\/serviozono.com\/wp-content\/uploads\/2022\/06\/Ozonizadores-multifuncion-aire-y-agua-300x300.jpg 300w, https:\/\/serviozono.com\/wp-content\/uploads\/2022\/06\/Ozonizadores-multifuncion-aire-y-agua-100x100.jpg 100w, https:\/\/serviozono.com\/wp-content\/uploads\/2022\/06\/Ozonizadores-multifuncion-aire-y-agua-160x160.jpg 160w, https:\/\/serviozono.com\/wp-content\/uploads\/2022\/06\/Ozonizadores-multifuncion-aire-y-agua-320x320.jpg 320w\" sizes=\"auto, (max-width: 500px) 100vw, 500px\" \/><\/span><\/div><\/div><\/div><div  class=\"bt_bb_column col-xxl-4 col-xl-4 col-xs-12 col-sm-12 col-md-12 col-lg-4 bt_bb_vertical_align_top bt_bb_align_left bt_bb_padding_normal\"  data-width=\"4\" data-bt-override-class=\"{}\"><div class=\"bt_bb_column_content\"><div class=\"bt_bb_separator bt_bb_border_style_none bt_bb_top_spacing_normal bt_bb_bottom_spacing_normal\" data-bt-override-class=\"{&quot;bt_bb_top_spacing_&quot;:{&quot;current_class&quot;:&quot;bt_bb_top_spacing_normal&quot;,&quot;def&quot;:&quot;normal&quot;,&quot;xl&quot;:&quot;normal&quot;},&quot;bt_bb_bottom_spacing_&quot;:{&quot;current_class&quot;:&quot;bt_bb_bottom_spacing_normal&quot;,&quot;def&quot;:&quot;normal&quot;,&quot;xl&quot;:&quot;normal&quot;}}\"><\/div><div  class=\"bt_bb_text\" ><\/p>\n<h4 style=\"text-align: center;\">Ozonizers mini f\u00fcr Hause<\/h4>\n<p>\n<\/div><div class=\"bt_bb_image bt_bb_shape_square bt_bb_target_self bt_bb_align_inherit bt_bb_hover_style_simple bt_bb_content_display_always bt_bb_content_align_middle\" data-bt-override-class=\"{&quot;bt_bb_align_&quot;:{&quot;current_class&quot;:&quot;bt_bb_align_inherit&quot;,&quot;def&quot;:&quot;inherit&quot;,&quot;xl&quot;:&quot;inherit&quot;}}\"><span><img loading=\"lazy\" decoding=\"async\" width=\"500\" height=\"500\" src=\"https:\/\/serviozono.com\/wp-content\/uploads\/2022\/06\/TOP-OZO-HOGAR.jpg\" class=\"attachment-full size-full\" alt=\"https:\/\/serviozono.com\/wp-content\/uploads\/2022\/06\/TOP-OZO-HOGAR.jpg\" data-full_image_src=\"https:\/\/serviozono.com\/wp-content\/uploads\/2022\/06\/TOP-OZO-HOGAR.jpg\" title=\"TOP-OZO-HOME\" srcset=\"https:\/\/serviozono.com\/wp-content\/uploads\/2022\/06\/TOP-OZO-HOGAR.jpg 500w, https:\/\/serviozono.com\/wp-content\/uploads\/2022\/06\/TOP-OZO-HOGAR-300x300.jpg 300w, https:\/\/serviozono.com\/wp-content\/uploads\/2022\/06\/TOP-OZO-HOGAR-100x100.jpg 100w, https:\/\/serviozono.com\/wp-content\/uploads\/2022\/06\/TOP-OZO-HOGAR-160x160.jpg 160w, https:\/\/serviozono.com\/wp-content\/uploads\/2022\/06\/TOP-OZO-HOGAR-320x320.jpg 320w\" sizes=\"auto, (max-width: 500px) 100vw, 500px\" \/><\/span><\/div><\/div><\/div><\/div><\/div><\/div><!-- cell_inner --><\/div><!-- cell --><\/div><!-- port --><\/section><section id=\"bt_bb_section69f638a61bf26\" class=\"bt_bb_section bt_bb_layout_boxed_1200\"  data-bt-override-class=\"null\"><div class=\"bt_bb_port\"><div class=\"bt_bb_cell\"><div class=\"bt_bb_cell_inner\"><div class=\"bt_bb_row\"  data-bt-override-class=\"{}\"><div class=\"bt_bb_row_holder\" ><div  class=\"bt_bb_column col-xxl-12 col-xl-12 col-xs-12 col-sm-12 col-md-12 col-lg-12 bt_bb_vertical_align_top bt_bb_align_left bt_bb_padding_normal\"  data-width=\"12\" data-bt-override-class=\"{}\"><div class=\"bt_bb_column_content\"><div class=\"bt_bb_separator bt_bb_border_style_none bt_bb_top_spacing_extra_small bt_bb_bottom_spacing_normal\" data-bt-override-class=\"{&quot;bt_bb_top_spacing_&quot;:{&quot;current_class&quot;:&quot;bt_bb_top_spacing_extra_small&quot;,&quot;def&quot;:&quot;extra_small&quot;,&quot;xl&quot;:&quot;extra_small&quot;},&quot;bt_bb_bottom_spacing_&quot;:{&quot;current_class&quot;:&quot;bt_bb_bottom_spacing_normal&quot;,&quot;def&quot;:&quot;normal&quot;,&quot;xl&quot;:&quot;normal&quot;}}\"><\/div><\/div><\/div><\/div><\/div><\/div><!-- cell_inner --><\/div><!-- cell --><\/div><!-- port --><\/section><\/p>","protected":false},"excerpt":{"rendered":"","protected":false},"author":3,"featured_media":0,"parent":0,"menu_order":0,"comment_status":"closed","ping_status":"closed","template":"","meta":{"footnotes":""},"class_list":["post-1461","page","type-page","status-publish","hentry"],"_links":{"self":[{"href":"https:\/\/serviozono.com\/de\/wp-json\/wp\/v2\/pages\/1461","targetHints":{"allow":["GET"]}}],"collection":[{"href":"https:\/\/serviozono.com\/de\/wp-json\/wp\/v2\/pages"}],"about":[{"href":"https:\/\/serviozono.com\/de\/wp-json\/wp\/v2\/types\/page"}],"author":[{"embeddable":true,"href":"https:\/\/serviozono.com\/de\/wp-json\/wp\/v2\/users\/3"}],"replies":[{"embeddable":true,"href":"https:\/\/serviozono.com\/de\/wp-json\/wp\/v2\/comments?post=1461"}],"version-history":[{"count":49,"href":"https:\/\/serviozono.com\/de\/wp-json\/wp\/v2\/pages\/1461\/revisions"}],"predecessor-version":[{"id":1983,"href":"https:\/\/serviozono.com\/de\/wp-json\/wp\/v2\/pages\/1461\/revisions\/1983"}],"wp:attachment":[{"href":"https:\/\/serviozono.com\/de\/wp-json\/wp\/v2\/media?parent=1461"}],"curies":[{"name":"wp","href":"https:\/\/api.w.org\/{rel}","templated":true}]}}