{"id":1584,"date":"2022-06-06T20:57:02","date_gmt":"2022-06-06T20:57:02","guid":{"rendered":"https:\/\/serviozono.com\/?page_id=1584"},"modified":"2024-06-11T14:24:42","modified_gmt":"2024-06-11T14:24:42","slug":"el-poder-que-tiene-el-ozono","status":"publish","type":"page","link":"https:\/\/serviozono.com\/de\/el-poder-que-tiene-el-ozono\/","title":{"rendered":"Die Kraft von Ozon"},"content":{"rendered":"<p><section id=\"bt_bb_section69f54ef1ae7ed\" class=\"bt_bb_section bt_bb_layout_boxed_1200\"  data-bt-override-class=\"null\"><div class=\"bt_bb_port\"><div class=\"bt_bb_cell\"><div class=\"bt_bb_cell_inner\"><div class=\"bt_bb_row\"  data-bt-override-class=\"{}\"><div class=\"bt_bb_row_holder\" ><div  class=\"bt_bb_column col-xxl-12 col-xl-12 col-xs-12 col-sm-12 col-md-12 col-lg-12 bt_bb_vertical_align_top bt_bb_align_left bt_bb_padding_normal\"  data-width=\"12\" data-bt-override-class=\"{}\"><div class=\"bt_bb_column_content\"><div class=\"bt_bb_separator bt_bb_border_style_none bt_bb_top_spacing_small bt_bb_bottom_spacing_normal\" data-bt-override-class=\"{&quot;bt_bb_top_spacing_&quot;:{&quot;current_class&quot;:&quot;bt_bb_top_spacing_small&quot;,&quot;def&quot;:&quot;small&quot;,&quot;xl&quot;:&quot;small&quot;},&quot;bt_bb_bottom_spacing_&quot;:{&quot;current_class&quot;:&quot;bt_bb_bottom_spacing_normal&quot;,&quot;def&quot;:&quot;normal&quot;,&quot;xl&quot;:&quot;normal&quot;}}\"><\/div><div  class=\"bt_bb_text\" ><\/p>\n<h1 style=\"text-align: center;\">Die zerst\u00f6rerische Kraft von Ozon<\/h1>\n<p>Das Ozon-Molek\u00fcl (O3), das sich aus drei Sauerstoffatomen (O1), hat eine negative Ladung, und wir wissen, dass die negative Ladung zu beseitigen freie Radikale, die Krebs verursachen.<\/p>\n<p>Die negativen Ladungen, wie bei jedem magnet ist, sind schnell gezeichnet von den positiven Ladungen und das ist, wo liegt das Wunder.<\/p>\n<p>Die pathogenen Mikro-Organismen (Bakterien, Viren, Pilze, Prionen, spore, Geruch Molek\u00fcle,...) haben eine positive Ladung, und wenn Sie mit Ihnen kollidieren, Dank der hohen Oxidationsmittel Ozon, zerst\u00f6rt fast sofort, selbst zerst\u00f6rt gleichzeitig auch das Ozon, das verliert ein Sauerstoffatom (O1), so dass ein Rest-Sauerstoff-Molek\u00fcl (O2).<\/p>\n<p>Wie es der Zufall im Spiel&#034;, wie Kokosn\u00fcsse&#034;, die Ozon-Molek\u00fcle wird schnell handeln &#034;Essen&#034;, oder entfernen Sie alle Erreger in der Luft oder Wasser. Wenn Sie abgeschlossen haben, mit allem, was ist es dann, wenn er beginnt zu sch\u00e4tzen, das \u00fcbersch\u00fcssige Ozon durch seinen charakteristischen Geruch. Daher, wir k\u00f6nnen anpassen die Ozon generator zu die Grenze direkt in der Beseitigung der Produktion von Schadstoffen, ohne zu produzieren jede Art von Geruch.<\/p>\n<p>\n<\/div><div class=\"bt_bb_separator bt_bb_border_style_none bt_bb_top_spacing_small bt_bb_bottom_spacing_normal\" data-bt-override-class=\"{&quot;bt_bb_top_spacing_&quot;:{&quot;current_class&quot;:&quot;bt_bb_top_spacing_small&quot;,&quot;def&quot;:&quot;small&quot;,&quot;xl&quot;:&quot;small&quot;},&quot;bt_bb_bottom_spacing_&quot;:{&quot;current_class&quot;:&quot;bt_bb_bottom_spacing_normal&quot;,&quot;def&quot;:&quot;normal&quot;,&quot;xl&quot;:&quot;normal&quot;}}\"><\/div><div class=\"bt_bb_image bt_bb_shape_square bt_bb_target_self bt_bb_align_center bt_bb_hover_style_simple bt_bb_content_display_always bt_bb_content_align_middle\" data-bt-override-class=\"{&quot;bt_bb_align_&quot;:{&quot;current_class&quot;:&quot;bt_bb_align_center&quot;,&quot;def&quot;:&quot;center&quot;,&quot;xl&quot;:&quot;center&quot;}}\"><span><img loading=\"lazy\" decoding=\"async\" width=\"454\" height=\"325\" src=\"https:\/\/serviozono.com\/wp-content\/uploads\/2022\/06\/poder-destructivo-del-ozono.jpg\" class=\"attachment-full size-full\" alt=\"https:\/\/serviozono.com\/wp-content\/uploads\/2022\/06\/poder-destructivo-del-ozono.jpg\" data-full_image_src=\"https:\/\/serviozono.com\/wp-content\/uploads\/2022\/06\/poder-destructivo-del-ozono.jpg\" title=\"power-destruktiv-von-der-Ozon\" srcset=\"https:\/\/serviozono.com\/wp-content\/uploads\/2022\/06\/poder-destructivo-del-ozono.jpg 454w, https:\/\/serviozono.com\/wp-content\/uploads\/2022\/06\/poder-destructivo-del-ozono-320x229.jpg 320w\" sizes=\"auto, (max-width: 454px) 100vw, 454px\" \/><\/span><\/div><div class=\"bt_bb_separator bt_bb_border_style_none bt_bb_top_spacing_small bt_bb_bottom_spacing_normal\" data-bt-override-class=\"{&quot;bt_bb_top_spacing_&quot;:{&quot;current_class&quot;:&quot;bt_bb_top_spacing_small&quot;,&quot;def&quot;:&quot;small&quot;,&quot;xl&quot;:&quot;small&quot;},&quot;bt_bb_bottom_spacing_&quot;:{&quot;current_class&quot;:&quot;bt_bb_bottom_spacing_normal&quot;,&quot;def&quot;:&quot;normal&quot;,&quot;xl&quot;:&quot;normal&quot;}}\"><\/div><\/div><\/div><\/div><\/div><\/div><!-- cell_inner --><\/div><!-- cell --><\/div><!-- port --><\/section><section id=\"bt_bb_section69f54ef1aef77\" class=\"bt_bb_section bt_bb_layout_boxed_1200\"  data-bt-override-class=\"null\"><div class=\"bt_bb_port\"><div class=\"bt_bb_cell\"><div class=\"bt_bb_cell_inner\"><div class=\"bt_bb_row\"  data-bt-override-class=\"{}\"><div class=\"bt_bb_row_holder\" ><div  class=\"bt_bb_column col-xxl-12 col-xl-12 col-xs-12 col-sm-12 col-md-12 col-lg-12 bt_bb_vertical_align_top bt_bb_align_left bt_bb_padding_normal\"  data-width=\"12\" data-bt-override-class=\"{}\"><div class=\"bt_bb_column_content\"><div  class=\"bt_bb_text\" ><\/p>\n<p style=\"text-align: center;\"><strong>Seit Beginn des ZWANZIGSTEN Jahrhunderts wurde es verwendet f\u00fcr Wasser Behandlung und danach zu reinigen die Luft. Auch direkt auf den menschlichen K\u00f6rper zu therapeutischen Zwecken (Ozon-Therapie). Ozon, angewendet auf die Umwelt, f\u00fchrt drei grundlegende Aktionen:<\/strong><\/p>\n<p>\n<\/div><div class=\"bt_bb_separator bt_bb_border_style_none bt_bb_top_spacing_extra_small bt_bb_bottom_spacing_small\" data-bt-override-class=\"{&quot;bt_bb_top_spacing_&quot;:{&quot;current_class&quot;:&quot;bt_bb_top_spacing_extra_small&quot;,&quot;def&quot;:&quot;extra_small&quot;,&quot;xl&quot;:&quot;extra_small&quot;},&quot;bt_bb_bottom_spacing_&quot;:{&quot;current_class&quot;:&quot;bt_bb_bottom_spacing_small&quot;,&quot;def&quot;:&quot;small&quot;,&quot;xl&quot;:&quot;small&quot;}}\"><\/div><div class=\"bt_bb_accordion bt_bb_color_scheme_4 bt_bb_style_outline bt_bb_shape_square\" style=\"; --accordion-primary-color:#81bc29; --accordion-secondary-color:#ffffff;\"><div class=\"bt_bb_accordion_item\"><div class=\"bt_bb_accordion_item_title\">Aktion deodorizer Ozon<\/div><div class=\"bt_bb_accordion_item_content\"><div  class=\"bt_bb_text\" ><\/p>\n<p>Es ist eine Eigenschaft, die leicht nachpr\u00fcfbar und ist sehr n\u00fctzlich bei der Beseitigung von unangenehmen Ger\u00fcchen.<\/p>\n<p>Ozon hat die Eigenschaft, zu zerst\u00f6ren, nicht nur Ger\u00fcche, sondern direkt die Ursache, die Sie produziert-ohne Chemische Komponente und ohne Maske, ein Umfeld zu schaffen, mehr frisch und angenehm, so tritt nach dem Regen.<\/p>\n<p>Neben der organischen Materie in der Schwebe, vor allem in geschlossenen Orten, die Ursache der Ger\u00fcche sind die verschiedenen Mikro-Organismen erzeugt, indem der Schwei\u00df und die Feuchtigkeit von Tabak, Nahrung, etc., wie Nun, auf der einen Seite, es zerst\u00f6rt die organischen Stoffe werden durch Ozon-Lyse und auf der anderen, gegen die Mikroben, die ern\u00e4hren sich von ihm.<\/p>\n<p>\n<\/div><\/div><\/div><\/div><div class=\"bt_bb_accordion bt_bb_color_scheme_4 bt_bb_style_outline bt_bb_shape_square\" style=\"; --accordion-primary-color:#81bc29; --accordion-secondary-color:#ffffff;\"><div class=\"bt_bb_accordion_item\"><div class=\"bt_bb_accordion_item_title\">Microbicidal Action Ozon<\/div><div class=\"bt_bb_accordion_item_content\"><div  class=\"bt_bb_text\" ><\/p>\n<p>Die Aktion microbicidal oder keimt\u00f6tendes ist die wichtigste Eigenschaft von Ozon und mehr Anwendungen sind auf ihn zur\u00fcckzuf\u00fchren.<\/p>\n<p>Ozon kann als der agent mikrobizid die meisten schnelle und effiziente es ist bekannt, wodurch auch die Mikro-Organismen, die sind nicht anf\u00e4llig f\u00fcr die Desinfektion mit Chlor. Daher, es wirkt auf ein breites Spektrum keimt\u00f6tendes Mittel, das umfasst die Beseitigung von:<\/p>\n<ul>\n<li>Bakterien (Bakterizide Wirkung)<\/li>\n<li>Virus (Effekt Viricida)<\/li>\n<li>Pilze (Fungizide Wirkung)<\/li>\n<li>Sporen (Effekt Sporicidal)<\/li>\n<li>Protozoen (Effekt Protozoen)<\/li>\n<\/ul>\n<p>\n<\/div><\/div><\/div><\/div><div class=\"bt_bb_accordion bt_bb_color_scheme_4 bt_bb_style_outline bt_bb_shape_square\" style=\"; --accordion-primary-color:#81bc29; --accordion-secondary-color:#ffffff;\"><div class=\"bt_bb_accordion_item\"><div class=\"bt_bb_accordion_item_title\">Aktion Entfetter Ozon<\/div><div class=\"bt_bb_accordion_item_content\"><div  class=\"bt_bb_text\" ><\/p>\n<p>Ozon (O3), ein sehr instabiler Sauerstoff (O2), es neigt dazu, schnell zu verlieren-atom extra, etwas, das bewirkt, dass Sie zu ersch\u00fcttern, Schmutz-Partikel, \u00fcbt eine Wirkung bleaching in das Gewebe ein und hilft, in Teil, zu reduzieren die Notwendigkeit zu verwenden Chemikalien und hei\u00dfes Wasser (40 \u00b0 C Ozon zersetzt sich schneller). Nutzen zu k\u00f6nnen, kalten Wasser zu reinigen, ist es verstanden, die drastisch vermindert den Energieverbrauch und reduzieren den Einsatz von Chemikalien, den Schutz der unmittelbaren Umwelt und Gesundheit.<\/p>\n<p>\n<\/div><\/div><\/div><\/div><div class=\"bt_bb_separator bt_bb_border_style_none bt_bb_top_spacing_small bt_bb_bottom_spacing_normal\" data-bt-override-class=\"{&quot;bt_bb_top_spacing_&quot;:{&quot;current_class&quot;:&quot;bt_bb_top_spacing_small&quot;,&quot;def&quot;:&quot;small&quot;,&quot;xl&quot;:&quot;small&quot;},&quot;bt_bb_bottom_spacing_&quot;:{&quot;current_class&quot;:&quot;bt_bb_bottom_spacing_normal&quot;,&quot;def&quot;:&quot;normal&quot;,&quot;xl&quot;:&quot;normal&quot;}}\"><\/div><\/div><\/div><\/div><\/div><\/div><!-- cell_inner --><\/div><!-- cell --><\/div><!-- port --><\/section><\/p>","protected":false},"excerpt":{"rendered":"","protected":false},"author":1,"featured_media":0,"parent":0,"menu_order":0,"comment_status":"closed","ping_status":"closed","template":"","meta":{"footnotes":""},"class_list":["post-1584","page","type-page","status-publish","hentry"],"_links":{"self":[{"href":"https:\/\/serviozono.com\/de\/wp-json\/wp\/v2\/pages\/1584","targetHints":{"allow":["GET"]}}],"collection":[{"href":"https:\/\/serviozono.com\/de\/wp-json\/wp\/v2\/pages"}],"about":[{"href":"https:\/\/serviozono.com\/de\/wp-json\/wp\/v2\/types\/page"}],"author":[{"embeddable":true,"href":"https:\/\/serviozono.com\/de\/wp-json\/wp\/v2\/users\/1"}],"replies":[{"embeddable":true,"href":"https:\/\/serviozono.com\/de\/wp-json\/wp\/v2\/comments?post=1584"}],"version-history":[{"count":69,"href":"https:\/\/serviozono.com\/de\/wp-json\/wp\/v2\/pages\/1584\/revisions"}],"predecessor-version":[{"id":2978,"href":"https:\/\/serviozono.com\/de\/wp-json\/wp\/v2\/pages\/1584\/revisions\/2978"}],"wp:attachment":[{"href":"https:\/\/serviozono.com\/de\/wp-json\/wp\/v2\/media?parent=1584"}],"curies":[{"name":"wp","href":"https:\/\/api.w.org\/{rel}","templated":true}]}}