{"id":1644,"date":"2022-06-07T00:59:44","date_gmt":"2022-06-07T00:59:44","guid":{"rendered":"https:\/\/serviozono.com\/?page_id=1644"},"modified":"2024-06-11T14:31:12","modified_gmt":"2024-06-11T14:31:12","slug":"tecnologia-generar-ozono","status":"publish","type":"page","link":"https:\/\/serviozono.com\/de\/tecnologia-generar-ozono\/","title":{"rendered":"Technologie zur Erzeugung von Ozon"},"content":{"rendered":"<p><section id=\"bt_bb_section69f54ef19d62f\" class=\"bt_bb_section bt_bb_layout_boxed_1200 bt_bb_vertical_align_top bt_bb_top_spacing_small bt_bb_bottom_spacing_medium\"  data-bt-override-class=\"{&quot;bt_bb_top_spacing_&quot;:{&quot;current_class&quot;:&quot;bt_bb_top_spacing_small&quot;,&quot;def&quot;:&quot;small&quot;,&quot;xl&quot;:&quot;small&quot;},&quot;bt_bb_bottom_spacing_&quot;:{&quot;current_class&quot;:&quot;bt_bb_bottom_spacing_medium&quot;,&quot;def&quot;:&quot;medium&quot;,&quot;xl&quot;:&quot;medium&quot;}}\"><div class=\"bt_bb_port\"><div class=\"bt_bb_cell\"><div class=\"bt_bb_cell_inner\"><div class=\"bt_bb_row\"  data-bt-override-class=\"{}\"><div class=\"bt_bb_row_holder\" ><div  class=\"bt_bb_column col-xxl-12 col-xl-12 col-xs-12 col-sm-12 col-md-12 col-lg-12 bt_bb_vertical_align_top bt_bb_align_left bt_bb_padding_normal\"  data-width=\"12\" data-bt-override-class=\"{}\"><div class=\"bt_bb_column_content\"><div data-bb-version=\"4.9.8\" class=\"bt_bb_separator bt_bb_border_style_none bt_bb_top_spacing_normal bt_bb_bottom_spacing_extra_small\" data-bt-override-class=\"{&quot;bt_bb_top_spacing_&quot;:{&quot;current_class&quot;:&quot;bt_bb_top_spacing_normal&quot;,&quot;def&quot;:&quot;normal&quot;},&quot;bt_bb_bottom_spacing_&quot;:{&quot;current_class&quot;:&quot;bt_bb_bottom_spacing_extra_small&quot;,&quot;def&quot;:&quot;extra_small&quot;}}\"><\/div><div  class=\"bt_bb_text\" ><\/p>\n<h1 style=\"text-align: center;\">El Reactor<\/h1>\n<h3>Warum der Effekt tritt Krone?<\/h3>\n<p style=\"text-align: justify;\">Noch wird das system zunehmend eingesetzt, erm\u00f6glicht es uns, zerfallen die Molek\u00fcle von Sauerstoff (O2) aus der Luft in zwei Sauerstoffatome (O1), die Bindung zu einem weiteren Molek\u00fcl Sauerstoff (O2) zu Ozon (O3), nachdem er in die Umwelt freigesetzt.<\/p>\n<p style=\"text-align: justify;\">Der corona-Effekt ist aufgrund der Ansammlung von elektrischen Ladungen, die potenziell hoch auf die Leiter. Wenn diese Ansammlung von elektrischen Ladungen erreicht S\u00e4ttigung, die umgebende Luft wird leicht leitf\u00e4hig und elektrischen Lasten \u00fcber, wodurch ein charakteristisches Ger\u00e4usch und Emission von Licht.<\/p>\n<p style=\"text-align: justify;\">Der corona-Effekt m\u00f6glich ist, m\u00fcssen Sie ein potenzieller 3,000,000 Volt pro Meter in trockener Luft auf Meeresh\u00f6he. Das bedeutet, dass zumindest das Potenzial, es muss produziert werden, in einer Entladung von Elektrizit\u00e4t, die geht \u00fcber eine Entfernung von 1 meter.<\/p>\n<p style=\"text-align: justify;\">Referenci\u00e1ndolo in Zentimeter, wir werden sagen, dass es ein Potenzial von 30.000 Volt um die Luft zu schlagen zwischen beiden Elektroden getrennt 1cm Abstand. In jedem Fall, die Verwaltung dieser Potenziale ist sehr gef\u00e4hrlich, so dass Sie genutzt werden, spezielle Ger\u00e4te zu produzieren, die einen corona mit geringeren (in der Gr\u00f6\u00dfenordnung von 3.000 V). Lampen f\u00fcr corona-Effekt sind die Elemente, die es erm\u00f6glichen, eine Konzentration von hohen Spannungen in Ihrem inneren, wodurch die elektrische Entladung (corona) auf einem Netz verbunden zu Erde, die bedeckt den K\u00f6rper der Lampe. Diese Entladungen von hoher Spannung wird zerst\u00f6ren die Sauerstoff-Molek\u00fcle und produzieren Ozon.<\/p>\n<p style=\"text-align: justify;\">Ein Laufwerk, das verwendet tubes Dielektrika bit Durchmesser ist in der Lage die Erzeugung von bis zu 14% von Ozon aus Sauerstoff.<\/p>\n<p style=\"text-align: left;\"><strong>Reaktoren Aluminium Top Ozon<\/strong><\/p>\n<p>\n<\/div><\/div><\/div><\/div><\/div><\/div><!-- cell_inner --><\/div><!-- cell --><\/div><!-- port --><\/section><section id=\"bt_bb_section69f54ef19d995\" class=\"bt_bb_section bt_bb_layout_boxed_1200\"  data-bt-override-class=\"null\"><div class=\"bt_bb_port\"><div class=\"bt_bb_cell\"><div class=\"bt_bb_cell_inner\"><div class=\"bt_bb_row\"  data-bt-override-class=\"{}\"><div class=\"bt_bb_row_holder\" ><div  class=\"bt_bb_column col-xxl-6 col-xl-6 col-xs-12 col-sm-6 col-md-6 col-lg-6 bt_bb_vertical_align_top bt_bb_align_left bt_bb_padding_normal\"  data-width=\"6\" data-bt-override-class=\"{}\"><div class=\"bt_bb_column_content\"><div class=\"bt_bb_image bt_bb_shape_square bt_bb_target_self bt_bb_align_inherit bt_bb_hover_style_simple bt_bb_content_display_always bt_bb_content_align_middle\" data-bt-override-class=\"{&quot;bt_bb_align_&quot;:{&quot;current_class&quot;:&quot;bt_bb_align_inherit&quot;,&quot;def&quot;:&quot;inherit&quot;,&quot;xl&quot;:&quot;inherit&quot;}}\"><span><img loading=\"lazy\" decoding=\"async\" width=\"300\" height=\"420\" src=\"https:\/\/serviozono.com\/wp-content\/uploads\/2022\/06\/valvulas-de-los-reactores-de-Top-Ozono.jpg\" class=\"attachment-full size-full\" alt=\"https:\/\/serviozono.com\/wp-content\/uploads\/2022\/06\/valvulas-de-los-reactores-de-Top-Ozono.jpg\" data-full_image_src=\"https:\/\/serviozono.com\/wp-content\/uploads\/2022\/06\/valvulas-de-los-reactores-de-Top-Ozono.jpg\" title=\"Ventile-of-the-Reaktor-der-Top-Ozon\" \/><\/span><\/div><\/div><\/div><div  class=\"bt_bb_column col-xxl-6 col-xl-6 col-xs-12 col-sm-6 col-md-6 col-lg-6 bt_bb_vertical_align_top bt_bb_align_left bt_bb_padding_normal\"  data-width=\"6\" data-bt-override-class=\"{}\"><div class=\"bt_bb_column_content\"><div class=\"bt_bb_image bt_bb_shape_square bt_bb_target_self bt_bb_align_inherit bt_bb_hover_style_simple bt_bb_content_display_always bt_bb_content_align_middle\" data-bt-override-class=\"{&quot;bt_bb_align_&quot;:{&quot;current_class&quot;:&quot;bt_bb_align_inherit&quot;,&quot;def&quot;:&quot;inherit&quot;,&quot;xl&quot;:&quot;inherit&quot;}}\"><span><img loading=\"lazy\" decoding=\"async\" width=\"566\" height=\"330\" src=\"https:\/\/serviozono.com\/wp-content\/uploads\/2022\/06\/lampara-ozono-efecto-corona.jpg\" class=\"attachment-full size-full\" alt=\"https:\/\/serviozono.com\/wp-content\/uploads\/2022\/06\/lampara-ozono-efecto-corona.jpg\" data-full_image_src=\"https:\/\/serviozono.com\/wp-content\/uploads\/2022\/06\/lampara-ozono-efecto-corona.jpg\" title=\"Lampe-Ozon-Effekt-Krone\" srcset=\"https:\/\/serviozono.com\/wp-content\/uploads\/2022\/06\/lampara-ozono-efecto-corona.jpg 566w, https:\/\/serviozono.com\/wp-content\/uploads\/2022\/06\/lampara-ozono-efecto-corona-320x187.jpg 320w\" sizes=\"auto, (max-width: 566px) 100vw, 566px\" \/><\/span><\/div><\/div><\/div><\/div><\/div><\/div><!-- cell_inner --><\/div><!-- cell --><\/div><!-- port --><\/section><section id=\"bt_bb_section69f54ef19e1d3\" class=\"bt_bb_section bt_bb_layout_boxed_1200\"  data-bt-override-class=\"null\"><div class=\"bt_bb_port\"><div class=\"bt_bb_cell\"><div class=\"bt_bb_cell_inner\"><div class=\"bt_bb_row\"  data-bt-override-class=\"{}\"><div class=\"bt_bb_row_holder\" ><div  class=\"bt_bb_column col-xxl-12 col-xl-12 col-xs-12 col-sm-12 col-md-12 col-lg-12 bt_bb_vertical_align_top bt_bb_align_left bt_bb_padding_normal\"  data-width=\"12\" data-bt-override-class=\"{}\"><div class=\"bt_bb_column_content\"><div class=\"bt_bb_separator bt_bb_border_style_none bt_bb_top_spacing_small bt_bb_bottom_spacing_normal\" data-bt-override-class=\"{&quot;bt_bb_top_spacing_&quot;:{&quot;current_class&quot;:&quot;bt_bb_top_spacing_small&quot;,&quot;def&quot;:&quot;small&quot;,&quot;xl&quot;:&quot;small&quot;},&quot;bt_bb_bottom_spacing_&quot;:{&quot;current_class&quot;:&quot;bt_bb_bottom_spacing_normal&quot;,&quot;def&quot;:&quot;normal&quot;,&quot;xl&quot;:&quot;normal&quot;}}\"><\/div><\/div><\/div><\/div><\/div><\/div><!-- cell_inner --><\/div><!-- cell --><\/div><!-- port --><\/section><\/p>","protected":false},"excerpt":{"rendered":"","protected":false},"author":1,"featured_media":0,"parent":0,"menu_order":0,"comment_status":"closed","ping_status":"closed","template":"","meta":{"footnotes":""},"class_list":["post-1644","page","type-page","status-publish","hentry"],"_links":{"self":[{"href":"https:\/\/serviozono.com\/de\/wp-json\/wp\/v2\/pages\/1644","targetHints":{"allow":["GET"]}}],"collection":[{"href":"https:\/\/serviozono.com\/de\/wp-json\/wp\/v2\/pages"}],"about":[{"href":"https:\/\/serviozono.com\/de\/wp-json\/wp\/v2\/types\/page"}],"author":[{"embeddable":true,"href":"https:\/\/serviozono.com\/de\/wp-json\/wp\/v2\/users\/1"}],"replies":[{"embeddable":true,"href":"https:\/\/serviozono.com\/de\/wp-json\/wp\/v2\/comments?post=1644"}],"version-history":[{"count":52,"href":"https:\/\/serviozono.com\/de\/wp-json\/wp\/v2\/pages\/1644\/revisions"}],"predecessor-version":[{"id":2981,"href":"https:\/\/serviozono.com\/de\/wp-json\/wp\/v2\/pages\/1644\/revisions\/2981"}],"wp:attachment":[{"href":"https:\/\/serviozono.com\/de\/wp-json\/wp\/v2\/media?parent=1644"}],"curies":[{"name":"wp","href":"https:\/\/api.w.org\/{rel}","templated":true}]}}