{"id":2928,"date":"2024-06-11T10:10:48","date_gmt":"2024-06-11T10:10:48","guid":{"rendered":"https:\/\/serviozono.com\/?page_id=2928"},"modified":"2024-06-11T16:40:36","modified_gmt":"2024-06-11T16:40:36","slug":"tecnologia-para-tratar-la-cal","status":"publish","type":"page","link":"https:\/\/serviozono.com\/de\/tecnologia-para-tratar-la-cal\/","title":{"rendered":"Technologie zur Behandlung von cal"},"content":{"rendered":"<p><section data-bb-version=\"4.9.8\" id=\"bt_bb_section69f69b349c90a\" class=\"bt_bb_section bt_bb_layout_boxed_1200 bt_bb_vertical_align_top bt_bb_top_spacing_medium bt_bb_bottom_spacing_small\"  data-bt-override-class=\"{&quot;bt_bb_top_spacing_&quot;:{&quot;current_class&quot;:&quot;bt_bb_top_spacing_medium&quot;,&quot;def&quot;:&quot;medium&quot;},&quot;bt_bb_bottom_spacing_&quot;:{&quot;current_class&quot;:&quot;bt_bb_bottom_spacing_small&quot;,&quot;def&quot;:&quot;small&quot;}}\"><div class=\"bt_bb_port\"><div class=\"bt_bb_cell\"><div class=\"bt_bb_cell_inner\"><div class=\"bt_bb_row\"  data-bt-override-class=\"{}\"><div class=\"bt_bb_row_holder\" ><div  class=\"bt_bb_column col-xxl-12 col-xl-12 col-xs-12 col-sm-12 col-md-12 col-lg-12 bt_bb_vertical_align_top bt_bb_align_left bt_bb_padding_normal\"  data-width=\"12\" data-bt-override-class=\"{}\"><div class=\"bt_bb_column_content\"><div  class=\"bt_bb_text\" ><\/p>\n<h1 class=\"elementor-heading-title elementor-size-default\" style=\"text-align: center;\">Technik-des-Inhibitor<\/h1>\n<div class=\"elementor-element elementor-element-49082220 elementor-widget elementor-widget-heading\" data-id=\"49082220\" data-element_type=\"widget\" data-widget_type=\"heading.default\">\n<div class=\"elementor-widget-container\"><\/div>\n<\/div>\n<div class=\"elementor-element elementor-element-84649e6 elementor-widget elementor-widget-text-editor\" data-id=\"84649e6\" data-element_type=\"widget\" data-widget_type=\"text-editor.default\">\n<div class=\"elementor-widget-container\">\n<p><strong>Eine umweltfreundliche L\u00f6sung und innovative<\/strong> f\u00fcr die Wasseraufbereitung und Wasserbehandlung:\u00a0<strong>AQUAfree\u00a0<\/strong>verhindert die Bildung von Kalk, Rost und Korrosion, die Minimierung der Kosten, der Wartung und der Einsatz von chemischen Produkten.<\/p>\n<p>Der Inhibitor AQUAfree-Konto mit einer Technologie, getestet und zertifiziert, um die\u00a0<strong>Aufbereitung des Wassers<\/strong>\u00a0in hydraulischen Netzen, Heizung schaltungen, Ger\u00e4te, Warmwasser, Ger\u00e4te, Anlagen und Prozesse.<\/p>\n<p>Die elektrostatische Technologie der AQUAfree entwickelt f\u00fcr Wohn, kommerziellen und industriellen\u00a0<strong>es funktioniert effektiv und effizient<\/strong>\u00a0ohne die Verwendung von sch\u00e4dlichen Chemikalien oder elektrische Energie. Die Anoden aus Zink und der verwendeten Materialien in seiner Struktur, neben der hydrodynamischen Bedingungen, die auftreten, w\u00e4hrend seiner operation, die Kraft der Ausf\u00e4llung von Carbonaten von calcium und magnesium in form von Kristallen und sicher mit Eigenschaften von nicht-fouling, oder Anh\u00e4nger.<\/p>\n<p>Dieser Prozess\u00a0<strong>verhindert die Bildung von Ablagerungen und Korrosion<\/strong>\u00a0immer zus\u00e4tzlich zu, dass, das Wasser ist bereits behandelt, gehen Sie zu absorbieren und ziehen Sie stufigen Skala oben, die hatten wir in unserer Rohre, Oberfl\u00e4chen und inneren Elemente unserer Wasser-Verteilung Netzwerk.<\/p>\n<\/div>\n<\/div>\n<p>\n<\/div><\/div><\/div><\/div><\/div><\/div><!-- cell_inner --><\/div><!-- cell --><\/div><!-- port --><\/section><section data-bb-version=\"4.9.8\" id=\"bt_bb_section69f69b349cb98\" class=\"bt_bb_section bt_bb_layout_boxed_1200 bt_bb_vertical_align_top bt_bb_top_spacing_none bt_bb_bottom_spacing_none\"  data-bt-override-class=\"{&quot;bt_bb_top_spacing_&quot;:{&quot;current_class&quot;:&quot;bt_bb_top_spacing_none&quot;,&quot;def&quot;:&quot;none&quot;},&quot;bt_bb_bottom_spacing_&quot;:{&quot;current_class&quot;:&quot;bt_bb_bottom_spacing_none&quot;,&quot;def&quot;:&quot;none&quot;}}\"><div class=\"bt_bb_port\"><div class=\"bt_bb_cell\"><div class=\"bt_bb_cell_inner\"><div class=\"bt_bb_row\"  data-bt-override-class=\"{}\"><div class=\"bt_bb_row_holder\" ><div  class=\"bt_bb_column col-xxl-12 col-xl-12 col-xs-12 col-sm-12 col-md-12 col-lg-12 bt_bb_vertical_align_top bt_bb_align_left bt_bb_padding_normal\"  data-width=\"12\" data-bt-override-class=\"{}\"><div class=\"bt_bb_column_content\"><div  class=\"bt_bb_text\" ><\/p>\n<h3 class=\"elementor-heading-title elementor-size-default\">Wie funktioniert der Inhibitor cal ?<\/h3>\n<div class=\"elementor-element elementor-element-49082220 elementor-widget elementor-widget-heading\" data-id=\"49082220\" data-element_type=\"widget\" data-widget_type=\"heading.default\">\n<div class=\"elementor-widget-container\">\n<p class=\"elementor-heading-title elementor-size-default\"><strong>Der Wasserenth\u00e4rter AQUAfree hemmt die Bildung von Ablagerungen und Ver\u00e4nderungen der Kristall verantwortlich f\u00fcr den inlays<\/strong><br \/>\nDie Arbeitsweise der Wasserenth\u00e4rter AQUAfree beinhaltet das aufl\u00f6sen von Zink in das Wasser, in sehr kleinen Mengen und ohne Einfluss auf die Trinkwasserqualit\u00e4t. Auf diese Weise erhalten wir zwei Effekte, die auf dem Wasser:<\/p>\n<\/div>\n<\/div>\n<div class=\"elementor-element elementor-element-84649e6 elementor-widget elementor-widget-text-editor\" data-id=\"84649e6\" data-element_type=\"widget\" data-widget_type=\"text-editor.default\">\n<div class=\"elementor-widget-container\">\n<ul>\n<li>Die erste ist die Sperre oder\u00a0<strong>Hemmung zwischen 20% bis 30 % der Gesamtzahl von cals, die gebildet werden k\u00f6nnen in die Wasser.<\/strong><\/li>\n<li>Der zweite Effekt ist, dass im rest der Limette, die noch gebildet werden,\u00a0<strong>da wir nicht in einem rock<\/strong>\u00a0das wird wachsen, auf allen Seiten und nicht zu wachsen, wenn nicht, wir wird eine Art von\u00a0<strong>Staub<\/strong>\u00a0das ist gezogen von der Str\u00f6mung des Wassers. , Dass ist zu sagen, was passiert ist, ist ein\u00a0<strong>transformation von der Calcit-Kristalle<\/strong>\u00a0(kubische und befolgen Sie alle)\u00a0<strong>in anderen Aragonit<\/strong>\u00a0(l\u00e4ngliche, spr\u00f6de).<\/li>\n<\/ul>\n<div class=\"elementor-element elementor-element-951dea7 elementor-widget elementor-widget-text-editor\" data-id=\"951dea7\" data-element_type=\"widget\" data-widget_type=\"text-editor.default\">\n<div class=\"elementor-widget-container\">\n<p>Der Wasserenth\u00e4rter<strong>\u00a0AQUAfree<\/strong>\u00a0<strong>eliminiert die Verwendung von Salzen<\/strong>\u00a0Schutz der Anlagen gegen Kalkablagerungen, Rost und Korrosion.AQUAfree ist ein effektives system zur Behandlung der Wasser -, Wohn -, Gewerbe-und Industrie-ohne den Zusatz von Salz oder sch\u00e4dlichen Chemikalien\u00a0<span class=\"tlid-translation translation\" lang=\"es\"><span class=\"\" title=\"\">so ist es sicherer, g\u00fcnstiger und umweltfreundlicher Systeme, die auf eine konventionelle Behandlung.<\/span><\/span><\/p>\n<\/div>\n<\/div>\n<div class=\"elementor-element elementor-element-9a50d73 elementor-widget elementor-widget-text-editor\" data-id=\"9a50d73\" data-element_type=\"widget\" data-widget_type=\"text-editor.default\">\n<div class=\"elementor-widget-container\">\n<p>Der Wasserenth\u00e4rter\u00a0<strong>AQUAfree keine Wartung: installieren und vergessen.<\/strong>\u00a0Es besteht aus einem K\u00f6rper Kupfer-au\u00dfen-und einen Innenraum von Zink. Das design AQUAfree soll das Zink\u00a0<strong>es dauert etwa 15 bis 20 Jahre<\/strong>\u00a0(abh\u00e4ngig von der Nutzung und die H\u00e4rte der gleichen) am Ende, von dem Sie denken w\u00fcrden, um eine neue Fahrt.<\/p>\n<\/div>\n<\/div>\n<p>&nbsp;<\/p>\n<\/div>\n<\/div>\n<p>\n<\/div><\/div><\/div><\/div><\/div><\/div><!-- cell_inner --><\/div><!-- cell --><\/div><!-- port --><\/section><section data-bb-version=\"4.9.8\" id=\"bt_bb_section69f69b349ce4a\" class=\"bt_bb_section bt_bb_layout_boxed_1200 bt_bb_vertical_align_top bt_bb_top_spacing_none bt_bb_bottom_spacing_none\"  data-bt-override-class=\"{&quot;bt_bb_top_spacing_&quot;:{&quot;current_class&quot;:&quot;bt_bb_top_spacing_none&quot;,&quot;def&quot;:&quot;none&quot;},&quot;bt_bb_bottom_spacing_&quot;:{&quot;current_class&quot;:&quot;bt_bb_bottom_spacing_none&quot;,&quot;def&quot;:&quot;none&quot;}}\"><div class=\"bt_bb_port\"><div class=\"bt_bb_cell\"><div class=\"bt_bb_cell_inner\"><div class=\"bt_bb_row\"  data-bt-override-class=\"{}\"><div class=\"bt_bb_row_holder\" ><div  class=\"bt_bb_column col-xxl-12 col-xl-12 col-xs-12 col-sm-12 col-md-12 col-lg-12 bt_bb_vertical_align_top bt_bb_align_left bt_bb_padding_normal\"  data-width=\"12\" data-bt-override-class=\"{}\"><div class=\"bt_bb_column_content\"><div  class=\"bt_bb_text\" ><\/p>\n<h3 class=\"elementor-heading-title elementor-size-default\">Wie wirkt er in den Rohren ?<\/h3>\n<div class=\"elementor-element elementor-element-49082220 elementor-widget elementor-widget-heading\" data-id=\"49082220\" data-element_type=\"widget\" data-widget_type=\"heading.default\">\n<div class=\"elementor-widget-container\"><\/div>\n<\/div>\n<div class=\"elementor-element elementor-element-84649e6 elementor-widget elementor-widget-text-editor\" data-id=\"84649e6\" data-element_type=\"widget\" data-widget_type=\"text-editor.default\">\n<div class=\"elementor-widget-container\">\n<div>\n<p><strong>In der neuen Rohre\u00a0<\/strong><\/p>\n<p>Der erste pass die Wasser zu bilden eine d\u00fcnne Schicht aus Hydroxid, Zink -, so dass die Aragonit-Kristalle werden wegen Ihrer mangelnden Einhaltung und das ziehen von der aktuellen.<\/p>\n<\/div>\n<div>\n<p><strong>Rohr eingelegt mit vorhandenen\u00a0<\/strong><\/p>\n<p>Es erzeugt eine Reinigung progressive &#034;Frisur&#034; des Aragonit. Je nach Dicke und die H\u00e4rte kann erreichen zu die insgesamt Aufl\u00f6sung. All dies geschieht in den ersten sechs Monaten und dann werden die Durchmesser der Schl\u00e4uche und stabilisiert.<\/p>\n<\/div>\n<p>&nbsp;<\/p>\n<\/div>\n<\/div>\n<p>\n<\/div><\/div><\/div><\/div><\/div><\/div><!-- cell_inner --><\/div><!-- cell --><\/div><!-- port --><\/section><section id=\"bt_bb_section69f69b349cfef\" class=\"bt_bb_section bt_bb_layout_boxed_1200\"  data-bt-override-class=\"null\"><div class=\"bt_bb_port\"><div class=\"bt_bb_cell\"><div class=\"bt_bb_cell_inner\"><div class=\"bt_bb_row\"  data-bt-override-class=\"{}\"><div class=\"bt_bb_row_holder\" ><div  class=\"bt_bb_column col-xxl-12 col-xl-12 col-xs-12 col-sm-12 col-md-12 col-lg-12 bt_bb_vertical_align_top bt_bb_align_left bt_bb_padding_normal\"  data-width=\"12\" data-bt-override-class=\"{}\"><div class=\"bt_bb_column_content\"><div data-bb-version=\"4.9.8\" class=\"bt_bb_image bt_bb_shape_square bt_bb_target_self bt_bb_align_inherit bt_bb_hover_style_simple bt_bb_content_display_always bt_bb_content_align_middle\" data-bt-override-class=\"{&quot;bt_bb_align_&quot;:{&quot;current_class&quot;:&quot;bt_bb_align_inherit&quot;,&quot;def&quot;:&quot;inherit&quot;},&quot;bt_bb_content_display_&quot;:{&quot;current_class&quot;:&quot;bt_bb_content_display_always&quot;,&quot;def&quot;:&quot;always&quot;}}\"><span><img loading=\"lazy\" decoding=\"async\" width=\"1536\" height=\"313\" src=\"https:\/\/serviozono.com\/wp-content\/uploads\/2024\/06\/aragonita10-1536x313-1.jpg\" class=\"attachment-full size-full\" alt=\"https:\/\/serviozono.com\/wp-content\/uploads\/2024\/06\/aragonita10-1536x313-1.jpg\" data-full_image_src=\"https:\/\/serviozono.com\/wp-content\/uploads\/2024\/06\/aragonita10-1536x313-1.jpg\" title=\"aragonita10-1536x313\" srcset=\"https:\/\/serviozono.com\/wp-content\/uploads\/2024\/06\/aragonita10-1536x313-1.jpg 1536w, https:\/\/serviozono.com\/wp-content\/uploads\/2024\/06\/aragonita10-1536x313-1-640x130.jpg 640w, https:\/\/serviozono.com\/wp-content\/uploads\/2024\/06\/aragonita10-1536x313-1-1280x261.jpg 1280w, https:\/\/serviozono.com\/wp-content\/uploads\/2024\/06\/aragonita10-1536x313-1-768x157.jpg 768w, https:\/\/serviozono.com\/wp-content\/uploads\/2024\/06\/aragonita10-1536x313-1-18x4.jpg 18w, https:\/\/serviozono.com\/wp-content\/uploads\/2024\/06\/aragonita10-1536x313-1-320x65.jpg 320w, https:\/\/serviozono.com\/wp-content\/uploads\/2024\/06\/aragonita10-1536x313-1-600x122.jpg 600w\" sizes=\"auto, (max-width: 1536px) 100vw, 1536px\" \/><\/span><\/div><\/div><\/div><\/div><\/div><\/div><!-- cell_inner --><\/div><!-- cell --><\/div><!-- port --><\/section><section id=\"bt_bb_section69f69b349d38e\" class=\"bt_bb_section bt_bb_layout_boxed_1200\"  data-bt-override-class=\"null\"><div class=\"bt_bb_port\"><div class=\"bt_bb_cell\"><div class=\"bt_bb_cell_inner\"><div class=\"bt_bb_row\"  data-bt-override-class=\"{}\"><div class=\"bt_bb_row_holder\" ><div  class=\"bt_bb_column col-xxl-12 col-xl-12 col-xs-12 col-sm-12 col-md-12 col-lg-12 bt_bb_vertical_align_top bt_bb_align_left bt_bb_padding_normal\"  data-width=\"12\" data-bt-override-class=\"{}\"><div class=\"bt_bb_column_content\"><div class=\"bt_bb_separator bt_bb_border_style_none bt_bb_top_spacing_small bt_bb_bottom_spacing_normal\" data-bt-override-class=\"{&quot;bt_bb_top_spacing_&quot;:{&quot;current_class&quot;:&quot;bt_bb_top_spacing_small&quot;,&quot;def&quot;:&quot;small&quot;,&quot;xl&quot;:&quot;small&quot;},&quot;bt_bb_bottom_spacing_&quot;:{&quot;current_class&quot;:&quot;bt_bb_bottom_spacing_normal&quot;,&quot;def&quot;:&quot;normal&quot;,&quot;xl&quot;:&quot;normal&quot;}}\"><\/div><\/div><\/div><\/div><\/div><\/div><!-- cell_inner --><\/div><!-- cell --><\/div><!-- port --><\/section><section id=\"bt_bb_section69f69b349d493\" class=\"bt_bb_section bt_bb_layout_boxed_1200\"  data-bt-override-class=\"null\"><div class=\"bt_bb_port\"><div class=\"bt_bb_cell\"><div class=\"bt_bb_cell_inner\"><div class=\"bt_bb_row\"  data-bt-override-class=\"{}\"><div class=\"bt_bb_row_holder\" ><div  class=\"bt_bb_column col-xxl-12 col-xl-12 col-xs-12 col-sm-12 col-md-12 col-lg-12 bt_bb_vertical_align_top bt_bb_align_left bt_bb_padding_normal\"  data-width=\"12\" data-bt-override-class=\"{}\"><div class=\"bt_bb_column_content\"><div data-bb-version=\"4.9.8\" class=\"bt_bb_image bt_bb_shape_square bt_bb_target_self bt_bb_align_inherit bt_bb_hover_style_simple bt_bb_content_display_always bt_bb_content_align_middle\" data-bt-override-class=\"{&quot;bt_bb_align_&quot;:{&quot;current_class&quot;:&quot;bt_bb_align_inherit&quot;,&quot;def&quot;:&quot;inherit&quot;},&quot;bt_bb_content_display_&quot;:{&quot;current_class&quot;:&quot;bt_bb_content_display_always&quot;,&quot;def&quot;:&quot;always&quot;}}\"><span><img loading=\"lazy\" decoding=\"async\" width=\"1024\" height=\"508\" src=\"https:\/\/serviozono.com\/wp-content\/uploads\/2024\/06\/aqua10.jpg\" class=\"attachment-full size-full\" alt=\"https:\/\/serviozono.com\/wp-content\/uploads\/2024\/06\/aqua10.jpg\" data-full_image_src=\"https:\/\/serviozono.com\/wp-content\/uploads\/2024\/06\/aqua10.jpg\" title=\"aqua10\" srcset=\"https:\/\/serviozono.com\/wp-content\/uploads\/2024\/06\/aqua10.jpg 1024w, https:\/\/serviozono.com\/wp-content\/uploads\/2024\/06\/aqua10-640x318.jpg 640w, https:\/\/serviozono.com\/wp-content\/uploads\/2024\/06\/aqua10-768x381.jpg 768w, https:\/\/serviozono.com\/wp-content\/uploads\/2024\/06\/aqua10-18x9.jpg 18w, https:\/\/serviozono.com\/wp-content\/uploads\/2024\/06\/aqua10-320x159.jpg 320w, https:\/\/serviozono.com\/wp-content\/uploads\/2024\/06\/aqua10-600x298.jpg 600w\" sizes=\"auto, (max-width: 1024px) 100vw, 1024px\" \/><\/span><\/div><\/div><\/div><\/div><\/div><\/div><!-- cell_inner --><\/div><!-- cell --><\/div><!-- port --><\/section><section id=\"bt_bb_section69f69b349d774\" class=\"bt_bb_section bt_bb_layout_boxed_1200\"  data-bt-override-class=\"null\"><div class=\"bt_bb_port\"><div class=\"bt_bb_cell\"><div class=\"bt_bb_cell_inner\"><div class=\"bt_bb_row\"  data-bt-override-class=\"{}\"><div class=\"bt_bb_row_holder\" ><div  class=\"bt_bb_column col-xxl-12 col-xl-12 col-xs-12 col-sm-12 col-md-12 col-lg-12 bt_bb_vertical_align_top bt_bb_align_left bt_bb_padding_normal\"  data-width=\"12\" data-bt-override-class=\"{}\"><div class=\"bt_bb_column_content\"><div class=\"bt_bb_separator bt_bb_border_style_none bt_bb_top_spacing_small bt_bb_bottom_spacing_normal\" data-bt-override-class=\"{&quot;bt_bb_top_spacing_&quot;:{&quot;current_class&quot;:&quot;bt_bb_top_spacing_small&quot;,&quot;def&quot;:&quot;small&quot;,&quot;xl&quot;:&quot;small&quot;},&quot;bt_bb_bottom_spacing_&quot;:{&quot;current_class&quot;:&quot;bt_bb_bottom_spacing_normal&quot;,&quot;def&quot;:&quot;normal&quot;,&quot;xl&quot;:&quot;normal&quot;}}\"><\/div><\/div><\/div><\/div><\/div><\/div><!-- cell_inner --><\/div><!-- cell --><\/div><!-- port --><\/section><\/p>","protected":false},"excerpt":{"rendered":"","protected":false},"author":3,"featured_media":0,"parent":0,"menu_order":0,"comment_status":"closed","ping_status":"closed","template":"","meta":{"footnotes":""},"class_list":["post-2928","page","type-page","status-publish","hentry"],"_links":{"self":[{"href":"https:\/\/serviozono.com\/de\/wp-json\/wp\/v2\/pages\/2928","targetHints":{"allow":["GET"]}}],"collection":[{"href":"https:\/\/serviozono.com\/de\/wp-json\/wp\/v2\/pages"}],"about":[{"href":"https:\/\/serviozono.com\/de\/wp-json\/wp\/v2\/types\/page"}],"author":[{"embeddable":true,"href":"https:\/\/serviozono.com\/de\/wp-json\/wp\/v2\/users\/3"}],"replies":[{"embeddable":true,"href":"https:\/\/serviozono.com\/de\/wp-json\/wp\/v2\/comments?post=2928"}],"version-history":[{"count":30,"href":"https:\/\/serviozono.com\/de\/wp-json\/wp\/v2\/pages\/2928\/revisions"}],"predecessor-version":[{"id":2982,"href":"https:\/\/serviozono.com\/de\/wp-json\/wp\/v2\/pages\/2928\/revisions\/2982"}],"wp:attachment":[{"href":"https:\/\/serviozono.com\/de\/wp-json\/wp\/v2\/media?parent=2928"}],"curies":[{"name":"wp","href":"https:\/\/api.w.org\/{rel}","templated":true}]}}