{"id":1086,"date":"2022-06-01T11:41:30","date_gmt":"2022-06-01T11:41:30","guid":{"rendered":"https:\/\/serviozono.com\/?post_type=product&#038;p=1086"},"modified":"2025-10-20T16:17:22","modified_gmt":"2025-10-20T16:17:22","slug":"generador-go-500-v","status":"publish","type":"product","link":"https:\/\/serviozono.com\/de\/produkt\/generador-go-500-v\/","title":{"rendered":"Generator GEHEN an 500 V"},"content":{"rendered":"<h3>Ozonizers Wandbilder kommerziellen<\/h3>\n<p>Das Modell GO 500 V ist ein Generator der Ozon-Behandlung f\u00fcr Anwendungen der Luft. Das Ozon wird vertrieben durch die vorne durch den K\u00fchlergrill Diffusor durch einen internen L\u00fcfter. Dieses Modell ist gebaut in ein Edelstahlgeh\u00e4use und ist ausgestattet mit timer-zyklisch Steuern die Produktion Zeit<\/p>\n<p>Das Modell 500 mg\/O3\/h ist f\u00fcr Aufenthalte von \u00fcber 60 m2<\/p>\n<p>&nbsp;<\/p>\n<h3><img loading=\"lazy\" decoding=\"async\" class=\"aligncenter wp-image-1714\" src=\"https:\/\/serviozono.com\/wp-content\/uploads\/2022\/06\/pro-20.jpg\" alt=\"\" width=\"400\" height=\"400\" srcset=\"https:\/\/serviozono.com\/wp-content\/uploads\/2022\/06\/pro-20.jpg 500w, https:\/\/serviozono.com\/wp-content\/uploads\/2022\/06\/pro-20-300x300.jpg 300w, https:\/\/serviozono.com\/wp-content\/uploads\/2022\/06\/pro-20-100x100.jpg 100w, https:\/\/serviozono.com\/wp-content\/uploads\/2022\/06\/pro-20-160x160.jpg 160w, https:\/\/serviozono.com\/wp-content\/uploads\/2022\/06\/pro-20-320x320.jpg 320w\" sizes=\"auto, (max-width: 400px) 100vw, 400px\" \/>Anwendung<\/h3>\n<p>Ozon ist eine variation der Sauerstoff mit einem Molek\u00fcl aus drei Atomen. Dieses Molek\u00fcl ist zerlegt, mit Leichtigkeit, loslassen einem atom Sauerstoff, die reagiert in Kombination mit chemischen Schadstoffen aus der Luft, handeln vor allem auf organischen verbindungen, ebenso wie Bakterien, Viren und Pilze, Sie zu zerst\u00f6ren und verhindern Ihre Bildung.<\/p>\n<p>Ozon, durch seine gro\u00dfe macht Oxidationsmittel, hat unter anderem folgende Eigenschaften:<\/p>\n<p>\u2013 Geruch entfernen, antibakterielle, Sterilisation, ...<\/p>\n<p>Wir kommen also zu l\u00f6schen:<\/p>\n<p>\u2013 Schlechte Ger\u00fcche, die durch Tabak, Kanalisation, Tiere, Chemikalien<br \/>\n\u2013 Keime aus der Umgebung und der Materialien, die das Haus (Gardinen, Vorh\u00e4nge, Teppiche, ...)<br \/>\n\u2013 Das Gef\u00fchl der d\u00fcnnen Luft<\/p>\n<h3>Installation von ozonizers Wandbilder<\/h3>\n<p>Muss installiert sein, zwischen 2 und 2,5 Meter in der H\u00f6he und in einem Abstand von der Decke von mindestens 30 cm, vorzugsweise an der Wand h\u00e4ngen wie ein Bild. Nicht erforderlich, ein Wechsel der Filter, und verwenden Sie nur Luft und eine unerhebliche Menge Strom.<\/p>\n<p>Dank der neuesten Technologie gebaut-in HIGH-FREQUENZ, die f\u00fcr die Produktion von Ozon Ergebnisse erzielt werden, deutlich h\u00f6her als andere Technologien verwendet, bis zu dem moment, so dass zu reduzieren die Ausr\u00fcstung, die trotz Produktion von hohen Mengen von Ozon.<\/p>\n<p>Die Generatoren von Top-Ozon <strong>tun nicht produzieren Aluminium<\/strong>, sehr giftiges Schwermetall, als es nicht verwenden Reaktoren Keramik, sondern aus Edelstahl.<\/p>\n<h3>Ergebnisse<\/h3>\n<p>-Vollst\u00e4ndig zu entfernen alle Arten von Ger\u00fcchen, unabh\u00e4ngig von Ihrer Herkunft.<br \/>\n-Desinfizieren Sie die Umgebung, entfernen von Viren, Bakterien und Staub Milben.<br \/>\n-Holen Sie sich eine vollst\u00e4ndige Sterilisation der Orte mit schlechter Bel\u00fcftung.<br \/>\n-Verringerung der Symptome f\u00fcr Menschen mit asthma und Allergien aller Arten.<br \/>\n-Stellen Sie sicher, dass das Geh\u00e4use aufh\u00f6ren zu riechen, wenn Sie Haustiere haben.<br \/>\n-Erhalten Sie eine Luftqualit\u00e4t zu werden, sehr vorteilhaft f\u00fcr die Gesundheit.<br \/>\n-Installiert in Orte der Arbeit, drastisch verringert sich die Wahrscheinlichkeit der Ansteckung zwischen Menschen von Viren wie die Grippe oder COVID-19 (Verringerung der niedrigen Arbeitskosten).<\/p>\n<h3>Technische Merkmale<\/h3>\n<p>&nbsp;<\/p>\n<table>\n<tbody>\n<tr>\n<td width=\"283\">POWER<\/td>\n<td width=\"283\">\u00a0 \u00a0 \u00a0 \u00a0 \u00a0 \u00a0 \u00a0 \u00a0 \u00a0 \u00a0 \u00a0 \u00a0230 V 50 HZ<\/td>\n<\/tr>\n<tr>\n<td width=\"283\">VERBRAUCH<\/td>\n<td width=\"283\">\u00a0 \u00a0 \u00a0 \u00a0 \u00a0 \u00a0 \u00a0 \u00a0 \u00a0 \u00a0 \u00a0 \u00a0 \u00a0 \u00a0 \u00a018 W<\/td>\n<\/tr>\n<tr>\n<td width=\"283\">ABMESSUNGEN<\/td>\n<td width=\"283\">\u00a0 \u00a0 \u00a0 \u00a0 \u00a0 \u00a0 \u00a0 \u00a0 \u00a0 \u00a0 \u00a0 \u00a017 x 20 x 6,5<\/td>\n<\/tr>\n<tr>\n<td width=\"283\">GEWICHT<\/td>\n<td width=\"283\">\u00a0 \u00a0 \u00a0 \u00a0 \u00a0 \u00a0 \u00a0 \u00a0 \u00a0 \u00a0 \u00a0 \u00a0 \u00a0 \u00a0 0,5 KG<\/td>\n<\/tr>\n<tr>\n<td width=\"283\">PRODUKTION<\/td>\n<td width=\"283\">\u00a0 \u00a0 \u00a0 \u00a0 \u00a0 \u00a0 \u00a0 \u00a0 \u00a0 \u00a0500 MG \/ H H\u00d6CHSTGESCHWINDIGKEIT<\/td>\n<\/tr>\n<tr>\n<td width=\"283\">VERORDNUNG<\/td>\n<td width=\"283\">\u00a0 \u00a0 \u00a0 \u00a0 \u00a0 \u00a0 \u00a0 \u00a0 \u00a0 \u00a0 \u00a0TIMER<\/td>\n<\/tr>\n<tr>\n<td width=\"283\">ELEKTRISCHER SCHUTZ<\/td>\n<td width=\"283\">\u00a0\u00a0\u00a0\u00a0\u00a0\u00a0\u00a0\u00a0\u00a0\u00a0\u00a0\u00a0\u00a0\u00a0\u00a0\u00a0\u00a0\u00a0\u00a0\u00a0\u00a0\u00a0\u00a0\u00a0\u00a0 SICHERUNG 1 A<\/td>\n<\/tr>\n<tr>\n<td width=\"283\">BOX<\/td>\n<td width=\"283\">\u00a0\u00a0\u00a0\u00a0\u00a0\u00a0\u00a0\u00a0\u00a0\u00a0\u00a0\u00a0\u00a0\u00a0\u00a0\u00a0\u00a0\u00a0\u00a0\u00a0\u00a0\u00a0\u00a0\u00a0 EDELSTAHL.<\/td>\n<\/tr>\n<\/tbody>\n<\/table>\n<p>&nbsp;<\/p>","protected":false},"excerpt":{"rendered":"<p>Generator-GO-500 V<\/p>","protected":false},"featured_media":1714,"template":"","meta":[],"product_brand":[],"product_cat":[59],"product_tag":[],"class_list":{"0":"post-1086","1":"product","2":"type-product","3":"status-publish","4":"has-post-thumbnail","6":"product_cat-murales-aire-ambiente","8":"first","9":"instock","10":"sale","11":"featured","12":"taxable","13":"shipping-taxable","14":"purchasable","15":"product-type-simple"},"_links":{"self":[{"href":"https:\/\/serviozono.com\/de\/wp-json\/wp\/v2\/product\/1086","targetHints":{"allow":["GET"]}}],"collection":[{"href":"https:\/\/serviozono.com\/de\/wp-json\/wp\/v2\/product"}],"about":[{"href":"https:\/\/serviozono.com\/de\/wp-json\/wp\/v2\/types\/product"}],"wp:featuredmedia":[{"embeddable":true,"href":"https:\/\/serviozono.com\/de\/wp-json\/wp\/v2\/media\/1714"}],"wp:attachment":[{"href":"https:\/\/serviozono.com\/de\/wp-json\/wp\/v2\/media?parent=1086"}],"wp:term":[{"taxonomy":"product_brand","embeddable":true,"href":"https:\/\/serviozono.com\/de\/wp-json\/wp\/v2\/product_brand?post=1086"},{"taxonomy":"product_cat","embeddable":true,"href":"https:\/\/serviozono.com\/de\/wp-json\/wp\/v2\/product_cat?post=1086"},{"taxonomy":"product_tag","embeddable":true,"href":"https:\/\/serviozono.com\/de\/wp-json\/wp\/v2\/product_tag?post=1086"}],"curies":[{"name":"wp","href":"https:\/\/api.w.org\/{rel}","templated":true}]}}