{"id":1089,"date":"2022-06-01T12:01:17","date_gmt":"2022-06-01T12:01:17","guid":{"rendered":"https:\/\/serviozono.com\/?post_type=product&#038;p=1089"},"modified":"2025-10-20T16:17:22","modified_gmt":"2025-10-20T16:17:22","slug":"generador-go-1000-v-tc","status":"publish","type":"product","link":"https:\/\/serviozono.com\/de\/produkt\/generador-go-1000-v-tc\/","title":{"rendered":"Generator GO 1000 V TC"},"content":{"rendered":"<h3>Ozonizers Wandbilder kommerziellen<\/h3>\n<p>Das Modell GO 1000 V ist ein Generator der Ozon-Behandlung f\u00fcr Anwendungen der Luft. Das Ozon wird vertrieben durch die vorne durch den K\u00fchlergrill Diffusor durch einen internen L\u00fcfter. Dieses Modell ist gebaut in ein Edelstahlgeh\u00e4use und ist ausgestattet mit timer-zyklisch Steuern die Produktion Zeit<\/p>\n<p>Das Modell 1000 mg\/O3\/h ist f\u00fcr Aufenthalte von etwa 60 bis 100 m2<\/p>\n<p>&nbsp;<\/p>\n<p><img loading=\"lazy\" decoding=\"async\" class=\"wp-image-1090 aligncenter\" src=\"https:\/\/serviozono.com\/wp-content\/uploads\/2022\/06\/GO1000V-w-640x646.jpg\" alt=\"\" width=\"314\" height=\"317\" srcset=\"https:\/\/serviozono.com\/wp-content\/uploads\/2022\/06\/GO1000V-w-640x646.jpg 640w, https:\/\/serviozono.com\/wp-content\/uploads\/2022\/06\/GO1000V-w-100x100.jpg 100w, https:\/\/serviozono.com\/wp-content\/uploads\/2022\/06\/GO1000V-w-600x606.jpg 600w, https:\/\/serviozono.com\/wp-content\/uploads\/2022\/06\/GO1000V-w-768x776.jpg 768w, https:\/\/serviozono.com\/wp-content\/uploads\/2022\/06\/GO1000V-w-320x323.jpg 320w, https:\/\/serviozono.com\/wp-content\/uploads\/2022\/06\/GO1000V-w.jpg 800w\" sizes=\"auto, (max-width: 314px) 100vw, 314px\" \/><\/p>\n<p>&nbsp;<\/p>\n<h3>Anwendung<\/h3>\n<p>Ozon ist eine variation der Sauerstoff mit einem Molek\u00fcl aus drei Atomen. Dieses Molek\u00fcl ist zerlegt, mit Leichtigkeit, loslassen einem atom Sauerstoff, die reagiert in Kombination mit chemischen Schadstoffen aus der Luft, handeln vor allem auf organischen verbindungen, ebenso wie Bakterien, Viren und Pilze, Sie zu zerst\u00f6ren und verhindern Ihre Bildung.<\/p>\n<p>Ozon, durch seine gro\u00dfe macht Oxidationsmittel, hat unter anderem folgende Eigenschaften:<\/p>\n<p>\u2013 Geruch entfernen, antibakterielle, Sterilisation, ...<\/p>\n<p>Wir kommen also zu l\u00f6schen:<\/p>\n<p>\u2013 Schlechte Ger\u00fcche, die durch Tabak, Kanalisation, Tiere, Chemikalien<br \/>\n\u2013 Keime aus der Umgebung und der Materialien, die das Haus (Gardinen, Vorh\u00e4nge, Teppiche, ...)<br \/>\n\u2013 Das Gef\u00fchl der d\u00fcnnen Luft<\/p>\n<h3>Installation von ozonizers Wandbilder<\/h3>\n<p>Muss installiert sein, zwischen 2 und 2,5 Meter in der H\u00f6he und in einem Abstand von der Decke von mindestens 30 cm, vorzugsweise an der Wand h\u00e4ngen wie ein Bild. Nicht erforderlich, ein Wechsel der Filter, und verwenden Sie nur Luft und eine unerhebliche Menge Strom.<\/p>\n<p>Dank der neuesten Technologie gebaut-in HIGH-FREQUENZ, die f\u00fcr die Produktion von Ozon Ergebnisse erzielt werden, deutlich h\u00f6her als andere Technologien verwendet, bis zu dem moment, so dass zu reduzieren die Ausr\u00fcstung, die trotz Produktion von hohen Mengen von Ozon.<\/p>\n<p>Die Generatoren von Top-Ozon <strong>tun nicht produzieren Aluminium<\/strong>, sehr giftiges Schwermetall, als es nicht verwenden Reaktoren Keramik, sondern aus Edelstahl.<\/p>\n<h3>Ergebnisse<\/h3>\n<p>-Vollst\u00e4ndig zu entfernen alle Arten von Ger\u00fcchen, unabh\u00e4ngig von Ihrer Herkunft.<br \/>\n-Desinfizieren Sie die Umgebung, entfernen von Viren, Bakterien und Staub Milben.<br \/>\n-Holen Sie sich eine vollst\u00e4ndige Sterilisation der Orte mit schlechter Bel\u00fcftung.<br \/>\n-Verringerung der Symptome f\u00fcr Menschen mit asthma und Allergien aller Arten.<br \/>\n-Stellen Sie sicher, dass das Geh\u00e4use aufh\u00f6ren zu riechen, wenn Sie Haustiere haben.<br \/>\n-Erhalten Sie eine Luftqualit\u00e4t zu werden, sehr vorteilhaft f\u00fcr die Gesundheit.<br \/>\n-Installiert in Orte der Arbeit, drastisch verringert sich die Wahrscheinlichkeit der Ansteckung zwischen Menschen von Viren wie die Grippe oder COVID-19 (Verringerung der niedrigen Arbeitskosten).<\/p>\n<h3>Technische Merkmale<\/h3>\n<p>&nbsp;<\/p>\n<table>\n<tbody>\n<tr>\n<td width=\"283\">POWER<\/td>\n<td width=\"283\">\u00a0 \u00a0 \u00a0 \u00a0 \u00a0 \u00a0 \u00a0 \u00a0 \u00a0 \u00a0 \u00a0 \u00a0230 V 50 HZ<\/td>\n<\/tr>\n<tr>\n<td width=\"283\">VERBRAUCH<\/td>\n<td width=\"283\">\u00a0 \u00a0 \u00a0 \u00a0 \u00a0 \u00a0 \u00a0 \u00a0 \u00a0 \u00a0 \u00a0 \u00a0 \u00a0 \u00a0 \u00a045 W<\/td>\n<\/tr>\n<tr>\n<td width=\"283\">ABMESSUNGEN<\/td>\n<td width=\"283\">\u00a0 \u00a0 \u00a0 \u00a0 \u00a0 \u00a0 \u00a0 \u00a0 \u00a0 \u00a0 \u00a0 \u00a049 x 30,3 x 14,5<\/td>\n<\/tr>\n<tr>\n<td width=\"283\">GEWICHT<\/td>\n<td width=\"283\">\u00a0 \u00a0 \u00a0 \u00a0 \u00a0 \u00a0 \u00a0 \u00a0 \u00a0 \u00a0 \u00a0 \u00a0 \u00a0 \u00a0 \u00a0 5 KG<\/td>\n<\/tr>\n<tr>\n<td width=\"283\">PRODUKTION<\/td>\n<td width=\"283\">\u00a0 \u00a0 \u00a0 \u00a0 \u00a0 \u00a0 \u00a0 \u00a0 \u00a0 \u00a01000 MG \/ H H\u00d6CHSTGESCHWINDIGKEIT<\/td>\n<\/tr>\n<tr>\n<td width=\"283\">VERORDNUNG<\/td>\n<td width=\"283\">\u00a0 \u00a0 \u00a0 \u00a0 \u00a0 \u00a0 \u00a0 \u00a0DIGITAL-TIMER<\/td>\n<\/tr>\n<tr>\n<td width=\"283\">ELEKTRISCHER SCHUTZ<\/td>\n<td width=\"283\">\u00a0\u00a0\u00a0\u00a0\u00a0\u00a0\u00a0\u00a0\u00a0\u00a0\u00a0\u00a0\u00a0\u00a0\u00a0\u00a0\u00a0\u00a0\u00a0\u00a0\u00a0\u00a0\u00a0\u00a0\u00a0 FUSE 2 A<\/td>\n<\/tr>\n<tr>\n<td width=\"283\">BOX<\/td>\n<td width=\"283\">\u00a0\u00a0\u00a0\u00a0\u00a0\u00a0\u00a0\u00a0\u00a0\u00a0\u00a0\u00a0\u00a0\u00a0\u00a0\u00a0\u00a0\u00a0\u00a0\u00a0\u00a0\u00a0\u00a0\u00a0 EDELSTAHL.<\/td>\n<\/tr>\n<\/tbody>\n<\/table>","protected":false},"excerpt":{"rendered":"<p>Builder GO-1000 V TC<\/p>","protected":false},"featured_media":1719,"template":"","meta":[],"product_brand":[],"product_cat":[59],"product_tag":[],"class_list":{"0":"post-1089","1":"product","2":"type-product","3":"status-publish","4":"has-post-thumbnail","6":"product_cat-murales-aire-ambiente","8":"first","9":"instock","10":"sale","11":"taxable","12":"shipping-taxable","13":"purchasable","14":"product-type-simple"},"_links":{"self":[{"href":"https:\/\/serviozono.com\/de\/wp-json\/wp\/v2\/product\/1089","targetHints":{"allow":["GET"]}}],"collection":[{"href":"https:\/\/serviozono.com\/de\/wp-json\/wp\/v2\/product"}],"about":[{"href":"https:\/\/serviozono.com\/de\/wp-json\/wp\/v2\/types\/product"}],"wp:featuredmedia":[{"embeddable":true,"href":"https:\/\/serviozono.com\/de\/wp-json\/wp\/v2\/media\/1719"}],"wp:attachment":[{"href":"https:\/\/serviozono.com\/de\/wp-json\/wp\/v2\/media?parent=1089"}],"wp:term":[{"taxonomy":"product_brand","embeddable":true,"href":"https:\/\/serviozono.com\/de\/wp-json\/wp\/v2\/product_brand?post=1089"},{"taxonomy":"product_cat","embeddable":true,"href":"https:\/\/serviozono.com\/de\/wp-json\/wp\/v2\/product_cat?post=1089"},{"taxonomy":"product_tag","embeddable":true,"href":"https:\/\/serviozono.com\/de\/wp-json\/wp\/v2\/product_tag?post=1089"}],"curies":[{"name":"wp","href":"https:\/\/api.w.org\/{rel}","templated":true}]}}