{"id":1096,"date":"2022-06-01T12:34:05","date_gmt":"2022-06-01T12:34:05","guid":{"rendered":"https:\/\/serviozono.com\/?post_type=product&#038;p=1096"},"modified":"2025-10-20T16:17:22","modified_gmt":"2025-10-20T16:17:22","slug":"generador-go-2000-ac-car-24-v","status":"publish","type":"product","link":"https:\/\/serviozono.com\/de\/produkt\/generador-go-2000-ac-car-24-v\/","title":{"rendered":"Generator GEHEN, um 2000 v. Chr. AUTO 24 V"},"content":{"rendered":"<h3>Ozonizers Kanal f\u00fcr Fahrzeuge Kan\u00e4le der Klimaanlage \/ L\u00fcftung<\/h3>\n<p>Installieren Sie den generator so nah wie m\u00f6glich an den L\u00fcftungskanal, injizieren die ozonisierte Luft in den Innenraum durch ein Rohr Verbindung zwischen der Ausgangsbuchse des Generators und ein Loch geben, einen kleinen Teil der R\u00f6hre im inneren, immer nach der turbine fahren. Der generator sollte nur in Betrieb genommen werden, wenn die Schaltung Arbeit Bel\u00fcftung (gespeist werden kann in parallel mit Ventilator \u00fcber ein relais\/Sch\u00fctz separate Netzteile)<\/p>\n<p>&nbsp;<\/p>\n<p>&nbsp;<\/p>\n<p><img loading=\"lazy\" decoding=\"async\" class=\"alignnone wp-image-1481\" src=\"https:\/\/serviozono.com\/wp-content\/uploads\/2022\/06\/ozonizador-conducido-GO2000AC-CAR.jpg\" alt=\"\" width=\"537\" height=\"381\" srcset=\"https:\/\/serviozono.com\/wp-content\/uploads\/2022\/06\/ozonizador-conducido-GO2000AC-CAR.jpg 400w, https:\/\/serviozono.com\/wp-content\/uploads\/2022\/06\/ozonizador-conducido-GO2000AC-CAR-320x227.jpg 320w\" sizes=\"auto, (max-width: 537px) 100vw, 537px\" \/><img loading=\"lazy\" decoding=\"async\" class=\"alignnone wp-image-1095\" src=\"https:\/\/serviozono.com\/wp-content\/uploads\/2022\/06\/elcarte-autobus-lujo-interior-640x427.jpg\" alt=\"\" width=\"571\" height=\"381\" srcset=\"https:\/\/serviozono.com\/wp-content\/uploads\/2022\/06\/elcarte-autobus-lujo-interior-640x427.jpg 640w, https:\/\/serviozono.com\/wp-content\/uploads\/2022\/06\/elcarte-autobus-lujo-interior-600x400.jpg 600w, https:\/\/serviozono.com\/wp-content\/uploads\/2022\/06\/elcarte-autobus-lujo-interior-768x512.jpg 768w, https:\/\/serviozono.com\/wp-content\/uploads\/2022\/06\/elcarte-autobus-lujo-interior-320x213.jpg 320w, https:\/\/serviozono.com\/wp-content\/uploads\/2022\/06\/elcarte-autobus-lujo-interior.jpg 1200w\" sizes=\"auto, (max-width: 571px) 100vw, 571px\" \/><\/p>\n<h4><\/h4>\n<h4>Beseitigung von Ger\u00fcchen in der Luft-Absaug-Systeme<\/h4>\n<p>In Absaugleitungen der Luft eingespritzt wird Ozon in den Kanal, zu versuchen, halten Sie den maximalen Abstand zu der Ausgabe, so, dass die Ozon ist in der Lage zu f\u00fchren seine Wirkung w\u00e4hrend all der Zeit in der Luft<br \/>\nvertrieben flie\u00dft durch das Rohr Ausgang.<\/p>\n<p>In diesen F\u00e4llen, die gr\u00f6\u00dfer ist die L\u00e4nge der Schornstein, desto gr\u00f6\u00dfer wird der Effekt der oxidation der Substanzen erzeugen schlechte Ger\u00fcche.<\/p>\n<p>&nbsp;<\/p>\n<p><img loading=\"lazy\" decoding=\"async\" class=\"size-medium wp-image-1094 aligncenter\" src=\"https:\/\/serviozono.com\/wp-content\/uploads\/2022\/06\/ozonizar-conductos-de-aire-acondicionado-TOP-OZONO-640x157.png\" alt=\"\" width=\"640\" height=\"157\" srcset=\"https:\/\/serviozono.com\/wp-content\/uploads\/2022\/06\/ozonizar-conductos-de-aire-acondicionado-TOP-OZONO-640x157.png 640w, https:\/\/serviozono.com\/wp-content\/uploads\/2022\/06\/ozonizar-conductos-de-aire-acondicionado-TOP-OZONO-600x147.png 600w, https:\/\/serviozono.com\/wp-content\/uploads\/2022\/06\/ozonizar-conductos-de-aire-acondicionado-TOP-OZONO-768x188.png 768w, https:\/\/serviozono.com\/wp-content\/uploads\/2022\/06\/ozonizar-conductos-de-aire-acondicionado-TOP-OZONO-320x78.png 320w, https:\/\/serviozono.com\/wp-content\/uploads\/2022\/06\/ozonizar-conductos-de-aire-acondicionado-TOP-OZONO.png 1102w\" sizes=\"auto, (max-width: 640px) 100vw, 640px\" \/><\/p>\n<p>&nbsp;<\/p>","protected":false},"excerpt":{"rendered":"<p>Generator-GO-2000-AC \u2013 24 V AUTO<\/p>","protected":false},"featured_media":1698,"template":"","meta":[],"product_brand":[],"product_cat":[61],"product_tag":[],"class_list":{"0":"post-1096","1":"product","2":"type-product","3":"status-publish","4":"has-post-thumbnail","6":"product_cat-murales-ambiente-bus","8":"first","9":"instock","10":"sale","11":"taxable","12":"shipping-taxable","13":"purchasable","14":"product-type-simple"},"_links":{"self":[{"href":"https:\/\/serviozono.com\/de\/wp-json\/wp\/v2\/product\/1096","targetHints":{"allow":["GET"]}}],"collection":[{"href":"https:\/\/serviozono.com\/de\/wp-json\/wp\/v2\/product"}],"about":[{"href":"https:\/\/serviozono.com\/de\/wp-json\/wp\/v2\/types\/product"}],"wp:featuredmedia":[{"embeddable":true,"href":"https:\/\/serviozono.com\/de\/wp-json\/wp\/v2\/media\/1698"}],"wp:attachment":[{"href":"https:\/\/serviozono.com\/de\/wp-json\/wp\/v2\/media?parent=1096"}],"wp:term":[{"taxonomy":"product_brand","embeddable":true,"href":"https:\/\/serviozono.com\/de\/wp-json\/wp\/v2\/product_brand?post=1096"},{"taxonomy":"product_cat","embeddable":true,"href":"https:\/\/serviozono.com\/de\/wp-json\/wp\/v2\/product_cat?post=1096"},{"taxonomy":"product_tag","embeddable":true,"href":"https:\/\/serviozono.com\/de\/wp-json\/wp\/v2\/product_tag?post=1096"}],"curies":[{"name":"wp","href":"https:\/\/api.w.org\/{rel}","templated":true}]}}