{"id":1100,"date":"2022-06-01T14:26:13","date_gmt":"2022-06-01T14:26:13","guid":{"rendered":"https:\/\/serviozono.com\/?post_type=product&#038;p=1100"},"modified":"2025-10-20T16:16:49","modified_gmt":"2025-10-20T16:16:49","slug":"generador-p-1000-v-ta","status":"publish","type":"product","link":"https:\/\/serviozono.com\/de\/produkt\/generador-p-1000-v-ta\/","title":{"rendered":"Generator P 1000 V TA"},"content":{"rendered":"<h3>Ozonizers tragbar f\u00fcr zu Hause und industrielle Qualit\u00e4t<\/h3>\n<p>Die Vielseitigkeit von Ozon-Generatoren portable erm\u00f6glicht es zu verwendet werden f\u00fcr Schock-Behandlung, Desinfektion von Fahrzeugen und f\u00fcr die Desinfektion und zum entfernen alle Arten von Ger\u00fcchen, die nach der Reinigung wie gewohnt.<\/p>\n<p>Dank der neuesten Technologie gebaut-in HIGH-FREQUENZ, die f\u00fcr die Produktion von Ozon, die Ergebnisse signifikant h\u00f6her als bei anderen Systemen Mitarbeitern an der Zeit, so dass Sie reduzieren die Ausr\u00fcstung, die trotz Produktion von hohen Mengen von Ozon.<\/p>\n<p>&nbsp;<\/p>\n<p><img loading=\"lazy\" decoding=\"async\" class=\"wp-image-1098 aligncenter\" src=\"https:\/\/serviozono.com\/wp-content\/uploads\/2022\/06\/Generador-de-ozono-portatil-TOP-OZONO-P500V.jpg\" alt=\"\" width=\"388\" height=\"285\" srcset=\"https:\/\/serviozono.com\/wp-content\/uploads\/2022\/06\/Generador-de-ozono-portatil-TOP-OZONO-P500V.jpg 503w, https:\/\/serviozono.com\/wp-content\/uploads\/2022\/06\/Generador-de-ozono-portatil-TOP-OZONO-P500V-320x235.jpg 320w\" sizes=\"auto, (max-width: 388px) 100vw, 388px\" \/><\/p>\n<p>&nbsp;<\/p>\n<p>Die Generatoren von Top-Ozon<strong> tun nicht produzieren Aluminium<\/strong>, sehr giftiges Schwermetall, als es nicht verwenden Reaktoren Keramik, sondern aus Edelstahl.<\/p>\n<h3>Ergebnisse<\/h3>\n<p>-Vollst\u00e4ndig zu entfernen alle Arten von Ger\u00fcchen, unabh\u00e4ngig von Ihrer Herkunft (Urin, K\u00fcchen, Kan\u00e4len, Feuchtgebieten, Abfall, ...)<br \/>\n-Desinfizieren Sie die Umgebung, entfernen von Viren, Bakterien, Pilze, Staub Milben, und auch Larven und Eier von Insekten.<br \/>\n-Entfernen Sie alle Arten von Mikroorganismen und Schwei\u00dfgeruch in Textilien und Bekleidung.<br \/>\n-Holen Sie sich eine vollst\u00e4ndige Sterilisation der Orte mit schlechter Bel\u00fcftung.<br \/>\n-Verringerung der Symptome f\u00fcr Menschen mit asthma und Allergien aller Arten.<br \/>\n-Stellen Sie sicher, dass das Geh\u00e4use aufh\u00f6ren zu riechen, wenn es sind Haustier Tiere.<br \/>\n-Erhalten Sie eine Luftqualit\u00e4t zu werden, sehr vorteilhaft f\u00fcr die Gesundheit.<br \/>\n-Installiert in Orte der Arbeit, drastisch verringert sich die Wahrscheinlichkeit der Ansteckung zwischen Menschen von Viren wie das Grippe-oder das SARS-CoV-2, die bewirkt, dass die COVID-19, wodurch die Kranken Tage.<br \/>\n-Verkauf von ozonizers laptops f\u00fcr zu Hause<br \/>\n-Die Experten-team aus Top-Ozon hat eine know-how aus \u00fcber drei\u00dfig Jahren in der design, Herstellung und installation von ozonizers laptops f\u00fcr zu Hause. \u00a1Profitieren Sie von unseren L\u00f6sungen von Ozon personalisiert und zugeschnitten auf die Anforderungen Ihrer Branche.<\/p>\n<h3>Anwendungen f\u00fcr die ozonizers laptops f\u00fcr zu Hause<\/h3>\n<p>Sie verwendet verschiedene Produktionen. Gro\u00dfen Produktionen von O3 kann in k\u00fcrzerer Zeit die Behandlung der Desinfektion. Erh\u00f6hen Sie die Zeit der Entladung oder die Exposition Zeit nach dem Austritt (langsame ventilation) wird zu verbessern die Schlagkraft der Behandlung.<\/p>\n<h3>Ozonator tragbare Modell 1000 mg\/h<\/h3>\n<p>-Es ist das vielseitigste Modell f\u00fcr den Einsatz in allen arbeiten der Schock in der Wohnung (Badezimmer, Waschk\u00fcche, garage, K\u00fcche...)<br \/>\n-Legen Sie Sie in eine Plastikt\u00fcte neben Kleidung, Bettw\u00e4sche, Kissen oder andere Gewebe, entfernt alle Mikroorganismen und Geruch.<br \/>\n-Auf der Matratze, und bedeckt mit Kunststoff film, desinfiziert Beseitigung von Staub, Milben und Krankheitserreger.<br \/>\n-In einem Fahrzeug eliminiert alle pathogenen und Geruch, die zwischen zehn und f\u00fcnfzehn Minuten. In nur 20 Minuten f\u00fcr einen Wohnwagen oder ein Boot von 12 Metern.<\/p>\n<h3>Technische Merkmale<\/h3>\n<p>&nbsp;<\/p>\n<table>\n<tbody>\n<tr>\n<td width=\"283\">POWER<\/td>\n<td width=\"283\">\u00a0\u00a0\u00a0\u00a0\u00a0\u00a0\u00a0\u00a0\u00a0\u00a0\u00a0\u00a0\u00a0\u00a0\u00a0\u00a0\u00a0\u00a0 \u00a0\u00a0\u00a0\u00a0\u00a0\u00a0\u00a0\u00a0230 V 50 HZ<\/td>\n<\/tr>\n<tr>\n<td width=\"283\">VERBRAUCH<\/td>\n<td width=\"283\">\u00a0 \u00a0 \u00a0 \u00a0 \u00a0 \u00a0 \u00a0 \u00a0 \u00a0 \u00a0 \u00a0 \u00a0 \u00a0 \u00a0 \u00a0 \u00a0 40 W<\/td>\n<\/tr>\n<tr>\n<td width=\"283\">ABMESSUNGEN<\/td>\n<td width=\"283\">\u00a0\u00a0\u00a0\u00a0\u00a0\u00a0\u00a0\u00a0\u00a0\u00a0\u00a0\u00a0\u00a0\u00a0\u00a0\u00a0\u00a0 \u00a0\u00a0\u00a0\u00a0\u00a034 x 16,5 x 16,5<\/td>\n<\/tr>\n<tr>\n<td width=\"283\">GEWICHT<\/td>\n<td width=\"283\">\u00a0 \u00a0 \u00a0 \u00a0 \u00a0 \u00a0 \u00a0 \u00a0 \u00a0 \u00a0 \u00a0 \u00a0 \u00a0 \u00a0 \u00a0 4.2 KG<\/td>\n<\/tr>\n<tr>\n<td width=\"283\">PRODUKTION<\/td>\n<td width=\"283\">\u00a0 \u00a0 \u00a0 \u00a0 \u00a0 \u00a0 \u00a0 \u00a0 \u00a0 \u00a01000 MG \/ H H\u00d6CHSTGESCHWINDIGKEIT<\/td>\n<\/tr>\n<tr>\n<td width=\"283\">VERORDNUNG<\/td>\n<td width=\"283\">\u00a0 \u00a0 \u00a0 \u00a0 \u00a0 \u00a0 \u00a0 \u00a0TIMER AZYKLISCH<\/td>\n<\/tr>\n<tr>\n<td width=\"283\">ELEKTRISCHER SCHUTZ<\/td>\n<td width=\"283\">\u00a0\u00a0\u00a0\u00a0\u00a0\u00a0\u00a0\u00a0\u00a0\u00a0\u00a0\u00a0\u00a0\u00a0\u00a0\u00a0\u00a0\u00a0\u00a0\u00a0\u00a0\u00a0\u00a0\u00a0\u00a0 FUSE 2 A<\/td>\n<\/tr>\n<tr>\n<td width=\"283\">BOX<\/td>\n<td width=\"283\">\u00a0\u00a0\u00a0\u00a0\u00a0\u00a0\u00a0\u00a0\u00a0\u00a0\u00a0\u00a0\u00a0\u00a0\u00a0\u00a0\u00a0\u00a0\u00a0\u00a0\u00a0\u00a0\u00a0\u00a0 EDELSTAHL.<\/td>\n<\/tr>\n<\/tbody>\n<\/table>\n<p>&nbsp;<\/p>","protected":false},"excerpt":{"rendered":"<p>Generator P-1000 V TA<\/p>","protected":false},"featured_media":1699,"template":"","meta":[],"product_brand":[],"product_cat":[62],"product_tag":[],"class_list":{"0":"post-1100","1":"product","2":"type-product","3":"status-publish","4":"has-post-thumbnail","6":"product_cat-portatil-aire-ambiente-y-choque","8":"first","9":"instock","10":"sale","11":"taxable","12":"shipping-taxable","13":"purchasable","14":"product-type-simple"},"_links":{"self":[{"href":"https:\/\/serviozono.com\/de\/wp-json\/wp\/v2\/product\/1100","targetHints":{"allow":["GET"]}}],"collection":[{"href":"https:\/\/serviozono.com\/de\/wp-json\/wp\/v2\/product"}],"about":[{"href":"https:\/\/serviozono.com\/de\/wp-json\/wp\/v2\/types\/product"}],"wp:featuredmedia":[{"embeddable":true,"href":"https:\/\/serviozono.com\/de\/wp-json\/wp\/v2\/media\/1699"}],"wp:attachment":[{"href":"https:\/\/serviozono.com\/de\/wp-json\/wp\/v2\/media?parent=1100"}],"wp:term":[{"taxonomy":"product_brand","embeddable":true,"href":"https:\/\/serviozono.com\/de\/wp-json\/wp\/v2\/product_brand?post=1100"},{"taxonomy":"product_cat","embeddable":true,"href":"https:\/\/serviozono.com\/de\/wp-json\/wp\/v2\/product_cat?post=1100"},{"taxonomy":"product_tag","embeddable":true,"href":"https:\/\/serviozono.com\/de\/wp-json\/wp\/v2\/product_tag?post=1100"}],"curies":[{"name":"wp","href":"https:\/\/api.w.org\/{rel}","templated":true}]}}