{"id":1118,"date":"2022-06-01T15:38:45","date_gmt":"2022-06-01T15:38:45","guid":{"rendered":"https:\/\/serviozono.com\/?post_type=product&#038;p=1118"},"modified":"2025-10-20T16:16:49","modified_gmt":"2025-10-20T16:16:49","slug":"generador-go-500-ac-ta","status":"publish","type":"product","link":"https:\/\/serviozono.com\/de\/produkt\/generador-go-500-ac-ta\/","title":{"rendered":"Generator GO 500 AC-TA"},"content":{"rendered":"<h3>Ozonizers heimischen multinationalen<\/h3>\n<p>Die Vielseitigkeit dieser Generatoren ist, dass Sie behandeln k\u00f6nnen Fl\u00fcssigkeiten und auch Luft. F\u00fcr die Behandlung der Luft, die Sie nur haben zu trennen Sie den Schlauch, und der fan von dem team teilen die Ozon f\u00fcr den gesamten Aufenthalt. Sie brauchen nur eine Steckdose anschlie\u00dfen.<\/p>\n<p>Das Modell Wandbild kann montiert werden auf die Wand oder auf einer Arbeitsplatte.<\/p>\n<p>Sie sind konzipiert f\u00fcr die Platzierung auf dem K\u00fcchentisch oder auf jedem Tisch oder kleben Sie es auf der Wand, f\u00fcr ozonizar enthaltene Wasser in Beh\u00e4ltern, Flaschen, Zylinder oder W\u00fcrfel schneiden. Um dies zu tun, schlie\u00dfen Sie einfach den Schlauch an die outlet von Ozon-generator, das andere Ende verbinden Sie es mit einem Diffusor, um die Einf\u00fchrung der Rohr-Treiber von Ozon in den Beh\u00e4lter und starten Sie die Maschine. Es hat eine einstellbare timer und power auf\/aus-Taste.<\/p>\n<p><img loading=\"lazy\" decoding=\"async\" class=\"wp-image-1116 aligncenter\" src=\"https:\/\/serviozono.com\/wp-content\/uploads\/2022\/06\/GO-500-AC-Front-w-640x412.png\" alt=\"\" width=\"469\" height=\"302\" srcset=\"https:\/\/serviozono.com\/wp-content\/uploads\/2022\/06\/GO-500-AC-Front-w-640x412.png 640w, https:\/\/serviozono.com\/wp-content\/uploads\/2022\/06\/GO-500-AC-Front-w-600x386.png 600w, https:\/\/serviozono.com\/wp-content\/uploads\/2022\/06\/GO-500-AC-Front-w-768x494.png 768w, https:\/\/serviozono.com\/wp-content\/uploads\/2022\/06\/GO-500-AC-Front-w-320x206.png 320w, https:\/\/serviozono.com\/wp-content\/uploads\/2022\/06\/GO-500-AC-Front-w.png 800w\" sizes=\"auto, (max-width: 469px) 100vw, 469px\" \/><\/p>\n<p>&nbsp;<\/p>\n<h3>Ozon-Generatoren, tragbar f\u00fcr zu Hause und industrielle Qualit\u00e4t<\/h3>\n<p>Top Ozon produziert alle Ihre Generatoren mit industriellen Komponenten. Keine geplante Obsoleszenz. Es gibt Keine Begrenzung f\u00fcr Betriebsstunden, wie es mit allen Generatoren auf dem Markt.<\/p>\n<p>Dank der neuesten Technologie gebaut-in HIGH-FREQUENZ, die f\u00fcr die Produktion von Ozon, die Ergebnisse signifikant h\u00f6her als bei anderen Systemen verwendet werden, bis zu dem moment, da Sie die Reduzierung der Ausr\u00fcstung, die trotz Produktion von hohen Mengen von Ozon.<\/p>\n<p>&nbsp;<\/p>\n<p><img loading=\"lazy\" decoding=\"async\" class=\"wp-image-1105 aligncenter\" src=\"https:\/\/serviozono.com\/wp-content\/uploads\/2022\/06\/P500AC-tubo-w.jpg\" alt=\"\" width=\"285\" height=\"369\" srcset=\"https:\/\/serviozono.com\/wp-content\/uploads\/2022\/06\/P500AC-tubo-w.jpg 600w, https:\/\/serviozono.com\/wp-content\/uploads\/2022\/06\/P500AC-tubo-w-320x414.jpg 320w\" sizes=\"auto, (max-width: 285px) 100vw, 285px\" \/><\/p>\n<p>&nbsp;<\/p>\n<h3 style=\"text-align: center;\">Verschiedene Anwendungen f\u00fcr die Gesundheit der lebenden Wesen<\/h3>\n<h3>Auf dem Wasser<\/h3>\n<p>-Unter ozonisiertes Wasser, die Auswirkungen von Ozon zirkulieren \u00fcberall in dem K\u00f6rper \u00fcber den Verdauungstrakt, vorbei in die Blutbahn. Es wird empfohlen, das ozonisierte Wasser auf n\u00fcchternen Magen zu vermeiden, nehmen Sie keine Nahrung, bis Sie nach 20 Minuten. Um dies zu tun, war ozonized ein Glas Wasser f\u00fcr eine halbe minute und trinken Sie es in die morgen und in der Nacht. Beseitigt die Kopfschmerzen und Schlaflosigkeit. Holen Sie zahlreiche Vorteile mit einer Di\u00e4t von ozonisiertes Wasser. Atmen, das Wasser, macht dies eine spannende Nat\u00fcrliche und gesunde, Sauerstoff im Blut, erh\u00f6hen die libido und verursacht eine verj\u00fcngende Wirkung und antiseptische, wie Abwehrkr\u00e4fte.<br \/>\n-Leitungswasser trinken, ohne Gefahr der Kontamination von viralen und bakteriellen, das eindringen von Wasser, v\u00f6llig steril, frei von Ger\u00fcchen und keinen schlechten Geschmack.<br \/>\n-Vergessen Sie schleppen die schweren Flaschen Wasser, um Ihre home.<br \/>\n-Waschen Sie Gem\u00fcse und Fr\u00fcchte mit ozonisiertes Wasser zu entfernen Pestizide und Bakterien E-coli.<br \/>\n-Sterilisieren Sie Babyflaschen.<br \/>\n-Verwenden Sie die ozonisiertes Wasser f\u00fcr die Reinigung und Desinfektion von Orten verpflichtet, die Sicherheits-Kultur. Vorsichtig, um ihn anzuwenden in den Metallen, wie seine macht der oxidation ist hoch.<br \/>\n-Ideal f\u00fcr das waschen von Haustieren, t\u00f6ten Insekten und Parasiten.<br \/>\n-Wasserpflanzen mit ozonisiertes Wasser und Sie wachsen gesund und stark.<br \/>\n-Verwenden Sie das ozonisierte Wasser zu verl\u00e4ngern die Lebensdauer von frischen Blumen, geschnitten aus einer vase.<br \/>\n-Ozonized ein Fisch tank. Dependiendiendo die Gr\u00f6\u00dfe des Beh\u00e4lters und die Menge der Fische, die er enth\u00e4lt, k\u00f6nnen Sie ozonizarse zwischen 2 und 5 Minuten, zweimal am Tag, zu reinigen und reinigen die Wasser.<\/p>\n<p><img loading=\"lazy\" decoding=\"async\" class=\"size-medium wp-image-1115 aligncenter\" src=\"https:\/\/serviozono.com\/wp-content\/uploads\/2022\/06\/maquina-de-ozono-portatil-agua-TOP-OZONO-GO500-AC-640x250.jpg\" alt=\"\" width=\"640\" height=\"250\" srcset=\"https:\/\/serviozono.com\/wp-content\/uploads\/2022\/06\/maquina-de-ozono-portatil-agua-TOP-OZONO-GO500-AC-640x250.jpg 640w, https:\/\/serviozono.com\/wp-content\/uploads\/2022\/06\/maquina-de-ozono-portatil-agua-TOP-OZONO-GO500-AC-600x234.jpg 600w, https:\/\/serviozono.com\/wp-content\/uploads\/2022\/06\/maquina-de-ozono-portatil-agua-TOP-OZONO-GO500-AC-768x300.jpg 768w, https:\/\/serviozono.com\/wp-content\/uploads\/2022\/06\/maquina-de-ozono-portatil-agua-TOP-OZONO-GO500-AC-320x125.jpg 320w, https:\/\/serviozono.com\/wp-content\/uploads\/2022\/06\/maquina-de-ozono-portatil-agua-TOP-OZONO-GO500-AC.jpg 850w\" sizes=\"auto, (max-width: 640px) 100vw, 640px\" \/><\/p>\n<h3>F\u00fcr die \u00f6l -<\/h3>\n<p>-Das Ozon Inhalt in die ozonisiertes \u00f6l freigesetzt wird sehr langsam und, angewendet durch eine lange massage, f\u00f6rdert die lokale Durchblutung. Es ist wichtig, dass das \u00f6l ist Natives Oliven\u00f6l.<\/p>\n<p>&nbsp;<\/p>\n<h3>Die Luft<\/h3>\n<p>-Verabreicht werden direkt in die Luft, entfernt Krankheitserreger und reduziert die organische Materie, die Luft gereinigt von alle Arten von Ger\u00fcchen.<\/p>\n<p><img loading=\"lazy\" decoding=\"async\" class=\"wp-image-1108 aligncenter\" src=\"https:\/\/serviozono.com\/wp-content\/uploads\/2022\/06\/ozonizar-conductos-de-aire-hogar-TOP-OZONO-640x157.png\" alt=\"\" width=\"754\" height=\"185\" srcset=\"https:\/\/serviozono.com\/wp-content\/uploads\/2022\/06\/ozonizar-conductos-de-aire-hogar-TOP-OZONO-640x157.png 640w, https:\/\/serviozono.com\/wp-content\/uploads\/2022\/06\/ozonizar-conductos-de-aire-hogar-TOP-OZONO-600x147.png 600w, https:\/\/serviozono.com\/wp-content\/uploads\/2022\/06\/ozonizar-conductos-de-aire-hogar-TOP-OZONO-768x188.png 768w, https:\/\/serviozono.com\/wp-content\/uploads\/2022\/06\/ozonizar-conductos-de-aire-hogar-TOP-OZONO-320x78.png 320w, https:\/\/serviozono.com\/wp-content\/uploads\/2022\/06\/ozonizar-conductos-de-aire-hogar-TOP-OZONO.png 1102w\" sizes=\"auto, (max-width: 754px) 100vw, 754px\" \/><\/p>\n<p>&nbsp;<\/p>\n<h3>Verwendung von Generatoren f\u00fcr Ozon-Therapie<\/h3>\n<p>Konzipiert f\u00fcr eine gemacht werden k\u00f6nnen Behandlungen von Ozon-Therapie zu Hause, und kann mit Ozon behandelt, das Wasser und das \u00f6l auf die sofortige und sehr benutzerfreundlich, so bekommen die unglaublichen Vorteile von Ozon f\u00fcr die inneren (Verdauungstrakt) nach au\u00dfen (in die Haut).<\/p>\n<p>Achtung!!! Trinken ozonisiertes k\u00f6nnen die Spannung erh\u00f6hen. Nehmen Sie verschiedene Gl\u00e4ser ozonisiertes kann bedeuten, Effekte, aufregende und belebende \u00e4hnlich wie ein energy-drink, aber v\u00f6llig nat\u00fcrlich. Daher nehmen Sie es in der Nacht Schlaflosigkeit verursachen kann.<\/p>\n<p>&nbsp;<\/p>\n<p><img loading=\"lazy\" decoding=\"async\" class=\"wp-image-1109 aligncenter\" src=\"https:\/\/serviozono.com\/wp-content\/uploads\/2022\/06\/IMG-20201015-WA0028.jpg\" alt=\"\" width=\"529\" height=\"341\" srcset=\"https:\/\/serviozono.com\/wp-content\/uploads\/2022\/06\/IMG-20201015-WA0028.jpg 338w, https:\/\/serviozono.com\/wp-content\/uploads\/2022\/06\/IMG-20201015-WA0028-320x206.jpg 320w\" sizes=\"auto, (max-width: 529px) 100vw, 529px\" \/><\/p>\n<p style=\"text-align: center;\"><strong>Ozon-Behandlung auf der Haut<\/strong><\/p>\n<p>Die Therapien von Ozon verwendet, um den K\u00f6rper mit aktiven Formen von Sauerstoff durch den Mund, intraven\u00f6s oder durch die Haut. Einmal im K\u00f6rper, Wasserstoffperoxid oder Ozon kommt in Kontakt mit dem virus und die alle Arten von Mikroben sind anaerobe (diejenigen, die haben die F\u00e4higkeit zu Leben, ohne die Luft), wie Sie sind Parasiten, Viren, Bakterien, Pilze und Hefen, als auch mit Zellen des erkrankten Geweben oder arm, F\u00e4ulnis in der letzten Legislaturperiode in Sauerstoff, oxidiert das Zelle ungesund und verlassen den gesunden. Wenn der K\u00f6rper ges\u00e4ttigt ist mit diesen speziellen Formen des Sauerstoffs, erreicht, einen Zustand der Reinheit, in der die Mikro-Organismen sterben, w\u00e4hrend die Toxizit\u00e4t zugrunde liegenden oxidiert und entfernt.<\/p>\n<h3>Therapien oxidativen Ozon Einfluss auf den menschlichen K\u00f6rper in die folgenden M\u00f6glichkeiten:<\/h3>\n<p>-Das virus entfernt.<br \/>\n-Das Ozon oxidiert, alle Arten von Giftstoffe und macht Sie Wasser-l\u00f6slich, sind ausgesto\u00dfen aus dem K\u00f6rper.<br \/>\n-Das Ozon-das Immunsystem stimuliert und die Durchblutung, Sauerstoff im K\u00f6rper.<br \/>\n-Das Gehirn arbeitet mit 15% des Sauerstoffs, der in den K\u00f6rper und aus diesem Grund, wenn Sie hinzuf\u00fcgen, Ozon, verbessert Gehirn Funktion und Speicher.<br \/>\n-Stimulieren die Produktion von wei\u00dfen Blut-Zellen, die notwendig sind, um Infektionen zu bek\u00e4mpfen.<br \/>\n-Erh\u00f6ht den Sauerstoffgehalt, durch die Dissoziation der H\u00e4moglobin, erh\u00f6ht die Zufuhr von Sauerstoff aus dem Blut zu den Zellen.<br \/>\n-Ozon ist antineopl\u00e1stico, was bedeutet, dass es hemmt das Wachstum neuer Gewebe wie Tumore.<br \/>\n-Oxidiert und verschlechtert sich die Produkte petro-Chemikalien.<br \/>\n-Erh\u00f6hen Sie den distensibility der Membran der roten Blut Zellen, verbessern dadurch Ihre Flexibilit\u00e4t und Effektivit\u00e4t.<br \/>\n-Erh\u00f6ht die Produktion von interferon und tumor-Nekrose-Faktor, die der K\u00f6rper braucht, um Infektionen zu bek\u00e4mpfen und Krebs.<br \/>\n-Erh\u00f6ht die Effizienz der antioxidativen Enzym, das neutralisiert den \u00fcberschuss an freien radikalen im K\u00f6rper.<br \/>\n-Beschleunigt die Zitronens\u00e4ure Zyklus, die ist die Haupt-Zyklus f\u00fcr die Befreiung der Energie aus Zucker. Dies wiederum stimuliert die grundlegende Stoffwechsel. Es bricht auch Proteine, Kohlenhydrate und Fette zu werden alle als Energie.<br \/>\n-Zur Erh\u00f6hung der Sauerstoffversorgung des Gewebes, die Kraft des Patienten verbessert.<br \/>\n-Kraft der Stoffwechsel von Proteinen, Kohlenhydraten, Fetten, Vitaminen und Mineralien.<br \/>\n-Wirkt als regulator von Hormonen, die Verbesserung der k\u00f6rpereigenen Produktion von \u00f6strogen, Progesteron und Thyroxin, helfen, regulieren den Blutzucker und die Energie Produktion in die Zellen.<\/p>\n<h3>Technische Merkmale<\/h3>\n<p>&nbsp;<\/p>\n<table>\n<tbody>\n<tr>\n<td width=\"283\">POWER<\/td>\n<td width=\"283\">\u00a0\u00a0\u00a0\u00a0\u00a0\u00a0\u00a0\u00a0\u00a0\u00a0\u00a0\u00a0\u00a0\u00a0\u00a0\u00a0\u00a0\u00a0 \u00a0\u00a0\u00a0\u00a0\u00a0\u00a0\u00a0\u00a0230 V 50 HZ<\/td>\n<\/tr>\n<tr>\n<td width=\"283\">VERBRAUCH<\/td>\n<td width=\"283\">\u00a0\u00a0\u00a0\u00a0\u00a0\u00a0\u00a0\u00a0\u00a0\u00a0\u00a0\u00a0\u00a0\u00a0\u00a0\u00a0\u00a0\u00a0\u00a0\u00a0\u00a0 \u00a0\u00a0\u00a0\u00a0\u00a0\u00a0\u00a0\u00a0\u00a0\u00a046 W<\/td>\n<\/tr>\n<tr>\n<td width=\"283\">ABMESSUNGEN<\/td>\n<td width=\"283\">\u00a0\u00a0\u00a0\u00a0\u00a0\u00a0\u00a0\u00a0\u00a0\u00a0\u00a0\u00a0\u00a0\u00a0\u00a0\u00a0\u00a0 \u00a0\u00a0\u00a0\u00a0\u00a034 x 16,5 x 16,5<\/td>\n<\/tr>\n<tr>\n<td width=\"283\">GEWICHT<\/td>\n<td width=\"283\">\u00a0\u00a0\u00a0\u00a0\u00a0\u00a0\u00a0\u00a0\u00a0\u00a0\u00a0\u00a0\u00a0\u00a0\u00a0\u00a0\u00a0\u00a0\u00a0\u00a0\u00a0\u00a0\u00a0 \u00a0\u00a0\u00a0\u00a0\u00a0\u00a0\u00a04.2 KG<\/td>\n<\/tr>\n<tr>\n<td width=\"283\">PRODUKTION<\/td>\n<td width=\"283\">\u00a0\u00a0\u00a0\u00a0\u00a0\u00a0\u00a0\u00a0\u00a0\u00a0\u00a0\u00a0\u00a0 \u00a0\u00a0\u00a0\u00a0\u00a0500 MG \/ H H\u00d6CHSTGESCHWINDIGKEIT<\/td>\n<\/tr>\n<tr>\n<td width=\"283\">VERORDNUNG<\/td>\n<td width=\"283\">\u00a0\u00a0\u00a0\u00a0\u00a0\u00a0\u00a0\u00a0\u00a0\u00a0\u00a0\u00a0\u00a0\u00a0 \u00a0TIMER AZYKLISCH<\/td>\n<\/tr>\n<tr>\n<td width=\"283\">ELEKTRISCHER SCHUTZ<\/td>\n<td width=\"283\">\u00a0\u00a0\u00a0\u00a0\u00a0\u00a0\u00a0\u00a0\u00a0\u00a0\u00a0\u00a0\u00a0\u00a0\u00a0\u00a0\u00a0\u00a0\u00a0\u00a0\u00a0\u00a0\u00a0\u00a0\u00a0 FUSE 2 A<\/td>\n<\/tr>\n<tr>\n<td width=\"283\">BOX<\/td>\n<td width=\"283\">\u00a0\u00a0\u00a0\u00a0\u00a0\u00a0\u00a0\u00a0\u00a0\u00a0\u00a0\u00a0\u00a0\u00a0\u00a0\u00a0\u00a0\u00a0\u00a0\u00a0\u00a0\u00a0\u00a0\u00a0 EDELSTAHL.<\/td>\n<\/tr>\n<tr>\n<td width=\"283\">KOMPRESSOR<\/td>\n<td width=\"283\">\u00a0\u00a0\u00a0\u00a0\u00a0\u00a0\u00a0\u00a0\u00a0\u00a0\u00a0\u00a0\u00a0\u00a0\u00a0\u00a0\u00a0\u00a0\u00a0\u00a0 10 LITER\/ MINUTE<\/td>\n<\/tr>\n<\/tbody>\n<\/table>","protected":false},"excerpt":{"rendered":"<p>Generator-GO-500-AC-TA<\/p>","protected":false},"featured_media":1707,"template":"","meta":[],"product_brand":[],"product_cat":[64],"product_tag":[],"class_list":{"0":"post-1118","1":"product","2":"type-product","3":"status-publish","4":"has-post-thumbnail","6":"product_cat-portatil-mural-o-sobre-mesa-multifuncion-aire-agua","8":"first","9":"instock","10":"sale","11":"taxable","12":"shipping-taxable","13":"purchasable","14":"product-type-simple"},"_links":{"self":[{"href":"https:\/\/serviozono.com\/de\/wp-json\/wp\/v2\/product\/1118","targetHints":{"allow":["GET"]}}],"collection":[{"href":"https:\/\/serviozono.com\/de\/wp-json\/wp\/v2\/product"}],"about":[{"href":"https:\/\/serviozono.com\/de\/wp-json\/wp\/v2\/types\/product"}],"wp:featuredmedia":[{"embeddable":true,"href":"https:\/\/serviozono.com\/de\/wp-json\/wp\/v2\/media\/1707"}],"wp:attachment":[{"href":"https:\/\/serviozono.com\/de\/wp-json\/wp\/v2\/media?parent=1118"}],"wp:term":[{"taxonomy":"product_brand","embeddable":true,"href":"https:\/\/serviozono.com\/de\/wp-json\/wp\/v2\/product_brand?post=1118"},{"taxonomy":"product_cat","embeddable":true,"href":"https:\/\/serviozono.com\/de\/wp-json\/wp\/v2\/product_cat?post=1118"},{"taxonomy":"product_tag","embeddable":true,"href":"https:\/\/serviozono.com\/de\/wp-json\/wp\/v2\/product_tag?post=1118"}],"curies":[{"name":"wp","href":"https:\/\/api.w.org\/{rel}","templated":true}]}}