{"id":1128,"date":"2022-06-01T19:11:02","date_gmt":"2022-06-01T19:11:02","guid":{"rendered":"https:\/\/serviozono.com\/?post_type=product&#038;p=1128"},"modified":"2025-10-20T16:16:49","modified_gmt":"2025-10-20T16:16:49","slug":"generador-go-4000-ac","status":"publish","type":"product","link":"https:\/\/serviozono.com\/de\/produkt\/generador-go-4000-ac\/","title":{"rendered":"Generator GEHEN auf 4000 v. Chr. CP"},"content":{"rendered":"<h3>Ozonizers Multifunktions-led kommerziellen Luft-und Wasser -<\/h3>\n<p>Ozon-generator f\u00fcr Desinfektion und Desodorierung gewerbliche und private in der erforderlichen Ozon-angetrieben durch ein Rohr mit kleinen Abschnitt.<\/p>\n<p>Montiert in einem Geh\u00e4use aus Edelstahl., einschlie\u00dflich Reaktor Hersteller von Ozon, Kompressor Membran (Membran), Patrone trocknen Ansaugluft des Kompressors und forcierte K\u00fchlung durch L\u00fcfter. Die Regelung der computer wird durch einen digitalen timer regelt, dass sowohl die Produktion von Ozon, als die Injektion von Luft aus dem Kompressor.<\/p>\n<p>&nbsp;<\/p>\n<p><img loading=\"lazy\" decoding=\"async\" class=\"wp-image-2052 aligncenter\" src=\"https:\/\/serviozono.com\/wp-content\/uploads\/2022\/06\/Sin-titulo-1-3.jpg\" alt=\"\" width=\"351\" height=\"403\" srcset=\"https:\/\/serviozono.com\/wp-content\/uploads\/2022\/06\/Sin-titulo-1-3.jpg 470w, https:\/\/serviozono.com\/wp-content\/uploads\/2022\/06\/Sin-titulo-1-3-10x12.jpg 10w, https:\/\/serviozono.com\/wp-content\/uploads\/2022\/06\/Sin-titulo-1-3-320x368.jpg 320w\" sizes=\"auto, (max-width: 351px) 100vw, 351px\" \/><\/p>\n<p>&nbsp;<\/p>\n<p>&nbsp;<\/p>\n<h3>Anwendung<\/h3>\n<p>Wasser: Beh\u00e4lter, tanks, Brunnen, Waschmaschinen, Industrie, etc<br \/>\nLuft: K\u00fchlr\u00e4ume, Kan\u00e4le, sprinkler Umwelt -, L\u00fcftungsleitungen, Abgase, Ozon-Behandlungen, Therapie-Profis, etc<\/p>\n<h3>Wasser Behandlung<\/h3>\n<p>Sie sind so konzipiert, desinfizieren und sterilisieren von gro\u00dfen Mengen Wasser, die beide Einlagen, wie Brunnen oder Zisternen.<\/p>\n<p>Sind die Computer, mit denen Sie in der Lage sein zu Holen ozonisiertes Wasser sofort und \u00e4u\u00dferst einfach, inyect\u00e1ndola durch ein Rohr, dass liefert das gas Diffusor. Die Einf\u00fchrung von Ozon in die Wasser durch die Druckluft, die eine gro\u00dfe Verbreitung von Ozon in Wasser werden behandelt.<\/p>\n<p>Wenn Sie sind mit einem Venturi-\u00fcber einen Stromkreis Abgasr\u00fcckf\u00fchrung bekommen eine bessere Mischung von Ozon\/Wasser.<\/p>\n<p>F\u00fcr die Fl\u00f6\u00dfe zu Wasser au\u00dferhalb berechnen wir die Notwendigkeit von O3 mit einer rate von 2 bis 3 g\/m3, abh\u00e4ngig davon, ob es viel oder wenig Zeit f\u00fcr die Durchf\u00fchrung der Behandlung mit Ozonierung.<\/p>\n<p>Im Falle der Notwendigkeit f\u00fcr gro\u00dfe Mengen von Ozon, k\u00f6nnen Sie den computer verwenden, bereit f\u00fcr den Anschluss an ein Druckluft-system externe, etwas, das wird deutlich erh\u00f6hen die Luft Volumen injiziert in die Wasser. Durch fr\u00fcheren Studie, die wir anpassen k\u00f6nnen, um jedem Bed\u00fcrfnis.<\/p>\n<h3>Wasser tanks<\/h3>\n<p>Modelle mit einem Kompressor erlauben Sie zu installieren Diffusoren am Boden des Beh\u00e4lters und tragen das Ozon durch die Vermittlung in diese Diffusoren sind verantwortlich f\u00fcr die Verbreitung der ozonisierte Luft in das Wasser, erstellen eine Spalte von Blasen.<\/p>\n<p>Eine weitere option ist viel effektiver ist, einen computer zu benutzen ohne einen Kompressor f\u00fcr eine R\u00dcCKF\u00dcHRUNG mit Venturi-system, um eine richtige Mischung aus Ozon\/Wasser. Dieses system ben\u00f6tigt eine Umlaufpumpe, und bietet eine h\u00f6here diffusion von Ozon im Wasser.<\/p>\n<p>&nbsp;<\/p>\n<p><img loading=\"lazy\" decoding=\"async\" class=\"alignnone size-full wp-image-1122\" src=\"https:\/\/serviozono.com\/wp-content\/uploads\/2022\/06\/difusor-ozonizar-agua.jpg\" alt=\"\" width=\"110\" height=\"317\" \/><img loading=\"lazy\" decoding=\"async\" class=\"alignnone wp-image-1121\" src=\"https:\/\/serviozono.com\/wp-content\/uploads\/2022\/06\/generador-de-ozono-conducido-TOP-OZONO-en-deposito-de-agua.jpg\" alt=\"\" width=\"528\" height=\"330\" srcset=\"https:\/\/serviozono.com\/wp-content\/uploads\/2022\/06\/generador-de-ozono-conducido-TOP-OZONO-en-deposito-de-agua.jpg 635w, https:\/\/serviozono.com\/wp-content\/uploads\/2022\/06\/generador-de-ozono-conducido-TOP-OZONO-en-deposito-de-agua-600x375.jpg 600w, https:\/\/serviozono.com\/wp-content\/uploads\/2022\/06\/generador-de-ozono-conducido-TOP-OZONO-en-deposito-de-agua-320x200.jpg 320w\" sizes=\"auto, (max-width: 528px) 100vw, 528px\" \/><\/p>\n<p>&nbsp;<\/p>\n<h3>Waschmaschinen-Industrie<\/h3>\n<p>W\u00e4hrend wir empfehlen, einen ozonator, die eine kontinuierliche, k\u00f6nnen wir verbinden diese Computer bis zur Waschmaschine und der Industrie sowie prescindiremos der Bedarf an Warmwasser und verringert die Verwendung von Waschmittel, Bleichmittel und Weichsp\u00fcler, erreichte sogar, Sie zu entfernen, wenn die Textilien sind nicht sehr schmutzig.<\/p>\n<p>F\u00fcr eine kleine Waschmaschine mit einem generator \u00fcber 2.000 mg\/h f\u00fcr einen median von \u00fcber 4.000 mg\/h und bei einer gro\u00dfen von \u00fcber 8.000 mg\/h.<\/p>\n<h3>Luft Behandlung<\/h3>\n<p>Bei der Installation einer Ozon-generator in einer K\u00fchlkammer, die Kombination der hohen Spannung mit der Luftfeuchtigkeit verschlechtert sich rapide Komponenten der Maschine. Dar\u00fcber hinaus, wenn wir f\u00fcttern den generator mit feuchter Luft Holen, um die Verschlechterung der viel schneller, da der Strom (wenn die Luft empf\u00e4ngt die elektrischen Schock im Reaktor), mehr H\u2082O, mehr Stickstoff (Luft besteht aus 78% Stickstoff) erzeugt wird, durch Salpeters\u00e4ure, eine Verbindung, die sehr oxidierend und zerst\u00f6rt den Reaktor selbst.<\/p>\n<p>Die Generatoren von O3 led installiert sind, au\u00dferhalb der kalte Raum, Weg von der Feuchtigkeit des inneren der Kamera. Das Rohr, das f\u00fchrt zu das gas wird im inneren f\u00fcr die Injektion, nachdem das Laufwerk, so dass Sie sich erweitern sich rasch in der Kammer.<\/p>\n<h3>Kan\u00e4le der Klimaanlage \/ L\u00fcftung<\/h3>\n<p>Installieren Sie den generator so nah wie m\u00f6glich an den L\u00fcftungskanal, injizieren die ozonisierte Luft in den Innenraum durch ein Rohr Verbindung zwischen der Ausgangsbuchse des Generators und ein Loch geben, einen kleinen Teil der R\u00f6hre im inneren, immer nach der turbine fahren. Der generator sollte nur in Betrieb genommen werden, wenn die Schaltung Arbeit Bel\u00fcftung (gespeist werden kann in parallel mit Ventilator \u00fcber ein relais\/Sch\u00fctz separate Netzteile)<\/p>\n<p>&nbsp;<\/p>\n<p><img loading=\"lazy\" decoding=\"async\" class=\"wp-image-1125 aligncenter\" src=\"https:\/\/serviozono.com\/wp-content\/uploads\/2022\/06\/Sin-titulo-2-640x274.jpg\" alt=\"\" width=\"537\" height=\"230\" srcset=\"https:\/\/serviozono.com\/wp-content\/uploads\/2022\/06\/Sin-titulo-2-640x274.jpg 640w, https:\/\/serviozono.com\/wp-content\/uploads\/2022\/06\/Sin-titulo-2-600x257.jpg 600w, https:\/\/serviozono.com\/wp-content\/uploads\/2022\/06\/Sin-titulo-2-768x328.jpg 768w, https:\/\/serviozono.com\/wp-content\/uploads\/2022\/06\/Sin-titulo-2-320x137.jpg 320w, https:\/\/serviozono.com\/wp-content\/uploads\/2022\/06\/Sin-titulo-2.jpg 1071w\" sizes=\"auto, (max-width: 537px) 100vw, 537px\" \/><\/p>\n<p>&nbsp;<\/p>\n<h3>Kalte Zimmer<\/h3>\n<p>Installieren Sie den generator so nah wie m\u00f6glich an die Kamera (nicht innen) und Ozon injiziert durch ein Loch in der Platte von der Kamera (die h\u00f6chste), um pass durch 6\/8, um Ihrem Interieur.<\/p>\n<p>F\u00fcr Kameras mit gro\u00dfen Gr\u00f6\u00dfe k\u00f6nnen Sie installieren eine Verteilung Rohr in das innere und sorgen so f\u00fcr eine bessere Verteilung von Ozon in seinem gesamten Volumen. In diesen F\u00e4llen kann es notwendig sein, verwenden Sie einen Kompressor mit einer h\u00f6heren macht, alles zu erreichen, das Volumen behandelt werden.<\/p>\n<p>Der generator es ist der Ort, den Sie immer h\u00f6her als der Eingang zu der Kamera, so dass kondensation im Einlassrohr nicht zur\u00fcck bis in den generator oder in Ihrem Fall verwenden Sie eine Wasser-Falle f\u00fcr die kondensation.<\/p>\n<p><img loading=\"lazy\" decoding=\"async\" class=\"wp-image-1124 aligncenter\" src=\"https:\/\/serviozono.com\/wp-content\/uploads\/2022\/06\/generador-de-ozono-conducido-en-camaras-frigorificas-640x405.jpg\" alt=\"\" width=\"428\" height=\"271\" srcset=\"https:\/\/serviozono.com\/wp-content\/uploads\/2022\/06\/generador-de-ozono-conducido-en-camaras-frigorificas-640x405.jpg 640w, https:\/\/serviozono.com\/wp-content\/uploads\/2022\/06\/generador-de-ozono-conducido-en-camaras-frigorificas-600x379.jpg 600w, https:\/\/serviozono.com\/wp-content\/uploads\/2022\/06\/generador-de-ozono-conducido-en-camaras-frigorificas-768x485.jpg 768w, https:\/\/serviozono.com\/wp-content\/uploads\/2022\/06\/generador-de-ozono-conducido-en-camaras-frigorificas-320x202.jpg 320w, https:\/\/serviozono.com\/wp-content\/uploads\/2022\/06\/generador-de-ozono-conducido-en-camaras-frigorificas.jpg 799w\" sizes=\"auto, (max-width: 428px) 100vw, 428px\" \/><\/p>\n<p>&nbsp;<\/p>\n<h3>Beseitigung von Ger\u00fcchen in der Luft-Absaug-Systeme<\/h3>\n<p>In Absaugleitungen der Luft eingespritzt wird Ozon in den Kanal, zu versuchen, halten Sie den maximalen Abstand zu der Ausgabe, so, dass die Ozon ist in der Lage zu f\u00fchren seine Wirkung w\u00e4hrend all der Zeit in der Luft<br \/>\nvertrieben flie\u00dft durch das Rohr Ausgang.<\/p>\n<p>In diesen F\u00e4llen, die gr\u00f6\u00dfer ist die L\u00e4nge der Schornstein, desto gr\u00f6\u00dfer wird der Effekt der oxidation der Substanzen erzeugen schlechte Ger\u00fcche.<\/p>\n<p>&nbsp;<\/p>\n<p><img loading=\"lazy\" decoding=\"async\" class=\"wp-image-1123 aligncenter\" src=\"https:\/\/serviozono.com\/wp-content\/uploads\/2022\/06\/generador-de-ozono-TOP-OZONO-en-extractor-de-aire-640x240.jpg\" alt=\"\" width=\"576\" height=\"216\" srcset=\"https:\/\/serviozono.com\/wp-content\/uploads\/2022\/06\/generador-de-ozono-TOP-OZONO-en-extractor-de-aire-640x240.jpg 640w, https:\/\/serviozono.com\/wp-content\/uploads\/2022\/06\/generador-de-ozono-TOP-OZONO-en-extractor-de-aire-600x225.jpg 600w, https:\/\/serviozono.com\/wp-content\/uploads\/2022\/06\/generador-de-ozono-TOP-OZONO-en-extractor-de-aire-768x288.jpg 768w, https:\/\/serviozono.com\/wp-content\/uploads\/2022\/06\/generador-de-ozono-TOP-OZONO-en-extractor-de-aire-320x120.jpg 320w, https:\/\/serviozono.com\/wp-content\/uploads\/2022\/06\/generador-de-ozono-TOP-OZONO-en-extractor-de-aire.jpg 785w\" sizes=\"auto, (max-width: 576px) 100vw, 576px\" \/><\/p>\n<p>&nbsp;<\/p>\n<h3>Behandlungen von Ozon-Therapie-Profis<\/h3>\n<p>In Krankenh\u00e4usern, Kliniken und Praxen, das Modell GO-4000-AC, vielen Dank f\u00fcr Ihre Luft Kompressor 45 l \/minute, wird es sehr geeignet f\u00fcr die Heilung von Geschw\u00fcren, und f\u00fcr alle Arten von Behandlungen, von Ozon-Therapie, die nicht die Injektion in Gewebe oder Blut.<\/p>\n<p>&nbsp;<\/p>\n<p><img loading=\"lazy\" decoding=\"async\" class=\"wp-image-1109 aligncenter\" src=\"https:\/\/serviozono.com\/wp-content\/uploads\/2022\/06\/IMG-20201015-WA0028.jpg\" alt=\"\" width=\"528\" height=\"341\" srcset=\"https:\/\/serviozono.com\/wp-content\/uploads\/2022\/06\/IMG-20201015-WA0028.jpg 338w, https:\/\/serviozono.com\/wp-content\/uploads\/2022\/06\/IMG-20201015-WA0028-320x206.jpg 320w\" sizes=\"auto, (max-width: 528px) 100vw, 528px\" \/><\/p>\n<p style=\"text-align: center;\"><strong>Ozon-Behandlung auf der Haut<\/strong><\/p>\n<p>&nbsp;<\/p>\n<h3>Technische Merkmale<\/h3>\n<p>&nbsp;<\/p>\n<table>\n<tbody>\n<tr>\n<td width=\"283\">POWER<\/td>\n<td width=\"283\">\u00a0\u00a0\u00a0\u00a0\u00a0\u00a0\u00a0\u00a0\u00a0\u00a0\u00a0\u00a0\u00a0\u00a0\u00a0\u00a0\u00a0\u00a0 \u00a0\u00a0\u00a0\u00a0\u00a0\u00a0\u00a0\u00a0230 V 50 HZ<\/td>\n<\/tr>\n<tr>\n<td width=\"283\">VERBRAUCH<\/td>\n<td width=\"283\">\u00a0 \u00a0 \u00a0 \u00a0 \u00a0 \u00a0 \u00a0 \u00a0 \u00a0 \u00a0 \u00a0 \u00a0 \u00a0 \u00a0 \u00a0 \u00a0 80 W<\/td>\n<\/tr>\n<tr>\n<td width=\"283\">ABMESSUNGEN<\/td>\n<td width=\"283\">\u00a0 \u00a0 \u00a0 \u00a0 \u00a0 \u00a0 \u00a0 \u00a0 \u00a0 \u00a0 \u00a0 \u00a049 x 30,3 x 14,5<\/td>\n<\/tr>\n<tr>\n<td width=\"283\">GEWICHT<\/td>\n<td width=\"283\">\u00a0 \u00a0 \u00a0 \u00a0 \u00a0 \u00a0 \u00a0 \u00a0 \u00a0 \u00a0 \u00a0 \u00a0 \u00a0 \u00a0 \u00a0 \u00a05 KG<\/td>\n<\/tr>\n<tr>\n<td width=\"283\">PRODUKTION<\/td>\n<td width=\"283\">\u00a0 \u00a0 \u00a0 \u00a0 \u00a0 \u00a0 \u00a0 \u00a0 \u00a0 \u00a04000 MG \/ H H\u00d6CHSTGESCHWINDIGKEIT<\/td>\n<\/tr>\n<tr>\n<td width=\"283\">VERORDNUNG<\/td>\n<td width=\"283\">\u00a0\u00a0\u00a0\u00a0\u00a0\u00a0\u00a0\u00a0\u00a0\u00a0\u00a0\u00a0\u00a0\u00a0 \u00a0DIGITAL-TIMER<\/td>\n<\/tr>\n<tr>\n<td width=\"283\">ELEKTRISCHER SCHUTZ<\/td>\n<td width=\"283\">\u00a0\u00a0\u00a0\u00a0\u00a0\u00a0\u00a0\u00a0\u00a0\u00a0\u00a0\u00a0\u00a0\u00a0\u00a0\u00a0\u00a0\u00a0\u00a0\u00a0\u00a0\u00a0\u00a0\u00a0\u00a0 FUSE 2 A<\/td>\n<\/tr>\n<tr>\n<td width=\"283\">BOX<\/td>\n<td width=\"283\">\u00a0\u00a0\u00a0\u00a0\u00a0\u00a0\u00a0\u00a0\u00a0\u00a0\u00a0\u00a0\u00a0\u00a0\u00a0\u00a0\u00a0\u00a0\u00a0\u00a0\u00a0\u00a0\u00a0\u00a0 EDELSTAHL.<\/td>\n<\/tr>\n<tr>\n<td width=\"283\">AUSGABE<\/td>\n<td width=\"283\">\u00a0 \u00a0 \u00a0 \u00a0 \u00a0 \u00a0 \u00a0 \u00a0 BUILT-IN COMPRESSOR<\/td>\n<\/tr>\n<\/tbody>\n<\/table>\n<p>&nbsp;<\/p>","protected":false},"excerpt":{"rendered":"<p>Generator-GO-4000 v. Chr. CP<\/p>","protected":false},"featured_media":2054,"template":"","meta":[],"product_brand":[],"product_cat":[65],"product_tag":[],"class_list":{"0":"post-1128","1":"product","2":"type-product","3":"status-publish","4":"has-post-thumbnail","6":"product_cat-murales-aire-agua","8":"first","9":"instock","10":"sale","11":"taxable","12":"shipping-taxable","13":"purchasable","14":"product-type-simple"},"_links":{"self":[{"href":"https:\/\/serviozono.com\/de\/wp-json\/wp\/v2\/product\/1128","targetHints":{"allow":["GET"]}}],"collection":[{"href":"https:\/\/serviozono.com\/de\/wp-json\/wp\/v2\/product"}],"about":[{"href":"https:\/\/serviozono.com\/de\/wp-json\/wp\/v2\/types\/product"}],"wp:featuredmedia":[{"embeddable":true,"href":"https:\/\/serviozono.com\/de\/wp-json\/wp\/v2\/media\/2054"}],"wp:attachment":[{"href":"https:\/\/serviozono.com\/de\/wp-json\/wp\/v2\/media?parent=1128"}],"wp:term":[{"taxonomy":"product_brand","embeddable":true,"href":"https:\/\/serviozono.com\/de\/wp-json\/wp\/v2\/product_brand?post=1128"},{"taxonomy":"product_cat","embeddable":true,"href":"https:\/\/serviozono.com\/de\/wp-json\/wp\/v2\/product_cat?post=1128"},{"taxonomy":"product_tag","embeddable":true,"href":"https:\/\/serviozono.com\/de\/wp-json\/wp\/v2\/product_tag?post=1128"}],"curies":[{"name":"wp","href":"https:\/\/api.w.org\/{rel}","templated":true}]}}