{"id":1130,"date":"2022-06-02T07:46:24","date_gmt":"2022-06-02T07:46:24","guid":{"rendered":"https:\/\/serviozono.com\/?post_type=product&#038;p=1130"},"modified":"2025-10-20T16:16:49","modified_gmt":"2025-10-20T16:16:49","slug":"top-ozo-hogar","status":"publish","type":"product","link":"https:\/\/serviozono.com\/de\/produkt\/top-ozo-hogar\/","title":{"rendered":"TOP OZO HOME"},"content":{"rendered":"<h3>Ozon-Generatoren Top-Ozo-Home<\/h3>\n<p>Gefertigt und mit industriellen Komponenten, sind die besten mini-Ozon-Generatoren auf dem Markt erh\u00e4ltlich. Werden Ger\u00e4te entwickelt, um verwendet werden in die Kabinen von Aufz\u00fcgen, kleine Zimmer und auch das desinfizieren der Kauf putting es in eine Tasche, wenn Sie nach Hause kommen. Tun nicht erfordern \u00e4ndern die Filter oder das hinzuf\u00fcgen jede Art von Verbrauchsmaterial. Dank der neuesten integrierten Technologie corona-Entladung und HOHE-FREQUENZ (2.500 V \/ 17.000 Hz) f\u00fcr die Produktion von Ozon, die Ergebnisse signifikant h\u00f6her als in den Systemen verwendet werden, bis zu dem moment, da Sie die Reduzierung der Ausr\u00fcstung trotz Erlangung hoher Ertr\u00e4ge von Ozon.<\/p>\n<p style=\"text-align: center;\"><span style=\"color: #339966;\">ICH ATME REINE LUFT!<\/span><\/p>\n<p><img loading=\"lazy\" decoding=\"async\" class=\"alignnone wp-image-1304\" src=\"https:\/\/serviozono.com\/wp-content\/uploads\/2022\/06\/limpio-640x526.jpg\" alt=\"\" width=\"361\" height=\"297\" srcset=\"https:\/\/serviozono.com\/wp-content\/uploads\/2022\/06\/limpio-640x526.jpg 640w, https:\/\/serviozono.com\/wp-content\/uploads\/2022\/06\/limpio-600x493.jpg 600w, https:\/\/serviozono.com\/wp-content\/uploads\/2022\/06\/limpio-768x631.jpg 768w, https:\/\/serviozono.com\/wp-content\/uploads\/2022\/06\/limpio-320x263.jpg 320w, https:\/\/serviozono.com\/wp-content\/uploads\/2022\/06\/limpio.jpg 1000w\" sizes=\"auto, (max-width: 361px) 100vw, 361px\" \/><img loading=\"lazy\" decoding=\"async\" class=\"alignnone wp-image-1132\" src=\"https:\/\/serviozono.com\/wp-content\/uploads\/2022\/06\/TOP-OZO-HOGAR.jpg\" alt=\"\" width=\"171\" height=\"171\" srcset=\"https:\/\/serviozono.com\/wp-content\/uploads\/2022\/06\/TOP-OZO-HOGAR.jpg 500w, https:\/\/serviozono.com\/wp-content\/uploads\/2022\/06\/TOP-OZO-HOGAR-300x300.jpg 300w, https:\/\/serviozono.com\/wp-content\/uploads\/2022\/06\/TOP-OZO-HOGAR-100x100.jpg 100w, https:\/\/serviozono.com\/wp-content\/uploads\/2022\/06\/TOP-OZO-HOGAR-160x160.jpg 160w, https:\/\/serviozono.com\/wp-content\/uploads\/2022\/06\/TOP-OZO-HOGAR-320x320.jpg 320w\" sizes=\"auto, (max-width: 171px) 100vw, 171px\" \/><\/p>\n<p>-Vollst\u00e4ndig zu entfernen alle Arten von Ger\u00fcchen im Fahrzeuginnenraum (tobacco, Kot, Haustiere)<br \/>\n-Desinfizieren Sie die Umgebung, entfernen von Viren, Bakterien und Staub Milben.<br \/>\n-Reduzieren Sie die Symptome von asthma und Allergien aller Arten.<br \/>\n-Holen Sie sich eine Qualit\u00e4t, die Luft sehr vorteilhaft f\u00fcr die Gesundheit<\/p>\n<h3>Wie es funktioniert Desinfektion durch Ozon<\/h3>\n<p>Die Molek\u00fcle von Sauerstoff, O2, ist geteilt mit Strom vom Reaktor Ozon, was in der division zwei Sauerstoff-Atomen O1. Der O1 ist sehr instabil und wird schnell zu einem Freund, einem weiteren Molek\u00fcl Sauerstoff, O2, auf die es geklebt werden zu einem Molek\u00fcl schwerer, Ozon O3. Der O3 hat eine elektrische Ladung entgegengesetzt zu der elektrischen Ladung der Bakterien, Pilze, organische Materie, die in der Luft schwebt, Viren, usw., Werden zwischen Ihnen gezogen wie ein magnet, und, wenn Sie kollidieren, die Ozon O3 liefern ein Sauerstoffatom O1. Das nennen wir oxidation. Das Sauerstoffatom O1 zerst\u00f6ren der Erreger und freie Sauerstoff-Molek\u00fcl O2. Daher werden die Rest-stop der oxidation wird ein Rest enth\u00e4lt von Anfang an die Luft, die Sauerstoff-Molek\u00fcl O2.<\/p>\n<p>Ausgestattet intern mit einer timer-zyklisch ist, die Produktion arbeitet Abst\u00e4nden (1 min. AUF und 1 min. OFF), und diese sorgt f\u00fcr ein perfektes Verh\u00e4ltnis von Produktion<\/p>\n<h3>Technische Merkmale<\/h3>\n<p>&nbsp;<\/p>\n<table>\n<tbody>\n<tr>\n<td width=\"283\">SPANNUNG<\/td>\n<td width=\"283\">230<\/td>\n<\/tr>\n<tr>\n<td width=\"283\">VERBRAUCH<\/td>\n<td width=\"283\">6 W<\/td>\n<\/tr>\n<tr>\n<td width=\"283\">GR\u00d6\u00dfE<\/td>\n<td width=\"283\">6 x 5 x 10.4<\/td>\n<\/tr>\n<tr>\n<td width=\"283\">GEWICHT<\/td>\n<td width=\"283\">220 G<\/td>\n<\/tr>\n<tr>\n<td width=\"283\">PRODUKTION<\/td>\n<td width=\"283\">16 MG \/H<\/td>\n<\/tr>\n<tr>\n<td width=\"283\">BETRIEBSTEMPERATUR<\/td>\n<td width=\"283\">5 bis 45 \u00b0C \/ 41-113 \u00b0F<\/td>\n<\/tr>\n<tr>\n<td width=\"283\">FEUCHTIGKEIT VERWENDEN<\/td>\n<td width=\"283\">5 \u2013 85%<\/td>\n<\/tr>\n<\/tbody>\n<\/table>\n<p>&nbsp;<\/p>\n<p>&nbsp;<\/p>","protected":false},"excerpt":{"rendered":"<p>TOP-OZO-HOME<\/p>","protected":false},"featured_media":1132,"template":"","meta":[],"product_brand":[],"product_cat":[66],"product_tag":[],"class_list":{"0":"post-1130","1":"product","2":"type-product","3":"status-publish","4":"has-post-thumbnail","6":"product_cat-mini-ozo-hogar-car","8":"first","9":"instock","10":"sale","11":"taxable","12":"shipping-taxable","13":"purchasable","14":"product-type-simple"},"_links":{"self":[{"href":"https:\/\/serviozono.com\/de\/wp-json\/wp\/v2\/product\/1130","targetHints":{"allow":["GET"]}}],"collection":[{"href":"https:\/\/serviozono.com\/de\/wp-json\/wp\/v2\/product"}],"about":[{"href":"https:\/\/serviozono.com\/de\/wp-json\/wp\/v2\/types\/product"}],"wp:featuredmedia":[{"embeddable":true,"href":"https:\/\/serviozono.com\/de\/wp-json\/wp\/v2\/media\/1132"}],"wp:attachment":[{"href":"https:\/\/serviozono.com\/de\/wp-json\/wp\/v2\/media?parent=1130"}],"wp:term":[{"taxonomy":"product_brand","embeddable":true,"href":"https:\/\/serviozono.com\/de\/wp-json\/wp\/v2\/product_brand?post=1130"},{"taxonomy":"product_cat","embeddable":true,"href":"https:\/\/serviozono.com\/de\/wp-json\/wp\/v2\/product_cat?post=1130"},{"taxonomy":"product_tag","embeddable":true,"href":"https:\/\/serviozono.com\/de\/wp-json\/wp\/v2\/product_tag?post=1130"}],"curies":[{"name":"wp","href":"https:\/\/api.w.org\/{rel}","templated":true}]}}