{"id":1143,"date":"2022-06-02T14:06:33","date_gmt":"2022-06-02T14:06:33","guid":{"rendered":"https:\/\/serviozono.com\/?post_type=product&#038;p=1143"},"modified":"2025-10-20T16:16:49","modified_gmt":"2025-10-20T16:16:49","slug":"generador-p-eco-4000-v","status":"publish","type":"product","link":"https:\/\/serviozono.com\/de\/produkt\/generador-p-eco-4000-v\/","title":{"rendered":"Generator P ECO 4000 V"},"content":{"rendered":"<h3>Ozon-Generatoren tragbare wirklich professionelle<\/h3>\n<p>Die Vielseitigkeit von Ozon-Generatoren portable erm\u00f6glicht es zu verwendet werden f\u00fcr Schock-Behandlungen, vor allem f\u00fcr die professionelle Reinigung von hotels, Reinigungsfirmen und Zentren von hand waschen Autos und f\u00fcr die Desinfektion und zum entfernen alle Arten von Ger\u00fcchen, die nach der Reinigung wie gewohnt.<\/p>\n<p>Dank der Technologie der HOHEN FREQUENZ, die f\u00fcr die Produktion von Ozon, die Ergebnisse signifikant h\u00f6her als die Systeme, die bisher, da Sie die Reduzierung der Ausr\u00fcstung, die trotz Produktion von hohen Mengen von Ozon.<\/p>\n<p>Auf der Grundlage der Anwendung, die wir verwenden verschiedene Produktionen. Gro\u00dfen Produktionen von O3 kann in k\u00fcrzerer Zeit die Behandlung der Desinfektion. Erh\u00f6hen Sie die Zeit der Entladung oder die Exposition Zeit nach dem Austritt (langsame ventilation) wird zu verbessern die Schlagkraft der Behandlung.<\/p>\n<p>&nbsp;<\/p>\n<p><img loading=\"lazy\" decoding=\"async\" class=\"wp-image-1740 aligncenter\" src=\"https:\/\/serviozono.com\/wp-content\/uploads\/2022\/06\/P-ECO-4000V-min-640x507.jpg\" alt=\"\" width=\"578\" height=\"458\" srcset=\"https:\/\/serviozono.com\/wp-content\/uploads\/2022\/06\/P-ECO-4000V-min-640x507.jpg 640w, https:\/\/serviozono.com\/wp-content\/uploads\/2022\/06\/P-ECO-4000V-min-600x475.jpg 600w, https:\/\/serviozono.com\/wp-content\/uploads\/2022\/06\/P-ECO-4000V-min-768x608.jpg 768w, https:\/\/serviozono.com\/wp-content\/uploads\/2022\/06\/P-ECO-4000V-min-320x253.jpg 320w, https:\/\/serviozono.com\/wp-content\/uploads\/2022\/06\/P-ECO-4000V-min.jpg 866w\" sizes=\"auto, (max-width: 578px) 100vw, 578px\" \/><\/p>\n<p>&nbsp;<\/p>\n<p>Die Generatoren von Top-Ozon <strong>tun nicht emittieren Aluminium<\/strong>, sehr giftiges Schwermetall, solange Sie nicht zu besch\u00e4ftigen Reaktoren Keramik, sondern aus Edelstahl.<\/p>\n<h3>Ergebnisse:<\/h3>\n<p>-Vollst\u00e4ndig zu entfernen alle Arten von Ger\u00fcchen, unabh\u00e4ngig von Ihrer Herkunft (Urin, K\u00fcchen, Kan\u00e4len, Feuchtgebieten, Abfall, ...)<br \/>\n-Desinfizieren Sie die Umgebung, entfernen von Viren, Bakterien, Pilze, Staub Milben, und auch Larven und Eier von Insekten.<br \/>\n-Entfernen Sie alle Arten von Mikroorganismen und Schwei\u00dfgeruch in Textilien und Bekleidung.<br \/>\n-Holen Sie sich eine vollst\u00e4ndige Sterilisation der Orte mit schlechter Bel\u00fcftung.<br \/>\n-Verringerung der Symptome f\u00fcr Menschen mit asthma und Allergien aller Arten.<br \/>\n-Beseitigen Sie die Ger\u00fcche, der Eigenschaft, in Gegenwart von Begleiter-Tieren.<br \/>\n-Erhalten Sie eine Luftqualit\u00e4t zu werden, sehr vorteilhaft f\u00fcr die Gesundheit.<br \/>\n-Installiert in Orte der Arbeit, drastisch verringert sich die M\u00f6glichkeit einer Kontamination durch Viren, wodurch die Kranken Tage.<\/p>\n<p>&nbsp;<\/p>\n<p><img loading=\"lazy\" decoding=\"async\" class=\"alignnone wp-image-1145\" src=\"https:\/\/serviozono.com\/wp-content\/uploads\/2022\/06\/PR_hotel.info_Cleanliness_Report_01-640x427.jpg\" alt=\"\" width=\"447\" height=\"298\" srcset=\"https:\/\/serviozono.com\/wp-content\/uploads\/2022\/06\/PR_hotel.info_Cleanliness_Report_01-640x427.jpg 640w, https:\/\/serviozono.com\/wp-content\/uploads\/2022\/06\/PR_hotel.info_Cleanliness_Report_01-600x401.jpg 600w, https:\/\/serviozono.com\/wp-content\/uploads\/2022\/06\/PR_hotel.info_Cleanliness_Report_01-768x513.jpg 768w, https:\/\/serviozono.com\/wp-content\/uploads\/2022\/06\/PR_hotel.info_Cleanliness_Report_01-320x214.jpg 320w, https:\/\/serviozono.com\/wp-content\/uploads\/2022\/06\/PR_hotel.info_Cleanliness_Report_01.jpg 1002w\" sizes=\"auto, (max-width: 447px) 100vw, 447px\" \/><\/p>\n<p>&nbsp;<\/p>\n<h4>Anwendungen ozonator portable mit dem Modell 4000 mg\/h L\u00fcfter<\/h4>\n<p>Fans von high-flow - (bis zu 300 m3\/h) erlauben es Ihnen, zu fahren, die Ozon gas viel schneller und weiter als standard-Ventilatoren, verteilen das Ozon \u00fcber das Volumen der Luft effektiv zu behandeln, ohne die Notwendigkeit zu erh\u00f6hen die Produktion von Ozon.<\/p>\n<p>Die Computer sind ausgestattet mit Auslass D\u00fcse verwendet werden, die direkt auf die Umgebung oder fahren die ozonisierte Luft durch einen Schlauch von standardisierten Ma\u00dfnahmen (100 mm), verwenden es f\u00fcr die lokale Anwendung in geschlossenen R\u00e4umen, in die L\u00fcftungskan\u00e4le der Klimaanlage oder Rauch Extraktion, was zu einer vollst\u00e4ndigen Beseitigung von Ger\u00fcchen und zur Desinfektion der behandelten Luft.<\/p>\n<p>Das Modell P-ECO-4000-V ist verwendet in Prozesse der Desinfektion in der Waschmaschine Tunnel, Busse, Hotelzimmer, Krankenhaus, Pflegeheim, und kleine Unternehmen.<\/p>\n<p>&nbsp;<\/p>\n<p><img loading=\"lazy\" decoding=\"async\" class=\"wp-image-1146 aligncenter\" src=\"https:\/\/serviozono.com\/wp-content\/uploads\/2022\/06\/ozono-tubo.png\" alt=\"\" width=\"393\" height=\"294\" srcset=\"https:\/\/serviozono.com\/wp-content\/uploads\/2022\/06\/ozono-tubo.png 594w, https:\/\/serviozono.com\/wp-content\/uploads\/2022\/06\/ozono-tubo-320x240.png 320w\" sizes=\"auto, (max-width: 393px) 100vw, 393px\" \/><\/p>\n<p>&nbsp;<\/p>\n<p>-In einem Fahrzeug eliminiert alle pathogenen und Geruch zwischen 5 und sieben Minuten und in nur sieben Minuten f\u00fcr einen Wohnwagen oder ein Boot von 12 Metern.<br \/>\n-Es desinfiziert und desodoriert komplett ein hotel, Krankenhaus oder Pflegeheim, in nur 5 Minuten. Es w\u00e4re die Kanone standard f\u00fcr diese Art von Anwendungen.<\/p>\n<h3>Anwendung in klimakan\u00e4len<\/h3>\n<p>Installieren Sie die Ozon-generator so nah wie m\u00f6glich an den Kanal Verteilung an Gie\u00dfen Sie die ozonisierte Luft im inneren, immer nach der turbine fahren. Der Ozon-generator sollte nur in Betrieb genommen werden, wenn die Schaltung funktionieren der Luft, sich zu ern\u00e4hren, in parallel mit der motor der turbine. Auf diese Weise stellen wir sicher, dass nur Ozon wird erzeugt, wenn ein Luftstrom in der Lage sein, es zu teilen.<\/p>\n<p><img loading=\"lazy\" decoding=\"async\" class=\"alignnone size-medium wp-image-1125\" src=\"https:\/\/serviozono.com\/wp-content\/uploads\/2022\/06\/Sin-titulo-2-640x274.jpg\" alt=\"\" width=\"640\" height=\"274\" srcset=\"https:\/\/serviozono.com\/wp-content\/uploads\/2022\/06\/Sin-titulo-2-640x274.jpg 640w, https:\/\/serviozono.com\/wp-content\/uploads\/2022\/06\/Sin-titulo-2-600x257.jpg 600w, https:\/\/serviozono.com\/wp-content\/uploads\/2022\/06\/Sin-titulo-2-768x328.jpg 768w, https:\/\/serviozono.com\/wp-content\/uploads\/2022\/06\/Sin-titulo-2-320x137.jpg 320w, https:\/\/serviozono.com\/wp-content\/uploads\/2022\/06\/Sin-titulo-2.jpg 1071w\" sizes=\"auto, (max-width: 640px) 100vw, 640px\" \/> <img loading=\"lazy\" decoding=\"async\" class=\"alignnone size-medium wp-image-1147\" src=\"https:\/\/serviozono.com\/wp-content\/uploads\/2022\/06\/Sin-titulo-1-640x219.jpg\" alt=\"\" width=\"640\" height=\"219\" srcset=\"https:\/\/serviozono.com\/wp-content\/uploads\/2022\/06\/Sin-titulo-1-640x219.jpg 640w, https:\/\/serviozono.com\/wp-content\/uploads\/2022\/06\/Sin-titulo-1-600x205.jpg 600w, https:\/\/serviozono.com\/wp-content\/uploads\/2022\/06\/Sin-titulo-1-1280x438.jpg 1280w, https:\/\/serviozono.com\/wp-content\/uploads\/2022\/06\/Sin-titulo-1-768x263.jpg 768w, https:\/\/serviozono.com\/wp-content\/uploads\/2022\/06\/Sin-titulo-1-1536x525.jpg 1536w, https:\/\/serviozono.com\/wp-content\/uploads\/2022\/06\/Sin-titulo-1-320x109.jpg 320w, https:\/\/serviozono.com\/wp-content\/uploads\/2022\/06\/Sin-titulo-1.jpg 1761w\" sizes=\"auto, (max-width: 640px) 100vw, 640px\" \/><\/p>\n<p>&nbsp;<\/p>\n<h3>Beseitigung von Ger\u00fcchen in der Luft-Absaug-Systeme<\/h3>\n<div class=\"et_pb_module et_pb_text et_pb_text_28 et_pb_text_align_left et_pb_bg_layout_light\">\n<div class=\"et_pb_text_inner\">\n<p>In Hauben injiziert wird Ozon direkt in den Innenraum der Feuerstelle von Vertreibung. Die gr\u00f6\u00dfere L\u00e4nge des Schornsteins, desto gr\u00f6\u00dfer wird die Wirksamkeit der oxidation der Substanzen erzeugen schlechte Ger\u00fcche.<\/p>\n<\/div>\n<\/div>\n<p><img loading=\"lazy\" decoding=\"async\" class=\"wp-image-1148 aligncenter\" src=\"https:\/\/serviozono.com\/wp-content\/uploads\/2022\/06\/Sin-titulo-1-2-640x285.jpg\" alt=\"\" width=\"521\" height=\"232\" srcset=\"https:\/\/serviozono.com\/wp-content\/uploads\/2022\/06\/Sin-titulo-1-2-640x285.jpg 640w, https:\/\/serviozono.com\/wp-content\/uploads\/2022\/06\/Sin-titulo-1-2-600x267.jpg 600w, https:\/\/serviozono.com\/wp-content\/uploads\/2022\/06\/Sin-titulo-1-2-768x342.jpg 768w, https:\/\/serviozono.com\/wp-content\/uploads\/2022\/06\/Sin-titulo-1-2-320x143.jpg 320w, https:\/\/serviozono.com\/wp-content\/uploads\/2022\/06\/Sin-titulo-1-2.jpg 1014w\" sizes=\"auto, (max-width: 521px) 100vw, 521px\" \/><\/p>\n<h3>Technische Merkmale<\/h3>\n<p>&nbsp;<\/p>\n<table>\n<tbody>\n<tr>\n<td width=\"283\">POWER<\/td>\n<td width=\"283\">230 V 50 HZ<\/td>\n<\/tr>\n<tr>\n<td width=\"283\">VERBRAUCH<\/td>\n<td width=\"283\">115 W<\/td>\n<\/tr>\n<tr>\n<td width=\"283\">ABMESSUNGEN<\/td>\n<td width=\"283\">39 x 19,5 x 21,5<\/td>\n<\/tr>\n<tr>\n<td width=\"283\">GEWICHT<\/td>\n<td width=\"283\">5 K<\/td>\n<\/tr>\n<tr>\n<td width=\"283\">PRODUKTION<\/td>\n<td width=\"283\">4000 mg \/ H<\/td>\n<\/tr>\n<tr>\n<td width=\"283\">ELEKTRISCHER SCHUTZ<\/td>\n<td width=\"283\">FUSE 2 A<\/td>\n<\/tr>\n<tr>\n<td width=\"283\">BOX<\/td>\n<td width=\"283\">EDELSTAHL<\/td>\n<\/tr>\n<tr>\n<td width=\"283\">AUSGABE<\/td>\n<td width=\"283\">FAN<\/td>\n<\/tr>\n<\/tbody>\n<\/table>\n<p>&nbsp;<\/p>\n<p>&nbsp;<\/p>\n<p>&nbsp;<\/p>\n<p>&nbsp;<\/p>\n<p>&nbsp;<\/p>\n<p>&nbsp;<\/p>\n<p>&nbsp;<\/p>\n<p>&nbsp;<\/p>\n<p>&nbsp;<\/p>\n<p>&nbsp;<\/p>\n<p>&nbsp;<\/p>","protected":false},"excerpt":{"rendered":"<p>Generator-P-ECO-4000 V<\/p>","protected":false},"featured_media":1711,"template":"","meta":[],"product_brand":[],"product_cat":[67],"product_tag":[],"class_list":{"0":"post-1143","1":"product","2":"type-product","3":"status-publish","4":"has-post-thumbnail","6":"product_cat-canones-portatil-aire-ambiente-con-ventilador","8":"first","9":"instock","10":"sale","11":"taxable","12":"shipping-taxable","13":"purchasable","14":"product-type-simple"},"_links":{"self":[{"href":"https:\/\/serviozono.com\/de\/wp-json\/wp\/v2\/product\/1143","targetHints":{"allow":["GET"]}}],"collection":[{"href":"https:\/\/serviozono.com\/de\/wp-json\/wp\/v2\/product"}],"about":[{"href":"https:\/\/serviozono.com\/de\/wp-json\/wp\/v2\/types\/product"}],"wp:featuredmedia":[{"embeddable":true,"href":"https:\/\/serviozono.com\/de\/wp-json\/wp\/v2\/media\/1711"}],"wp:attachment":[{"href":"https:\/\/serviozono.com\/de\/wp-json\/wp\/v2\/media?parent=1143"}],"wp:term":[{"taxonomy":"product_brand","embeddable":true,"href":"https:\/\/serviozono.com\/de\/wp-json\/wp\/v2\/product_brand?post=1143"},{"taxonomy":"product_cat","embeddable":true,"href":"https:\/\/serviozono.com\/de\/wp-json\/wp\/v2\/product_cat?post=1143"},{"taxonomy":"product_tag","embeddable":true,"href":"https:\/\/serviozono.com\/de\/wp-json\/wp\/v2\/product_tag?post=1143"}],"curies":[{"name":"wp","href":"https:\/\/api.w.org\/{rel}","templated":true}]}}