{"id":1157,"date":"2022-06-02T14:49:26","date_gmt":"2022-06-02T14:49:26","guid":{"rendered":"https:\/\/serviozono.com\/?post_type=product&#038;p=1157"},"modified":"2025-10-20T16:16:49","modified_gmt":"2025-10-20T16:16:49","slug":"generador-p-8000-t-ta","status":"publish","type":"product","link":"https:\/\/serviozono.com\/de\/produkt\/generador-p-8000-t-ta\/","title":{"rendered":"Generator P 8000 T TA"},"content":{"rendered":"<h3>Ozon-Generatoren tragbare wirklich professionelle<\/h3>\n<p>Die Vielseitigkeit von Ozon-Generatoren portable erm\u00f6glicht es zu verwendet werden f\u00fcr Schock-Behandlungen, vor allem f\u00fcr die professionelle Reinigung von hotels, Reinigungsfirmen und Zentren von hand waschen Autos und f\u00fcr die Desinfektion und zum entfernen alle Arten von Ger\u00fcchen, die nach der Reinigung wie gewohnt.<\/p>\n<p>Dank der Technologie der HOHEN FREQUENZ, die f\u00fcr die Produktion von Ozon, die Ergebnisse signifikant h\u00f6her als die Systeme, die bisher, da Sie die Reduzierung der Ausr\u00fcstung, die trotz Produktion von hohen Mengen von Ozon.<\/p>\n<p>Auf der Grundlage der Anwendung, die wir verwenden verschiedene Produktionen. Gro\u00dfen Produktionen von O3 kann in k\u00fcrzerer Zeit die Behandlung der Desinfektion. Erh\u00f6hen Sie die Zeit der Entladung oder die Exposition Zeit nach dem Austritt (langsame ventilation) wird zu verbessern die Schlagkraft der Behandlung.<\/p>\n<p>&nbsp;<\/p>\n<p><img loading=\"lazy\" decoding=\"async\" class=\"alignnone wp-image-1158\" src=\"https:\/\/serviozono.com\/wp-content\/uploads\/2022\/06\/P8000T-w.png\" alt=\"\" width=\"310\" height=\"256\" srcset=\"https:\/\/serviozono.com\/wp-content\/uploads\/2022\/06\/P8000T-w.png 480w, https:\/\/serviozono.com\/wp-content\/uploads\/2022\/06\/P8000T-w-320x264.png 320w\" sizes=\"auto, (max-width: 310px) 100vw, 310px\" \/><img loading=\"lazy\" decoding=\"async\" class=\"alignnone wp-image-1159\" src=\"https:\/\/serviozono.com\/wp-content\/uploads\/2022\/06\/P8000T-back-w-min.png\" alt=\"\" width=\"309\" height=\"260\" srcset=\"https:\/\/serviozono.com\/wp-content\/uploads\/2022\/06\/P8000T-back-w-min.png 480w, https:\/\/serviozono.com\/wp-content\/uploads\/2022\/06\/P8000T-back-w-min-320x269.png 320w\" sizes=\"auto, (max-width: 309px) 100vw, 309px\" \/><\/p>\n<p>&nbsp;<\/p>\n<p>Die Generatoren von Top-Ozon <strong>tun nicht emittieren Aluminium<\/strong>, sehr giftiges Schwermetall, solange Sie nicht zu besch\u00e4ftigen Reaktoren Keramik, sondern aus Edelstahl.<\/p>\n<h3>Ergebnisse:<\/h3>\n<p>-Vollst\u00e4ndig zu entfernen alle Arten von Ger\u00fcchen, unabh\u00e4ngig von Ihrer Herkunft (Urin, K\u00fcchen, Kan\u00e4len, Feuchtgebieten, Abfall, ...)<br \/>\n-Desinfizieren Sie die Umgebung, entfernen von Viren, Bakterien, Pilze, Staub Milben, und auch Larven und Eier von Insekten.<br \/>\n-Entfernen Sie alle Arten von Mikroorganismen und Schwei\u00dfgeruch in Textilien und Bekleidung.<br \/>\n-Holen Sie sich eine vollst\u00e4ndige Sterilisation der Orte mit schlechter Bel\u00fcftung.<br \/>\n-Verringerung der Symptome f\u00fcr Menschen mit asthma und Allergien aller Arten.<br \/>\n-Beseitigen Sie die Ger\u00fcche, der Eigenschaft, in Gegenwart von Begleiter-Tieren.<br \/>\n-Erhalten Sie eine Luftqualit\u00e4t zu werden, sehr vorteilhaft f\u00fcr die Gesundheit.<br \/>\n-Installiert in Orte der Arbeit, drastisch verringert sich die M\u00f6glichkeit einer Kontamination durch Viren, wodurch die Kranken Tage.<\/p>\n<p>&nbsp;<\/p>\n<p><img loading=\"lazy\" decoding=\"async\" class=\"size-medium wp-image-1152 aligncenter\" src=\"https:\/\/serviozono.com\/wp-content\/uploads\/2022\/06\/post13042017_quirofano-inteligente-640x272.jpg\" alt=\"\" width=\"640\" height=\"272\" srcset=\"https:\/\/serviozono.com\/wp-content\/uploads\/2022\/06\/post13042017_quirofano-inteligente-640x272.jpg 640w, https:\/\/serviozono.com\/wp-content\/uploads\/2022\/06\/post13042017_quirofano-inteligente-600x255.jpg 600w, https:\/\/serviozono.com\/wp-content\/uploads\/2022\/06\/post13042017_quirofano-inteligente-768x327.jpg 768w, https:\/\/serviozono.com\/wp-content\/uploads\/2022\/06\/post13042017_quirofano-inteligente-320x136.jpg 320w, https:\/\/serviozono.com\/wp-content\/uploads\/2022\/06\/post13042017_quirofano-inteligente.jpg 870w\" sizes=\"auto, (max-width: 640px) 100vw, 640px\" \/><\/p>\n<p>&nbsp;<\/p>\n<h4>Anwendungen ozonator tragbare mit Modell 8000 mg\/h Turbinen-und timer-azyklische<\/h4>\n<p>Die Anlagen der Modelle P-ECO-8000-T-TA bringen beeindruckende Durchfluss von 460 m3\/h durch die Erh\u00f6hung der Produktion von Ozon und die rasche expansion des gleichen in der gesamten Region behandelt werden. Ideal f\u00fcr Schock-Behandlungen im Einzelhandel medium, Operationss\u00e4len, Buslinien, Bahn und U-Bahn, etc<\/p>\n<p>&nbsp;<\/p>\n<p><img loading=\"lazy\" decoding=\"async\" class=\"wp-image-1154 aligncenter\" src=\"https:\/\/serviozono.com\/wp-content\/uploads\/2022\/06\/Sin-titulo-1-1.jpg\" alt=\"\" width=\"377\" height=\"239\" \/><\/p>\n<p>&nbsp;<\/p>\n<p>-In einem Fahrzeug eliminiert alle pathogenen und Geruch zwischen 5 und sieben Minuten und in nur sieben Minuten f\u00fcr einen Wohnwagen oder ein Boot von 12 Metern.<br \/>\n-Es desinfiziert und desodoriert komplett ein hotel, Krankenhaus oder Pflegeheim, in nur 5 Minuten. Es w\u00e4re die Kanone standard f\u00fcr diese Art von Anwendungen.<\/p>\n<div class=\"et_pb_module et_pb_text et_pb_text_25 et_pb_text_align_left et_pb_bg_layout_light\">\n<div class=\"et_pb_text_inner\">\n<p>In den Modellen der P-8000-T-TA verwenden wir leistungsstarke Turbinen von Medium Druck, die k\u00f6nnen reduzieren den Mund Ausgabe von 100mm bis 50mm, ohne die macht zu verlieren, ozonizar effizient eine hermetische Umgebung, wo es erzeugt positiven Druck (container oder refrigeration chamber of maritime transport, LKW oder Bahn), befestigen Sie einen Schlauch der bis zu 20 Meter in der L\u00e4nge, oder verwenden Sie mehrere D\u00fcsen f\u00fcr verschiedene Rohre.<\/p>\n<p>&nbsp;<\/p>\n<\/div>\n<\/div>\n<p><img loading=\"lazy\" decoding=\"async\" class=\"wp-image-1155 aligncenter\" src=\"https:\/\/serviozono.com\/wp-content\/uploads\/2022\/06\/caja-camion.jpg\" alt=\"\" width=\"360\" height=\"233\" srcset=\"https:\/\/serviozono.com\/wp-content\/uploads\/2022\/06\/caja-camion.jpg 423w, https:\/\/serviozono.com\/wp-content\/uploads\/2022\/06\/caja-camion-320x207.jpg 320w\" sizes=\"auto, (max-width: 360px) 100vw, 360px\" \/><\/p>\n<p>&nbsp;<\/p>\n<h3>Anwendung in Kameras f\u00fcr die Lagerung von Lebensmitteln<\/h3>\n<p>Installieren Sie die Ozon-generator so nah wie m\u00f6glich an der Kamera Lagerung und niemals in den Innenraum. Durch ein Loch gebohrt, in die Kammer, die Leitung zur Injektion von Ozon. In den Kammern der gro\u00dfen Gr\u00f6\u00dfe, kann installiert werden in Verteilung Schlauch im inneren, so wie zu gew\u00e4hrleisten eine bessere Verteilung von Ozon in seinem gesamten Volumen.<\/p>\n<p>&nbsp;<\/p>\n<p><img loading=\"lazy\" decoding=\"async\" class=\"wp-image-1156 aligncenter\" src=\"https:\/\/serviozono.com\/wp-content\/uploads\/2022\/06\/Sin-titulo-1-1-1-640x303.jpg\" alt=\"\" width=\"509\" height=\"241\" srcset=\"https:\/\/serviozono.com\/wp-content\/uploads\/2022\/06\/Sin-titulo-1-1-1-640x303.jpg 640w, https:\/\/serviozono.com\/wp-content\/uploads\/2022\/06\/Sin-titulo-1-1-1-600x284.jpg 600w, https:\/\/serviozono.com\/wp-content\/uploads\/2022\/06\/Sin-titulo-1-1-1-768x364.jpg 768w, https:\/\/serviozono.com\/wp-content\/uploads\/2022\/06\/Sin-titulo-1-1-1-320x152.jpg 320w, https:\/\/serviozono.com\/wp-content\/uploads\/2022\/06\/Sin-titulo-1-1-1.jpg 887w\" sizes=\"auto, (max-width: 509px) 100vw, 509px\" \/><\/p>\n<p>&nbsp;<\/p>\n<h3>Anwendung in klimakan\u00e4len<\/h3>\n<p>Installieren Sie die Ozon-generator so nah wie m\u00f6glich an den Kanal Verteilung an Gie\u00dfen Sie die ozonisierte Luft im inneren, immer nach der turbine fahren. Der Ozon-generator sollte nur in Betrieb genommen werden, wenn die Schaltung funktionieren der Luft, sich zu ern\u00e4hren, in parallel mit der motor der turbine. Auf diese Weise stellen wir sicher, dass nur Ozon wird erzeugt, wenn ein Luftstrom in der Lage sein, es zu teilen.<\/p>\n<p><img loading=\"lazy\" decoding=\"async\" class=\"alignnone size-medium wp-image-1125\" src=\"https:\/\/serviozono.com\/wp-content\/uploads\/2022\/06\/Sin-titulo-2-640x274.jpg\" alt=\"\" width=\"640\" height=\"274\" srcset=\"https:\/\/serviozono.com\/wp-content\/uploads\/2022\/06\/Sin-titulo-2-640x274.jpg 640w, https:\/\/serviozono.com\/wp-content\/uploads\/2022\/06\/Sin-titulo-2-600x257.jpg 600w, https:\/\/serviozono.com\/wp-content\/uploads\/2022\/06\/Sin-titulo-2-768x328.jpg 768w, https:\/\/serviozono.com\/wp-content\/uploads\/2022\/06\/Sin-titulo-2-320x137.jpg 320w, https:\/\/serviozono.com\/wp-content\/uploads\/2022\/06\/Sin-titulo-2.jpg 1071w\" sizes=\"auto, (max-width: 640px) 100vw, 640px\" \/> <img loading=\"lazy\" decoding=\"async\" class=\"alignnone size-medium wp-image-1147\" src=\"https:\/\/serviozono.com\/wp-content\/uploads\/2022\/06\/Sin-titulo-1-640x219.jpg\" alt=\"\" width=\"640\" height=\"219\" srcset=\"https:\/\/serviozono.com\/wp-content\/uploads\/2022\/06\/Sin-titulo-1-640x219.jpg 640w, https:\/\/serviozono.com\/wp-content\/uploads\/2022\/06\/Sin-titulo-1-600x205.jpg 600w, https:\/\/serviozono.com\/wp-content\/uploads\/2022\/06\/Sin-titulo-1-1280x438.jpg 1280w, https:\/\/serviozono.com\/wp-content\/uploads\/2022\/06\/Sin-titulo-1-768x263.jpg 768w, https:\/\/serviozono.com\/wp-content\/uploads\/2022\/06\/Sin-titulo-1-1536x525.jpg 1536w, https:\/\/serviozono.com\/wp-content\/uploads\/2022\/06\/Sin-titulo-1-320x109.jpg 320w, https:\/\/serviozono.com\/wp-content\/uploads\/2022\/06\/Sin-titulo-1.jpg 1761w\" sizes=\"auto, (max-width: 640px) 100vw, 640px\" \/><\/p>\n<p>&nbsp;<\/p>\n<h3>Beseitigung von Ger\u00fcchen in der Luft-Absaug-Systeme<\/h3>\n<div class=\"et_pb_module et_pb_text et_pb_text_28 et_pb_text_align_left et_pb_bg_layout_light\">\n<div class=\"et_pb_text_inner\">\n<p>In Hauben injiziert wird Ozon direkt in den Innenraum der Feuerstelle von Vertreibung. Die gr\u00f6\u00dfere L\u00e4nge des Schornsteins, desto gr\u00f6\u00dfer wird die Wirksamkeit der oxidation der Substanzen erzeugen schlechte Ger\u00fcche.<\/p>\n<\/div>\n<\/div>\n<p><img loading=\"lazy\" decoding=\"async\" class=\"wp-image-1148 aligncenter\" src=\"https:\/\/serviozono.com\/wp-content\/uploads\/2022\/06\/Sin-titulo-1-2-640x285.jpg\" alt=\"\" width=\"521\" height=\"232\" srcset=\"https:\/\/serviozono.com\/wp-content\/uploads\/2022\/06\/Sin-titulo-1-2-640x285.jpg 640w, https:\/\/serviozono.com\/wp-content\/uploads\/2022\/06\/Sin-titulo-1-2-600x267.jpg 600w, https:\/\/serviozono.com\/wp-content\/uploads\/2022\/06\/Sin-titulo-1-2-768x342.jpg 768w, https:\/\/serviozono.com\/wp-content\/uploads\/2022\/06\/Sin-titulo-1-2-320x143.jpg 320w, https:\/\/serviozono.com\/wp-content\/uploads\/2022\/06\/Sin-titulo-1-2.jpg 1014w\" sizes=\"auto, (max-width: 521px) 100vw, 521px\" \/><\/p>\n<h3>Technische Merkmale<\/h3>\n<p>&nbsp;<\/p>\n<table>\n<tbody>\n<tr>\n<td width=\"283\">POWER<\/td>\n<td width=\"283\">230 V 50 HZ<\/td>\n<\/tr>\n<tr>\n<td width=\"283\">VERBRAUCH<\/td>\n<td width=\"283\">200 W<\/td>\n<\/tr>\n<tr>\n<td width=\"283\">ABMESSUNGEN<\/td>\n<td width=\"283\">48 x 25 x 28<\/td>\n<\/tr>\n<tr>\n<td width=\"283\">GEWICHT<\/td>\n<td width=\"283\">7 K<\/td>\n<\/tr>\n<tr>\n<td width=\"283\">PRODUKTION<\/td>\n<td width=\"283\">8000 mg \/ H<\/td>\n<\/tr>\n<tr>\n<td width=\"283\">ELEKTRISCHER SCHUTZ<\/td>\n<td width=\"283\">FUSE 2 A<\/td>\n<\/tr>\n<tr>\n<td width=\"283\">BOX<\/td>\n<td width=\"283\">EDELSTAHL<\/td>\n<\/tr>\n<tr>\n<td width=\"283\">AUSGABE<\/td>\n<td width=\"283\">TURBINE<\/td>\n<\/tr>\n<\/tbody>\n<\/table>","protected":false},"excerpt":{"rendered":"<p>Generator P-8000 T TA<\/p>","protected":false},"featured_media":1706,"template":"","meta":[],"product_brand":[],"product_cat":[68],"product_tag":[],"class_list":{"0":"post-1157","1":"product","2":"type-product","3":"status-publish","4":"has-post-thumbnail","6":"product_cat-canones-portatil-aire-ambiente-con-turbina","8":"first","9":"instock","10":"sale","11":"featured","12":"taxable","13":"shipping-taxable","14":"purchasable","15":"product-type-simple"},"_links":{"self":[{"href":"https:\/\/serviozono.com\/de\/wp-json\/wp\/v2\/product\/1157","targetHints":{"allow":["GET"]}}],"collection":[{"href":"https:\/\/serviozono.com\/de\/wp-json\/wp\/v2\/product"}],"about":[{"href":"https:\/\/serviozono.com\/de\/wp-json\/wp\/v2\/types\/product"}],"wp:featuredmedia":[{"embeddable":true,"href":"https:\/\/serviozono.com\/de\/wp-json\/wp\/v2\/media\/1706"}],"wp:attachment":[{"href":"https:\/\/serviozono.com\/de\/wp-json\/wp\/v2\/media?parent=1157"}],"wp:term":[{"taxonomy":"product_brand","embeddable":true,"href":"https:\/\/serviozono.com\/de\/wp-json\/wp\/v2\/product_brand?post=1157"},{"taxonomy":"product_cat","embeddable":true,"href":"https:\/\/serviozono.com\/de\/wp-json\/wp\/v2\/product_cat?post=1157"},{"taxonomy":"product_tag","embeddable":true,"href":"https:\/\/serviozono.com\/de\/wp-json\/wp\/v2\/product_tag?post=1157"}],"curies":[{"name":"wp","href":"https:\/\/api.w.org\/{rel}","templated":true}]}}