{"id":1178,"date":"2022-06-02T21:35:56","date_gmt":"2022-06-02T21:35:56","guid":{"rendered":"https:\/\/serviozono.com\/?post_type=product&#038;p=1178"},"modified":"2025-10-20T16:16:17","modified_gmt":"2025-10-20T16:16:17","slug":"generador-go-12000","status":"publish","type":"product","link":"https:\/\/serviozono.com\/de\/produkt\/generador-go-12000\/","title":{"rendered":"Generator-GO-12000 T"},"content":{"rendered":"<h3>Ozonizers semi-industrielle Rutsche<\/h3>\n<p>Diese Modelle sind mit festen (nicht tragbaren), dass kann installiert werden, Wand-Typ, wenn Sie haben Halterungen. Box mit frotisas und der Luft-Einlass von eine gro\u00dfe Gr\u00f6\u00dfe. Integrieren Sie einen digitalen timer f\u00fcr Zyklische Steuerung der Produktion, alle die Elektronik ist gesch\u00fctzt durch eine Versiegelung mit Harz montiert und die charakteristischen Reaktoren aus Edelstahl Top Ozon, hohe Festigkeit, Haltbarkeit und Zuverl\u00e4ssigkeit.<\/p>\n<p>Diese teams sind die beste Wahl f\u00fcr Kan\u00e4le.<\/p>\n<p>Seine Funktion ist zu injizieren die Ozon in L\u00fcftungsleitungen. Diese teams produzieren gro\u00dfe Mengen von Ozon (wir haben teams von 4 GR.\/h bis zu 48 GR.\/h) und sind so konzipiert und hergestellt, um verwendet werden mit unterschiedlichen Zwecken.<\/p>\n<p>Die Generatoren von Top-Ozon <strong>tun nicht produzieren Aluminium<\/strong>, sehr giftiges Schwermetall, solange Sie nicht zu besch\u00e4ftigen Reaktoren Keramik, sondern aus Edelstahl.<\/p>\n<p>&nbsp;<\/p>\n<p><img loading=\"lazy\" decoding=\"async\" class=\"alignnone wp-image-1165\" src=\"https:\/\/serviozono.com\/wp-content\/uploads\/2022\/06\/GO4000T-w.jpg\" alt=\"\" width=\"301\" height=\"409\" srcset=\"https:\/\/serviozono.com\/wp-content\/uploads\/2022\/06\/GO4000T-w.jpg 400w, https:\/\/serviozono.com\/wp-content\/uploads\/2022\/06\/GO4000T-w-320x435.jpg 320w\" sizes=\"auto, (max-width: 301px) 100vw, 301px\" \/><img loading=\"lazy\" decoding=\"async\" class=\"alignnone wp-image-1166\" src=\"https:\/\/serviozono.com\/wp-content\/uploads\/2022\/06\/Maquina-de-ozono-para-conducto1.jpg\" alt=\"\" width=\"520\" height=\"336\" \/><\/p>\n<h3><\/h3>\n<h3>Diese Ozon-Generatoren ein, k\u00f6nnen Sie:<\/h3>\n<p>-Vollst\u00e4ndig zu entfernen alle Arten von Ger\u00fcchen, unabh\u00e4ngig von Ihrer Herkunft.<br \/>\n-Desinfizieren Sie die Umgebung, entfernen von Viren, Bakterien und Staub Milben.<br \/>\n-Holen Sie sich eine vollst\u00e4ndige Sterilisation der Orte mit schlechter Bel\u00fcftung.<br \/>\n-Verringerung der Symptome f\u00fcr Menschen mit asthma und Allergien aller Arten.<br \/>\n-Erhalten Sie eine Luftqualit\u00e4t zu werden, sehr vorteilhaft f\u00fcr die Gesundheit.<br \/>\n-Installiert in Orte der Arbeit, drastisch verringert sich die Wahrscheinlichkeit der Ansteckung zwischen Menschen des influenza-a-Viren (eine Reduzierung der Krankheitstage)<br \/>\nDiese Ozon-Generatoren sind ideal, um verwendet werden in:<br \/>\n-Kanal mit der Klimatisierung von Geb\u00e4uden.<br \/>\n-Hauben von Luft (K\u00fcchen -, Fertigungs-Prozesse, Extraktionen in verschmutzten Umgebungen, gro\u00dfe Luftmengen)<br \/>\n-Schock-Behandlung, Industrie (Z. B. in silos)<\/p>\n<p>&nbsp;<\/p>\n<p><img loading=\"lazy\" decoding=\"async\" class=\"wp-image-1173 aligncenter\" src=\"https:\/\/serviozono.com\/wp-content\/uploads\/2022\/06\/gimnasio-640x480.jpg\" alt=\"\" width=\"480\" height=\"360\" srcset=\"https:\/\/serviozono.com\/wp-content\/uploads\/2022\/06\/gimnasio-640x480.jpg 640w, https:\/\/serviozono.com\/wp-content\/uploads\/2022\/06\/gimnasio-600x450.jpg 600w, https:\/\/serviozono.com\/wp-content\/uploads\/2022\/06\/gimnasio-768x576.jpg 768w, https:\/\/serviozono.com\/wp-content\/uploads\/2022\/06\/gimnasio-320x240.jpg 320w, https:\/\/serviozono.com\/wp-content\/uploads\/2022\/06\/gimnasio.jpg 800w\" sizes=\"auto, (max-width: 480px) 100vw, 480px\" \/><\/p>\n<div class=\"et_pb_module et_pb_text et_pb_text_4 et_pb_text_align_left et_pb_bg_layout_light\">\n<div class=\"et_pb_text_inner\"><\/div>\n<\/div>\n<h3>Turbine, turbine, hohe Druck<\/h3>\n<p>- Ausgang f\u00fcr den Anschluss an ein Rohr von 100 mm Turbinen haben einen Durchfluss von 460 m3\/h. Die Turbinen High Pressure (BP) f\u00fcr Rohr-L\u00e4ngen bis zu 10 Metern oder f\u00fcr R\u00e4ume mit \u00fcberdruck. Abh\u00e4ngig von der Anwendung werden das team, Sie bieten eine turbine, die mit dem Flie\u00dfverhalten und entsprechenden Druck auf die installation.<\/p>\n<p>Die Verordnung erfolgt durch einen digitalen timer.<\/p>\n<h3>Anwendung in Kameras f\u00fcr die Lagerung von Lebensmitteln<\/h3>\n<p>Installieren Sie die Ozon-generator so nah wie m\u00f6glich an der Kamera Lagerung und niemals in den Innenraum. Durch ein Loch gebohrt, in die Kammer, die Leitung zur Injektion von Ozon. In den Kammern der gro\u00dfen Gr\u00f6\u00dfe, kann installiert werden in Verteilung Schlauch im inneren, so wie zu gew\u00e4hrleisten eine bessere Verteilung von Ozon in seinem gesamten Volumen.<\/p>\n<p>&nbsp;<\/p>\n<p><img loading=\"lazy\" decoding=\"async\" class=\"size-medium wp-image-1169 aligncenter\" src=\"https:\/\/serviozono.com\/wp-content\/uploads\/2022\/06\/ozono-en-camaras-frigorificas-Ventilador-640x298.jpg\" alt=\"\" width=\"640\" height=\"298\" srcset=\"https:\/\/serviozono.com\/wp-content\/uploads\/2022\/06\/ozono-en-camaras-frigorificas-Ventilador-640x298.jpg 640w, https:\/\/serviozono.com\/wp-content\/uploads\/2022\/06\/ozono-en-camaras-frigorificas-Ventilador-600x280.jpg 600w, https:\/\/serviozono.com\/wp-content\/uploads\/2022\/06\/ozono-en-camaras-frigorificas-Ventilador-768x358.jpg 768w, https:\/\/serviozono.com\/wp-content\/uploads\/2022\/06\/ozono-en-camaras-frigorificas-Ventilador-320x149.jpg 320w, https:\/\/serviozono.com\/wp-content\/uploads\/2022\/06\/ozono-en-camaras-frigorificas-Ventilador.jpg 873w\" sizes=\"auto, (max-width: 640px) 100vw, 640px\" \/><\/p>\n<h3><\/h3>\n<h3>Beseitigung von Ger\u00fcchen in der Luft-Absaug-Systeme<\/h3>\n<p>In Hauben injiziert wird Ozon direkt in den Innenraum der Feuerstelle von Vertreibung. Die gr\u00f6\u00dfere L\u00e4nge des Schornsteins, desto gr\u00f6\u00dfer wird die Wirksamkeit der oxidation der Substanzen erzeugen schlechte Ger\u00fcche.<\/p>\n<p>&nbsp;<\/p>\n<p><img loading=\"lazy\" decoding=\"async\" class=\"alignnone size-medium wp-image-1170\" src=\"https:\/\/serviozono.com\/wp-content\/uploads\/2022\/06\/Sin-titulo-2-1-640x274.jpg\" alt=\"\" width=\"640\" height=\"274\" srcset=\"https:\/\/serviozono.com\/wp-content\/uploads\/2022\/06\/Sin-titulo-2-1-640x274.jpg 640w, https:\/\/serviozono.com\/wp-content\/uploads\/2022\/06\/Sin-titulo-2-1-600x257.jpg 600w, https:\/\/serviozono.com\/wp-content\/uploads\/2022\/06\/Sin-titulo-2-1-768x328.jpg 768w, https:\/\/serviozono.com\/wp-content\/uploads\/2022\/06\/Sin-titulo-2-1-320x137.jpg 320w, https:\/\/serviozono.com\/wp-content\/uploads\/2022\/06\/Sin-titulo-2-1.jpg 1071w\" sizes=\"auto, (max-width: 640px) 100vw, 640px\" \/><img loading=\"lazy\" decoding=\"async\" class=\"alignnone wp-image-1171\" src=\"https:\/\/serviozono.com\/wp-content\/uploads\/2022\/06\/ozono-en-la-extraccion-de-aire-980x480-2-640x313.jpg\" alt=\"\" width=\"544\" height=\"266\" srcset=\"https:\/\/serviozono.com\/wp-content\/uploads\/2022\/06\/ozono-en-la-extraccion-de-aire-980x480-2-640x313.jpg 640w, https:\/\/serviozono.com\/wp-content\/uploads\/2022\/06\/ozono-en-la-extraccion-de-aire-980x480-2-600x294.jpg 600w, https:\/\/serviozono.com\/wp-content\/uploads\/2022\/06\/ozono-en-la-extraccion-de-aire-980x480-2-768x376.jpg 768w, https:\/\/serviozono.com\/wp-content\/uploads\/2022\/06\/ozono-en-la-extraccion-de-aire-980x480-2-320x157.jpg 320w, https:\/\/serviozono.com\/wp-content\/uploads\/2022\/06\/ozono-en-la-extraccion-de-aire-980x480-2.jpg 980w\" sizes=\"auto, (max-width: 544px) 100vw, 544px\" \/><\/p>\n<p>&nbsp;<\/p>\n<h3>Anwendung in L\u00fcftungskan\u00e4len von Klimaanlagen<\/h3>\n<p>Installieren Sie die Ozon-generator so nah wie m\u00f6glich an den Kanal Verteilung an Gie\u00dfen Sie die ozonisierte Luft im inneren, immer nach der turbine fahren. Der Ozon-generator sollte nur in Betrieb genommen werden, wenn die Schaltung funktionieren der Luft, sich zu ern\u00e4hren, in parallel mit der motor der turbine. Auf diese Weise stellen wir sicher, dass nur Ozon wird erzeugt, wenn ein Luftstrom in der Lage sein, es zu teilen.<\/p>\n<p>&nbsp;<\/p>\n<p><img loading=\"lazy\" decoding=\"async\" class=\"size-medium wp-image-1172 aligncenter\" src=\"https:\/\/serviozono.com\/wp-content\/uploads\/2022\/06\/ozono-en-conductos-de-aire-acondicionado-1280x535-1-980x410-2-640x268.jpg\" alt=\"\" width=\"640\" height=\"268\" srcset=\"https:\/\/serviozono.com\/wp-content\/uploads\/2022\/06\/ozono-en-conductos-de-aire-acondicionado-1280x535-1-980x410-2-640x268.jpg 640w, https:\/\/serviozono.com\/wp-content\/uploads\/2022\/06\/ozono-en-conductos-de-aire-acondicionado-1280x535-1-980x410-2-600x251.jpg 600w, https:\/\/serviozono.com\/wp-content\/uploads\/2022\/06\/ozono-en-conductos-de-aire-acondicionado-1280x535-1-980x410-2-768x321.jpg 768w, https:\/\/serviozono.com\/wp-content\/uploads\/2022\/06\/ozono-en-conductos-de-aire-acondicionado-1280x535-1-980x410-2-320x134.jpg 320w, https:\/\/serviozono.com\/wp-content\/uploads\/2022\/06\/ozono-en-conductos-de-aire-acondicionado-1280x535-1-980x410-2.jpg 980w\" sizes=\"auto, (max-width: 640px) 100vw, 640px\" \/><\/p>\n<p>&nbsp;<\/p>\n<h3>Technische Merkmale<\/h3>\n<p>&nbsp;<\/p>\n<table>\n<tbody>\n<tr>\n<td width=\"283\">POWER<\/td>\n<td width=\"283\">230 V 50 HZ<\/td>\n<\/tr>\n<tr>\n<td width=\"283\">VERBRAUCH<\/td>\n<td width=\"283\">180 W<\/td>\n<\/tr>\n<tr>\n<td width=\"283\">ABMESSUNGEN<\/td>\n<td width=\"283\">65 x 45 x 25<\/td>\n<\/tr>\n<tr>\n<td width=\"283\">GEWICHT<\/td>\n<td width=\"283\">12 K<\/td>\n<\/tr>\n<tr>\n<td width=\"283\">PRODUKTION<\/td>\n<td width=\"283\">12000 mg \/ H<\/td>\n<\/tr>\n<tr>\n<td width=\"283\">ELEKTRISCHER SCHUTZ<\/td>\n<td width=\"283\">FUSE 2 A<\/td>\n<\/tr>\n<tr>\n<td width=\"283\">BOX<\/td>\n<td width=\"283\">EDELSTAHL<\/td>\n<\/tr>\n<tr>\n<td width=\"283\">AUSGABE<\/td>\n<td width=\"283\">TURBINE<\/td>\n<\/tr>\n<\/tbody>\n<\/table>","protected":false},"excerpt":{"rendered":"<p>Generator-GO-12000<\/p>","protected":false},"featured_media":1700,"template":"","meta":[],"product_brand":[],"product_cat":[70],"product_tag":[],"class_list":{"0":"post-1178","1":"product","2":"type-product","3":"status-publish","4":"has-post-thumbnail","6":"product_cat-conducto-climatizacion-con-turbina-alta-potencia","8":"first","9":"instock","10":"sale","11":"taxable","12":"shipping-taxable","13":"purchasable","14":"product-type-simple"},"_links":{"self":[{"href":"https:\/\/serviozono.com\/de\/wp-json\/wp\/v2\/product\/1178","targetHints":{"allow":["GET"]}}],"collection":[{"href":"https:\/\/serviozono.com\/de\/wp-json\/wp\/v2\/product"}],"about":[{"href":"https:\/\/serviozono.com\/de\/wp-json\/wp\/v2\/types\/product"}],"wp:featuredmedia":[{"embeddable":true,"href":"https:\/\/serviozono.com\/de\/wp-json\/wp\/v2\/media\/1700"}],"wp:attachment":[{"href":"https:\/\/serviozono.com\/de\/wp-json\/wp\/v2\/media?parent=1178"}],"wp:term":[{"taxonomy":"product_brand","embeddable":true,"href":"https:\/\/serviozono.com\/de\/wp-json\/wp\/v2\/product_brand?post=1178"},{"taxonomy":"product_cat","embeddable":true,"href":"https:\/\/serviozono.com\/de\/wp-json\/wp\/v2\/product_cat?post=1178"},{"taxonomy":"product_tag","embeddable":true,"href":"https:\/\/serviozono.com\/de\/wp-json\/wp\/v2\/product_tag?post=1178"}],"curies":[{"name":"wp","href":"https:\/\/api.w.org\/{rel}","templated":true}]}}