{"id":1421,"date":"2022-06-06T06:56:06","date_gmt":"2022-06-06T06:56:06","guid":{"rendered":"https:\/\/serviozono.com\/?post_type=product&#038;p=1421"},"modified":"2025-10-20T16:16:17","modified_gmt":"2025-10-20T16:16:17","slug":"ozonizador-en-continuo-30-l-minuto-03-08-ppm-4000-mg-o3-h","status":"publish","type":"product","link":"https:\/\/serviozono.com\/de\/produkt\/ozonizador-en-continuo-30-l-minuto-03-08-ppm-4000-mg-o3-h\/","title":{"rendered":"Generador en Continuo 30 L \/minuto 0,3 &#8211; 0,8 ppm 4000 mg\/O3\/h"},"content":{"rendered":"<h4>Ozonizers Wasser im kontinuierlichen<\/h4>\n<p>Es besteht aus dem generator Modul von Ozon Reaktoren, Edelstahl, kit Venturi-sensor, Wasser Fluss und Wasser Falle mit kapazitiver sensor, Magnetventil und einer elektronischen Steuerung, Anbau au\u00dfen. Filtration der Luft durch molekulare Sieb und Box-monoblock-polyester mit Griff f\u00fcr schnelles \u00f6ffnen. Wasser outlet mit thread\u00bd&#034;. Montiert werden kann in einem Wagen zu machen es tragbare.<\/p>\n<p>Generatoren\u00a0<strong>Top Ozon nicht produzieren Aluminium<\/strong>, sehr giftiges Schwermetall, als es nicht verwenden Reaktoren Keramik, sondern aus Edelstahl.<\/p>\n<p>F\u00fcr die meisten Anwendungen geeignet.<\/p>\n<p>-Maximaler Druck unterst\u00fctzt: 2 bis 4 bar<\/p>\n<p>-Konzentration: 0,3 bis 0,8 ppm und 0,5 bis 1,2 ppm, abh\u00e4ngig von der Qualit\u00e4t des Wassers.<\/p>\n<p>&nbsp;<\/p>\n<p><img loading=\"lazy\" decoding=\"async\" class=\"wp-image-1735 aligncenter\" src=\"https:\/\/serviozono.com\/wp-content\/uploads\/2022\/06\/GO-H2O-2-640x783.png\" alt=\"\" width=\"550\" height=\"673\" srcset=\"https:\/\/serviozono.com\/wp-content\/uploads\/2022\/06\/GO-H2O-2-640x783.png 640w, https:\/\/serviozono.com\/wp-content\/uploads\/2022\/06\/GO-H2O-2-600x734.png 600w, https:\/\/serviozono.com\/wp-content\/uploads\/2022\/06\/GO-H2O-2-768x940.png 768w, https:\/\/serviozono.com\/wp-content\/uploads\/2022\/06\/GO-H2O-2-320x392.png 320w, https:\/\/serviozono.com\/wp-content\/uploads\/2022\/06\/GO-H2O-2.png 1134w\" sizes=\"auto, (max-width: 550px) 100vw, 550px\" \/><\/p>\n<p>&nbsp;<\/p>\n<h4>Vielzahl von Anwendungen<\/h4>\n<p>\u2013 F\u00fcllen Sie Einlagen<\/p>\n<p>-Reinigung von Fl\u00e4chen, die in Schlachth\u00f6fen, Farmen, LKW, Vieh, Lebensmittel Gesch\u00e4ft, etc.<\/p>\n<p>-Entfetten-waschen-und-Wiederherstellung.<\/p>\n<p>-Reinigung von wetsuits diving centers in.<\/p>\n<p>-Waschen von Tieren auf dem Bauernhof oder in der Veterin\u00e4rmedizin.<\/p>\n<p>-Verbindung zum waschen Maschinen Industrie.<\/p>\n<p>&nbsp;<\/p>\n<p><img loading=\"lazy\" decoding=\"async\" class=\"wp-image-1417 aligncenter\" src=\"https:\/\/serviozono.com\/wp-content\/uploads\/2022\/06\/desinfeccion.jpg\" alt=\"\" width=\"401\" height=\"312\" srcset=\"https:\/\/serviozono.com\/wp-content\/uploads\/2022\/06\/desinfeccion.jpg 525w, https:\/\/serviozono.com\/wp-content\/uploads\/2022\/06\/desinfeccion-320x249.jpg 320w\" sizes=\"auto, (max-width: 401px) 100vw, 401px\" \/><\/p>\n<p>&nbsp;<\/p>\n<div class=\"et_pb_module et_pb_text et_pb_text_1 et_pb_text_align_left et_pb_bg_layout_light\">\n<div class=\"et_pb_text_inner\">\n<p>F\u00fcr die Behandlung von ozonisiertes Wasser in den Leitungen der Str\u00f6mung von Wasser. Die Systeme sind sehr einfach zu installieren, da dies ben\u00f6tigen nur ein Stromanschluss, ein Wasserzu-und-eine Steckdose frei. In der Ausgabe verbindet den Schlauch, den Sie regelm\u00e4\u00dfig verwenden. Also, alle die Str\u00f6mung, die verl\u00e4uft durch die Maschine sofort beendet durch den Mund ein-Ausgang und die angeschlossenen Schlauch, verwandelt sich in ozonisiertes Wasser. Sowohl f\u00fcr den Einsatz mit frische und Salz Wasser.<\/p>\n<p>Ausgelegt f\u00fcr dr\u00fccke von 2 bis 4 Atmosph\u00e4ren.<\/p>\n<p>Obwohl Sie nicht gerade ausgelegt f\u00fcr den Einsatz als Entfetter, helfen zu brechen die Fett, aber zum Entfetten verwendet werden soll anderen Methoden, wie hei\u00dfes Wasser, dann beenden Sie die Desinfektion mit diesen Maschinen<\/p>\n<p>&nbsp;<\/p>\n<\/div>\n<\/div>\n<h4>Technische Merkmale<\/h4>\n<p>&nbsp;<\/p>\n<div class=\"et_pb_module et_pb_text et_pb_text_1 et_pb_text_align_left et_pb_bg_layout_light\">\n<div class=\"et_pb_text_inner\">\n<table>\n<tbody>\n<tr bgcolor=\"#f0f0f0\">\n<td>Modell<\/td>\n<td>Flow rate<\/td>\n<td>ppm<\/td>\n<td>Produktion O3\/h<\/td>\n<\/tr>\n<tr>\n<td>G-H2O-2G-15<\/td>\n<td>15 L \/ minute<\/td>\n<td>0.3-0.8<\/td>\n<td>2000 mg<\/td>\n<\/tr>\n<tr>\n<td>G-H2O-4G-15<\/td>\n<td>15 L \/ minute<\/td>\n<td>0,5 1,2<\/td>\n<td>4000 mg<\/td>\n<\/tr>\n<tr>\n<td>G-H2O-4G-30<\/td>\n<td>30 L \/ min<\/td>\n<td>0.3-0.8<\/td>\n<td>4000 mg<\/td>\n<\/tr>\n<tr>\n<td>G-H2O-8G-30<\/td>\n<td>30 L \/ min<\/td>\n<td>0,5 1,2<\/td>\n<td>8000 mg<\/td>\n<\/tr>\n<\/tbody>\n<\/table>\n<\/div>\n<\/div>\n<div class=\"et_pb_module et_pb_image et_pb_image_0\"><\/div>","protected":false},"excerpt":{"rendered":"<p>Ozonator, KONTINUIERLICHE 30 L \/min 0,3 \u2013 0,8 ppm 4000 mg\/O3\/h<\/p>","protected":false},"featured_media":1736,"template":"","meta":[],"product_brand":[],"product_cat":[73],"product_tag":[],"class_list":{"0":"post-1421","1":"product","2":"type-product","3":"status-publish","4":"has-post-thumbnail","6":"product_cat-agua-en-continuo","8":"first","9":"instock","10":"sale","11":"taxable","12":"shipping-taxable","13":"purchasable","14":"product-type-simple"},"_links":{"self":[{"href":"https:\/\/serviozono.com\/de\/wp-json\/wp\/v2\/product\/1421","targetHints":{"allow":["GET"]}}],"collection":[{"href":"https:\/\/serviozono.com\/de\/wp-json\/wp\/v2\/product"}],"about":[{"href":"https:\/\/serviozono.com\/de\/wp-json\/wp\/v2\/types\/product"}],"wp:featuredmedia":[{"embeddable":true,"href":"https:\/\/serviozono.com\/de\/wp-json\/wp\/v2\/media\/1736"}],"wp:attachment":[{"href":"https:\/\/serviozono.com\/de\/wp-json\/wp\/v2\/media?parent=1421"}],"wp:term":[{"taxonomy":"product_brand","embeddable":true,"href":"https:\/\/serviozono.com\/de\/wp-json\/wp\/v2\/product_brand?post=1421"},{"taxonomy":"product_cat","embeddable":true,"href":"https:\/\/serviozono.com\/de\/wp-json\/wp\/v2\/product_cat?post=1421"},{"taxonomy":"product_tag","embeddable":true,"href":"https:\/\/serviozono.com\/de\/wp-json\/wp\/v2\/product_tag?post=1421"}],"curies":[{"name":"wp","href":"https:\/\/api.w.org\/{rel}","templated":true}]}}