{"id":1428,"date":"2022-06-06T07:30:14","date_gmt":"2022-06-06T07:30:14","guid":{"rendered":"https:\/\/serviozono.com\/?post_type=product&#038;p=1428"},"modified":"2025-10-20T16:16:16","modified_gmt":"2025-10-20T16:16:16","slug":"ozonizador-en-continuo-para-embotelladora-30-l-minutos-03-08-ppm-4000-mg-o3-h","status":"publish","type":"product","link":"https:\/\/serviozono.com\/de\/produkt\/ozonizador-en-continuo-para-embotelladora-30-l-minutos-03-08-ppm-4000-mg-o3-h\/","title":{"rendered":"Generador en Continuo para Embotelladora 30 L \/minutos 0,3 &#8211; 0,8 ppm 4000 mg\/O3\/h"},"content":{"rendered":"<h3>Ozonizers in der Kontinuierlichen Abf\u00fcllung<\/h3>\n<p>Es besteht aus dem generator Modul von Ozon Reaktoren, Edelstahl, Kit Venturi-sensor, Wasser Fluss und Wasser Falle mit kapazitiver sensor, Magnetventil und einer elektronischen Steuerung, Anbau au\u00dfen. Beinhaltet counter-Liter. Filtration der Luft durch molekulare Sieb und Box-monoblock Polyester. Montiert werden kann in einem Wagen zu machen es tragbare.<br \/>\nWir empfehlen zum f\u00fcttern der generator mit Sauerstoff zu gew\u00e4hrleisten, die Qualit\u00e4t der Mischung.<\/p>\n<p>-Maximaler Druck unterst\u00fctzt: 2 bis 4 bar<\/p>\n<p>-Konzentration: 0,3 bis 0,8 ppm, abh\u00e4ngig von der Qualit\u00e4t des Wassers.<\/p>\n<p>&nbsp;<\/p>\n<p><img loading=\"lazy\" decoding=\"async\" class=\"size-medium wp-image-1731 aligncenter\" src=\"https:\/\/serviozono.com\/wp-content\/uploads\/2022\/06\/GO-H2Oweb-1-640x608.png\" alt=\"\" width=\"640\" height=\"608\" srcset=\"https:\/\/serviozono.com\/wp-content\/uploads\/2022\/06\/GO-H2Oweb-1-640x608.png 640w, https:\/\/serviozono.com\/wp-content\/uploads\/2022\/06\/GO-H2Oweb-1-600x570.png 600w, https:\/\/serviozono.com\/wp-content\/uploads\/2022\/06\/GO-H2Oweb-1-768x730.png 768w, https:\/\/serviozono.com\/wp-content\/uploads\/2022\/06\/GO-H2Oweb-1-320x304.png 320w, https:\/\/serviozono.com\/wp-content\/uploads\/2022\/06\/GO-H2Oweb-1.png 800w\" sizes=\"auto, (max-width: 640px) 100vw, 640px\" \/><\/p>\n<p>&nbsp;<\/p>\n<h3>Ergebnisse<\/h3>\n<p>-Oxidation von Eisen und Mangan.<\/p>\n<p>-Reduktion der Salze der schwere.<br \/>\n-Entfernen von Farbe, Geschmack, Geruch<br \/>\n-Reduziert Tr\u00fcbung, Schwebstoffe Inhalt und die Anforderungen der chemischen (COD) und biologischen (BSB) mit Sauerstoff.<br \/>\n-Entfernung von Algen.<br \/>\n-Oxidation von Organischen Phenole, Reinigungsmittel, Pestizide).<br \/>\n-Microfloculaci\u00f3n von organischen L\u00f6sungsmitteln.<br \/>\n-Oxidation von Anorganischen (Cyanide, Sulfide und Nitrite).<br \/>\n-Reduzierung der Trihalomethane und andere Elemente Orgel-gechlort werden.<\/p>\n<h3>Vorteile der Behandlung<\/h3>\n<p>-Es ist sehr schnell und effektiv, sowie \u00fcber die von anderen Behandlungen<br \/>\n-Ist eine Behandlung, die ist eco-freundlich, und respektvoll mit der Umwelt<br \/>\n-Die Systeme der Generierung von Ozon tun nicht erfordern zus\u00e4tzliche Chemikalien<br \/>\n-Die Systeme m\u00fcssen ein minimum an Wartung<\/p>\n<p>&nbsp;<\/p>\n<p><img loading=\"lazy\" decoding=\"async\" class=\"wp-image-1427 aligncenter\" src=\"https:\/\/serviozono.com\/wp-content\/uploads\/2022\/06\/embotelladora-agua-640x479.jpeg\" alt=\"\" width=\"448\" height=\"335\" srcset=\"https:\/\/serviozono.com\/wp-content\/uploads\/2022\/06\/embotelladora-agua-640x480.jpeg 640w, https:\/\/serviozono.com\/wp-content\/uploads\/2022\/06\/embotelladora-agua-600x449.jpeg 600w, https:\/\/serviozono.com\/wp-content\/uploads\/2022\/06\/embotelladora-agua-320x240.jpeg 320w, https:\/\/serviozono.com\/wp-content\/uploads\/2022\/06\/embotelladora-agua.jpeg 757w\" sizes=\"auto, (max-width: 448px) 100vw, 448px\" \/><\/p>\n<p>&nbsp;<\/p>\n<p>F\u00fcr die Behandlung von ozonisiertes Wasser in den Leitungen der Str\u00f6mung von Wasser. Die Systeme sind sehr einfach zu installieren, da Sie erfordern nur einen Stromanschluss, eine Wasser Einlass und einem Auslass frei. In der Ausgabe verbindet den Schlauch, der normalerweise verwenden. Also, alle die Str\u00f6mung, die verl\u00e4uft durch die Maschine sofort beendet durch den Mund ein-Ausgang und die angeschlossenen Schlauch, verwandelt sich in ozonisiertes Wasser. Sowohl f\u00fcr den Einsatz mit frische und Salz Wasser.<\/p>\n<p>Generatoren\u00a0<strong>Top Ozon nicht produzieren Aluminium<\/strong>, sehr giftiges Schwermetall, solange Sie nicht zu besch\u00e4ftigen Reaktoren Keramik, sondern aus Edelstahl.<\/p>\n<p>Ausgelegt f\u00fcr dr\u00fccke von 2 bis 4 Atmosph\u00e4ren.<\/p>\n<p>Obwohl Sie nicht gerade ausgelegt f\u00fcr den Einsatz als Entfetter, helfen zu brechen die Fett, aber zum Entfetten verwendet werden soll anderen Methoden, wie hei\u00dfes Wasser, dann beenden Sie die Desinfektion mit diesen Maschinen.<\/p>\n<h4>Technische Merkmale<\/h4>\n<p>&nbsp;<\/p>\n<div class=\"et_pb_module et_pb_text et_pb_text_4 et_pb_text_align_left et_pb_bg_layout_light\">\n<div class=\"et_pb_text_inner\">\n<table>\n<tbody>\n<tr bgcolor=\"#f0f0f0\">\n<td>Modell<\/td>\n<td>Flow rate<\/td>\n<td>ppm<\/td>\n<td>Produktion O3\/h<\/td>\n<\/tr>\n<tr>\n<td>G-H2O-C-15<\/td>\n<td>15 L \/ minute<\/td>\n<td>0.3-0.8<\/td>\n<td>2000 mg<\/td>\n<\/tr>\n<tr>\n<td>G-H2O-C-30<\/td>\n<td>30 L \/ min<\/td>\n<td>0.3-0.8<\/td>\n<td>4000 mg<\/td>\n<\/tr>\n<tr>\n<td>G-H2O-C-80<\/td>\n<td>60 \u2013 80 L \/ min<\/td>\n<td>0.3-0.8<\/td>\n<td>12000 mg<\/td>\n<\/tr>\n<\/tbody>\n<\/table>\n<\/div>\n<\/div>\n<p>&nbsp;<\/p>\n<p>&nbsp;<\/p>","protected":false},"excerpt":{"rendered":"<p>Ozonator in der Kontinuierlichen Abf\u00fcllung 30 L \/min 0,3 \u2013 0,8 ppm 4000 mg\/O3\/h<\/p>","protected":false},"featured_media":1732,"template":"","meta":[],"product_brand":[],"product_cat":[75],"product_tag":[],"class_list":{"0":"post-1428","1":"product","2":"type-product","3":"status-publish","4":"has-post-thumbnail","6":"product_cat-agua-en-continuo-embotellada","8":"first","9":"instock","10":"sale","11":"taxable","12":"shipping-taxable","13":"purchasable","14":"product-type-simple"},"_links":{"self":[{"href":"https:\/\/serviozono.com\/de\/wp-json\/wp\/v2\/product\/1428","targetHints":{"allow":["GET"]}}],"collection":[{"href":"https:\/\/serviozono.com\/de\/wp-json\/wp\/v2\/product"}],"about":[{"href":"https:\/\/serviozono.com\/de\/wp-json\/wp\/v2\/types\/product"}],"wp:featuredmedia":[{"embeddable":true,"href":"https:\/\/serviozono.com\/de\/wp-json\/wp\/v2\/media\/1732"}],"wp:attachment":[{"href":"https:\/\/serviozono.com\/de\/wp-json\/wp\/v2\/media?parent=1428"}],"wp:term":[{"taxonomy":"product_brand","embeddable":true,"href":"https:\/\/serviozono.com\/de\/wp-json\/wp\/v2\/product_brand?post=1428"},{"taxonomy":"product_cat","embeddable":true,"href":"https:\/\/serviozono.com\/de\/wp-json\/wp\/v2\/product_cat?post=1428"},{"taxonomy":"product_tag","embeddable":true,"href":"https:\/\/serviozono.com\/de\/wp-json\/wp\/v2\/product_tag?post=1428"}],"curies":[{"name":"wp","href":"https:\/\/api.w.org\/{rel}","templated":true}]}}