{"id":1435,"date":"2022-06-06T07:56:34","date_gmt":"2022-06-06T07:56:34","guid":{"rendered":"https:\/\/serviozono.com\/?post_type=product&#038;p=1435"},"modified":"2025-10-20T16:15:17","modified_gmt":"2025-10-20T16:15:17","slug":"generador-go-16000-ac","status":"publish","type":"product","link":"https:\/\/serviozono.com\/de\/produkt\/generador-go-16000-ac\/","title":{"rendered":"Generator GEHEN, 16000 AC"},"content":{"rendered":"<h3>Ozonizers semi-industrial O3 Led<\/h3>\n<p>Ozon-Generatoren f\u00fcr Anwendungen, wo es ist erforderlich zu tragen die Ozon auf den Ort der Leistung durch einen Kanal und angetrieben durch Luftdruck aus einem Kompressor. Sie k\u00f6nnen w\u00e4hlen Sie die generator mit internen Kompressor oder ohne, es f\u00fcr die Verwendung mit einem Kompressor auf der Au\u00dfenseite, die geben mehr Druck. Es kann auch verwendet werden durch Venturi.<\/p>\n<p>Die Modelle GEHEN bis zu 16000 mg\/O3\/h, montiert Reaktoren Ozon-Industrie. Sie sind montiert in einem Edelstahlgeh\u00e4use, es sei denn, der Modell-16000, die ist jetzt in der box-monoblock polyester. Ihre Regulierung erfolgt durch die Verwendung eines cyclic timer digital.<\/p>\n<p>Die Generatoren von Top-Ozon <strong>tun nicht produzieren Aluminium<\/strong>, sehr giftiges Schwermetall, solange Sie nicht zu besch\u00e4ftigen Reaktoren Keramik, sondern aus Edelstahl.<\/p>\n<p>Montiert Kompressor, der 40 L\/ minute und Patrone blotting, obwohl je nach Bedarf der installation, wir k\u00f6nnen installieren Sie air-handling-Systeme variiert.<\/p>\n<p>&nbsp;<\/p>\n<p><img loading=\"lazy\" decoding=\"async\" class=\"wp-image-1209 aligncenter\" src=\"https:\/\/serviozono.com\/wp-content\/uploads\/2022\/06\/Generador-de-ozono-para-conducto1.jpg\" alt=\"\" width=\"304\" height=\"341\" srcset=\"https:\/\/serviozono.com\/wp-content\/uploads\/2022\/06\/Generador-de-ozono-para-conducto1.jpg 428w, https:\/\/serviozono.com\/wp-content\/uploads\/2022\/06\/Generador-de-ozono-para-conducto1-320x359.jpg 320w\" sizes=\"auto, (max-width: 304px) 100vw, 304px\" \/><\/p>\n<h3>Behandlungen<\/h3>\n<p>-Wasser: Wasser-Behandlungen, pools, Wasser Behandlung, die zum waschen von Obst und Gem\u00fcse, tanks, reservoirs, Brunnen, etc<br \/>\n-Luft: K\u00fchlr\u00e4ume, Kan\u00e4le, sprinkler Umwelt -, L\u00fcftungsleitungen, schneiden Zimmer und Lebensmittel Verpackung, Geruch control in silos und Gruben, etc<\/p>\n<h3>Wasser Behandlung<\/h3>\n<p>Sie sind so konzipiert, desinfizieren und sterilisieren von gro\u00dfen Mengen Wasser, die beide Einlagen, wie Brunnen oder Zisternen.<\/p>\n<p>Sind die Computer, mit denen Sie in der Lage sein zu Holen ozonisiertes Wasser sofort und \u00e4u\u00dferst einfach, inyect\u00e1ndola durch ein Rohr, dass liefert das gas Diffusor. Die Einf\u00fchrung von Ozon in die Wasser durch die Druckluft, die eine gro\u00dfe Verbreitung von Ozon in Wasser werden behandelt.<\/p>\n<p>F\u00fcr die Fl\u00f6\u00dfe zu Wasser au\u00dferhalb berechnen wir die Notwendigkeit von O3 mit einer rate von 2 bis 3 G\/ m3, abh\u00e4ngig davon, ob es viel oder wenig Zeit f\u00fcr die Durchf\u00fchrung der Behandlung mit Ozonierung.<\/p>\n<p>Wenn Sie sind mit einem Venturi-\u00fcber einen Stromkreis Abgasr\u00fcckf\u00fchrung bekommen eine bessere Mischung von Ozon\/Wasser.<\/p>\n<p>Im Falle der Notwendigkeit f\u00fcr gro\u00dfe Mengen von Ozon, k\u00f6nnen Sie den computer verwenden, bereit f\u00fcr den Anschluss an ein Druckluft-system externe, etwas, das wird deutlich erh\u00f6hen die Luft Volumen injiziert in die Wasser. Durch fr\u00fcheren Studie, die wir anpassen k\u00f6nnen, um jedem Bed\u00fcrfnis.<\/p>\n<p>&nbsp;<\/p>\n<p><img loading=\"lazy\" decoding=\"async\" class=\"wp-image-1215 aligncenter\" src=\"https:\/\/serviozono.com\/wp-content\/uploads\/2022\/06\/paste1439-640x516.jpg\" alt=\"\" width=\"487\" height=\"393\" srcset=\"https:\/\/serviozono.com\/wp-content\/uploads\/2022\/06\/paste1439-640x516.jpg 640w, https:\/\/serviozono.com\/wp-content\/uploads\/2022\/06\/paste1439-600x484.jpg 600w, https:\/\/serviozono.com\/wp-content\/uploads\/2022\/06\/paste1439-768x620.jpg 768w, https:\/\/serviozono.com\/wp-content\/uploads\/2022\/06\/paste1439-320x258.jpg 320w, https:\/\/serviozono.com\/wp-content\/uploads\/2022\/06\/paste1439.jpg 1031w\" sizes=\"auto, (max-width: 487px) 100vw, 487px\" \/><\/p>\n<p>&nbsp;<\/p>\n<p>&nbsp;<\/p>\n<h3>Waschmaschinen-Industrie<\/h3>\n<p>Verbunden mit Waschmaschinen, Industrie-prescindiremos der Bedarf an Warmwasser und verringert die Verwendung von Waschmittel, Bleichmittel und Weichsp\u00fcler, erreichte sogar, Sie zu entfernen, wenn die Textilien sind nicht sehr schmutzig. F\u00fcr eine kleine Waschmaschine verwenden wir einen generator an, der etwa 2.000 mg\/h f\u00fcr einen median von \u00fcber 4.000 mg\/h und bei einer gro\u00dfen von \u00fcber 8.000 mg\/h.<\/p>\n<p>&nbsp;<\/p>\n<p>&nbsp;<\/p>\n<h3>Wasser tanks<\/h3>\n<p>Installieren Diffusoren am Boden des Beckens und nimmt das Ozon durch das Leitungsrohr diese Diffusoren sind verantwortlich f\u00fcr die Verbreitung der ozonisierte Luft in das Wasser, erstellen eine Spalte von Blasen, eine Andere option ist ein Kreislaufsystem mit Venturi f\u00fcr eine korrekte Mischung von Ozon\/Wasser. Dieses system ben\u00f6tigt eine Umlaufpumpe, und bietet eine h\u00f6here diffusion von Ozon im Wasser.<\/p>\n<p>&nbsp;<\/p>\n<p><img loading=\"lazy\" decoding=\"async\" class=\"alignnone size-full wp-image-1211\" src=\"https:\/\/serviozono.com\/wp-content\/uploads\/2022\/06\/difusor-ozonizar-agua-1.jpg\" alt=\"\" width=\"110\" height=\"317\" \/><img loading=\"lazy\" decoding=\"async\" class=\"alignnone size-full wp-image-1213\" src=\"https:\/\/serviozono.com\/wp-content\/uploads\/2022\/06\/generador-de-ozono-conducido-TOP-OZONO-semi-industrial-en-deposito-de-agua-480x300-1.jpg\" alt=\"\" width=\"480\" height=\"300\" srcset=\"https:\/\/serviozono.com\/wp-content\/uploads\/2022\/06\/generador-de-ozono-conducido-TOP-OZONO-semi-industrial-en-deposito-de-agua-480x300-1.jpg 480w, https:\/\/serviozono.com\/wp-content\/uploads\/2022\/06\/generador-de-ozono-conducido-TOP-OZONO-semi-industrial-en-deposito-de-agua-480x300-1-320x200.jpg 320w\" sizes=\"auto, (max-width: 480px) 100vw, 480px\" \/><\/p>\n<h3>Ozon-Generatoren bieten die folgenden Vorteile:<\/h3>\n<p>-Drastische Senkung der Werte von Eisen im Wasser.<br \/>\n-In einem Augenblick das Wasser komplett steril, frei von Ger\u00fcchen und frei von schlechtem Geschmack.<br \/>\n-T\u00f6ten Bakterien und Viren.<br \/>\n-Erhebliche Senkung der CSB (Chemischer Sauerstoffbedarf).<br \/>\n-Drastisch erh\u00f6hen die Menge von Sauerstoff in die Wasser.<br \/>\n-Waschmaschinen-Industrie<br \/>\n-An Waschmaschinen, Industrie-prescindiremos der Bedarf an Warmwasser und verringert die Verwendung von Waschmittel, Bleichmittel und Weichsp\u00fcler, sogar zu entfernen, wenn die Textilien sind nicht sehr schmutzig. F\u00fcr eine kleine Waschmaschine verwenden wir einen generator an, der etwa 2.000 mg\/h f\u00fcr einen median von \u00fcber 4.000 mg\/h und bei einer gro\u00dfen von \u00fcber 8.000 mg\/h.<\/p>\n<p>&nbsp;<\/p>\n<p><img loading=\"lazy\" decoding=\"async\" class=\"wp-image-1224 aligncenter\" src=\"https:\/\/serviozono.com\/wp-content\/uploads\/2022\/06\/2040361-640x366.jpeg\" alt=\"\" width=\"491\" height=\"281\" srcset=\"https:\/\/serviozono.com\/wp-content\/uploads\/2022\/06\/2040361-640x366.jpeg 640w, https:\/\/serviozono.com\/wp-content\/uploads\/2022\/06\/2040361-600x343.jpeg 600w, https:\/\/serviozono.com\/wp-content\/uploads\/2022\/06\/2040361-768x439.jpeg 768w, https:\/\/serviozono.com\/wp-content\/uploads\/2022\/06\/2040361-320x183.jpeg 320w, https:\/\/serviozono.com\/wp-content\/uploads\/2022\/06\/2040361.jpeg 980w\" sizes=\"auto, (max-width: 491px) 100vw, 491px\" \/><\/p>\n<h3>Luft Behandlung<\/h3>\n<p>Bei der Installation einer Ozon-generator in einer K\u00fchlkammer, die Kombination der hohen Spannung mit der Luftfeuchtigkeit verschlechtert sich rapide Komponenten der Maschine. Dar\u00fcber hinaus, wenn wir f\u00fcttern den generator mit feuchter Luft Holen, um die Verschlechterung der viel schneller, da der Strom (wenn die Luft empf\u00e4ngt die elektrischen Schock im Reaktor), mehr H\u2082O, mehr Stickstoff (Luft besteht aus 78% Stickstoff) erzeugt wird, durch Salpeters\u00e4ure, eine Verbindung, die sehr oxidierend und zerst\u00f6rt den Reaktor selbst.<\/p>\n<p>Die Generatoren von O3 led installiert sind, au\u00dferhalb der kalte Raum, Weg von der Feuchtigkeit des inneren der Kamera. Das Rohr, das f\u00fchrt zu das gas wird im inneren f\u00fcr die Injektion, nachdem das Laufwerk, so dass Sie sich erweitern sich rasch in der Kammer.<\/p>\n<p>Die Stromversorgung wird berechnet, basierend auf 5 bis 10 mg \/ m3. Es ist besser, installieren Sie einen generator, der mehr leistungsstarke, die k\u00f6nnen dann reguliert werden, um die niedrigen vor, dass man nicht den Erwartungen gerecht zu werden, f\u00fcr das es installiert ist.<\/p>\n<h3>Kan\u00e4le der Klimaanlage \/ L\u00fcftung<\/h3>\n<p>Installieren Sie den generator so nah wie m\u00f6glich an den L\u00fcftungskanal, injizieren die ozonisierte Luft in den Innenraum durch ein Rohr Verbindung zwischen der Ausgangsbuchse des Generators und ein Loch geben, einen kleinen Teil der R\u00f6hre im inneren, immer nach der turbine fahren. Der generator sollte nur in Betrieb genommen werden, wenn die Schaltung Arbeit Bel\u00fcftung (gespeist werden kann in parallel mit Ventilator \u00fcber ein relais\/Sch\u00fctz separate Netzteile)<\/p>\n<p><img loading=\"lazy\" decoding=\"async\" class=\"size-medium wp-image-1172 aligncenter\" src=\"https:\/\/serviozono.com\/wp-content\/uploads\/2022\/06\/ozono-en-conductos-de-aire-acondicionado-1280x535-1-980x410-2-640x268.jpg\" alt=\"\" width=\"640\" height=\"268\" srcset=\"https:\/\/serviozono.com\/wp-content\/uploads\/2022\/06\/ozono-en-conductos-de-aire-acondicionado-1280x535-1-980x410-2-640x268.jpg 640w, https:\/\/serviozono.com\/wp-content\/uploads\/2022\/06\/ozono-en-conductos-de-aire-acondicionado-1280x535-1-980x410-2-600x251.jpg 600w, https:\/\/serviozono.com\/wp-content\/uploads\/2022\/06\/ozono-en-conductos-de-aire-acondicionado-1280x535-1-980x410-2-768x321.jpg 768w, https:\/\/serviozono.com\/wp-content\/uploads\/2022\/06\/ozono-en-conductos-de-aire-acondicionado-1280x535-1-980x410-2-320x134.jpg 320w, https:\/\/serviozono.com\/wp-content\/uploads\/2022\/06\/ozono-en-conductos-de-aire-acondicionado-1280x535-1-980x410-2.jpg 980w\" sizes=\"auto, (max-width: 640px) 100vw, 640px\" \/><\/p>\n<p>&nbsp;<\/p>\n<h3>Kalte Zimmer<\/h3>\n<p>Installieren Sie den generator so nah wie m\u00f6glich an die Kamera (nicht innen) und Ozon injiziert durch ein Loch in der Platte von der Kamera (die h\u00f6chste), um pass durch 6\/8, um Ihrem Interieur.<\/p>\n<p>F\u00fcr Kameras mit gro\u00dfen Gr\u00f6\u00dfe k\u00f6nnen Sie installieren eine Verteilung Rohr in das innere und sorgen so f\u00fcr eine bessere Verteilung von Ozon in seinem gesamten Volumen. In diesen F\u00e4llen kann es notwendig sein, verwenden Sie einen Kompressor mit einer h\u00f6heren macht, alles zu erreichen, das Volumen behandelt werden.<\/p>\n<p>Der generator es ist der Ort, den Sie immer h\u00f6her als der Eingang zu der Kamera, so dass kondensation im Einlassrohr nicht zur\u00fcck bis in den generator oder in Ihrem Fall verwenden Sie eine Wasser-Falle f\u00fcr die kondensation.<\/p>\n<p>&nbsp;<\/p>\n<p><img loading=\"lazy\" decoding=\"async\" class=\"wp-image-1214 aligncenter\" src=\"https:\/\/serviozono.com\/wp-content\/uploads\/2022\/06\/paste1038.jpg\" alt=\"\" width=\"391\" height=\"301\" srcset=\"https:\/\/serviozono.com\/wp-content\/uploads\/2022\/06\/paste1038.jpg 518w, https:\/\/serviozono.com\/wp-content\/uploads\/2022\/06\/paste1038-320x246.jpg 320w\" sizes=\"auto, (max-width: 391px) 100vw, 391px\" \/><\/p>\n<p>&nbsp;<\/p>\n<h3>Beseitigung von Ger\u00fcchen in der Luft-Absaug-Systeme<\/h3>\n<p>In Absaugleitungen der Luft eingespritzt wird Ozon in den Kanal, zu versuchen, halten Sie den maximalen Abstand zu der Ausgabe, so, dass die Ozon ist in der Lage zu f\u00fchren seine Wirkung w\u00e4hrend all der Zeit in der Luft<br \/>\nvertrieben flie\u00dft durch das Rohr Ausgang.<\/p>\n<p>In diesen F\u00e4llen, die gr\u00f6\u00dfer ist die L\u00e4nge der Schornstein, desto gr\u00f6\u00dfer wird der Effekt der oxidation der Substanzen erzeugen schlechte Ger\u00fcche.<\/p>\n<p>&nbsp;<\/p>\n<p><img loading=\"lazy\" decoding=\"async\" class=\"wp-image-1171 aligncenter\" src=\"https:\/\/serviozono.com\/wp-content\/uploads\/2022\/06\/ozono-en-la-extraccion-de-aire-980x480-2-640x313.jpg\" alt=\"\" width=\"548\" height=\"268\" srcset=\"https:\/\/serviozono.com\/wp-content\/uploads\/2022\/06\/ozono-en-la-extraccion-de-aire-980x480-2-640x313.jpg 640w, https:\/\/serviozono.com\/wp-content\/uploads\/2022\/06\/ozono-en-la-extraccion-de-aire-980x480-2-600x294.jpg 600w, https:\/\/serviozono.com\/wp-content\/uploads\/2022\/06\/ozono-en-la-extraccion-de-aire-980x480-2-768x376.jpg 768w, https:\/\/serviozono.com\/wp-content\/uploads\/2022\/06\/ozono-en-la-extraccion-de-aire-980x480-2-320x157.jpg 320w, https:\/\/serviozono.com\/wp-content\/uploads\/2022\/06\/ozono-en-la-extraccion-de-aire-980x480-2.jpg 980w\" sizes=\"auto, (max-width: 548px) 100vw, 548px\" \/><\/p>\n<p>&nbsp;<\/p>\n<h3>Technische Merkmale<\/h3>\n<p>&nbsp;<\/p>\n<table>\n<tbody>\n<tr bgcolor=\"#f0f0f0\">\n<td>Modell<\/td>\n<td>Produktion O3<\/td>\n<td>Kompressor<\/td>\n<td>Verbrauch<\/td>\n<td>Behandlung<\/td>\n<\/tr>\n<tr>\n<td>GO-4000-AC-XL<\/td>\n<td>4000 mg\/h<\/td>\n<td>40 l\/min<\/td>\n<td><\/td>\n<td>5000 l\/h<\/td>\n<\/tr>\n<tr>\n<td>GO-8000-AC<\/td>\n<td>8000 mg\/h<\/td>\n<td>40 l\/min<\/td>\n<td>130 W<\/td>\n<td>10000 l\/h<\/td>\n<\/tr>\n<tr>\n<td>GO-12000-AC<\/td>\n<td>12000 mg\/h<\/td>\n<td>40 l\/min<\/td>\n<td><\/td>\n<td>16000 l\/h<\/td>\n<\/tr>\n<tr>\n<td>GO-16000-AC<\/td>\n<td>16000 mg\/h<\/td>\n<td>40 l\/min<\/td>\n<td><\/td>\n<td>21000 l\/h<\/td>\n<\/tr>\n<\/tbody>\n<\/table>","protected":false},"excerpt":{"rendered":"<p>Generator-GO-16000-AC<\/p>\n<div id=\"gtx-trans\" style=\"position: absolute; left: -128px; top: -16px;\">\n<div class=\"gtx-trans-icon\"><\/div>\n<\/div>","protected":false},"featured_media":1701,"template":"","meta":[],"product_brand":[],"product_cat":[72],"product_tag":[],"class_list":{"0":"post-1435","1":"product","2":"type-product","3":"status-publish","4":"has-post-thumbnail","6":"product_cat-conducto-aire-y-agua","8":"first","9":"instock","10":"sale","11":"taxable","12":"shipping-taxable","13":"purchasable","14":"product-type-simple"},"_links":{"self":[{"href":"https:\/\/serviozono.com\/de\/wp-json\/wp\/v2\/product\/1435","targetHints":{"allow":["GET"]}}],"collection":[{"href":"https:\/\/serviozono.com\/de\/wp-json\/wp\/v2\/product"}],"about":[{"href":"https:\/\/serviozono.com\/de\/wp-json\/wp\/v2\/types\/product"}],"wp:featuredmedia":[{"embeddable":true,"href":"https:\/\/serviozono.com\/de\/wp-json\/wp\/v2\/media\/1701"}],"wp:attachment":[{"href":"https:\/\/serviozono.com\/de\/wp-json\/wp\/v2\/media?parent=1435"}],"wp:term":[{"taxonomy":"product_brand","embeddable":true,"href":"https:\/\/serviozono.com\/de\/wp-json\/wp\/v2\/product_brand?post=1435"},{"taxonomy":"product_cat","embeddable":true,"href":"https:\/\/serviozono.com\/de\/wp-json\/wp\/v2\/product_cat?post=1435"},{"taxonomy":"product_tag","embeddable":true,"href":"https:\/\/serviozono.com\/de\/wp-json\/wp\/v2\/product_tag?post=1435"}],"curies":[{"name":"wp","href":"https:\/\/api.w.org\/{rel}","templated":true}]}}