{"id":1442,"date":"2022-06-06T08:51:03","date_gmt":"2022-06-06T08:51:03","guid":{"rendered":"https:\/\/serviozono.com\/?post_type=product&#038;p=1442"},"modified":"2025-10-20T16:15:17","modified_gmt":"2025-10-20T16:15:17","slug":"1442","status":"publish","type":"product","link":"https:\/\/serviozono.com\/de\/produkt\/1442\/","title":{"rendered":"Generator DB 4000 AC Industrielle"},"content":{"rendered":"<h3>Ozonizers von Eichenf\u00e4ssern<\/h3>\n<p>Die teams \u00fcbernehmen Reaktor Ozon-Industrie hergestellt aus rostfreiem Stahl., interne Kompressor-und Timer-Zyklisch digital. Bieten Ausg\u00e4nge f\u00fcr 3 F\u00e4sser. Sie sind tragbar, montiert auf einem Wagen f\u00fcr einfachen Transport. Auch erlauben Sie, um Behandlungen durchzuf\u00fchren ambient Ozon in der Luft, in Gruppen von K\u00fchlkammern f\u00fcr Lebensmittel oder ABSAUGANLAGEN.<\/p>\n<p>Wir haben zwei Modelle, die Kommerziellen und Industriellen Modell. Das Industrielle Modell ist ein professionelles system, die bietet eine h\u00f6here Arbeitsdruck und dringt effektiv die inneren Poren des Holzes, etwas, das wir machen w\u00fcrden, um die Oberfl\u00e4che zu reinigen.<\/p>\n<p>&nbsp;<\/p>\n<p><img loading=\"lazy\" decoding=\"async\" class=\"wp-image-1439 aligncenter\" src=\"https:\/\/serviozono.com\/wp-content\/uploads\/2022\/06\/ozonizador-barricas-Top-ozono-640x593.png\" alt=\"\" width=\"472\" height=\"437\" srcset=\"https:\/\/serviozono.com\/wp-content\/uploads\/2022\/06\/ozonizador-barricas-Top-ozono-640x593.png 640w, https:\/\/serviozono.com\/wp-content\/uploads\/2022\/06\/ozonizador-barricas-Top-ozono-600x556.png 600w, https:\/\/serviozono.com\/wp-content\/uploads\/2022\/06\/ozonizador-barricas-Top-ozono-768x712.png 768w, https:\/\/serviozono.com\/wp-content\/uploads\/2022\/06\/ozonizador-barricas-Top-ozono-320x297.png 320w, https:\/\/serviozono.com\/wp-content\/uploads\/2022\/06\/ozonizador-barricas-Top-ozono.png 1280w\" sizes=\"auto, (max-width: 472px) 100vw, 472px\" \/><\/p>\n<p>&nbsp;<\/p>\n<p>F\u00fcr die Behandlung des inneren der F\u00e4sser aus Eiche, sind Maschinen von hoher Leistung und Zuverl\u00e4ssigkeit.<\/p>\n<p>Ein professionelles system f\u00fcr die Kontrolle der Verschmutzung und verl\u00e4ngern die Lebensdauer der F\u00e4sser. Es wirkt auf das Wachstum von Bakterien, Ablagerungen von bitartratos, der TCA, die Hefe, die Sauerstoffversorgung der Kapazit\u00e4t des Holzes (oxidieren die organischen Stoffe, die die Poren des Holzes) und der Beitrag von Stoffen, die angenehm auf der gleichen.<\/p>\n<p>Im gasf\u00f6rmigen Zustand, je nach dem Druck, die Ozon dringt in die Poren der Holz so tief. Je nach Gr\u00f6\u00dfe und Beschaffenheit des Laufes, die Behandlung Gipfeln wird in Perioden von 5 bis 10 Minuten f\u00fcr neue F\u00e4sser und ein wenig mehr f\u00fcr die alten F\u00e4ssern.<\/p>\n<p>Unsere Maschinen sind hergestellt mit robusten Komponenten, die industrielle europ\u00e4ischen, sehr zuverl\u00e4ssig und langlebig.<\/p>\n<p>Die Generatoren von Top-Ozon<strong> tun nicht produzieren Aluminium<\/strong>, sehr giftiges Schwermetall, als es nicht verwenden Reaktoren Keramik, sondern aus Edelstahl.<\/p>\n<p>Mit diesem laptop, der ausgelegt ist, um in der Lage sein zu ozonizar 3 Barrel zur gleichen Zeit, werden Sie in der Lage zu decken den Bedarf von kleinen Weing\u00fctern.<\/p>\n<p>&nbsp;<\/p>\n<p><img loading=\"lazy\" decoding=\"async\" class=\"size-full wp-image-1440 aligncenter\" src=\"https:\/\/serviozono.com\/wp-content\/uploads\/2022\/06\/paste1832.jpg\" alt=\"\" width=\"572\" height=\"290\" srcset=\"https:\/\/serviozono.com\/wp-content\/uploads\/2022\/06\/paste1832.jpg 572w, https:\/\/serviozono.com\/wp-content\/uploads\/2022\/06\/paste1832-320x162.jpg 320w\" sizes=\"auto, (max-width: 572px) 100vw, 572px\" \/><\/p>\n<p>&nbsp;<\/p>\n<h3>L\u00f6sungen von Ozon zu die Sektor Winzer<\/h3>\n<p>Die Hygiene und Desinfektion, insbesondere in den Kellern, tanks und F\u00e4sser, wo Sie gehen, damit dieser Wein ist ein wichtiges element, bekommen ein hochwertiges Produkt. In den Kellern gibt es einige wichtige Bedingungen, wie der Grad der Luftfeuchtigkeit und schlechter Bel\u00fcftung, das wir erstellt haben, ein paar potentielle Feinde, die kann sich negativ auf die Qualit\u00e4t des Weines. Dies sind Bakterien, Schimmel, Keime, Hefen, etc.<\/p>\n<p>Ozon, die Desinfektionsmittel m\u00e4chtigsten, besteht nach der Fluorid, hilft es uns, zu beseitigen die bakterizide Wirkstoffe in seiner Gesamtheit. Es ist v\u00f6llig nat\u00fcrlich und hinterl\u00e4sst keine giftigen R\u00fcckst\u00e4nde zu entfernen. Daher wird die Anwendung von Ozon optimiert die Produktion von Wein und Senkung der Kosten der Abwasserentsorgung in alle Prozess, anwesend sein und f\u00fcr seine nat\u00fcrlichen Eigenschaften, das beste system f\u00fcr die Desinfektion.<\/p>\n<h3>Nachteile der \u00fcblichen Reinigung von F\u00e4ssern<\/h3>\n<p>-Nicht bekommen, eine vollst\u00e4ndige Desinfektion.<br \/>\n-Es gibt mehr warten Zeit in den Prozess.<br \/>\n-Die Verwendung einer gro\u00dfen Menge Wasser f\u00fcr das Sp\u00fclen der verwendeten Produkte.<br \/>\n-Abfall an Schadstoffen in die Umwelt.<br \/>\n-Hygiene ist mangelhaft in den Innenraum, als den Eichenf\u00e4ssern, hat eine por\u00f6se Struktur und ein schwieriger Zugang, um eine optimale Hygiene.<br \/>\n-Die Eiche erf\u00e4hrt eine gro\u00dfe Beeintr\u00e4chtigung durch Chemische Produkte, envejeci\u00e9ndose vorzeitig die F\u00e4sser.<\/p>\n<p>Die Lebensdauer der F\u00e4sser wird zwischen 4 und 5 Jahren. Nach dieser Zeit nicht mehr bringt die aromatischen verbindungen, oder die M\u00f6glichkeit der Sauerstoffversorgung notwendig f\u00fcr den Erhalt der f\u00fcr einen guten Wein. Dies f\u00fchrt zu einem h\u00f6heren wirtschaftlichen, als es zwingt Sie, sich zu erneuern, die Stiftung von F\u00e4ssern, alle 4 oder 5 Jahre. Die Verschlechterung erlitten durch die F\u00e4sser impliziert eine j\u00e4hrliche Verg\u00fctung von 10% der Gesamtzahl der F\u00e4sser in den Keller.<\/p>\n<h3>Vorteile der Verwendung von Ozon in der Reinigung von F\u00e4ssern<\/h3>\n<p>-Die Wirksamkeit der Desinfektion und Sterilisation ist zwischen 95% und 97%. Durch die Anwendung der Zeiten und Konzentrationen von Ozon geeignet, eine minimale Zeit von 15 bis 20 Minuten, oder ohne Zeitlimit, v\u00f6llig beseitigt, TCA, Schimmel, ganze Bakterien, Verunreinigungen Hefen, wie brettanomyces, Bakterien ac\u00e9ticas, Milchs\u00e4ure-Bakterien und andere fremde Substanz auf die eigene Zusammensetzung des Holzes, und kehrte zu seinen Staat fast die ersten, die Freigabe und die por\u00f6se Struktur, die durch das brechen der molekularen und damit die re Mikro-oxidation, da das Ozon in der gasf\u00f6rmigen Zustand vollst\u00e4ndig durchdringt alle Strukturen aus Holz des Fasses und arbeiten, wo andere Chemische verbindungen nicht erreichen k\u00f6nnen, verlassen den Lauf, in diese Weise, frei von Ger\u00fcchen und Aromen der anderen Desinfektionsmittel.<br \/>\n-Es vermeidet die \u00e4nderung der Strau\u00df, die ist produziert durch die bakterielle Entwicklung.<br \/>\n-Verl\u00e4ngerung der Lebensdauer des Zylinders. Der Bruch der Struktur, dass macht die Mikro-Poren des gleichen, dies geht zur\u00fcck, um zu atmen, so dass auf diese Weise das Holz, die alle Qualit\u00e4ten zum Wein., Indem Sie nicht haben zu ersetzen Sie die F\u00e4sser mit viel Frequenz, f\u00fchrt schlie\u00dflich zu einer Wirtschafts-sparen, auch werden in der Reihenfolge von bis zu 800% pro Jahr.<br \/>\n-Spart Wasser und Energie<br \/>\n-Beseitigung von Chemikalien.<br \/>\n-Nicht produzieren die Einleitung von Schadstoffen.<br \/>\n-Zu verl\u00e4ngern die Lebensdauer von die barrel ist reduziert durch das Abholzen der B\u00e4ume, wodurch die Umwelt.<\/p>\n<p>&nbsp;<\/p>\n<p><img loading=\"lazy\" decoding=\"async\" class=\"size-full wp-image-1441 aligncenter\" src=\"https:\/\/serviozono.com\/wp-content\/uploads\/2022\/06\/depositos-vino.jpg\" alt=\"\" width=\"400\" height=\"302\" srcset=\"https:\/\/serviozono.com\/wp-content\/uploads\/2022\/06\/depositos-vino.jpg 400w, https:\/\/serviozono.com\/wp-content\/uploads\/2022\/06\/depositos-vino-320x242.jpg 320w\" sizes=\"auto, (max-width: 400px) 100vw, 400px\" \/><\/p>\n<p>&nbsp;<\/p>\n<h3>Andere Behandlungen mit Ozon in den Kellern<\/h3>\n<p>-Sauerstoff und reinigt die Luft im Keller, schaffen Sie eine angenehme Atmosph\u00e4re und desinfiziert, verbessert die rate der Fehlzeiten.<br \/>\n-Eliminiert die TCA der korken gespeichert.<br \/>\n-Desinfektion der Bereiche, Verpackungen, Flaschen, etc., und vermeiden so die Kontamination der indirekten Produktion.<br \/>\n-Desinfektion von Ablagerungen von Zement und Edelstahl.<\/p>\n<p>&nbsp;<\/p>\n<h3>Technische Merkmale<\/h3>\n<p>&nbsp;<\/p>\n<table>\n<tbody>\n<tr bgcolor=\"#f0f0f0\">\n<td>MODELL<\/td>\n<td>MATERIAL<\/td>\n<td>VERBRAUCH<\/td>\n<td>GR\u00d6\u00dfE<\/td>\n<td>GEWICHT<\/td>\n<td>PRODUKTION O3<\/p>\n<p>mg\/h max.<\/td>\n<\/tr>\n<tr>\n<td><\/td>\n<td><\/td>\n<td><\/td>\n<td><\/td>\n<td><\/td>\n<td><\/td>\n<\/tr>\n<tr>\n<td>DB-4000-AC INDUSTRIAL<\/td>\n<td>Edelstahl.<\/td>\n<td>160 W<\/td>\n<td>65 x 41 x 25 cm<\/td>\n<td>10 Kg<\/td>\n<td>4000 mg\/h<\/td>\n<\/tr>\n<\/tbody>\n<\/table>\n<p>&nbsp;<\/p>","protected":false},"excerpt":{"rendered":"<p>Generator DB - 4000-AC-Industrial<\/p>","protected":false},"featured_media":1718,"template":"","meta":[],"product_brand":[],"product_cat":[76],"product_tag":[],"class_list":{"0":"post-1442","1":"product","2":"type-product","3":"status-publish","4":"has-post-thumbnail","6":"product_cat-barricas-de-roble","8":"first","9":"instock","10":"sale","11":"taxable","12":"shipping-taxable","13":"purchasable","14":"product-type-simple"},"_links":{"self":[{"href":"https:\/\/serviozono.com\/de\/wp-json\/wp\/v2\/product\/1442","targetHints":{"allow":["GET"]}}],"collection":[{"href":"https:\/\/serviozono.com\/de\/wp-json\/wp\/v2\/product"}],"about":[{"href":"https:\/\/serviozono.com\/de\/wp-json\/wp\/v2\/types\/product"}],"wp:featuredmedia":[{"embeddable":true,"href":"https:\/\/serviozono.com\/de\/wp-json\/wp\/v2\/media\/1718"}],"wp:attachment":[{"href":"https:\/\/serviozono.com\/de\/wp-json\/wp\/v2\/media?parent=1442"}],"wp:term":[{"taxonomy":"product_brand","embeddable":true,"href":"https:\/\/serviozono.com\/de\/wp-json\/wp\/v2\/product_brand?post=1442"},{"taxonomy":"product_cat","embeddable":true,"href":"https:\/\/serviozono.com\/de\/wp-json\/wp\/v2\/product_cat?post=1442"},{"taxonomy":"product_tag","embeddable":true,"href":"https:\/\/serviozono.com\/de\/wp-json\/wp\/v2\/product_tag?post=1442"}],"curies":[{"name":"wp","href":"https:\/\/api.w.org\/{rel}","templated":true}]}}