{"id":1450,"date":"2022-06-06T09:31:42","date_gmt":"2022-06-06T09:31:42","guid":{"rendered":"https:\/\/serviozono.com\/?post_type=product&#038;p=1450"},"modified":"2025-10-20T16:15:17","modified_gmt":"2025-10-20T16:15:17","slug":"1450","status":"publish","type":"product","link":"https:\/\/serviozono.com\/de\/produkt\/1450\/","title":{"rendered":"Generator GEHEN 24000 T TA Mit Warenkorb"},"content":{"rendered":"<h3>Ozonizers von silos leer<\/h3>\n<p>Ein professionelles system, die hohe Leistung und Zuverl\u00e4ssigkeit, konzipiert f\u00fcr die Behandlung von Schock eco-freundlich durch die Ozonierung in silos, Stahl verzinkt, mit Kapazit\u00e4ten von bis zu 200 m3. Die Behandlung ist durchgef\u00fchrt mit die silos leer, was in einem Zeitraum von ein bis zwei Stunden ohne die Verwendung von jeder Art von Chemische. Gel\u00f6scht, Pilze, Viren, Bakterien, Sporen und Insekten-Eier. Die wenigen Insekten, die es geschafft zu \u00fcberleben die Behandlung nicht mehr in der Lage, sich zu reproduzieren.<\/p>\n<p>Unsere Maschinen sind hergestellt mit robusten Komponenten, die industrielle europ\u00e4ischen, sehr zuverl\u00e4ssig und langlebig.<\/p>\n<p>&nbsp;<\/p>\n<p><img loading=\"lazy\" decoding=\"async\" class=\"size-full wp-image-1452 aligncenter\" src=\"https:\/\/serviozono.com\/wp-content\/uploads\/2022\/06\/GO24000T-Carrito-w.jpg\" alt=\"\" width=\"259\" height=\"400\" \/><\/p>\n<p>&nbsp;<\/p>\n<h3>Ozon-generator tragbare<\/h3>\n<p>-Produktion des Generators: 24 gr \/ STD.<br \/>\n-Box aus polyester, mit einer M\u00fcndung von 100 mm f\u00fcr den Anschluss an das Rohr.<br \/>\n-Timer durch einen Mikroprozessor gesteuert.<br \/>\n-Reaktoren aus Edelstahl. Sie arbeiten in 3 Gruppen von power Ausgang (8, 12, und 24 g), in Abh\u00e4ngigkeit von der dimension des Silos (25, 50 und 100 m3), bei den Verd\u00fcnnungen von O3 in der N\u00e4he des 0,24 ppm.<br \/>\n-Enth\u00e4lt eine leistungsstarke turbine mit 600 m3 \/ h, f\u00fcr power-boost-Angebot und effizient mit die erzeugte Ozon.<br \/>\n-Es ist tragbar, montiert auf einem Wagen f\u00fcr einfachen Transport.<br \/>\n-Verbrauch bei maximaler Leistung: 400 W.<br \/>\n-Fall Gr\u00f6\u00dfe (ohne Wagen): 74,7 x 53,6 x 30 cm<br \/>\n-Ungef\u00e4hre Gewicht: 12 Kg.<\/p>\n<h4 style=\"text-align: center;\">Verf\u00fcgbar ist auch die version von 40 G \/ Stunde.<\/h4>\n<p>&nbsp;<\/p>\n<p>Die Generatoren von Top-Ozon <strong>tun nicht produzieren Aluminium<\/strong>, sehr giftiges Schwermetall, als es nicht verwenden Reaktoren Keramik, sondern aus Edelstahl.<\/p>\n<h3>Application form<\/h3>\n<p>-Sobald Sie gereinigt haben, silo, es f\u00fchrt in die Ozon gas zu die silo durch zwei Kan\u00e4le gleichzeitig. Eine f\u00fcr die Oberseite und die andere an der Unterseite.<br \/>\n-Es werden in tempor\u00e4ren Gruppen von 20 Minuten Ozon-Erzeugung und 15 Minuten von Rest (so zu lassen, wie die restliche Arbeit f\u00fcr 15-20 Minuten)<br \/>\n-Zwischen 3 und 4 Aufnahmen von 20 Minuten jeder, wir k\u00f6nnen sicherstellen, dass eine korrekte Behandlung in Vakuum, um eine vollst\u00e4ndige Desinfektion des Silos.<br \/>\n-Das Ozon, wie alle Desinfektionsmittel, es wirkt durch Oxidation. Wenn die silo ist gemacht, in Ihrer Gesamtheit, mit Edelstahl Materialien (einschlie\u00dflich Schwei\u00dfn\u00e4hten), wird es nicht alle Probleme von oxidation.<br \/>\n-Sobald Sie das Ziel erreicht, und wenn es nicht sofort benutzt werden silo, wir tun nicht empfehlen die Anwendung von Ozon auf, die nicht neben dem Bef\u00fcllen des Silos.<\/p>\n<p>&nbsp;<\/p>\n<p><img loading=\"lazy\" decoding=\"async\" class=\"wp-image-1455 aligncenter\" src=\"https:\/\/serviozono.com\/wp-content\/uploads\/2022\/06\/paste1312.jpg\" alt=\"\" width=\"461\" height=\"280\" \/><\/p>\n<p>&nbsp;<\/p>\n<p>Die Ausr\u00fcstung kann auch verwendet werden, um ozonizar Big-Bags. Um dies zu tun installieren Sie eine Abdeckung auf der Big-Bags und gilt Ozon im Ersatz der sulfatierten. Das gleiche Verfahren w\u00fcrde werden verwendet f\u00fcr Paletten-Regal.<\/p>\n<p>&nbsp;<\/p>\n<p><img loading=\"lazy\" decoding=\"async\" class=\"wp-image-1454 aligncenter\" src=\"https:\/\/serviozono.com\/wp-content\/uploads\/2022\/06\/Big-bag.jpg\" alt=\"\" width=\"301\" height=\"270\" \/><\/p>\n<h3>Technische Merkmale<\/h3>\n<p>&nbsp;<\/p>\n<table>\n<tbody>\n<tr>\n<td width=\"198\">POWER<\/td>\n<td width=\"444\">\u00a0\u00a0\u00a0\u00a0\u00a0\u00a0\u00a0\u00a0\u00a0\u00a0\u00a0\u00a0\u00a0\u00a0\u00a0\u00a0\u00a0\u00a0 \u00a0\u00a0\u00a0\u00a0\u00a0\u00a0\u00a0\u00a0\u00a0\u00a0\u00a0\u00a0\u00a0\u00a0\u00a0\u00a0\u00a0\u00a0\u00a0\u00a0\u00a0\u00a0230 V 50 HZ<\/td>\n<\/tr>\n<tr>\n<td width=\"198\">VERBRAUCH<\/td>\n<td width=\"444\">\u00a0\u00a0\u00a0\u00a0\u00a0\u00a0\u00a0\u00a0\u00a0\u00a0\u00a0\u00a0\u00a0\u00a0\u00a0\u00a0\u00a0\u00a0\u00a0\u00a0\u00a0 \u00a0\u00a0\u00a0\u00a0\u00a0\u00a0\u00a0\u00a0\u00a0\u00a0\u00a0\u00a0\u00a0\u00a0\u00a0\u00a0\u00a0\u00a0\u00a0\u00a0\u00a0\u00a0\u00a0400 W<\/td>\n<\/tr>\n<tr>\n<td width=\"198\">ABMESSUNGEN<\/td>\n<td width=\"444\">\u00a0\u00a0\u00a0\u00a0\u00a0\u00a0\u00a0\u00a0\u00a0\u00a0\u00a0\u00a0\u00a0\u00a0\u00a0\u00a0\u00a0 \u00a0\u00a0\u00a0\u00a0\u00a0\u00a0\u00a0\u00a0\u00a0\u00a0\u00a0\u00a0\u00a0\u00a0\u00a0\u00a0\u00a0\u00a0\u00a0\u00a0\u00a0\u00a0\u00a075 x 54 x 30<\/td>\n<\/tr>\n<tr>\n<td width=\"198\">GEWICHT<\/td>\n<td width=\"444\">\u00a0\u00a0\u00a0\u00a0\u00a0\u00a0\u00a0\u00a0\u00a0\u00a0\u00a0\u00a0\u00a0\u00a0\u00a0\u00a0\u00a0\u00a0\u00a0\u00a0\u00a0\u00a0\u00a0 \u00a0\u00a0\u00a0\u00a0\u00a0\u00a0\u00a0\u00a0\u00a0\u00a0\u00a0\u00a0\u00a0\u00a0\u00a0\u00a0\u00a0\u00a0\u00a0\u00a0\u00a012 KG<\/td>\n<\/tr>\n<tr>\n<td width=\"198\">PRODUKTION<\/td>\n<td width=\"444\">\u00a0\u00a0\u00a0\u00a0\u00a0\u00a0\u00a0\u00a0\u00a0\u00a0\u00a0\u00a0\u00a0 \u00a0\u00a0\u00a0\u00a0\u00a0\u00a0\u00a0\u00a0\u00a0\u00a0\u00a0\u00a0\u00a0\u00a0\u00a0\u00a024000 MG \/ H H\u00d6CHSTGESCHWINDIGKEIT<\/td>\n<\/tr>\n<tr>\n<td width=\"198\">VERORDNUNG<\/td>\n<td width=\"444\">\u00a0TIMER, MIKROPROZESSOR-GESTEUERT<\/td>\n<\/tr>\n<tr>\n<td width=\"198\">POWER<\/td>\n<td width=\"444\">\u00a0 \u00a0 \u00a0 \u00a0 \u00a0 \u00a0 \u00a0 \u00a0 \u00a0 \u00a0 \u00a0 \u00a0 \u00a0 \u00a0 \u00a0TURBINE 600 M3 \/ STUNDE<\/td>\n<\/tr>\n<tr>\n<td width=\"198\">BOX<\/td>\n<td width=\"444\">\u00a0 \u00a0 \u00a0 \u00a0 \u00a0 \u00a0 \u00a0 \u00a0 \u00a0 \u00a0 \u00a0WANDSCHRANK MONOBLOCK POLYESTER<\/td>\n<\/tr>\n<\/tbody>\n<\/table>\n<p>&nbsp;<\/p>\n<p>&nbsp;<\/p>\n<p>&nbsp;<\/p>\n<p>&nbsp;<\/p>\n<p>&nbsp;<\/p>\n<p>&nbsp;<\/p>","protected":false},"excerpt":{"rendered":"<p>Generator GEHEN 24000 T TA Mit Warenkorb<\/p>","protected":false},"featured_media":1713,"template":"","meta":[],"product_brand":[],"product_cat":[78],"product_tag":[],"class_list":{"0":"post-1450","1":"product","2":"type-product","3":"status-publish","4":"has-post-thumbnail","6":"product_cat-silos-de-granos-y-palets","8":"first","9":"instock","10":"sale","11":"taxable","12":"shipping-taxable","13":"purchasable","14":"product-type-simple"},"_links":{"self":[{"href":"https:\/\/serviozono.com\/de\/wp-json\/wp\/v2\/product\/1450","targetHints":{"allow":["GET"]}}],"collection":[{"href":"https:\/\/serviozono.com\/de\/wp-json\/wp\/v2\/product"}],"about":[{"href":"https:\/\/serviozono.com\/de\/wp-json\/wp\/v2\/types\/product"}],"wp:featuredmedia":[{"embeddable":true,"href":"https:\/\/serviozono.com\/de\/wp-json\/wp\/v2\/media\/1713"}],"wp:attachment":[{"href":"https:\/\/serviozono.com\/de\/wp-json\/wp\/v2\/media?parent=1450"}],"wp:term":[{"taxonomy":"product_brand","embeddable":true,"href":"https:\/\/serviozono.com\/de\/wp-json\/wp\/v2\/product_brand?post=1450"},{"taxonomy":"product_cat","embeddable":true,"href":"https:\/\/serviozono.com\/de\/wp-json\/wp\/v2\/product_cat?post=1450"},{"taxonomy":"product_tag","embeddable":true,"href":"https:\/\/serviozono.com\/de\/wp-json\/wp\/v2\/product_tag?post=1450"}],"curies":[{"name":"wp","href":"https:\/\/api.w.org\/{rel}","templated":true}]}}