{"id":2939,"date":"2024-06-11T10:39:04","date_gmt":"2024-06-11T10:39:04","guid":{"rendered":"https:\/\/serviozono.com\/?post_type=product&#038;p=2939"},"modified":"2025-10-20T16:15:17","modified_gmt":"2025-10-20T16:15:17","slug":"inhibidor-aquafree-1-2%e2%80%b3-16-mm","status":"publish","type":"product","link":"https:\/\/serviozono.com\/de\/produkt\/inhibidor-aquafree-1-2%e2%80%b3-16-mm\/","title":{"rendered":"Inhibitor AQUAfree 1\/2&#034; 16 Mm"},"content":{"rendered":"<p>Hergestellt in Gro\u00dfbritannien seit mehr als 20 Jahren f\u00fcr die Industrie, jetzt, mit Ger\u00e4ten<br \/>\nkleine, k\u00f6nnen geliefert werden zu Einrichtungen, semi-industriellen und h\u00e4uslichen.<br \/>\nEs ist ein weiterer Hersteller von Ger\u00e4ten der gleichen Klasse, obwohl der Unterschied ist<br \/>\nunsere Qualit\u00e4t, die es uns erm\u00f6glicht, eine Garantie gegen Herstellungsfehler f\u00fcr 5 Jahre<br \/>\nund dass wir dazu beitragen, die maximale Aufl\u00f6sung von Zink pro Liter.<\/p>\n<h5>Vorteile :<\/h5>\n<ul>\n<li>Eco-friendly 100%<\/li>\n<li>Energie und Wasser sparen<\/li>\n<li>Wirtschaftliche Einsparungen<\/li>\n<li>Ohne die Kosten f\u00fcr Wartung oder versorgt<\/li>\n<li>Anti-korrosiven<\/li>\n<li>Anti Kalk<\/li>\n<li>Verbessert die Klarheit des Wassers und seine Qualit\u00e4t<\/li>\n<li>Nicht Raum einnehmen<\/li>\n<\/ul>\n<h3>Technische Merkmale<\/h3>\n<table>\n<thead>\n<tr>\n<td colspan=\"2\">INNEN DURCHMESSER<\/td>\n<td>FLOW rate (m3\/h)<\/td>\n<td>L\u00c4NGE (mm)<\/td>\n<td>VERWENDET F\u00dcR F\u00dcHRUNG NUR,<\/td>\n<\/tr>\n<\/thead>\n<tbody>\n<tr>\n<td>Zoll<\/td>\n<td>mm<\/td>\n<td><\/td>\n<td><\/td>\n<td><\/td>\n<\/tr>\n<tr>\n<td>1\/2&#034;<\/td>\n<td>16 mm<\/td>\n<td>1,44<\/td>\n<td>160<\/td>\n<td>Haus mit einem Badezimmer<\/td>\n<\/tr>\n<\/tbody>\n<\/table>\n<p>&nbsp;<\/p>","protected":false},"excerpt":{"rendered":"<div class=\"summary entry-summary\">\n<div class=\"woocommerce-product-details__short-description\">\n<div class=\"elementor-element elementor-element-1c8c8ff elementor-widget elementor-widget-heading animated fadeInUp\" data-id=\"1c8c8ff\" data-element_type=\"widget\" data-settings=\"{&quot;_animation&quot;:&quot;fadeInUp&quot;,&quot;_animation_delay&quot;:400}\" data-widget_type=\"heading.default\">\n<div class=\"elementor-widget-container\">\n<h3 class=\"elementor-heading-title elementor-size-default\">INHIBITOR AQUAfree<\/h3>\n<\/div>\n<\/div>\n<div class=\"elementor-element elementor-element-ba5c107 elementor-widget elementor-widget-heading animated fadeInUp\" data-id=\"ba5c107\" data-element_type=\"widget\" data-settings=\"{&quot;_animation&quot;:&quot;fadeInUp&quot;,&quot;_animation_delay&quot;:500}\" data-widget_type=\"heading.default\">\n<div class=\"elementor-widget-container\">\n<p class=\"elementor-heading-title elementor-size-default\">Neutralisiert die Kalkablagerungen, verhindert Korrosion, reduziert Kosten, keine Wartung, und Sie m\u00fcssen auch keine Elektrizit\u00e4t, und es nicht verwenden Chemikalien in seiner Behandlung.<\/p>\n<\/div>\n<\/div>\n<\/div>\n<\/div>","protected":false},"featured_media":2991,"template":"","meta":[],"product_brand":[],"product_cat":[135],"product_tag":[],"class_list":{"0":"post-2939","1":"product","2":"type-product","3":"status-publish","4":"has-post-thumbnail","6":"product_cat-inhibidores","8":"first","9":"instock","10":"sale","11":"taxable","12":"shipping-taxable","13":"purchasable","14":"product-type-simple"},"_links":{"self":[{"href":"https:\/\/serviozono.com\/de\/wp-json\/wp\/v2\/product\/2939","targetHints":{"allow":["GET"]}}],"collection":[{"href":"https:\/\/serviozono.com\/de\/wp-json\/wp\/v2\/product"}],"about":[{"href":"https:\/\/serviozono.com\/de\/wp-json\/wp\/v2\/types\/product"}],"wp:featuredmedia":[{"embeddable":true,"href":"https:\/\/serviozono.com\/de\/wp-json\/wp\/v2\/media\/2991"}],"wp:attachment":[{"href":"https:\/\/serviozono.com\/de\/wp-json\/wp\/v2\/media?parent=2939"}],"wp:term":[{"taxonomy":"product_brand","embeddable":true,"href":"https:\/\/serviozono.com\/de\/wp-json\/wp\/v2\/product_brand?post=2939"},{"taxonomy":"product_cat","embeddable":true,"href":"https:\/\/serviozono.com\/de\/wp-json\/wp\/v2\/product_cat?post=2939"},{"taxonomy":"product_tag","embeddable":true,"href":"https:\/\/serviozono.com\/de\/wp-json\/wp\/v2\/product_tag?post=2939"}],"curies":[{"name":"wp","href":"https:\/\/api.w.org\/{rel}","templated":true}]}}