{"id":3093,"date":"2024-08-07T15:33:10","date_gmt":"2024-08-07T15:33:10","guid":{"rendered":"https:\/\/serviozono.com\/?post_type=product&#038;p=3093"},"modified":"2025-10-20T16:15:17","modified_gmt":"2025-10-20T16:15:17","slug":"u-multiagro-16g-np","status":"publish","type":"product","link":"https:\/\/serviozono.com\/de\/produkt\/u-multiagro-16g-np\/","title":{"rendered":"U. MULTIAGRO-16G-NP"},"content":{"rendered":"<h1 class=\"entry-title\" style=\"text-align: center;\">Ozon-Behandlungen f\u00fcr die Bew\u00e4sserung agro-\u00f6kologische<\/h1>\n<h3>Ozon generation f\u00fcr die Bew\u00e4sserung agro-\u00f6kologische<\/h3>\n<p>Aus den Jahrzehnten, mit einer oxidation potential 2.42 V, erkannt zu Ozon (O3) als Desinfektionsmittel mehr leistungsstarke nach Fluor (ein gas ist sehr giftig f\u00fcr den Menschen, mit einem Wert Oxidationsmittel 3.06 V), und freie Radikale, Hydroxyl-HO0, mit einem Wert Oxidationsmittel von 2,8 V, aber im Gegensatz zu diesen, die Ozon in kontrollierten Mengen, es ist vorteilhaft f\u00fcr die menschlichen Wesen, Pflanzen und Tiere, und erzeugt keine Abf\u00e4lle, Schadstoffe, aber sein R\u00fcckstand wird das einfache Molek\u00fcl Sauerstoff (O2). Trotz dieser, es war nicht bis vor kurzem, dass die Ozon-Generatoren wurden tech zu bieten echten Einfluss auf die Ergebnisse.<\/p>\n<p>Die Aktion Deodorant und Desinfektionsmittel, Ozon (Viricida, Bakterizid, Fungizid, Sporicidal und Protozoicida) ist angewendet zu reinigen und zu sterilisieren die verschmutzte Luft, unter anderem bedingt durch die Auswirkungen der Konzentration von lebenden Organismen in geschlossenen R\u00e4umen. Ihre Anwendung kann durchgef\u00fchrt werden, sowohl in der Luft und in Wasser und in \u00f6l.<\/p>\n<p>&nbsp;<\/p>\n<p><img loading=\"lazy\" decoding=\"async\" class=\"size-full wp-image-3075 aligncenter\" src=\"https:\/\/serviozono.com\/wp-content\/uploads\/2024\/08\/paste1307.jpg\" alt=\"\" width=\"566\" height=\"382\" srcset=\"https:\/\/serviozono.com\/wp-content\/uploads\/2024\/08\/paste1307.jpg 566w, https:\/\/serviozono.com\/wp-content\/uploads\/2024\/08\/paste1307-18x12.jpg 18w, https:\/\/serviozono.com\/wp-content\/uploads\/2024\/08\/paste1307-320x216.jpg 320w\" sizes=\"auto, (max-width: 566px) 100vw, 566px\" \/><\/p>\n<p>&nbsp;<\/p>\n<h3 style=\"text-align: center;\">Verwendung von ozonisiertes Wasser f\u00fcr die Bew\u00e4sserung,&#034; <span class=\"ws14\">Belebende Pflanzen &#034;<\/span><\/h3>\n<h5><strong>WAS SIE ERHALTEN<\/strong><\/h5>\n<ul>\n<li>Pflanzen und Wurzeln mit mehr Kraft.<\/li>\n<li>Erzeugt dickere St\u00e4ngel, die Erh\u00f6hung Abwehrmechanismen in Pflanzen, vor allem erh\u00f6ht sich bei der Produktion von Harzen, Entfernung von Insekten.<\/li>\n<li>Erh\u00f6hung der Oberfl\u00e4che der Wurzeln und der Bl\u00e4tter.<\/li>\n<li>Weitere Anker, die aus den Wurzeln auf den Boden.<\/li>\n<li>H\u00f6here rate der Wiederherstellung des besch\u00e4digten Anlagen.<\/li>\n<li>Sch\u00fctzen Sie vor Infektionen, verringert die Sterblichkeit der Pflanzen.<\/li>\n<li>Erh\u00f6ht die Resistenz gegen Sch\u00e4dlinge.<\/li>\n<li>Die Entwicklung viel schneller.<\/li>\n<li>Ozon, wodurch die Ausnutzung der Molek\u00fcle der Zellw\u00e4nde, erreicht, dass sich Mikroorganismen entwickeln keine Toleranz.<\/li>\n<\/ul>\n<h5><strong>ZU ERHALTEN<\/strong><\/h5>\n<ul>\n<li>Mehr Bl\u00fcten.<\/li>\n<li>Fr\u00fcchte symmetrisch, ohne Verformungen.<\/li>\n<li>Mehr Produktion pro pflanze.<\/li>\n<li>Obst, gr\u00f6\u00dfere Gr\u00f6\u00dfe und Gewicht.<\/li>\n<li>Fr\u00fcchte mit mehr Geschmack und mehr saftige.<\/li>\n<li>Mehr vivid Farben.<\/li>\n<li>Reduzierung der Zeit der Produktion.<\/li>\n<li>Variieren die Biologie des Bodens, Sie nutzten die organischen Komponenten.<\/li>\n<\/ul>\n<h5><strong>VORTEILE<\/strong><\/h5>\n<ul>\n<li>Mehr Ernte.<\/li>\n<li>Weniger Zeit f\u00fcr den einzelnen Kulturen.<\/li>\n<li>Weniger Wasser Verbrauch.<\/li>\n<li>Ozon h\u00e4lt die Tropfer, sauber und hygienisch, wodurch ein verstopfen durch Verschmutzungen oder Ablagerungen von biofilm S\u00e4uren und Humin -, fulvin-und Gerbstoffe)<\/li>\n<li>Neutralisiert Cyanid, Ammoniak, Nitrit, und Harnstoff.<\/li>\n<li>Verringerung und Abbau von Pflanzenschutzmitteln, die Erh\u00f6hung der Qualit\u00e4t der Pflanzen und die Fr\u00fcchte. Ideal f\u00fcr die Umstellung auf \u00d6kologischen Landbau.<\/li>\n<li>Fr\u00fcchte, die eine einheitliche, kompakte, starke, gr\u00f6\u00dfer und lebendige Farben.<\/li>\n<li>Dank einer mehr Reich an Zucker sind, die Fr\u00fcchte mit mehr Geruch und geschmackvoller.<\/li>\n<li>Erh\u00f6hte Haltbarkeit der Fr\u00fcchte in normalen Umgebungsbedingungen, ohne die Zugabe von Chemikalien.<\/li>\n<\/ul>\n<p><img loading=\"lazy\" decoding=\"async\" class=\"size-medium wp-image-3076 aligncenter\" src=\"https:\/\/serviozono.com\/wp-content\/uploads\/2024\/08\/aumenta-rendimiento-con-el-ozono-640x308.jpg\" alt=\"\" width=\"640\" height=\"308\" srcset=\"https:\/\/serviozono.com\/wp-content\/uploads\/2024\/08\/aumenta-rendimiento-con-el-ozono-640x308.jpg 640w, https:\/\/serviozono.com\/wp-content\/uploads\/2024\/08\/aumenta-rendimiento-con-el-ozono-768x370.jpg 768w, https:\/\/serviozono.com\/wp-content\/uploads\/2024\/08\/aumenta-rendimiento-con-el-ozono-18x9.jpg 18w, https:\/\/serviozono.com\/wp-content\/uploads\/2024\/08\/aumenta-rendimiento-con-el-ozono-320x154.jpg 320w, https:\/\/serviozono.com\/wp-content\/uploads\/2024\/08\/aumenta-rendimiento-con-el-ozono-600x289.jpg 600w, https:\/\/serviozono.com\/wp-content\/uploads\/2024\/08\/aumenta-rendimiento-con-el-ozono.jpg 882w\" sizes=\"auto, (max-width: 640px) 100vw, 640px\" \/><\/p>\n<p>&nbsp;<\/p>\n<h3 style=\"text-align: center;\">Keimt\u00f6tende Wirkung oder mikrobizid Ozon<\/h3>\n<p>Durch die Mikrobe bedeutet, dass jede form von Leben, die kann nicht gesehen werden durch die menschliche Auge, sondern durch die Verwendung von Mikroskop. Diese Lebewesen bleiben auf allen Arten von Oberfl\u00e4chen oder in der Luft schweben im Zusammenhang mit Teilchen von Staub oder Wasser Tr\u00f6pfchen in der Schwebe, als die Ursache aller Arten von ansteckenden Krankheiten, vor allem in geschlossenen Orten. Diese Mikro-Organismen, die aufgrund Ihrer F\u00e4higkeit zu verursachen infekti\u00f6se Krankheiten sind als Krankheitserreger.<\/p>\n<p>Ozon ist die nur antiseptisch voll (Viren, Bakterien, Prionen, Pilze, Hefen, Sporen, Protozoen,...), die leicht zerst\u00f6rt die \u00fcbertragung von Krankheitserregern wie E. coli und Salmonellen, die von der Umwelt, verhindert das auftreten von Schimmel und anderen Pilzen.<\/p>\n<p>Mikroorganismen nicht entwickeln k\u00f6nnen, eine Immunit\u00e4t gegen das Ozon, da es oxidiert die Membran der zellul\u00e4ren protein, das ist zu sagen, dass oxidiert seiner Zelle Wand, die von Rissen und direkt angreift, den Bausteinen der Nukleins\u00e4uren (DNA und RNA).<\/p>\n<h3>Die bakterizide Wirkung von Ozon<\/h3>\n<p>Einer der wichtigsten Vorteile von Ozon gegen\u00fcber anderen bakteriziden ist, dass seine Wirkung zeigt sich bei niedrigen Konzentrationen (0,01 bis p. m. oder weniger). Auch mit Perioden von sehr kurzer Belichtungszeit, eine bakteriostatische Wirkung und ist perfekt beobachten.<\/p>\n<p>Der Unterschied zwischen eine bakterizide Wirkung und eine bakteriostatische Wirkung, die eine bakterizide agent ist in der Lage zu t\u00f6ten Bakterien und doch eine bakteriostatische Mittel nicht bekommen, Sie zu t\u00f6ten, aber wenn es verhindert, dass Sie spielen, verlangsamt sich die Entwicklung Ihrer Populationen.<\/p>\n<p>Obwohl theoretisch sehr unterschiedliche Wirkungen in der Praxis, die eine Bev\u00f6lkerung von Bakterien ohne reproduktionsf\u00e4higkeit einer population ist dazu verdammt, zu verschwinden. In der Tat, antimikrobielle Wirkstoffe so wichtig wie einige Antibiotika beruht Ihre macht auf eine bakteriostatische Aktion.<\/p>\n<p>&nbsp;<\/p>\n<p><img loading=\"lazy\" decoding=\"async\" class=\"wp-image-3077 aligncenter\" src=\"https:\/\/serviozono.com\/wp-content\/uploads\/2024\/08\/paste261.jpg\" alt=\"\" width=\"304\" height=\"242\" srcset=\"https:\/\/serviozono.com\/wp-content\/uploads\/2024\/08\/paste261.jpg 200w, https:\/\/serviozono.com\/wp-content\/uploads\/2024\/08\/paste261-15x12.jpg 15w\" sizes=\"auto, (max-width: 304px) 100vw, 304px\" \/><\/p>\n<div class=\"et_pb_module et_pb_text et_pb_text_2 et_pb_text_align_left et_pb_bg_layout_light\">\n<div class=\"et_pb_text_inner\">\n<p>&nbsp;<\/p>\n<h3>Wirkung viricida Ozon<\/h3>\n<p>Das virus gilt als die Grenze zwischen Lebewesen und leblose Materie, sind nicht in der Lage, um zu Leben oder zu vervielf\u00e4ltigen, wenn es nicht parasitierend den Zellen, die schlie\u00dflich zerst\u00f6rt. Im Gegensatz zu Bakterien, bleibt ein R\u00e4tsel, und es wird angenommen, dass Sie sind immer sch\u00e4dlich, verursacht Krankheiten so verbreitet wie die Grippe, die Erk\u00e4ltung, Masern, Pocken, Windpocken, R\u00f6teln, polio -, hepatitis -, etc.<\/p>\n<p>Ozon wirkt auf das virus zu gehen, auf seine H\u00fclle Proteine, und damit auch die Ver\u00e4nderung Ihrer dreidimensionalen Struktur. Wenn dies Auftritt, kann das virus nicht an jedem host cell, wodurch gehemmt. Ohne die Anerkennung seiner Ankerpunkt und ausgecheckt werden, es kann nicht reproduzieren und stirbt.<\/p>\n<p>&nbsp;<\/p>\n<\/div>\n<\/div>\n<p><img loading=\"lazy\" decoding=\"async\" class=\"wp-image-3078 aligncenter\" src=\"https:\/\/serviozono.com\/wp-content\/uploads\/2024\/08\/paste260.jpg\" alt=\"\" width=\"280\" height=\"263\" srcset=\"https:\/\/serviozono.com\/wp-content\/uploads\/2024\/08\/paste260.jpg 200w, https:\/\/serviozono.com\/wp-content\/uploads\/2024\/08\/paste260-13x12.jpg 13w\" sizes=\"auto, (max-width: 280px) 100vw, 280px\" \/><\/p>\n<p>&nbsp;<\/p>\n<h3>Fungizide Wirkung von Ozon<\/h3>\n<p>Es gibt bestimmte Arten von Pilzen, die die F\u00e4higkeit haben, die Krankheiten verursachen. Viele andere sind in der Lage zu verursachen Ver\u00e4nderungen in unseren Lebensmitteln, so dass Sie nicht akzeptabel f\u00fcr Konsum, wie bei der Form.<\/p>\n<p>Mit ozonung, entfernen wir diese Formen pathogene, deren Sporen werden in alle Arten von Umgebungen, um zu vermeiden, m\u00f6glich, die Zelle Schaden.<\/p>\n<p>&nbsp;<\/p>\n<p><img loading=\"lazy\" decoding=\"async\" class=\"wp-image-3079 aligncenter\" src=\"https:\/\/serviozono.com\/wp-content\/uploads\/2024\/08\/paste263.jpg\" alt=\"\" width=\"323\" height=\"226\" srcset=\"https:\/\/serviozono.com\/wp-content\/uploads\/2024\/08\/paste263.jpg 200w, https:\/\/serviozono.com\/wp-content\/uploads\/2024\/08\/paste263-18x12.jpg 18w\" sizes=\"auto, (max-width: 323px) 100vw, 323px\" \/><\/p>\n<p>&nbsp;<\/p>\n<h3>Wirkung von JOD in der Ozon -<\/h3>\n<p>Es gibt einige Pilze und Bakterien, die, wenn die Bedingungen nachteilig auf seine Entwicklung, produzieren eine Dicke wrap um Sie herum und l\u00e4hmen Ihre metabolische Aktivit\u00e4t, die restlichen in einem Zustand der Latenz. Wenn die Bedingungen f\u00fcr Ihr \u00fcberleben geworden g\u00fcnstigen, Ihren Stoffwechsel zu erholen die Aktivit\u00e4t.<\/p>\n<p>Diese Formen von Widerstand sind bekannt als Sporen und sind typisch f\u00fcr Bakterien als Krankheitserreger wie jene, tetanus, Gangr\u00e4n, Botulismus oder Milzbrand.<\/p>\n<p>Diese Art von Widerstand Mechanismus macht es sehr schwer, gegen Sie zu k\u00e4mpfen und Behandlungen in anderen F\u00e4llen n\u00fctzlich, da hohe Temperaturen und eine Vielzahl von Antibiotika, Sie sind unwirksam in diesen F\u00e4llen. Mit ozonung, diese Mikro-Organismen werden radikal entfernt.<\/p>\n<p>&nbsp;<\/p>\n<p><img loading=\"lazy\" decoding=\"async\" class=\"wp-image-3080 aligncenter\" src=\"https:\/\/serviozono.com\/wp-content\/uploads\/2024\/08\/paste262.jpg\" alt=\"\" width=\"309\" height=\"246\" srcset=\"https:\/\/serviozono.com\/wp-content\/uploads\/2024\/08\/paste262.jpg 200w, https:\/\/serviozono.com\/wp-content\/uploads\/2024\/08\/paste262-15x12.jpg 15w\" sizes=\"auto, (max-width: 309px) 100vw, 309px\" \/><\/p>\n<p>&nbsp;<\/p>\n<h3>Wirkung protozoicida Ozon<\/h3>\n<p>Einige der Mikroorganismen, wie z.B. Giardia lamblia, oder die ber\u00fcchtigten Cryptosporidium, wodurch die Mehrheit der Durchfall, die erworben werden, die Tag Sie besuchen ein Schwimmbad, Leben in fast allen Gew\u00e4ssern, die nicht der Behandlung durch Ozon. Sie hat auch kommen zu infizieren Tausende von Wasser-Benutzer der \u00f6ffentlichen Netze der gro\u00dfen urbanen Zentren. Wir k\u00f6nnen Ozon als nur Desinfektionsmittel, die ist g\u00fcltig f\u00fcr Ihre Entfernung.<\/p>\n<p>&nbsp;<\/p>\n<p><img loading=\"lazy\" decoding=\"async\" class=\"wp-image-3081 aligncenter\" src=\"https:\/\/serviozono.com\/wp-content\/uploads\/2024\/08\/paste439.jpg\" alt=\"\" width=\"293\" height=\"266\" srcset=\"https:\/\/serviozono.com\/wp-content\/uploads\/2024\/08\/paste439.jpg 150w, https:\/\/serviozono.com\/wp-content\/uploads\/2024\/08\/paste439-13x12.jpg 13w\" sizes=\"auto, (max-width: 293px) 100vw, 293px\" \/><\/p>\n<p>&nbsp;<\/p>\n<h3>Wirkung priocida Ozon<\/h3>\n<p>Ein prion ist ein infekti\u00f6ser Partikel gebildet, indem ein protein namens prion, die Ursachen der degenerativen neurologischen Krankheiten (ncds) wie scrapie, Creutzfeldt-Jakob-Krankheit und bovine spongiforme Enzephalopathie.<\/p>\n<p>Die Behandlung mit Ozon beseitigen diese form der Ansteckung in alle Arten von Umgebungen, um zu vermeiden, m\u00f6glich, die Zelle Schaden.<\/p>\n<p>&nbsp;<\/p>\n<p><img loading=\"lazy\" decoding=\"async\" class=\"wp-image-3082 aligncenter\" src=\"https:\/\/serviozono.com\/wp-content\/uploads\/2024\/08\/paste932.jpg\" alt=\"\" width=\"351\" height=\"244\" srcset=\"https:\/\/serviozono.com\/wp-content\/uploads\/2024\/08\/paste932.jpg 200w, https:\/\/serviozono.com\/wp-content\/uploads\/2024\/08\/paste932-18x12.jpg 18w\" sizes=\"auto, (max-width: 351px) 100vw, 351px\" \/><\/p>\n<p>&nbsp;<\/p>\n<h3 style=\"text-align: center;\">Die Kontamination von B\u00f6den<\/h3>\n<h5>F\u00fcr die Landwirtschaft k\u00f6nnen wir pr\u00fcfen, dass der Boden wirkt wie ein reservoir von mineralischen N\u00e4hrstoffe erforderlich durch Pflanzen.<\/h5>\n<p>Absorbieren die Pflanzen wichtige Mineralien durch anorganische Ionen im Wasser gel\u00f6st sind. Wenn diese mineralischen N\u00e4hrstoffe in der Erde gespeichert in Wasser aufl\u00f6sen, den Wurzeln der pflanze, die durch Ihre Wurzel-Haare, sind in der Lage, zu absorbieren, zu transportieren, das mineral \u00fcber die Rinde der Wurzel zu erreichen, der endodermis, von wo aus es verteilt sich auf den rest der pflanze.<\/p>\n<p>Es gibt 13 Elemente als wichtigen Mineralien, die durch Ihre Wirkung auf die Pflanzen, und diese sind: Stickstoff, Kalium, Phosphor, Kalzium, Magnesium, Schwefel, Eisen, Mangan, Zink, Bor, Kupfer, Silizium und Molybd\u00e4n, und sind Teil der N\u00e4hrstoff L\u00f6sung, die in Hydrokultur wachsen. Zur Aufrechterhaltung der balance zwischen den N\u00e4hrstoffen wird wesentlich sein, um die beste Leistung erzielen, in den landwirtschaftlichen Betrieb.<\/p>\n<p>B\u00f6den kontaminiert werden kann und geringe Produktivit\u00e4t f\u00fcr mehrere Gr\u00fcnde:<\/p>\n<ul>\n<li>Mikroorganismen, die Krankheiten verursachen, zu Pflanzen. Die Organismen, die anaerobe (Leben ohne Sauerstoff) sind verantwortlich f\u00fcr rot und Pflanzen kontaminieren. Wiederholte Kultivierung erreicht eine Last von diesen Erregern B\u00f6den, agot\u00e1ndolos Ernte nach der Ernte. Das \u00fcbersch\u00fcssige Bew\u00e4sserung, die Verwendung von regeneriertem Wasser und \u00fcberschwemmungen, vermehren sich alle Arten von Pilzen und anaeroben Mikroorganismen, die die F\u00e4higkeit des Bodens f\u00fcr landwirtschaftliche Anwendungen. Niedrigere rate von Sauerstoff in der Erde, die eine gr\u00f6\u00dfere Anzahl von Mikroorganismen, die zur Wurzelf\u00e4ule f\u00fchren, in der Kulturen.<\/li>\n<li>Durch die Verwendung von Grundwasser, die degradiert die Qualit\u00e4t dieser B\u00f6den. Die Ionen aufbauen, wodurch die Alkalit\u00e4t oder H\u00f6he des Elements Natrium, Bor, etc. Kontamination, F\u00e4kalien und E. coli kann auch zu ernsthaften Problemen f\u00fchren, vor allem in consumer-Produkten in der roh wie Salat.<\/li>\n<\/ul>\n<p>&nbsp;<\/p>\n<p><img loading=\"lazy\" decoding=\"async\" class=\"wp-image-3083 aligncenter\" src=\"https:\/\/serviozono.com\/wp-content\/uploads\/2024\/08\/paste1788.jpg\" alt=\"\" width=\"479\" height=\"325\" srcset=\"https:\/\/serviozono.com\/wp-content\/uploads\/2024\/08\/paste1788.jpg 354w, https:\/\/serviozono.com\/wp-content\/uploads\/2024\/08\/paste1788-18x12.jpg 18w, https:\/\/serviozono.com\/wp-content\/uploads\/2024\/08\/paste1788-320x217.jpg 320w\" sizes=\"auto, (max-width: 479px) 100vw, 479px\" \/><\/p>\n<p>&nbsp;<\/p>\n<h3 style=\"text-align: center;\">Die Bew\u00e4sserung mit Ozon in der Landwirtschaft<\/h3>\n<p>Die Pflanzen bestehen aus 80% Wasser, bilden, daher, seine wichtigsten Komponente. Zu den wichtigsten Beitrag der N\u00e4hrstoffe zu den Pflanzen, die Wasser f\u00fcr die Bew\u00e4sserung sollte nicht untersch\u00e4tzt werden, denn die endg\u00fcltige Produktion h\u00e4ngt von der Qualit\u00e4t des Wassers.<\/p>\n<p>&nbsp;<\/p>\n<p><img loading=\"lazy\" decoding=\"async\" class=\"wp-image-3084 aligncenter\" src=\"https:\/\/serviozono.com\/wp-content\/uploads\/2024\/08\/goteo.jpg\" alt=\"\" width=\"651\" height=\"339\" srcset=\"https:\/\/serviozono.com\/wp-content\/uploads\/2024\/08\/goteo.jpg 311w, https:\/\/serviozono.com\/wp-content\/uploads\/2024\/08\/goteo-18x9.jpg 18w\" sizes=\"auto, (max-width: 651px) 100vw, 651px\" \/><\/p>\n<p>&nbsp;<\/p>\n<p>Die Ozonierung in der Bew\u00e4sserung f\u00fcr die Jahre, sowohl in intensivkulturen, Gew\u00e4chshaus, als in umfangreichen oder offenen Feld, ist es profitiert die ganze Klasse von Pflanzungen von Gem\u00fcse, Obstb\u00e4umen, Olivenhainen, Weinbergen, etc., Die ozonisiertes Wasser ist verwendet in<strong>\u00a0alle Arten von Nutzpflanzen, sowohl konventionelle als auch Bio -<\/strong>angewendet, um die Bew\u00e4sserung von\u00a0<strong>sprinkler, micro sprinkler, Tropf -, Oberfl\u00e4chen-Bew\u00e4sserung, oder durch Schwerkraft, Wasser und beschlagen<\/strong>. Mit Ozon, angebaut werden k\u00f6nnen in eine v\u00f6llig organische, unbeschadet der Profitabilit\u00e4t der Ausbeutung, sondern im Gegenteil, machen es zu erh\u00f6hen.<\/p>\n<p>In der konventionellen Landwirtschaft, organische verbindungen im Boden umgewandelt werden, mineralischen N\u00e4hrstoffen durch physikalisch-Chemische Prozesse und langsamer durch biologische Prozesse, durch die humus. Ozon beschleunigt die Mineralisierung ohne die Notwendigkeit der Verwendung von anderen Agenten, durch die Umwandlung der organischen Substanz in B\u00f6den, die Reich an N\u00e4hrstoffen f\u00fcr die Pflanzen. Ozon erh\u00f6ht und erh\u00e4lt die Fruchtbarkeit der B\u00f6den Mittel-und langfristig.<\/p>\n<p>Die hohe Qualit\u00e4t des Wassers, die mit Ozon erleichtern das verd\u00fcnnen Sie besser die L\u00f6slichen N\u00e4hrstoffe, die sind dann absorbiert durch die Wurzeln, so dass zu reduzieren die Wasser Verbrauch, speichern auf Ihren Einsatz.<\/p>\n<p>Es ist wichtig zu beachten, dass je gr\u00f6\u00dfer der Verwendung von G\u00fclle, Jauche oder lisier als D\u00fcnger ist, desto gr\u00f6\u00dfer ist die Gefahr einer biologischen Kontamination durch Mikroorganismen wie Escherichia coli O157:H7. Um effektiv zu entfernen, E. coli und andere pathogene in Wasser Inhalt, die Ozon-Grenzwerte das Risiko. Um zu desinfizieren, k\u00f6nnen Sie auch ozonizarse die G\u00fclle, die sehr viel wirksamer als l\u00fcften Sie.<\/p>\n<p>Krankheiten, die durch Pilze verursacht sind, wie beispielsweise Rhizoctonia, Fusarium, Phytophthora, Pythium, Krankheit des Sch\u00fcrens von der Rebe, etc, sind ausgerottet, die mit der Ozonierung. Es ist bekannt, die macht der Trichodermas, die in den Abbau von mehreren Gruppen von Pestiziden, von hoher-Festigkeit, unter denen sich auch organochlorines. Obwohl beide bleiben mit der Ozonierung verlassen wir uns ganz auf die Mykorrhiza und die Trichodermas, eine Gruppe von Pilzen, die sich in B\u00f6den, die ausgewogen sind und die spielen eine wichtige kollaborative Rolle und pflanze Verteidigung, vor allem gegen Nematoden. Auch kommen wir zu verzichten mit dem Pilz Beauveria Bassiana (fr\u00fcher unter dem Namen Botrytis bassiana), verwendet als ein biologisches Insektizid.<\/p>\n<h3 style=\"text-align: center;\">Wie wollen Sie das erreichen?<\/h3>\n<h5>Das Wasser mit Ozon behandelt, f\u00fchrt Sie zu den Wurzeln durch Bew\u00e4sserung.<\/h5>\n<ul>\n<li><strong>Salden Kolonien, wodurch Mikroorganismen<\/strong>aus : es entfernt Pilze, Viren, Bakterien und andere Mikroorganismen, die behindern die absorption von N\u00e4hrstoffen, und neigen dazu, zu begrenzen deren Wachstum.<\/li>\n<\/ul>\n<ul>\n<li><strong>Control insect<\/strong>: seine antibakterielle Wirkung verhindert, dass Insekten von der Reproduktion und Verbreitung der Pest, die sensibel auf Ozon, dass die Zysten, Eier und Larven.<\/li>\n<\/ul>\n<ul>\n<li><strong>Reichert den Boden<\/strong>: mit Wasser, das Substrat zu verlieren Sauerstoff. Verwenden ozonisiertes Wasser, die Wurzeln nehmen das Wasser mit mehr Preisen von Sauerstoff, etwas, das wird beleben Sie Ihre gesamte Struktur ab, wird Ihnen helfen, Wurzeln zu schlagen und schneller entwickeln.<\/li>\n<\/ul>\n<p>&nbsp;<\/p>\n<p><img loading=\"lazy\" decoding=\"async\" class=\"wp-image-3085 aligncenter\" src=\"https:\/\/serviozono.com\/wp-content\/uploads\/2024\/08\/regadio-aspersion-w1.png\" alt=\"\" width=\"491\" height=\"307\" srcset=\"https:\/\/serviozono.com\/wp-content\/uploads\/2024\/08\/regadio-aspersion-w1.png 400w, https:\/\/serviozono.com\/wp-content\/uploads\/2024\/08\/regadio-aspersion-w1-18x12.png 18w, https:\/\/serviozono.com\/wp-content\/uploads\/2024\/08\/regadio-aspersion-w1-320x200.png 320w\" sizes=\"auto, (max-width: 491px) 100vw, 491px\" \/><\/p>\n<p>&nbsp;<\/p>\n<p>Der Umgang mit gef\u00e4hrlichen Chemikalien, die von Landwirten, die Ursachen oder die chronische Exposition gegen\u00fcber hohen Konzentrationen von bestimmten Pestiziden und kann zu Sch\u00e4den am Nervensystem, Nieren, Leber und Gehirn, nicht etwas, das geschieht durch die Arbeit mit der Ozonierung.<\/p>\n<p>Die Bew\u00e4sserung mit Ozon Reparaturen degradierte B\u00f6den und kontaminierten Erreger, durch ransoming Sie und bereitet Sie f\u00fcr die neue Saison. Die Ozon bringt ein Ende zu Sch\u00e4dlings-Probleme und wiederkehrende bereits au\u00dfer Kontrolle.<\/p>\n<div class=\"et_pb_testimonial_description_inner\">\n<div class=\"et_pb_testimonial_content\"><\/div>\n<\/div>\n<h3 style=\"text-align: center;\">Das Ozon in der Vorbereitung des Bodens<\/h3>\n<p>Es ist bekannt, dass eine gute Vorbereitung des Bodens, einen Beitrag zur Erh\u00f6hung der landwirtschaftlichen Produktion von bis zu 30%, zu erreichen und \u00fcberwinden diese Ertr\u00e4ge mehr leicht wenn Sie verwenden ozonisiertes Wasser. Unter den Vorteilen, die durch die Ozon in die Vorbereitung des Bodens k\u00f6nnen hervorgehoben werden:<\/p>\n<ul>\n<li>Verbessert den Fluss des Wassers und der Luft, verhindert es die Bildung von auf dem Boden hart Ebenen begrenzen das eindringen und Wachstum der Wurzeln, und die Verbesserung der Erosionsbest\u00e4ndigkeit.<\/li>\n<li>Durch die Einbindung als D\u00fcnger organische wasserinhaltsstoffe, erh\u00f6ht die Verf\u00fcgbarkeit von N\u00e4hrstoffen, die Verbesserung der Bodenfruchtbarkeit.<\/li>\n<li>All dies wird helfen zur Optimierung der regimes der Temperatur und der Bodenfeuchte.<\/li>\n<li>Verhindert die Bildung der Dichtfl\u00e4che des Bodens.<\/li>\n<\/ul>\n<p>&nbsp;<\/p>\n<p><img loading=\"lazy\" decoding=\"async\" class=\"wp-image-3086 aligncenter\" src=\"https:\/\/serviozono.com\/wp-content\/uploads\/2024\/08\/paste2030.jpg\" alt=\"\" width=\"610\" height=\"333\" srcset=\"https:\/\/serviozono.com\/wp-content\/uploads\/2024\/08\/paste2030.jpg 427w, https:\/\/serviozono.com\/wp-content\/uploads\/2024\/08\/paste2030-18x10.jpg 18w, https:\/\/serviozono.com\/wp-content\/uploads\/2024\/08\/paste2030-320x175.jpg 320w\" sizes=\"auto, (max-width: 610px) 100vw, 610px\" \/><\/p>\n<p><strong>\u00a0 \u00a0 \u00a0 <\/strong><\/p>\n<h4>Technische Merkmale<\/h4>\n<p>&nbsp;<\/p>\n<table>\n<tbody>\n<tr bgcolor=\"#f0f0f0\">\n<td>Modell<\/td>\n<td>F\u00fcr Einlagen von Wasser<\/td>\n<td>Produktion O3\/h<\/td>\n<td><\/td>\n<\/tr>\n<tr>\n<td>U. MULTIAGRO-16G<\/td>\n<td>Von 3000 Bis 5000 Liter<\/td>\n<td>16.000 mg<\/td>\n<td><\/td>\n<\/tr>\n<\/tbody>\n<\/table>\n<p>&nbsp;<\/p>\n<p>&nbsp;<\/p>","protected":false},"excerpt":{"rendered":"<p>Einheit Multiagro zu 16.000 mg mit <strong>Nanotechnologie<\/strong> Verbesserung der Mischung, f\u00fcr Einlagen von 2000 bis 4000 Liter<\/p>","protected":false},"featured_media":3088,"template":"","meta":[],"product_brand":[],"product_cat":[136],"product_tag":[],"class_list":{"0":"post-3093","1":"product","2":"type-product","3":"status-publish","4":"has-post-thumbnail","6":"product_cat-multiagro","8":"first","9":"instock","10":"sale","11":"taxable","12":"shipping-taxable","13":"purchasable","14":"product-type-simple"},"_links":{"self":[{"href":"https:\/\/serviozono.com\/de\/wp-json\/wp\/v2\/product\/3093","targetHints":{"allow":["GET"]}}],"collection":[{"href":"https:\/\/serviozono.com\/de\/wp-json\/wp\/v2\/product"}],"about":[{"href":"https:\/\/serviozono.com\/de\/wp-json\/wp\/v2\/types\/product"}],"wp:featuredmedia":[{"embeddable":true,"href":"https:\/\/serviozono.com\/de\/wp-json\/wp\/v2\/media\/3088"}],"wp:attachment":[{"href":"https:\/\/serviozono.com\/de\/wp-json\/wp\/v2\/media?parent=3093"}],"wp:term":[{"taxonomy":"product_brand","embeddable":true,"href":"https:\/\/serviozono.com\/de\/wp-json\/wp\/v2\/product_brand?post=3093"},{"taxonomy":"product_cat","embeddable":true,"href":"https:\/\/serviozono.com\/de\/wp-json\/wp\/v2\/product_cat?post=3093"},{"taxonomy":"product_tag","embeddable":true,"href":"https:\/\/serviozono.com\/de\/wp-json\/wp\/v2\/product_tag?post=3093"}],"curies":[{"name":"wp","href":"https:\/\/api.w.org\/{rel}","templated":true}]}}