{"id":150,"date":"2019-12-30T11:36:54","date_gmt":"2019-12-30T11:36:54","guid":{"rendered":"http:\/\/denticare.bold-themes.com\/michelle\/?page_id=150"},"modified":"2022-11-28T14:41:25","modified_gmt":"2022-11-28T14:41:25","slug":"preguntas-frecuentes","status":"publish","type":"page","link":"https:\/\/serviozono.com\/en\/preguntas-frecuentes\/","title":{"rendered":"Preguntas Frecuentes"},"content":{"rendered":"<section id=\"bt_bb_section69f25a73c6c07\" class=\"bt_bb_section bt_bb_layout_boxed_1200 bt_bb_vertical_align_top bt_bb_top_spacing_medium bt_bb_bottom_spacing_medium\"  data-bt-override-class=\"null\"><div class=\"bt_bb_port\"><div class=\"bt_bb_cell\"><div class=\"bt_bb_cell_inner\"><div class=\"bt_bb_row\"  data-bt-override-class=\"{}\"><div class=\"bt_bb_row_holder\" ><div  class=\"bt_bb_column col-xxl-6 col-xl-6 bt_bb_vertical_align_top bt_bb_align_left bt_bb_padding_normal bt_bb_animation_fade_in move_up animate\"  data-width=\"6\" data-bt-override-class=\"{}\"><div class=\"bt_bb_column_content\"><div class=\"bt_bb_separator bt_bb_border_style_none bt_bb_top_spacing_extra_small bt_bb_bottom_spacing_none\" data-bt-override-class=\"{&quot;bt_bb_top_spacing_&quot;:{&quot;current_class&quot;:&quot;bt_bb_top_spacing_extra_small&quot;,&quot;def&quot;:&quot;extra_small&quot;,&quot;xl&quot;:&quot;extra_small&quot;},&quot;bt_bb_bottom_spacing_&quot;:{&quot;current_class&quot;:&quot;bt_bb_bottom_spacing_none&quot;,&quot;def&quot;:&quot;none&quot;,&quot;xl&quot;:&quot;none&quot;}}\"><\/div><header class=\"bt_bb_headline bt_bb_font_weight_bold bt_bb_color_scheme_7 bt_bb_dash_none bt_bb_size_large bt_bb_align_inherit bt_bb_dash_type_none\" style=\"; --primary-color:#104a8f; --secondary-color:#191919;\" data-bt-override-class=\"{&quot;bt_bb_size_&quot;:{&quot;current_class&quot;:&quot;bt_bb_size_large&quot;,&quot;def&quot;:&quot;large&quot;,&quot;xl&quot;:&quot;large&quot;},&quot;bt_bb_align_&quot;:{&quot;current_class&quot;:&quot;bt_bb_align_inherit&quot;,&quot;def&quot;:&quot;inherit&quot;,&quot;xl&quot;:&quot;inherit&quot;}}\"><h3 style=\"font-size:4.063em\" class=\"bt_bb_headline_tag\"><span class=\"bt_bb_headline_content\"><span><small><u>Preguntas<\/u><\/small><br \/><br \/>\nFrecuentes<\/span><\/span><\/h3><\/header><div class=\"bt_bb_separator bt_bb_border_style_none bt_bb_top_spacing_extra_small bt_bb_bottom_spacing_small\" data-bt-override-class=\"null\"><\/div><div  class=\"bt_bb_text\" ><\/p>\n<p>Antes de realizar una compra, puedes resolver todas tus dudas en nuestro apartado <strong>\u00abpreguntas frecuentes\u00bb,<\/strong> Si tienes una pregunta puntal, visita nuestra p\u00e1gina de contacto o escribirnos a <span style=\"color: #000080;\"><a style=\"color: #000080;\" href=\"mailto:info@serviozono.com\"><strong>info@serviozono.com<\/strong><\/a><\/span><\/p>\n<p>\n<\/div><div class=\"bt_bb_separator bt_bb_border_style_none bt_bb_top_spacing_extra_small bt_bb_bottom_spacing_small\" data-bt-override-class=\"{&quot;bt_bb_top_spacing_&quot;:{&quot;current_class&quot;:&quot;bt_bb_top_spacing_extra_small&quot;,&quot;def&quot;:&quot;extra_small&quot;,&quot;xl&quot;:&quot;extra_small&quot;},&quot;bt_bb_bottom_spacing_&quot;:{&quot;current_class&quot;:&quot;bt_bb_bottom_spacing_small&quot;,&quot;def&quot;:&quot;small&quot;,&quot;xl&quot;:&quot;small&quot;}}\"><\/div><\/div><\/div><div  class=\"bt_bb_column col-xxl-6 col-xl-6 bt_bb_vertical_align_top bt_bb_align_left bt_bb_padding_normal\"  data-width=\"6\" data-bt-override-class=\"{}\"><div class=\"bt_bb_column_content\"><\/div><\/div><\/div><\/div><div class=\"bt_bb_row\"  data-bt-override-class=\"{}\"><div class=\"bt_bb_row_holder\" ><div  class=\"bt_bb_column col-xxl-12 col-xl-12 col-xs-12 col-sm-12 col-md-12 col-lg-12 bt_bb_vertical_align_top bt_bb_align_left bt_bb_padding_normal\"  data-width=\"12\" data-bt-override-class=\"{}\"><div class=\"bt_bb_column_content\"><div class=\"bt_bb_separator bt_bb_border_style_none bt_bb_top_spacing_none bt_bb_bottom_spacing_none\" data-bt-override-class=\"{&quot;bt_bb_top_spacing_&quot;:{&quot;current_class&quot;:&quot;bt_bb_top_spacing_none&quot;,&quot;def&quot;:&quot;none&quot;,&quot;xl&quot;:&quot;none&quot;},&quot;bt_bb_bottom_spacing_&quot;:{&quot;current_class&quot;:&quot;bt_bb_bottom_spacing_none&quot;,&quot;def&quot;:&quot;none&quot;,&quot;xl&quot;:&quot;none&quot;}}\"><\/div><div  class=\"bt_bb_text\" ><\/p>\n<h3 style=\"text-align: center;\">Products<\/h3>\n<p>\n<\/div><div class=\"bt_bb_accordion bt_bb_color_scheme_4 bt_bb_style_outline bt_bb_shape_square\" style=\"; --accordion-primary-color:#81bc29; --accordion-secondary-color:#ffffff;\"><div class=\"bt_bb_accordion_item\"><div class=\"bt_bb_accordion_item_title\">\u00bfC\u00f3mo buscar un producto?<\/div><div class=\"bt_bb_accordion_item_content\"><div  class=\"bt_bb_text\" ><\/p>\n<ul>\n<li>Introducir el texto a buscar en el buscador y pulsar sobre el bot\u00f3n Buscar.<\/li>\n<li>A trav\u00e9s de las diferentes categor\u00edas que puede encontrar en la parte superior de la web.<\/li>\n<li>Utilizando los tres filtros. Aparecer\u00e1 un desplegable en cada una de los filtros con varias opciones, seg\u00fan seleccione estas aparecer\u00e1 los productos que m\u00e1s se ajusten a esa b\u00fasqueda.<\/li>\n<\/ul>\n<p>\n<\/div><\/div><\/div><div class=\"bt_bb_accordion_item\"><div class=\"bt_bb_accordion_item_title\">\u00bfC\u00f3mo se si un producto esta en stock?<\/div><div class=\"bt_bb_accordion_item_content\"><div  class=\"bt_bb_text\" ><\/p>\n<ul>\n<li>ServiOzono.es est\u00e1 conectado el fabricante proveedor<strong>\u00a0TOP OZONO<\/strong>. Usted \u00fanicamente podr\u00e1 adquirir un art\u00edculo cuando est\u00e9 en stock. En la ficha de producto aparecer\u00e1 si es posible comprarlo o no, adem\u00e1s del plazo de entrega aproximado.<\/li>\n<\/ul>\n<p>\n<\/div><\/div><\/div><div class=\"bt_bb_accordion_item\"><div class=\"bt_bb_accordion_item_title\">\u00bfDispone ServiOzono de informaci\u00f3n t\u00e9cnica de cada producto?<\/div><div class=\"bt_bb_accordion_item_content\"><div  class=\"bt_bb_text\" ><\/p>\n<ul>\n<li>ServiOzono.es pone a su disposici\u00f3n una ficha t\u00e9cnica de todos sus productos. Junto a la breve descripci\u00f3n de cada art\u00edculo, encontrar\u00e1 un enlace de Descargas con un PDF con sus caracter\u00edsticas.<\/li>\n<\/ul>\n<p>\n<\/div><\/div><\/div><div class=\"bt_bb_accordion_item\"><div class=\"bt_bb_accordion_item_title\">\u00bfEs posible buscar otros art\u00edculos complementarios o similares al producto que busco ?<\/div><div class=\"bt_bb_accordion_item_content\"><div  class=\"bt_bb_text\" ><\/p>\n<ul>\n<li>S\u00ed. ServiOzono le presenta, junto a la descripci\u00f3n del producto, otros productos relacionados con el art\u00edculo de su inter\u00e9s en la secci\u00f3n \u201cProductos de la misma categor\u00eda\u201d.<\/li>\n<\/ul>\n<p>\n<\/div><\/div><\/div><div class=\"bt_bb_accordion_item\"><div class=\"bt_bb_accordion_item_title\">\u00bfC\u00f3mo puedo saber que accesorios vienen con los productos?<\/div><div class=\"bt_bb_accordion_item_content\"><div  class=\"bt_bb_text\" ><\/p>\n<ul>\n<li>Tanto en la ficha de cada producto como en la descripci\u00f3n de cada uno, damos una descripci\u00f3n de los accesorios que se suministran con este. El producto se suministrar\u00e1 con los accesorios y caracter\u00edsticas descritas por el fabricante.<\/li>\n<\/ul>\n<p>\n<\/div><\/div><\/div><div class=\"bt_bb_accordion_item\"><div class=\"bt_bb_accordion_item_title\">\u00bfQu\u00e9 garant\u00eda tienen los productos de ServOzono?<\/div><div class=\"bt_bb_accordion_item_content\"><div  class=\"bt_bb_text\" ><\/p>\n<ul>\n<li>Todos los equipos y productos de ServiOzono.es tienen una\u00a0<strong>garant\u00eda total de dos a\u00f1os<\/strong>\u00a0desde la fecha de entrega del producto. El consumidor o usuario deber\u00e1 informar a ServiOzono.es de la falta de conformidad en el plazo de\u00a0<strong>dos meses<\/strong>\u00a0desde que tiene conocimiento de ella.<\/li>\n<li>En ServiOzono.es queremos para usted la mejor experiencia de compra online y su total satisfacci\u00f3n. Por ello, si su equipo se aver\u00eda, solo debe enviarnos el equipo a nuestra f\u00e1brica, nosotros valoraremos el producto y procederemos a arreglarlo o reemplazarlo por un nuevo equivalente, en el caso de que no tenga arreglo posible. Dispone de dos a\u00f1os de garant\u00eda durante los cuales el servicio t\u00e9cnico corre por nuestra cuenta.<\/li>\n<li>La garant\u00eda solamente es v\u00e1lida si el equipo o producto ha sido utilizado en las condiciones y formas detalladas en las instrucciones del equipo. En el caso de un uso incorrecto que no se ajuste a las instrucciones y correcto funcionamiento, ServiOzono.es queda totalmente eximido de cualquier responsabilidad, quedando anulada la garant\u00eda.<\/li>\n<\/ul>\n<p>\n<\/div><\/div><\/div><\/div><div class=\"bt_bb_separator bt_bb_border_style_none bt_bb_bottom_spacing_normal bt_bb_hidden_md bt_bb_hidden_lg\" data-bt-override-class=\"null\"><\/div><\/div><\/div><\/div><\/div><div class=\"bt_bb_row\"  data-bt-override-class=\"{}\"><div class=\"bt_bb_row_holder\" ><div  class=\"bt_bb_column col-xxl-12 col-xl-12 col-xs-12 col-sm-12 col-md-12 col-lg-12 bt_bb_vertical_align_top bt_bb_align_left bt_bb_padding_normal\"  data-width=\"12\" data-bt-override-class=\"{}\"><div class=\"bt_bb_column_content\"><div class=\"bt_bb_separator bt_bb_border_style_none bt_bb_top_spacing_extra_small bt_bb_bottom_spacing_none\" data-bt-override-class=\"{&quot;bt_bb_top_spacing_&quot;:{&quot;current_class&quot;:&quot;bt_bb_top_spacing_extra_small&quot;,&quot;def&quot;:&quot;extra_small&quot;,&quot;xl&quot;:&quot;extra_small&quot;},&quot;bt_bb_bottom_spacing_&quot;:{&quot;current_class&quot;:&quot;bt_bb_bottom_spacing_none&quot;,&quot;def&quot;:&quot;none&quot;,&quot;xl&quot;:&quot;none&quot;}}\"><\/div><div  class=\"bt_bb_text\" ><\/p>\n<h3 style=\"text-align: center;\">Realizar un pedido<\/h3>\n<p>\n<\/div><div class=\"bt_bb_accordion bt_bb_color_scheme_4 bt_bb_style_outline bt_bb_shape_square\" style=\"; --accordion-primary-color:#81bc29; --accordion-secondary-color:#ffffff;\"><div class=\"bt_bb_accordion_item\"><div class=\"bt_bb_accordion_item_title\">\u00bfC\u00f3mo realizar un pedido?<\/div><div class=\"bt_bb_accordion_item_content\"><div  class=\"bt_bb_text\" ><\/p>\n<ul>\n<li>En ServiOzono.es ponemos a su disposici\u00f3n una serie de videotutoriales donde le mostramos todos los pasos que debe dar para comprar en ServiOzono.es devoluci\u00f3n de compras, registro de usuarios, etc.<\/li>\n<\/ul>\n<p>\n<\/div><\/div><\/div><div class=\"bt_bb_accordion_item\"><div class=\"bt_bb_accordion_item_title\">\u00bfC\u00f3mo puedo pagar?<\/div><div class=\"bt_bb_accordion_item_content\"><div  class=\"bt_bb_text\" ><\/p>\n<ul>\n<li>En ServiOzono.es ponemos a su disposici\u00f3n varias formas de pago totalmente confidenciales y seguras: Tarjetas de cr\u00e9dito y d\u00e9bito, dep\u00f3sito bancario y Transferencia.<\/li>\n<\/ul>\n<p>\n<\/div><\/div><\/div><div class=\"bt_bb_accordion_item\"><div class=\"bt_bb_accordion_item_title\">\u00bfQu\u00e9 hago si el pedido es rechazado?<\/div><div class=\"bt_bb_accordion_item_content\"><div  class=\"bt_bb_text\" ><\/p>\n<ul>\n<li>En este caso, aparecer\u00e1 un mensaje indicando el tipo de error por el cual ha sido rechazado el pedido, pudiendo cambiar la forma de pago que eligi\u00f3. Asimismo, si lo desea puede ponerse en contacto con nosotros por e-mail a trav\u00e9s del correo: ventas@serviozono.com o en el tel\u00e9fono (+34) 931895645<\/li>\n<\/ul>\n<p>\n<\/div><\/div><\/div><div class=\"bt_bb_accordion_item\"><div class=\"bt_bb_accordion_item_title\">\u00bfCu\u00e1ndo llegara mi pedido ?<\/div><div class=\"bt_bb_accordion_item_content\"><div  class=\"bt_bb_text\" ><\/p>\n<ul>\n<li>Si el producto est\u00e1 en stock, el plazo de entrega ser\u00e1 de 1-3 d\u00edas h\u00e1biles, siempre y cuando realice el pedido antes de las 14.00\u202fh v\u00e1lido en Espa\u00f1a (Pen\u00ednsula y Baleares).<\/li>\n<li>Las entregas para las Islas Canarias, Ceuta, Melilla y Andorra se efectuar\u00e1n en un plazo de 3 a 7 d\u00edas laborables, siempre y cuando el pedido se efect\u00fae antes de las 14:00\u202fh y el producto est\u00e9 en stock.<\/li>\n<li>Las entregas Internacional, se efectuar\u00e1n en un plazo de 7 a 15 d\u00edas laborables, siempre y cuando el pedido se efect\u00fae antes de las 14:00\u202fh y el producto est\u00e9 en stock.<\/li>\n<li>No se entregar\u00e1n pedidos los s\u00e1bados y domingos. Adem\u00e1s, debe considerar los festivos locales de cada comunidad.<\/li>\n<li>Los pedidos recibidos en s\u00e1bado, domingo y festivo se considerar\u00e1n recibidos el siguiente d\u00eda laborable.<\/li>\n<\/ul>\n<p>\n<\/div><\/div><\/div><div class=\"bt_bb_accordion_item\"><div class=\"bt_bb_accordion_item_title\">\u00bfC\u00f3mo pido la factura?<\/div><div class=\"bt_bb_accordion_item_content\"><div  class=\"bt_bb_text\" ><\/p>\n<ul>\n<li>En el momento de la compra, ServiOzono.es, enviar\u00e1 a su direcci\u00f3n de e-mail una confirmaci\u00f3n con los detalles de su compra. A trav\u00e9s de su cuenta de usuario en, ServiOzono.es podr\u00e1 ver o descargarse su factura accediendo a su \u201cHistoria y detalle de mis pedidos\u201d.<\/li>\n<\/ul>\n<p>\n<\/div><\/div><\/div><div class=\"bt_bb_accordion_item\"><div class=\"bt_bb_accordion_item_title\">\u00bfC\u00f3mo puedo saber si el pedido se efectu\u00f3 correctamente?<\/div><div class=\"bt_bb_accordion_item_content\"><div  class=\"bt_bb_text\" ><\/p>\n<ul>\n<li>Tras la compra, recibir\u00e1 un e-mail de confirmaci\u00f3n a trav\u00e9s del cual podr\u00e1 confirmar que el pedido se ha tramitado normalmente. Asimismo, estando registrado en ServiOzono.es, podr\u00e1 hacer el seguimiento de su pedido siempre que lo desee.<\/li>\n<\/ul>\n<p>\n<\/div><\/div><\/div><\/div><div class=\"bt_bb_separator bt_bb_border_style_none bt_bb_bottom_spacing_normal bt_bb_hidden_md bt_bb_hidden_lg\" data-bt-override-class=\"null\"><\/div><\/div><\/div><\/div><\/div><div class=\"bt_bb_row\"  data-bt-override-class=\"{}\"><div class=\"bt_bb_row_holder\" ><div  class=\"bt_bb_column col-xxl-12 col-xl-12 col-xs-12 col-sm-12 col-md-12 col-lg-12 bt_bb_vertical_align_top bt_bb_align_left bt_bb_padding_normal\"  data-width=\"12\" data-bt-override-class=\"{}\"><div class=\"bt_bb_column_content\"><div class=\"bt_bb_separator bt_bb_border_style_none bt_bb_top_spacing_extra_small bt_bb_bottom_spacing_none\" data-bt-override-class=\"{&quot;bt_bb_top_spacing_&quot;:{&quot;current_class&quot;:&quot;bt_bb_top_spacing_extra_small&quot;,&quot;def&quot;:&quot;extra_small&quot;,&quot;xl&quot;:&quot;extra_small&quot;},&quot;bt_bb_bottom_spacing_&quot;:{&quot;current_class&quot;:&quot;bt_bb_bottom_spacing_none&quot;,&quot;def&quot;:&quot;none&quot;,&quot;xl&quot;:&quot;none&quot;}}\"><\/div><div  class=\"bt_bb_text\" ><\/p>\n<h3 style=\"text-align: center;\">Devoluciones y anulaciones<\/h3>\n<p>\n<\/div><div class=\"bt_bb_accordion bt_bb_color_scheme_4 bt_bb_style_outline bt_bb_shape_square\" style=\"; --accordion-primary-color:#81bc29; --accordion-secondary-color:#ffffff;\"><div class=\"bt_bb_accordion_item\"><div class=\"bt_bb_accordion_item_title\">\u00bfQu\u00e9 hago si mi pedido llega en malas condiciones?<\/div><div class=\"bt_bb_accordion_item_content\"><div  class=\"bt_bb_text\" ><\/p>\n<p>Si el producto ofrece claros signos de deterioro o da\u00f1o, deber\u00e1 notificar a ServiOzono.es (ventas@serviozono.com) el da\u00f1o del mismo antes de las 48 horas posteriores a la recepci\u00f3n del pedido. Transcurridas 48 horas desde la recepci\u00f3n de la mercanc\u00eda, en caso de no existir reclamaci\u00f3n a ServiOzono.es se considerar\u00e1, a todos los efectos, como recibida correctamente.<\/p>\n<p>\n<\/div><\/div><\/div><div class=\"bt_bb_accordion_item\"><div class=\"bt_bb_accordion_item_title\">\u00bfSe puede devolver un pedido?<\/div><div class=\"bt_bb_accordion_item_content\"><div  class=\"bt_bb_text\" ><\/p>\n<ul>\n<li>S\u00ed, Usted dispone de un plazo de 125 d\u00edas naturales desde la fecha de la compra para poder realizar su devoluci\u00f3n, que puede darse por cualquiera de estas circunstancias:<br \/>\n1. Por necesidad del cliente: El cliente puede devolver cualquier producto adquirido en ServiOzono.es siempre que el material est\u00e9 en perfecto estado. Se aceptar\u00e1n devoluciones de producto que haya sido desprecintado, abierto o manipulado, siempre que el material est\u00e9 en perfecto estado y contenga todas sus piezas, caja original y manual de instrucciones.En el caso de que el producto sea devuelto sin su embalaje original o da\u00f1ado, el producto puede sufrir depreciaci\u00f3n, para ello se contactar\u00e1 con el cliente para informarle acerca de lo ocurrido.2. Por error en el env\u00edo: Es imprescindible que el producto contenga todas sus piezas. La mercanc\u00eda correcta se le enviar\u00e1 a portes pagados.3. Por devoluci\u00f3n de producto averiado: en este caso, la devoluci\u00f3n se rige por la Garant\u00eda Total de ServiOzono.es, reembolsando el importe total al cliente.En cualquiera de los casos, deber\u00e1 solicitar la devoluci\u00f3n a trav\u00e9s de la web. Vea aqu\u00ed los detalles de las devoluciones.<\/li>\n<\/ul>\n<p>\n<\/div><\/div><\/div><div class=\"bt_bb_accordion_item\"><div class=\"bt_bb_accordion_item_title\">\u00bfSe puede anular un pedido?<\/div><div class=\"bt_bb_accordion_item_content\"><div  class=\"bt_bb_text\" ><\/p>\n<ul>\n<li>S\u00ed, su pedido puede ser anulado antes de su env\u00edo. Para ello, deber\u00e1 enviarnos un e-mail (ventas@serviozono.com). Si su pedido est\u00e1 en curso de preparaci\u00f3n en el momento de su solicitud de anulaci\u00f3n, no podremos detener su env\u00edo. As\u00ed, usted, al recibir el pedido, deber\u00e1 enviarlo de nuevo a los almacenes de ServiOzono.es<\/li>\n<li>La anulaci\u00f3n parcial de un pedido no es posible. Si ya no est\u00e1 interesado en uno de los art\u00edculos, podr\u00e1 devolverlo una vez haya recibido su pe<\/li>\n<\/ul>\n<p>\n<\/div><\/div><\/div><div class=\"bt_bb_accordion_item\"><div class=\"bt_bb_accordion_item_title\">Si, devuelvo o anulo un pedido \u00bfen que plazo me devuelven el dinero ?<\/div><div class=\"bt_bb_accordion_item_content\"><div  class=\"bt_bb_text\" ><\/p>\n<ul>\n<li>Una vez recibido e inspeccionado el equipo por nuestros t\u00e9cnicos, el reembolso ser\u00e1 procesado y se aplicar\u00e1 un reembolso a su cuenta bancaria en un plazo de m\u00e1ximo 15 d\u00edas laborables. Tenga en cuenta que dependiendo de su compa\u00f1\u00eda de tarjeta de cr\u00e9dito o d\u00e9bito, es posible un plazo adicional de 2-10 d\u00edas h\u00e1biles despu\u00e9s de que procedamos al reembolso de la cuant\u00eda.<\/li>\n<\/ul>\n<p>\n<\/div><\/div><\/div><\/div><div class=\"bt_bb_separator bt_bb_border_style_none bt_bb_bottom_spacing_normal bt_bb_hidden_md bt_bb_hidden_lg\" data-bt-override-class=\"null\"><\/div><\/div><\/div><\/div><\/div><div class=\"bt_bb_row\"  data-bt-override-class=\"{}\"><div class=\"bt_bb_row_holder\" ><div  class=\"bt_bb_column col-xxl-12 col-xl-12 col-xs-12 col-sm-12 col-md-12 col-lg-12 bt_bb_vertical_align_top bt_bb_align_left bt_bb_padding_normal\"  data-width=\"12\" data-bt-override-class=\"{}\"><div class=\"bt_bb_column_content\"><div class=\"bt_bb_separator bt_bb_border_style_none bt_bb_top_spacing_extra_small bt_bb_bottom_spacing_none\" data-bt-override-class=\"{&quot;bt_bb_top_spacing_&quot;:{&quot;current_class&quot;:&quot;bt_bb_top_spacing_extra_small&quot;,&quot;def&quot;:&quot;extra_small&quot;,&quot;xl&quot;:&quot;extra_small&quot;},&quot;bt_bb_bottom_spacing_&quot;:{&quot;current_class&quot;:&quot;bt_bb_bottom_spacing_none&quot;,&quot;def&quot;:&quot;none&quot;,&quot;xl&quot;:&quot;none&quot;}}\"><\/div><div  class=\"bt_bb_text\" ><\/p>\n<h3 style=\"text-align: center;\">Env\u00edos y seguimiento<\/h3>\n<p>\n<\/div><div class=\"bt_bb_accordion bt_bb_color_scheme_4 bt_bb_style_outline bt_bb_shape_square\" style=\"; --accordion-primary-color:#81bc29; --accordion-secondary-color:#ffffff;\"><div class=\"bt_bb_accordion_item\"><div class=\"bt_bb_accordion_item_title\">\u00bfQu\u00e9 tipo de env\u00edos realizan?<\/div><div class=\"bt_bb_accordion_item_content\"><div  class=\"bt_bb_text\" ><\/p>\n<ul>\n<li>ServiOzono.es ofrece a sus clientes un tipo de env\u00edo est\u00e1ndar a trav\u00e9s del cual usted recibir\u00e1 su paquete a domicilio en un plazo de 1-3 d\u00edas h\u00e1biles, siempre que el producto est\u00e9 en stock y el pedido haya sido confirmado antes de las 14:00\u202fh.<\/li>\n<li>Residentes en pa\u00edses extracomunitarios<\/li>\n<li>Las compras que efect\u00faen personas f\u00edsicas o jur\u00eddicas residentes en pa\u00edses extracomunitarios estar\u00e1n exentas del pago del I.V.A. No se servir\u00e1n pedidos en Apartados de Correos.<\/li>\n<li>Para este sistema de compra\/env\u00edo y debido a su r\u00e9gimen fiscal, son considerados territorios Extracomunitarios los \u00e1mbitos geogr\u00e1ficos correspondientes a Canarias, Gibraltar, Andorra, Ceuta y Melilla.<\/li>\n<li>Le recordamos que en los precios indicados para los gastos de env\u00edo no se incluyen los impuestos (aranceles) de importaci\u00f3n, que ser\u00e1n pagados en met\u00e1lico en destino por el receptor de la mercanc\u00eda.<\/li>\n<li>En compras destinadas a pa\u00edses no pertenecientes a la Comunidad Econ\u00f3mica Europea, ServiOzono.es no se har\u00e1 cargo de los impuestos propios de cada pa\u00eds, aranceles o cargos de despacho.<\/li>\n<li>Para los env\u00edos a Canarias, Andorra, Ceuta y Melilla es imprescindible el NIF\/CIF del destinatario para incluir en la factura. Posibles gastos de aduana, administraci\u00f3n e impuestos son la responsabilidad del comprador a pagar al transportista en la entrega.<\/li>\n<\/ul>\n<p>\n<\/div><\/div><\/div><div class=\"bt_bb_accordion_item\"><div class=\"bt_bb_accordion_item_title\">\u00bfPuedo hacer el seguimiento del pedido?<\/div><div class=\"bt_bb_accordion_item_content\"><div  class=\"bt_bb_text\" ><\/p>\n<ul>\n<li>S\u00ed. Al registrarse en ServiOzono.es se crear\u00e1 una cuenta de usuario a trav\u00e9s de la cual podr\u00e1 gestionar todos sus pedidos. A trav\u00e9s del icono \u201cHistorial de pedidos\u201d, podr\u00e1 acceder a su \u201clistado de pedidos\u201d en el que podr\u00e1 ver el estado de cada env\u00edo: pendiente, enviado, recibido.<\/li>\n<li>Adem\u00e1s, la empresa de transporte le har\u00e1 notificar, siempre que sea posible, mediante SMS el n\u00famero de seguimiento y la fecha aproximada de entrega.<\/li>\n<\/ul>\n<p>\n<\/div><\/div><\/div><div class=\"bt_bb_accordion_item\"><div class=\"bt_bb_accordion_item_title\">\u00bfPuede recibir el pedido una persona diferente a la que realiza la compra?<\/div><div class=\"bt_bb_accordion_item_content\"><div  class=\"bt_bb_text\" ><\/p>\n<ul>\n<li>S\u00ed. El mensajero pedir\u00e1 a dicha persona un documento de identidad y le har\u00e1 firmar la conformidad de la entrega.<\/li>\n<\/ul>\n<p>\n<\/div><\/div><\/div><div class=\"bt_bb_accordion_item\"><div class=\"bt_bb_accordion_item_title\">\u00bfQu\u00e9 debo hacer al recibir el pedido ?<\/div><div class=\"bt_bb_accordion_item_content\"><div  class=\"bt_bb_text\" ><\/p>\n<ul>\n<li>Debe verificar que se encuentre en buen estado. Si este no est\u00e1 conforme con lo que usted ha solicitado o presenta alg\u00fan da\u00f1o, debe rechazarlo e indicar claramente en el albar\u00e1n el estado en el que ha encontrado el producto.<\/li>\n<\/ul>\n<p>\n<\/div><\/div><\/div><\/div><\/div><\/div><\/div><\/div><div class=\"bt_bb_row\"  data-bt-override-class=\"{}\"><div class=\"bt_bb_row_holder\" ><\/div><\/div><\/div><!-- cell_inner --><\/div><!-- cell --><\/div><!-- port --><\/section>\n<p><span style=\"position:absolute;left:-10000px;\">Though some students may feel that purchasing essay papers on online isn&#8217;t legal, it&#8217;s actually not true. Even though plagiarism is <a href=\"https:\/\/us.payforessay.net\/\">write a paper for me<\/a> a big issue within many institutions of higher learning legitimate firms can supply papers to students. This guideline will help to ensure that your essay purchase with an online firm is safe. You should ensure that you obtain a quality paper with a 100% original. Below are some points to be aware of when selecting an essay-writing service.<\/span><\/p>","protected":false},"excerpt":{"rendered":"<p>Though some students may feel that purchasing essay papers on online isn&#8217;t legal, it&#8217;s actually not true. Even though plagiarism is write a paper for me a big issue within many institutions of higher learning legitimate firms can supply papers to students. This guideline will help to ensure that your essay purchase with an online&#8230;<\/p>","protected":false},"author":2,"featured_media":0,"parent":0,"menu_order":0,"comment_status":"open","ping_status":"open","template":"","meta":{"footnotes":""},"class_list":["post-150","page","type-page","status-publish","hentry"],"_links":{"self":[{"href":"https:\/\/serviozono.com\/en\/wp-json\/wp\/v2\/pages\/150","targetHints":{"allow":["GET"]}}],"collection":[{"href":"https:\/\/serviozono.com\/en\/wp-json\/wp\/v2\/pages"}],"about":[{"href":"https:\/\/serviozono.com\/en\/wp-json\/wp\/v2\/types\/page"}],"author":[{"embeddable":true,"href":"https:\/\/serviozono.com\/en\/wp-json\/wp\/v2\/users\/2"}],"replies":[{"embeddable":true,"href":"https:\/\/serviozono.com\/en\/wp-json\/wp\/v2\/comments?post=150"}],"version-history":[{"count":36,"href":"https:\/\/serviozono.com\/en\/wp-json\/wp\/v2\/pages\/150\/revisions"}],"predecessor-version":[{"id":2462,"href":"https:\/\/serviozono.com\/en\/wp-json\/wp\/v2\/pages\/150\/revisions\/2462"}],"wp:attachment":[{"href":"https:\/\/serviozono.com\/en\/wp-json\/wp\/v2\/media?parent=150"}],"curies":[{"name":"wp","href":"https:\/\/api.w.org\/{rel}","templated":true}]}}