{"id":1157,"date":"2022-06-02T14:49:26","date_gmt":"2022-06-02T14:49:26","guid":{"rendered":"https:\/\/serviozono.com\/?post_type=product&#038;p=1157"},"modified":"2025-10-20T16:16:49","modified_gmt":"2025-10-20T16:16:49","slug":"generador-p-8000-t-ta","status":"publish","type":"product","link":"https:\/\/serviozono.com\/en\/product\/generador-p-8000-t-ta\/","title":{"rendered":"Generator P 8000 T TA"},"content":{"rendered":"<h3>Ozone generators portable truly professional<\/h3>\n<p>The versatility of Ozone generators portable allows it to be used for shock treatments, mainly for professional cleaning of hotels, cleaning companies, and centers of hand washing cars and for the disinfection and removal of all kinds of odors after the cleaning procedure as usual.<\/p>\n<p>Thanks to the technology of HIGH FREQUENCY for the production of Ozone, the results significantly higher than that of the systems used so far, allowing you to reduce the equipment despite producing high amounts of Ozone.<\/p>\n<p>On the basis of the application, we will use different productions. Major productions of O3 can reduce the time spent in the treatment of disinfection. Increase the time of discharge or the exposure time after the spill (slow ventilation) will improve the killing power of the treatment.<\/p>\n<p>&nbsp;<\/p>\n<p><img loading=\"lazy\" decoding=\"async\" class=\"alignnone wp-image-1158\" src=\"https:\/\/serviozono.com\/wp-content\/uploads\/2022\/06\/P8000T-w.png\" alt=\"\" width=\"310\" height=\"256\" srcset=\"https:\/\/serviozono.com\/wp-content\/uploads\/2022\/06\/P8000T-w.png 480w, https:\/\/serviozono.com\/wp-content\/uploads\/2022\/06\/P8000T-w-320x264.png 320w\" sizes=\"auto, (max-width: 310px) 100vw, 310px\" \/><img loading=\"lazy\" decoding=\"async\" class=\"alignnone wp-image-1159\" src=\"https:\/\/serviozono.com\/wp-content\/uploads\/2022\/06\/P8000T-back-w-min.png\" alt=\"\" width=\"309\" height=\"260\" srcset=\"https:\/\/serviozono.com\/wp-content\/uploads\/2022\/06\/P8000T-back-w-min.png 480w, https:\/\/serviozono.com\/wp-content\/uploads\/2022\/06\/P8000T-back-w-min-320x269.png 320w\" sizes=\"auto, (max-width: 309px) 100vw, 309px\" \/><\/p>\n<p>&nbsp;<\/p>\n<p>The generators of Top Ozone <strong>do not emit aluminum<\/strong>, very toxic heavy metal, as they do not employ reactors ceramic but made of stainless steel.<\/p>\n<h3>Results:<\/h3>\n<p>-Completely remove all kinds of odors, regardless of their sources (urine, kitchens, sewers, wetlands, waste, ...)<br \/>\n-Disinfect the environment, removing viruses, bacteria, fungi, dust mites, and even larvae and eggs of insects.<br \/>\n-Remove all kinds of microorganisms and odor in fabrics and garments.<br \/>\n-Get a complete sterilization of places with poor ventilation.<br \/>\n-Reduce symptoms for people with asthma and allergies of all kinds.<br \/>\n-Eliminate the odors of the property in the presence of companion animals.<br \/>\n-To obtain an air quality to be very beneficial for the health.<br \/>\n-Installed in places of work, drastically reduces the possibility of contamination by any viruses, thereby reducing sick days.<\/p>\n<p>&nbsp;<\/p>\n<p><img loading=\"lazy\" decoding=\"async\" class=\"size-medium wp-image-1152 aligncenter\" src=\"https:\/\/serviozono.com\/wp-content\/uploads\/2022\/06\/post13042017_quirofano-inteligente-640x272.jpg\" alt=\"\" width=\"640\" height=\"272\" srcset=\"https:\/\/serviozono.com\/wp-content\/uploads\/2022\/06\/post13042017_quirofano-inteligente-640x272.jpg 640w, https:\/\/serviozono.com\/wp-content\/uploads\/2022\/06\/post13042017_quirofano-inteligente-600x255.jpg 600w, https:\/\/serviozono.com\/wp-content\/uploads\/2022\/06\/post13042017_quirofano-inteligente-768x327.jpg 768w, https:\/\/serviozono.com\/wp-content\/uploads\/2022\/06\/post13042017_quirofano-inteligente-320x136.jpg 320w, https:\/\/serviozono.com\/wp-content\/uploads\/2022\/06\/post13042017_quirofano-inteligente.jpg 870w\" sizes=\"auto, (max-width: 640px) 100vw, 640px\" \/><\/p>\n<p>&nbsp;<\/p>\n<h4>Aplicaciones ozonizador port\u00e1til con modelo 8000\u202fmg\/h turbina y temporizador ac\u00edclico<\/h4>\n<p>Las Turbinas de los modelos P-ECO-8000-T-TA aportan impresionantes caudales de 460 m3\/h aumentando la producci\u00f3n de Ozono y la r\u00e1pida expansi\u00f3n del mismo por todo el \u00e1rea a tratar. Ideales para tratamientos de choque en comercios medianos, quir\u00f3fanos, l\u00edneas de bus, tren y metro, etc.<\/p>\n<p>&nbsp;<\/p>\n<p><img loading=\"lazy\" decoding=\"async\" class=\"wp-image-1154 aligncenter\" src=\"https:\/\/serviozono.com\/wp-content\/uploads\/2022\/06\/Sin-titulo-1-1.jpg\" alt=\"\" width=\"377\" height=\"239\" \/><\/p>\n<p>&nbsp;<\/p>\n<p>-In a vehicle eliminates all pathogenic and odor between 5 and seven minutes and in only seven minutes for a caravan or a boat of 12 meters.<br \/>\n-It disinfects and deodorizes completely a hotel room, hospital or nursing home in just 5 minutes. It would be the cannon standard used for this type of applications.<\/p>\n<div class=\"et_pb_module et_pb_text et_pb_text_25 et_pb_text_align_left et_pb_bg_layout_light\">\n<div class=\"et_pb_text_inner\">\n<p>En los modelos de P-8000-T-TA utilizamos potentes Turbinas de Media Presi\u00f3n, que permiten reducir la boca de salida desde los 100mm a 50mm sin perder potencia, ozonizar eficientemente un ambiente herm\u00e9tico donde se genera presi\u00f3n positiva (contenedor o c\u00e1mara frigor\u00edfica de transporte mar\u00edtimo, cami\u00f3n o ferrocarril), conectarle un tubo de hasta 20 metros de longitud o utilizar varias boquillas para varios tubos.<\/p>\n<p>&nbsp;<\/p>\n<\/div>\n<\/div>\n<p><img loading=\"lazy\" decoding=\"async\" class=\"wp-image-1155 aligncenter\" src=\"https:\/\/serviozono.com\/wp-content\/uploads\/2022\/06\/caja-camion.jpg\" alt=\"\" width=\"360\" height=\"233\" srcset=\"https:\/\/serviozono.com\/wp-content\/uploads\/2022\/06\/caja-camion.jpg 423w, https:\/\/serviozono.com\/wp-content\/uploads\/2022\/06\/caja-camion-320x207.jpg 320w\" sizes=\"auto, (max-width: 360px) 100vw, 360px\" \/><\/p>\n<p>&nbsp;<\/p>\n<h3>Application in cameras for food storage<\/h3>\n<p>Install the Ozone generator as close as possible to the camera&#039;s storage, and never in the interior. Through a hole drilled in the chamber, the conduit for injecting Ozone. In the chambers of large size can be installed in a distribution tube inside so as to ensure a better distribution of Ozone throughout its volume.<\/p>\n<p>&nbsp;<\/p>\n<p><img loading=\"lazy\" decoding=\"async\" class=\"wp-image-1156 aligncenter\" src=\"https:\/\/serviozono.com\/wp-content\/uploads\/2022\/06\/Sin-titulo-1-1-1-640x303.jpg\" alt=\"\" width=\"509\" height=\"241\" srcset=\"https:\/\/serviozono.com\/wp-content\/uploads\/2022\/06\/Sin-titulo-1-1-1-640x303.jpg 640w, https:\/\/serviozono.com\/wp-content\/uploads\/2022\/06\/Sin-titulo-1-1-1-600x284.jpg 600w, https:\/\/serviozono.com\/wp-content\/uploads\/2022\/06\/Sin-titulo-1-1-1-768x364.jpg 768w, https:\/\/serviozono.com\/wp-content\/uploads\/2022\/06\/Sin-titulo-1-1-1-320x152.jpg 320w, https:\/\/serviozono.com\/wp-content\/uploads\/2022\/06\/Sin-titulo-1-1-1.jpg 887w\" sizes=\"auto, (max-width: 509px) 100vw, 509px\" \/><\/p>\n<p>&nbsp;<\/p>\n<h3>Application in air conditioning ducts<\/h3>\n<p>Install the Ozone generator as close as possible to the duct distribution to pour the air ozonated inside, always after the turbine driving. The Ozone generator should be operated only when the circuit work of air, being able to feed in parallel with the motor of the turbine. In this way we ensure that only Ozone is generated when there is a flow of air to be able to share it.<\/p>\n<p><img loading=\"lazy\" decoding=\"async\" class=\"alignnone size-medium wp-image-1125\" src=\"https:\/\/serviozono.com\/wp-content\/uploads\/2022\/06\/Sin-titulo-2-640x274.jpg\" alt=\"\" width=\"640\" height=\"274\" srcset=\"https:\/\/serviozono.com\/wp-content\/uploads\/2022\/06\/Sin-titulo-2-640x274.jpg 640w, https:\/\/serviozono.com\/wp-content\/uploads\/2022\/06\/Sin-titulo-2-600x257.jpg 600w, https:\/\/serviozono.com\/wp-content\/uploads\/2022\/06\/Sin-titulo-2-768x328.jpg 768w, https:\/\/serviozono.com\/wp-content\/uploads\/2022\/06\/Sin-titulo-2-320x137.jpg 320w, https:\/\/serviozono.com\/wp-content\/uploads\/2022\/06\/Sin-titulo-2.jpg 1071w\" sizes=\"auto, (max-width: 640px) 100vw, 640px\" \/> <img loading=\"lazy\" decoding=\"async\" class=\"alignnone size-medium wp-image-1147\" src=\"https:\/\/serviozono.com\/wp-content\/uploads\/2022\/06\/Sin-titulo-1-640x219.jpg\" alt=\"\" width=\"640\" height=\"219\" srcset=\"https:\/\/serviozono.com\/wp-content\/uploads\/2022\/06\/Sin-titulo-1-640x219.jpg 640w, https:\/\/serviozono.com\/wp-content\/uploads\/2022\/06\/Sin-titulo-1-600x205.jpg 600w, https:\/\/serviozono.com\/wp-content\/uploads\/2022\/06\/Sin-titulo-1-1280x438.jpg 1280w, https:\/\/serviozono.com\/wp-content\/uploads\/2022\/06\/Sin-titulo-1-768x263.jpg 768w, https:\/\/serviozono.com\/wp-content\/uploads\/2022\/06\/Sin-titulo-1-1536x525.jpg 1536w, https:\/\/serviozono.com\/wp-content\/uploads\/2022\/06\/Sin-titulo-1-320x109.jpg 320w, https:\/\/serviozono.com\/wp-content\/uploads\/2022\/06\/Sin-titulo-1.jpg 1761w\" sizes=\"auto, (max-width: 640px) 100vw, 640px\" \/><\/p>\n<p>&nbsp;<\/p>\n<h3>Elimination of odors in air extraction systems<\/h3>\n<div class=\"et_pb_module et_pb_text et_pb_text_28 et_pb_text_align_left et_pb_bg_layout_light\">\n<div class=\"et_pb_text_inner\">\n<p>In hoods is injected Ozone directly into the interior of the fireplace of expulsion. Greater the length of the chimney, the greater will be the effectiveness of the oxidation of the substances generating bad odors.<\/p>\n<\/div>\n<\/div>\n<p><img loading=\"lazy\" decoding=\"async\" class=\"wp-image-1148 aligncenter\" src=\"https:\/\/serviozono.com\/wp-content\/uploads\/2022\/06\/Sin-titulo-1-2-640x285.jpg\" alt=\"\" width=\"521\" height=\"232\" srcset=\"https:\/\/serviozono.com\/wp-content\/uploads\/2022\/06\/Sin-titulo-1-2-640x285.jpg 640w, https:\/\/serviozono.com\/wp-content\/uploads\/2022\/06\/Sin-titulo-1-2-600x267.jpg 600w, https:\/\/serviozono.com\/wp-content\/uploads\/2022\/06\/Sin-titulo-1-2-768x342.jpg 768w, https:\/\/serviozono.com\/wp-content\/uploads\/2022\/06\/Sin-titulo-1-2-320x143.jpg 320w, https:\/\/serviozono.com\/wp-content\/uploads\/2022\/06\/Sin-titulo-1-2.jpg 1014w\" sizes=\"auto, (max-width: 521px) 100vw, 521px\" \/><\/p>\n<h3>Technical characteristics<\/h3>\n<p>&nbsp;<\/p>\n<table>\n<tbody>\n<tr>\n<td width=\"283\">POWER<\/td>\n<td width=\"283\">230 V 50 HZ<\/td>\n<\/tr>\n<tr>\n<td width=\"283\">CONSUMPTION<\/td>\n<td width=\"283\">200 W<\/td>\n<\/tr>\n<tr>\n<td width=\"283\">DIMENSIONS<\/td>\n<td width=\"283\">48 x 25 x 28<\/td>\n<\/tr>\n<tr>\n<td width=\"283\">WEIGHT<\/td>\n<td width=\"283\">7 K<\/td>\n<\/tr>\n<tr>\n<td width=\"283\">PRODUCTION<\/td>\n<td width=\"283\">8000 mg \/ H<\/td>\n<\/tr>\n<tr>\n<td width=\"283\">ELECTRICAL PROTECTION<\/td>\n<td width=\"283\">FUSE 2 A<\/td>\n<\/tr>\n<tr>\n<td width=\"283\">BOX<\/td>\n<td width=\"283\">STAINLESS STEEL<\/td>\n<\/tr>\n<tr>\n<td width=\"283\">OUTPUT<\/td>\n<td width=\"283\">TURBINE<\/td>\n<\/tr>\n<\/tbody>\n<\/table>","protected":false},"excerpt":{"rendered":"<p>Generator P-8000 T TA<\/p>","protected":false},"featured_media":1706,"template":"","meta":[],"product_brand":[],"product_cat":[68],"product_tag":[],"class_list":{"0":"post-1157","1":"product","2":"type-product","3":"status-publish","4":"has-post-thumbnail","6":"product_cat-canones-portatil-aire-ambiente-con-turbina","8":"first","9":"instock","10":"sale","11":"featured","12":"taxable","13":"shipping-taxable","14":"purchasable","15":"product-type-simple"},"_links":{"self":[{"href":"https:\/\/serviozono.com\/en\/wp-json\/wp\/v2\/product\/1157","targetHints":{"allow":["GET"]}}],"collection":[{"href":"https:\/\/serviozono.com\/en\/wp-json\/wp\/v2\/product"}],"about":[{"href":"https:\/\/serviozono.com\/en\/wp-json\/wp\/v2\/types\/product"}],"wp:featuredmedia":[{"embeddable":true,"href":"https:\/\/serviozono.com\/en\/wp-json\/wp\/v2\/media\/1706"}],"wp:attachment":[{"href":"https:\/\/serviozono.com\/en\/wp-json\/wp\/v2\/media?parent=1157"}],"wp:term":[{"taxonomy":"product_brand","embeddable":true,"href":"https:\/\/serviozono.com\/en\/wp-json\/wp\/v2\/product_brand?post=1157"},{"taxonomy":"product_cat","embeddable":true,"href":"https:\/\/serviozono.com\/en\/wp-json\/wp\/v2\/product_cat?post=1157"},{"taxonomy":"product_tag","embeddable":true,"href":"https:\/\/serviozono.com\/en\/wp-json\/wp\/v2\/product_tag?post=1157"}],"curies":[{"name":"wp","href":"https:\/\/api.w.org\/{rel}","templated":true}]}}