{"id":1450,"date":"2022-06-06T09:31:42","date_gmt":"2022-06-06T09:31:42","guid":{"rendered":"https:\/\/serviozono.com\/?post_type=product&#038;p=1450"},"modified":"2025-10-20T16:15:17","modified_gmt":"2025-10-20T16:15:17","slug":"1450","status":"publish","type":"product","link":"https:\/\/serviozono.com\/en\/product\/1450\/","title":{"rendered":"Generator GO 24000 T TA With Cart"},"content":{"rendered":"<h3>Ozonizers of silos empty<\/h3>\n<p>Un sistema profesional, de elevadas prestaciones y fiabilidad, dise\u00f1ado para el tratamiento de choque ecol\u00f3gico mediante la ozonizaci\u00f3n en silos de grano, de acero galvanizado, con capacidades de hasta\u00a0 200 m3. El tratamiento se realizar\u00e1 con los silos vac\u00edos, logr\u00e1ndose en el plazo de una a dos horas, sin la utilizaci\u00f3n de ning\u00fan tipo de producto qu\u00edmico. Se eliminar\u00e1n hongos, virus, bacterias, esporas y huevos de insectos. Los pocos insectos que consigan sobrevivir al tratamiento ya no podr\u00e1n reproducirse.<\/p>\n<p>Our machines are manufactured with robust components industrial european, very reliable and durable.<\/p>\n<p>&nbsp;<\/p>\n<p><img loading=\"lazy\" decoding=\"async\" class=\"size-full wp-image-1452 aligncenter\" src=\"https:\/\/serviozono.com\/wp-content\/uploads\/2022\/06\/GO24000T-Carrito-w.jpg\" alt=\"\" width=\"259\" height=\"400\" \/><\/p>\n<p>&nbsp;<\/p>\n<h3>Ozone generator portable<\/h3>\n<p>-Production of the Generator: 24 gr \/ hour.<br \/>\n-Box of polyester, with a mouth of 100 mm for the connection to the tube.<br \/>\n-Timer controlled by a microprocessor.<br \/>\n-Reactors made of stainless steel. Working in 3 groups of power output (8, 12, and 24 g), in function of the dimension of the silo (25, 50 and 100 m3), at dilutions of O3 near the 0,24 ppm.<br \/>\n-Incorporates a powerful turbine of 600 m3 \/ hour, for power boost and deal efficiently with the generated Ozone.<br \/>\n-It is portable, mounted on a cart for easy transportation.<br \/>\n-Consumption at maximum power: 400 W.<br \/>\n-Case size (without cart): 74,7 x 53.6 x 30 cm<br \/>\n-Approximate weight: 12 Kg.<\/p>\n<h4 style=\"text-align: center;\">Available also version of 40 gr \/ hour.<\/h4>\n<p>&nbsp;<\/p>\n<p>The generators of Top Ozone <strong>do not produce aluminum<\/strong>, very toxic heavy metal, as it does not use reactors ceramic but made of stainless steel.<\/p>\n<h3>Application form<\/h3>\n<p>-Once you have cleaned the silo, it will introduce the Ozone gas to the silo through two ducts, simultaneously. One for the top and the other at the bottom.<br \/>\n-It will be in temporary groups of 20 minutes of Ozone generation and 15 minutes of remnant (so as to let the residual work for 15 to 20 minutes)<br \/>\n-Between 3 and 4 exposures of 20 minutes each, we can ensure a correct treatment in vacuum, to ensure a complete disinfection of the silo.<br \/>\n-The Ozone, like any disinfectant, it acts by oxidizing. If the silo is made, in their entirety, with stainless steel materials (including welds), there will not be any problems of oxidation.<br \/>\n-Once you reached the goal, and if it&#039;s not going to be used immediately the silo, we do not recommend applying Ozone to that are not next to the filling of the silo.<\/p>\n<p>&nbsp;<\/p>\n<p><img loading=\"lazy\" decoding=\"async\" class=\"wp-image-1455 aligncenter\" src=\"https:\/\/serviozono.com\/wp-content\/uploads\/2022\/06\/paste1312.jpg\" alt=\"\" width=\"461\" height=\"280\" \/><\/p>\n<p>&nbsp;<\/p>\n<p>The equipment can also be used to ozonizar Big Bags. To do this you install a cover on the Big Bags and applies the ozone in replacement of the sulfated. The same procedure would be used for pallets shelf.<\/p>\n<p>&nbsp;<\/p>\n<p><img loading=\"lazy\" decoding=\"async\" class=\"wp-image-1454 aligncenter\" src=\"https:\/\/serviozono.com\/wp-content\/uploads\/2022\/06\/Big-bag.jpg\" alt=\"\" width=\"301\" height=\"270\" \/><\/p>\n<h3>Technical Characteristics<\/h3>\n<p>&nbsp;<\/p>\n<table>\n<tbody>\n<tr>\n<td width=\"198\">POWER<\/td>\n<td width=\"444\">\u00a0\u00a0\u00a0\u00a0\u00a0\u00a0\u00a0\u00a0\u00a0\u00a0\u00a0\u00a0\u00a0\u00a0\u00a0\u00a0\u00a0\u00a0 \u00a0\u00a0\u00a0\u00a0\u00a0\u00a0\u00a0\u00a0\u00a0\u00a0\u00a0\u00a0\u00a0\u00a0\u00a0\u00a0\u00a0\u00a0\u00a0\u00a0\u00a0\u00a0230 V 50 HZ<\/td>\n<\/tr>\n<tr>\n<td width=\"198\">CONSUMPTION<\/td>\n<td width=\"444\">\u00a0\u00a0\u00a0\u00a0\u00a0\u00a0\u00a0\u00a0\u00a0\u00a0\u00a0\u00a0\u00a0\u00a0\u00a0\u00a0\u00a0\u00a0\u00a0\u00a0\u00a0 \u00a0\u00a0\u00a0\u00a0\u00a0\u00a0\u00a0\u00a0\u00a0\u00a0\u00a0\u00a0\u00a0\u00a0\u00a0\u00a0\u00a0\u00a0\u00a0\u00a0\u00a0\u00a0\u00a0400 W<\/td>\n<\/tr>\n<tr>\n<td width=\"198\">DIMENSIONS<\/td>\n<td width=\"444\">\u00a0\u00a0\u00a0\u00a0\u00a0\u00a0\u00a0\u00a0\u00a0\u00a0\u00a0\u00a0\u00a0\u00a0\u00a0\u00a0\u00a0 \u00a0\u00a0\u00a0\u00a0\u00a0\u00a0\u00a0\u00a0\u00a0\u00a0\u00a0\u00a0\u00a0\u00a0\u00a0\u00a0\u00a0\u00a0\u00a0\u00a0\u00a0\u00a0\u00a075 x 54 x 30<\/td>\n<\/tr>\n<tr>\n<td width=\"198\">WEIGHT<\/td>\n<td width=\"444\">\u00a0\u00a0\u00a0\u00a0\u00a0\u00a0\u00a0\u00a0\u00a0\u00a0\u00a0\u00a0\u00a0\u00a0\u00a0\u00a0\u00a0\u00a0\u00a0\u00a0\u00a0\u00a0\u00a0 \u00a0\u00a0\u00a0\u00a0\u00a0\u00a0\u00a0\u00a0\u00a0\u00a0\u00a0\u00a0\u00a0\u00a0\u00a0\u00a0\u00a0\u00a0\u00a0\u00a0\u00a012 KG<\/td>\n<\/tr>\n<tr>\n<td width=\"198\">PRODUCTION<\/td>\n<td width=\"444\">\u00a0\u00a0\u00a0\u00a0\u00a0\u00a0\u00a0\u00a0\u00a0\u00a0\u00a0\u00a0\u00a0 \u00a0\u00a0\u00a0\u00a0\u00a0\u00a0\u00a0\u00a0\u00a0\u00a0\u00a0\u00a0\u00a0\u00a0\u00a0\u00a024000 MG \/ H MAXIMUM<\/td>\n<\/tr>\n<tr>\n<td width=\"198\">REGULATION<\/td>\n<td width=\"444\">\u00a0TIMER, MICROPROCESSOR-CONTROLLED<\/td>\n<\/tr>\n<tr>\n<td width=\"198\">POWER<\/td>\n<td width=\"444\">\u00a0 \u00a0 \u00a0 \u00a0 \u00a0 \u00a0 \u00a0 \u00a0 \u00a0 \u00a0 \u00a0 \u00a0 \u00a0 \u00a0 \u00a0TURBINE 600 M3 \/ HOUR<\/td>\n<\/tr>\n<tr>\n<td width=\"198\">BOX<\/td>\n<td width=\"444\">\u00a0 \u00a0 \u00a0 \u00a0 \u00a0 \u00a0 \u00a0 \u00a0 \u00a0 \u00a0 \u00a0CLOSET MONOBLOCK POLYESTER<\/td>\n<\/tr>\n<\/tbody>\n<\/table>\n<p>&nbsp;<\/p>\n<p>&nbsp;<\/p>\n<p>&nbsp;<\/p>\n<p>&nbsp;<\/p>\n<p>&nbsp;<\/p>\n<p>&nbsp;<\/p>","protected":false},"excerpt":{"rendered":"<p>Generator GO 24000 T TA With Cart<\/p>","protected":false},"featured_media":1713,"template":"","meta":[],"product_brand":[],"product_cat":[78],"product_tag":[],"class_list":{"0":"post-1450","1":"product","2":"type-product","3":"status-publish","4":"has-post-thumbnail","6":"product_cat-silos-de-granos-y-palets","8":"first","9":"instock","10":"sale","11":"taxable","12":"shipping-taxable","13":"purchasable","14":"product-type-simple"},"_links":{"self":[{"href":"https:\/\/serviozono.com\/en\/wp-json\/wp\/v2\/product\/1450","targetHints":{"allow":["GET"]}}],"collection":[{"href":"https:\/\/serviozono.com\/en\/wp-json\/wp\/v2\/product"}],"about":[{"href":"https:\/\/serviozono.com\/en\/wp-json\/wp\/v2\/types\/product"}],"wp:featuredmedia":[{"embeddable":true,"href":"https:\/\/serviozono.com\/en\/wp-json\/wp\/v2\/media\/1713"}],"wp:attachment":[{"href":"https:\/\/serviozono.com\/en\/wp-json\/wp\/v2\/media?parent=1450"}],"wp:term":[{"taxonomy":"product_brand","embeddable":true,"href":"https:\/\/serviozono.com\/en\/wp-json\/wp\/v2\/product_brand?post=1450"},{"taxonomy":"product_cat","embeddable":true,"href":"https:\/\/serviozono.com\/en\/wp-json\/wp\/v2\/product_cat?post=1450"},{"taxonomy":"product_tag","embeddable":true,"href":"https:\/\/serviozono.com\/en\/wp-json\/wp\/v2\/product_tag?post=1450"}],"curies":[{"name":"wp","href":"https:\/\/api.w.org\/{rel}","templated":true}]}}