{"id":1461,"date":"2022-06-06T14:08:36","date_gmt":"2022-06-06T14:08:36","guid":{"rendered":"https:\/\/serviozono.com\/?page_id=1461"},"modified":"2022-06-15T10:54:35","modified_gmt":"2022-06-15T10:54:35","slug":"maquinas-de-ozono-comercial-hogar","status":"publish","type":"page","link":"https:\/\/serviozono.com\/fr\/maquinas-de-ozono-comercial-hogar\/","title":{"rendered":"Les Machines de l&#039;Ozone Commerciaux et \u00e0 la Maison"},"content":{"rendered":"<p><section id=\"bt_bb_section69f7390e92336\" class=\"bt_bb_section bt_bb_layout_boxed_1200\"  data-bt-override-class=\"null\"><div class=\"bt_bb_port\"><div class=\"bt_bb_cell\"><div class=\"bt_bb_cell_inner\"><div class=\"bt_bb_row\"  data-bt-override-class=\"{}\"><div class=\"bt_bb_row_holder\" ><div  class=\"bt_bb_column col-xxl-12 col-xl-12 col-xs-12 col-sm-12 col-md-12 col-lg-12 bt_bb_vertical_align_top bt_bb_align_left bt_bb_padding_normal\"  data-width=\"12\" data-bt-override-class=\"{}\"><div class=\"bt_bb_column_content\"><div class=\"bt_bb_separator bt_bb_border_style_none bt_bb_top_spacing_normal bt_bb_bottom_spacing_normal\" data-bt-override-class=\"{&quot;bt_bb_top_spacing_&quot;:{&quot;current_class&quot;:&quot;bt_bb_top_spacing_normal&quot;,&quot;def&quot;:&quot;normal&quot;,&quot;xl&quot;:&quot;normal&quot;},&quot;bt_bb_bottom_spacing_&quot;:{&quot;current_class&quot;:&quot;bt_bb_bottom_spacing_normal&quot;,&quot;def&quot;:&quot;normal&quot;,&quot;xl&quot;:&quot;normal&quot;}}\"><\/div><div  class=\"bt_bb_text\" ><\/p>\n<h3 style=\"text-align: center;\"><span style=\"color: #104a8f;\">Les Machines de l&#039;Ozone De l&#039;Air<\/span><\/h3>\n<p style=\"text-align: center;\">Avec des ventilateurs ou des turbines, ces g\u00e9n\u00e9rateurs de parvenir \u00e0 une plus grande expansion de surface de la couche d&#039;Ozone, et beaucoup plus rapidement et efficacement.<\/p>\n<p>\n<\/div><\/div><\/div><\/div><\/div><\/div><!-- cell_inner --><\/div><!-- cell --><\/div><!-- port --><\/section><section id=\"bt_bb_section69f7390e925df\" class=\"bt_bb_section bt_bb_layout_boxed_1200 bt_bb_vertical_align_top bt_bb_top_spacing_ bt_bb_bottom_spacing_\"  data-bt-override-class=\"{&quot;bt_bb_top_spacing_&quot;:{&quot;current_class&quot;:&quot;bt_bb_top_spacing_&quot;,&quot;def&quot;:&quot;&quot;,&quot;xl&quot;:&quot;&quot;},&quot;bt_bb_bottom_spacing_&quot;:{&quot;current_class&quot;:&quot;bt_bb_bottom_spacing_&quot;,&quot;def&quot;:&quot;&quot;,&quot;xl&quot;:&quot;&quot;}}\"><div class=\"bt_bb_port\"><div class=\"bt_bb_cell\"><div class=\"bt_bb_cell_inner\"><div class=\"bt_bb_row\"  data-bt-override-class=\"{}\"><div class=\"bt_bb_row_holder\" ><div  class=\"bt_bb_column col-xxl-4 col-xl-4 col-xs-12 col-sm-12 col-md-12 col-lg-4 bt_bb_vertical_align_top bt_bb_align_left bt_bb_padding_normal\"  data-width=\"4\" data-bt-override-class=\"{}\"><div class=\"bt_bb_column_content\"><div class=\"bt_bb_separator bt_bb_border_style_none bt_bb_top_spacing_normal bt_bb_bottom_spacing_normal\" data-bt-override-class=\"{&quot;bt_bb_top_spacing_&quot;:{&quot;current_class&quot;:&quot;bt_bb_top_spacing_normal&quot;,&quot;def&quot;:&quot;normal&quot;,&quot;xl&quot;:&quot;normal&quot;},&quot;bt_bb_bottom_spacing_&quot;:{&quot;current_class&quot;:&quot;bt_bb_bottom_spacing_normal&quot;,&quot;def&quot;:&quot;normal&quot;,&quot;xl&quot;:&quot;normal&quot;}}\"><\/div><div  class=\"bt_bb_text\" ><\/p>\n<h4 style=\"text-align: center;\">Ozonizers peintures murales pour le traitement de l&#039;environnement<\/h4>\n<p>\n<\/div><div class=\"bt_bb_image bt_bb_shape_square bt_bb_target_self bt_bb_align_inherit bt_bb_hover_style_simple bt_bb_content_display_always bt_bb_content_align_middle\" data-bt-override-class=\"{&quot;bt_bb_align_&quot;:{&quot;current_class&quot;:&quot;bt_bb_align_inherit&quot;,&quot;def&quot;:&quot;inherit&quot;,&quot;xl&quot;:&quot;inherit&quot;}}\"><span><img loading=\"lazy\" decoding=\"async\" width=\"500\" height=\"500\" src=\"https:\/\/serviozono.com\/wp-content\/uploads\/2022\/06\/pro-20.jpg\" class=\"attachment-full size-full\" alt=\"https:\/\/serviozono.com\/wp-content\/uploads\/2022\/06\/pro-20.jpg\" data-full_image_src=\"https:\/\/serviozono.com\/wp-content\/uploads\/2022\/06\/pro-20.jpg\" title=\"pro-20\" srcset=\"https:\/\/serviozono.com\/wp-content\/uploads\/2022\/06\/pro-20.jpg 500w, https:\/\/serviozono.com\/wp-content\/uploads\/2022\/06\/pro-20-300x300.jpg 300w, https:\/\/serviozono.com\/wp-content\/uploads\/2022\/06\/pro-20-100x100.jpg 100w, https:\/\/serviozono.com\/wp-content\/uploads\/2022\/06\/pro-20-160x160.jpg 160w, https:\/\/serviozono.com\/wp-content\/uploads\/2022\/06\/pro-20-320x320.jpg 320w\" sizes=\"auto, (max-width: 500px) 100vw, 500px\" \/><\/span><\/div><\/div><\/div><div  class=\"bt_bb_column col-xxl-4 col-xl-4 col-xs-12 col-sm-12 col-md-12 col-lg-4 bt_bb_vertical_align_top bt_bb_align_left bt_bb_padding_normal\"  data-width=\"4\" data-bt-override-class=\"{}\"><div class=\"bt_bb_column_content\"><div class=\"bt_bb_separator bt_bb_border_style_none bt_bb_top_spacing_normal bt_bb_bottom_spacing_normal\" data-bt-override-class=\"{&quot;bt_bb_top_spacing_&quot;:{&quot;current_class&quot;:&quot;bt_bb_top_spacing_normal&quot;,&quot;def&quot;:&quot;normal&quot;,&quot;xl&quot;:&quot;normal&quot;},&quot;bt_bb_bottom_spacing_&quot;:{&quot;current_class&quot;:&quot;bt_bb_bottom_spacing_normal&quot;,&quot;def&quot;:&quot;normal&quot;,&quot;xl&quot;:&quot;normal&quot;}}\"><\/div><div  class=\"bt_bb_text\" ><\/p>\n<h4 style=\"text-align: center;\">Ozonizers pour les traitements de l&#039;environnement de bus<\/h4>\n<p>\n<\/div><div class=\"bt_bb_image bt_bb_shape_square bt_bb_target_self bt_bb_align_inherit bt_bb_hover_style_simple bt_bb_content_display_always bt_bb_content_align_middle\" data-bt-override-class=\"{&quot;bt_bb_align_&quot;:{&quot;current_class&quot;:&quot;bt_bb_align_inherit&quot;,&quot;def&quot;:&quot;inherit&quot;,&quot;xl&quot;:&quot;inherit&quot;}}\"><span><img loading=\"lazy\" decoding=\"async\" width=\"500\" height=\"500\" src=\"https:\/\/serviozono.com\/wp-content\/uploads\/2022\/06\/Ozonizadores-murales-para-aire-y-agua.jpg\" class=\"attachment-full size-full\" alt=\"https:\/\/serviozono.com\/wp-content\/uploads\/2022\/06\/Ozonizadores-murales-para-aire-y-agua.jpg\" data-full_image_src=\"https:\/\/serviozono.com\/wp-content\/uploads\/2022\/06\/Ozonizadores-murales-para-aire-y-agua.jpg\" title=\"Ozonizers-peintures murales-pour-air-et-eau\" srcset=\"https:\/\/serviozono.com\/wp-content\/uploads\/2022\/06\/Ozonizadores-murales-para-aire-y-agua.jpg 500w, https:\/\/serviozono.com\/wp-content\/uploads\/2022\/06\/Ozonizadores-murales-para-aire-y-agua-300x300.jpg 300w, https:\/\/serviozono.com\/wp-content\/uploads\/2022\/06\/Ozonizadores-murales-para-aire-y-agua-100x100.jpg 100w, https:\/\/serviozono.com\/wp-content\/uploads\/2022\/06\/Ozonizadores-murales-para-aire-y-agua-160x160.jpg 160w, https:\/\/serviozono.com\/wp-content\/uploads\/2022\/06\/Ozonizadores-murales-para-aire-y-agua-320x320.jpg 320w\" sizes=\"auto, (max-width: 500px) 100vw, 500px\" \/><\/span><\/div><\/div><\/div><div  class=\"bt_bb_column col-xxl-4 col-xl-4 col-xs-12 col-sm-12 col-md-12 col-lg-4 bt_bb_vertical_align_top bt_bb_align_left bt_bb_padding_normal\"  data-width=\"4\" data-bt-override-class=\"{}\"><div class=\"bt_bb_column_content\"><div class=\"bt_bb_separator bt_bb_border_style_none bt_bb_top_spacing_normal bt_bb_bottom_spacing_normal\" data-bt-override-class=\"{&quot;bt_bb_top_spacing_&quot;:{&quot;current_class&quot;:&quot;bt_bb_top_spacing_normal&quot;,&quot;def&quot;:&quot;normal&quot;,&quot;xl&quot;:&quot;normal&quot;},&quot;bt_bb_bottom_spacing_&quot;:{&quot;current_class&quot;:&quot;bt_bb_bottom_spacing_normal&quot;,&quot;def&quot;:&quot;normal&quot;,&quot;xl&quot;:&quot;normal&quot;}}\"><\/div><div  class=\"bt_bb_text\" ><\/p>\n<h4 style=\"text-align: center;\">Ozonizers Portable d&#039;Air de la pi\u00e8ce et de Choc<\/h4>\n<p>\n<\/div><div class=\"bt_bb_image bt_bb_shape_square bt_bb_target_self bt_bb_align_inherit bt_bb_hover_style_simple bt_bb_content_display_always bt_bb_content_align_middle\" data-bt-override-class=\"{&quot;bt_bb_align_&quot;:{&quot;current_class&quot;:&quot;bt_bb_align_inherit&quot;,&quot;def&quot;:&quot;inherit&quot;,&quot;xl&quot;:&quot;inherit&quot;}}\"><span><img loading=\"lazy\" decoding=\"async\" width=\"500\" height=\"500\" src=\"https:\/\/serviozono.com\/wp-content\/uploads\/2022\/06\/pro-05.jpg\" class=\"attachment-full size-full\" alt=\"https:\/\/serviozono.com\/wp-content\/uploads\/2022\/06\/pro-05.jpg\" data-full_image_src=\"https:\/\/serviozono.com\/wp-content\/uploads\/2022\/06\/pro-05.jpg\" title=\"pro-05\" srcset=\"https:\/\/serviozono.com\/wp-content\/uploads\/2022\/06\/pro-05.jpg 500w, https:\/\/serviozono.com\/wp-content\/uploads\/2022\/06\/pro-05-300x300.jpg 300w, https:\/\/serviozono.com\/wp-content\/uploads\/2022\/06\/pro-05-100x100.jpg 100w, https:\/\/serviozono.com\/wp-content\/uploads\/2022\/06\/pro-05-160x160.jpg 160w, https:\/\/serviozono.com\/wp-content\/uploads\/2022\/06\/pro-05-320x320.jpg 320w\" sizes=\"auto, (max-width: 500px) 100vw, 500px\" \/><\/span><\/div><\/div><\/div><\/div><\/div><\/div><!-- cell_inner --><\/div><!-- cell --><\/div><!-- port --><\/section><section id=\"bt_bb_section69f7390e9326d\" class=\"bt_bb_section bt_bb_layout_boxed_1200\"  data-bt-override-class=\"null\"><div class=\"bt_bb_port\"><div class=\"bt_bb_cell\"><div class=\"bt_bb_cell_inner\"><div class=\"bt_bb_row\"  data-bt-override-class=\"{}\"><div class=\"bt_bb_row_holder\" ><div  class=\"bt_bb_column col-xxl-12 col-xl-12 col-xs-12 col-sm-12 col-md-12 col-lg-12 bt_bb_vertical_align_top bt_bb_align_left bt_bb_padding_normal\"  data-width=\"12\" data-bt-override-class=\"{}\"><div class=\"bt_bb_column_content\"><div class=\"bt_bb_separator bt_bb_border_style_none bt_bb_top_spacing_normal bt_bb_bottom_spacing_normal\" data-bt-override-class=\"{&quot;bt_bb_top_spacing_&quot;:{&quot;current_class&quot;:&quot;bt_bb_top_spacing_normal&quot;,&quot;def&quot;:&quot;normal&quot;,&quot;xl&quot;:&quot;normal&quot;},&quot;bt_bb_bottom_spacing_&quot;:{&quot;current_class&quot;:&quot;bt_bb_bottom_spacing_normal&quot;,&quot;def&quot;:&quot;normal&quot;,&quot;xl&quot;:&quot;normal&quot;}}\"><\/div><div  class=\"bt_bb_text\" ><\/p>\n<h3 style=\"text-align: center;\"><span style=\"color: #104a8f;\">Des Machines, de l&#039;Ozone, de l&#039;air et de l&#039;eau<\/span><\/h3>\n<div class=\"et_pb_row et_pb_row_2\">\n<div class=\"et_pb_column et_pb_column_1_2 et_pb_column_3 et_pb_css_mix_blend_mode_passthrough et-last-child\">\n<div class=\"et_pb_module et_pb_text et_pb_text_2 et_pb_text_align_left et_pb_bg_layout_light\">\n<div class=\"et_pb_text_inner\">\n<p style=\"text-align: center;\">Ces g\u00e9n\u00e9rateurs, compresseurs utilis\u00e9s pour d\u00e9passer la pression hydrostatique de l&#039;eau par le biais de la pression d&#039;injection de gaz de l&#039;Ozone \u00e0 l&#039;int\u00e9rieur d&#039;un tube de conduit, permettant \u00e9galement de verser de l&#039;Ozone dans l&#039;atmosph\u00e8re.<\/p>\n<\/div>\n<\/div>\n<\/div>\n<\/div>\n<p>\n<\/div><\/div><\/div><\/div><\/div><\/div><!-- cell_inner --><\/div><!-- cell --><\/div><!-- port --><\/section><section id=\"bt_bb_section69f7390e93421\" class=\"bt_bb_section bt_bb_layout_boxed_1200\"  data-bt-override-class=\"null\"><div class=\"bt_bb_port\"><div class=\"bt_bb_cell\"><div class=\"bt_bb_cell_inner\"><div class=\"bt_bb_row\"  data-bt-override-class=\"{}\"><div class=\"bt_bb_row_holder\" ><div  class=\"bt_bb_column col-xxl-4 col-xl-4 col-xs-12 col-sm-12 col-md-12 col-lg-4 bt_bb_vertical_align_top bt_bb_align_left bt_bb_padding_normal\"  data-width=\"4\" data-bt-override-class=\"{}\"><div class=\"bt_bb_column_content\"><div class=\"bt_bb_separator bt_bb_border_style_none bt_bb_top_spacing_normal bt_bb_bottom_spacing_normal\" data-bt-override-class=\"{&quot;bt_bb_top_spacing_&quot;:{&quot;current_class&quot;:&quot;bt_bb_top_spacing_normal&quot;,&quot;def&quot;:&quot;normal&quot;,&quot;xl&quot;:&quot;normal&quot;},&quot;bt_bb_bottom_spacing_&quot;:{&quot;current_class&quot;:&quot;bt_bb_bottom_spacing_normal&quot;,&quot;def&quot;:&quot;normal&quot;,&quot;xl&quot;:&quot;normal&quot;}}\"><\/div><div  class=\"bt_bb_text\" ><\/p>\n<h4 style=\"text-align: center;\">Multi-fonction portable, de l&#039;air et de l&#039;eau<\/h4>\n<p>\n<\/div><div class=\"bt_bb_image bt_bb_shape_square bt_bb_target_self bt_bb_align_inherit bt_bb_hover_style_simple bt_bb_content_display_always bt_bb_content_align_middle\" data-bt-override-class=\"{&quot;bt_bb_align_&quot;:{&quot;current_class&quot;:&quot;bt_bb_align_inherit&quot;,&quot;def&quot;:&quot;inherit&quot;,&quot;xl&quot;:&quot;inherit&quot;}}\"><span><img loading=\"lazy\" decoding=\"async\" width=\"500\" height=\"500\" src=\"https:\/\/serviozono.com\/wp-content\/uploads\/2022\/06\/pro-13.jpg\" class=\"attachment-full size-full\" alt=\"https:\/\/serviozono.com\/wp-content\/uploads\/2022\/06\/pro-13.jpg\" data-full_image_src=\"https:\/\/serviozono.com\/wp-content\/uploads\/2022\/06\/pro-13.jpg\" title=\"pro-13\" srcset=\"https:\/\/serviozono.com\/wp-content\/uploads\/2022\/06\/pro-13.jpg 500w, https:\/\/serviozono.com\/wp-content\/uploads\/2022\/06\/pro-13-300x300.jpg 300w, https:\/\/serviozono.com\/wp-content\/uploads\/2022\/06\/pro-13-100x100.jpg 100w, https:\/\/serviozono.com\/wp-content\/uploads\/2022\/06\/pro-13-160x160.jpg 160w, https:\/\/serviozono.com\/wp-content\/uploads\/2022\/06\/pro-13-320x320.jpg 320w\" sizes=\"auto, (max-width: 500px) 100vw, 500px\" \/><\/span><\/div><\/div><\/div><div  class=\"bt_bb_column col-xxl-4 col-xl-4 col-xs-12 col-sm-12 col-md-12 col-lg-4 bt_bb_vertical_align_top bt_bb_align_left bt_bb_padding_normal\"  data-width=\"4\" data-bt-override-class=\"{}\"><div class=\"bt_bb_column_content\"><div class=\"bt_bb_separator bt_bb_border_style_none bt_bb_top_spacing_normal bt_bb_bottom_spacing_normal\" data-bt-override-class=\"{&quot;bt_bb_top_spacing_&quot;:{&quot;current_class&quot;:&quot;bt_bb_top_spacing_normal&quot;,&quot;def&quot;:&quot;normal&quot;,&quot;xl&quot;:&quot;normal&quot;},&quot;bt_bb_bottom_spacing_&quot;:{&quot;current_class&quot;:&quot;bt_bb_bottom_spacing_normal&quot;,&quot;def&quot;:&quot;normal&quot;,&quot;xl&quot;:&quot;normal&quot;}}\"><\/div><div  class=\"bt_bb_text\" ><\/p>\n<h4 style=\"text-align: center;\">Ozonizers peintures murales de l&#039;air \/ de l&#039;eau<\/h4>\n<p>\n<\/div><div class=\"bt_bb_image bt_bb_shape_square bt_bb_target_self bt_bb_align_inherit bt_bb_hover_style_simple bt_bb_content_display_always bt_bb_content_align_middle\" data-bt-override-class=\"{&quot;bt_bb_align_&quot;:{&quot;current_class&quot;:&quot;bt_bb_align_inherit&quot;,&quot;def&quot;:&quot;inherit&quot;,&quot;xl&quot;:&quot;inherit&quot;}}\"><span><img loading=\"lazy\" decoding=\"async\" width=\"500\" height=\"500\" src=\"https:\/\/serviozono.com\/wp-content\/uploads\/2022\/06\/Ozonizadores-multifuncion-aire-y-agua.jpg\" class=\"attachment-full size-full\" alt=\"https:\/\/serviozono.com\/wp-content\/uploads\/2022\/06\/Ozonizadores-multifuncion-aire-y-agua.jpg\" data-full_image_src=\"https:\/\/serviozono.com\/wp-content\/uploads\/2022\/06\/Ozonizadores-multifuncion-aire-y-agua.jpg\" title=\"Ozonizers-multi-fonction-air-et-eau\" srcset=\"https:\/\/serviozono.com\/wp-content\/uploads\/2022\/06\/Ozonizadores-multifuncion-aire-y-agua.jpg 500w, https:\/\/serviozono.com\/wp-content\/uploads\/2022\/06\/Ozonizadores-multifuncion-aire-y-agua-300x300.jpg 300w, https:\/\/serviozono.com\/wp-content\/uploads\/2022\/06\/Ozonizadores-multifuncion-aire-y-agua-100x100.jpg 100w, https:\/\/serviozono.com\/wp-content\/uploads\/2022\/06\/Ozonizadores-multifuncion-aire-y-agua-160x160.jpg 160w, https:\/\/serviozono.com\/wp-content\/uploads\/2022\/06\/Ozonizadores-multifuncion-aire-y-agua-320x320.jpg 320w\" sizes=\"auto, (max-width: 500px) 100vw, 500px\" \/><\/span><\/div><\/div><\/div><div  class=\"bt_bb_column col-xxl-4 col-xl-4 col-xs-12 col-sm-12 col-md-12 col-lg-4 bt_bb_vertical_align_top bt_bb_align_left bt_bb_padding_normal\"  data-width=\"4\" data-bt-override-class=\"{}\"><div class=\"bt_bb_column_content\"><div class=\"bt_bb_separator bt_bb_border_style_none bt_bb_top_spacing_normal bt_bb_bottom_spacing_normal\" data-bt-override-class=\"{&quot;bt_bb_top_spacing_&quot;:{&quot;current_class&quot;:&quot;bt_bb_top_spacing_normal&quot;,&quot;def&quot;:&quot;normal&quot;,&quot;xl&quot;:&quot;normal&quot;},&quot;bt_bb_bottom_spacing_&quot;:{&quot;current_class&quot;:&quot;bt_bb_bottom_spacing_normal&quot;,&quot;def&quot;:&quot;normal&quot;,&quot;xl&quot;:&quot;normal&quot;}}\"><\/div><div  class=\"bt_bb_text\" ><\/p>\n<h4 style=\"text-align: center;\">Ozonizers mini pour la maison<\/h4>\n<p>\n<\/div><div class=\"bt_bb_image bt_bb_shape_square bt_bb_target_self bt_bb_align_inherit bt_bb_hover_style_simple bt_bb_content_display_always bt_bb_content_align_middle\" data-bt-override-class=\"{&quot;bt_bb_align_&quot;:{&quot;current_class&quot;:&quot;bt_bb_align_inherit&quot;,&quot;def&quot;:&quot;inherit&quot;,&quot;xl&quot;:&quot;inherit&quot;}}\"><span><img loading=\"lazy\" decoding=\"async\" width=\"500\" height=\"500\" src=\"https:\/\/serviozono.com\/wp-content\/uploads\/2022\/06\/TOP-OZO-HOGAR.jpg\" class=\"attachment-full size-full\" alt=\"https:\/\/serviozono.com\/wp-content\/uploads\/2022\/06\/TOP-OZO-HOGAR.jpg\" data-full_image_src=\"https:\/\/serviozono.com\/wp-content\/uploads\/2022\/06\/TOP-OZO-HOGAR.jpg\" title=\"HAUT-OZO-MAISON\" srcset=\"https:\/\/serviozono.com\/wp-content\/uploads\/2022\/06\/TOP-OZO-HOGAR.jpg 500w, https:\/\/serviozono.com\/wp-content\/uploads\/2022\/06\/TOP-OZO-HOGAR-300x300.jpg 300w, https:\/\/serviozono.com\/wp-content\/uploads\/2022\/06\/TOP-OZO-HOGAR-100x100.jpg 100w, https:\/\/serviozono.com\/wp-content\/uploads\/2022\/06\/TOP-OZO-HOGAR-160x160.jpg 160w, https:\/\/serviozono.com\/wp-content\/uploads\/2022\/06\/TOP-OZO-HOGAR-320x320.jpg 320w\" sizes=\"auto, (max-width: 500px) 100vw, 500px\" \/><\/span><\/div><\/div><\/div><\/div><\/div><\/div><!-- cell_inner --><\/div><!-- cell --><\/div><!-- port --><\/section><section id=\"bt_bb_section69f7390e93f86\" class=\"bt_bb_section bt_bb_layout_boxed_1200\"  data-bt-override-class=\"null\"><div class=\"bt_bb_port\"><div class=\"bt_bb_cell\"><div class=\"bt_bb_cell_inner\"><div class=\"bt_bb_row\"  data-bt-override-class=\"{}\"><div class=\"bt_bb_row_holder\" ><div  class=\"bt_bb_column col-xxl-12 col-xl-12 col-xs-12 col-sm-12 col-md-12 col-lg-12 bt_bb_vertical_align_top bt_bb_align_left bt_bb_padding_normal\"  data-width=\"12\" data-bt-override-class=\"{}\"><div class=\"bt_bb_column_content\"><div class=\"bt_bb_separator bt_bb_border_style_none bt_bb_top_spacing_extra_small bt_bb_bottom_spacing_normal\" data-bt-override-class=\"{&quot;bt_bb_top_spacing_&quot;:{&quot;current_class&quot;:&quot;bt_bb_top_spacing_extra_small&quot;,&quot;def&quot;:&quot;extra_small&quot;,&quot;xl&quot;:&quot;extra_small&quot;},&quot;bt_bb_bottom_spacing_&quot;:{&quot;current_class&quot;:&quot;bt_bb_bottom_spacing_normal&quot;,&quot;def&quot;:&quot;normal&quot;,&quot;xl&quot;:&quot;normal&quot;}}\"><\/div><\/div><\/div><\/div><\/div><\/div><!-- cell_inner --><\/div><!-- cell --><\/div><!-- port --><\/section><\/p>","protected":false},"excerpt":{"rendered":"","protected":false},"author":3,"featured_media":0,"parent":0,"menu_order":0,"comment_status":"closed","ping_status":"closed","template":"","meta":{"footnotes":""},"class_list":["post-1461","page","type-page","status-publish","hentry"],"_links":{"self":[{"href":"https:\/\/serviozono.com\/fr\/wp-json\/wp\/v2\/pages\/1461","targetHints":{"allow":["GET"]}}],"collection":[{"href":"https:\/\/serviozono.com\/fr\/wp-json\/wp\/v2\/pages"}],"about":[{"href":"https:\/\/serviozono.com\/fr\/wp-json\/wp\/v2\/types\/page"}],"author":[{"embeddable":true,"href":"https:\/\/serviozono.com\/fr\/wp-json\/wp\/v2\/users\/3"}],"replies":[{"embeddable":true,"href":"https:\/\/serviozono.com\/fr\/wp-json\/wp\/v2\/comments?post=1461"}],"version-history":[{"count":49,"href":"https:\/\/serviozono.com\/fr\/wp-json\/wp\/v2\/pages\/1461\/revisions"}],"predecessor-version":[{"id":1983,"href":"https:\/\/serviozono.com\/fr\/wp-json\/wp\/v2\/pages\/1461\/revisions\/1983"}],"wp:attachment":[{"href":"https:\/\/serviozono.com\/fr\/wp-json\/wp\/v2\/media?parent=1461"}],"curies":[{"name":"wp","href":"https:\/\/api.w.org\/{rel}","templated":true}]}}