{"id":1584,"date":"2022-06-06T20:57:02","date_gmt":"2022-06-06T20:57:02","guid":{"rendered":"https:\/\/serviozono.com\/?page_id=1584"},"modified":"2024-06-11T14:24:42","modified_gmt":"2024-06-11T14:24:42","slug":"el-poder-que-tiene-el-ozono","status":"publish","type":"page","link":"https:\/\/serviozono.com\/fr\/el-poder-que-tiene-el-ozono\/","title":{"rendered":"La puissance de l&#039;ozone"},"content":{"rendered":"<p><section id=\"bt_bb_section69f50b408b45e\" class=\"bt_bb_section bt_bb_layout_boxed_1200\"  data-bt-override-class=\"null\"><div class=\"bt_bb_port\"><div class=\"bt_bb_cell\"><div class=\"bt_bb_cell_inner\"><div class=\"bt_bb_row\"  data-bt-override-class=\"{}\"><div class=\"bt_bb_row_holder\" ><div  class=\"bt_bb_column col-xxl-12 col-xl-12 col-xs-12 col-sm-12 col-md-12 col-lg-12 bt_bb_vertical_align_top bt_bb_align_left bt_bb_padding_normal\"  data-width=\"12\" data-bt-override-class=\"{}\"><div class=\"bt_bb_column_content\"><div class=\"bt_bb_separator bt_bb_border_style_none bt_bb_top_spacing_small bt_bb_bottom_spacing_normal\" data-bt-override-class=\"{&quot;bt_bb_top_spacing_&quot;:{&quot;current_class&quot;:&quot;bt_bb_top_spacing_small&quot;,&quot;def&quot;:&quot;small&quot;,&quot;xl&quot;:&quot;small&quot;},&quot;bt_bb_bottom_spacing_&quot;:{&quot;current_class&quot;:&quot;bt_bb_bottom_spacing_normal&quot;,&quot;def&quot;:&quot;normal&quot;,&quot;xl&quot;:&quot;normal&quot;}}\"><\/div><div  class=\"bt_bb_text\" ><\/p>\n<h1 style=\"text-align: center;\">Le pouvoir destructeur de l&#039;ozone<\/h1>\n<p>La mol\u00e9cule d&#039;Ozone (O3), compos\u00e9 de trois atomes d&#039;Oxyg\u00e8ne (O1), a une charge n\u00e9gative, et nous savons que la charge n\u00e9gative \u00e0 \u00e9liminer les radicaux libres qui causent le cancer.<\/p>\n<p>Les charges n\u00e9gatives, comme avec n&#039;importe quel aimant, sont attir\u00e9s rapidement par les charges positives et c&#039;est l\u00e0 que r\u00e9side le miracle.<\/p>\n<p>Les micro-organismes pathog\u00e8nes (bact\u00e9ries, virus, champignons, prions, spore, l&#039;odeur de mol\u00e9cules...) ont une charge positive, et quand vous en collision avec eux, gr\u00e2ce \u00e0 la haute oxydant de l&#039;Ozone, sont d\u00e9truits presque imm\u00e9diatement, d\u00e9truisant lui-m\u00eame en m\u00eame temps aussi la couche d&#039;Ozone, qui perdra un atome d&#039;Oxyg\u00e8ne (O1), en laissant un r\u00e9sidu de la mol\u00e9cule d&#039;Oxyg\u00e8ne (O2).<\/p>\n<p>Comme il arrive dans le jeu &#034;que la noix de coco&#034;, les mol\u00e9cules d&#039;Ozone agir rapidement &#034;manger&#034;, ou la suppression de tout agent pathog\u00e8ne dans l&#039;air ou de l&#039;eau. Lorsque vous avez termin\u00e9 avec tout, c&#039;est alors qu&#039;il commence \u00e0 appr\u00e9cier l&#039;exc\u00e8s d&#039;Ozone par son odeur caract\u00e9ristique. Par cons\u00e9quent, nous pouvons r\u00e9gler le g\u00e9n\u00e9rateur d&#039;Ozone pour la limite \u00e0 droite dans l&#039;\u00e9limination de la production de polluants, sans la production de tout type d&#039;odeur.<\/p>\n<p>\n<\/div><div class=\"bt_bb_separator bt_bb_border_style_none bt_bb_top_spacing_small bt_bb_bottom_spacing_normal\" data-bt-override-class=\"{&quot;bt_bb_top_spacing_&quot;:{&quot;current_class&quot;:&quot;bt_bb_top_spacing_small&quot;,&quot;def&quot;:&quot;small&quot;,&quot;xl&quot;:&quot;small&quot;},&quot;bt_bb_bottom_spacing_&quot;:{&quot;current_class&quot;:&quot;bt_bb_bottom_spacing_normal&quot;,&quot;def&quot;:&quot;normal&quot;,&quot;xl&quot;:&quot;normal&quot;}}\"><\/div><div class=\"bt_bb_image bt_bb_shape_square bt_bb_target_self bt_bb_align_center bt_bb_hover_style_simple bt_bb_content_display_always bt_bb_content_align_middle\" data-bt-override-class=\"{&quot;bt_bb_align_&quot;:{&quot;current_class&quot;:&quot;bt_bb_align_center&quot;,&quot;def&quot;:&quot;center&quot;,&quot;xl&quot;:&quot;center&quot;}}\"><span><img loading=\"lazy\" decoding=\"async\" width=\"454\" height=\"325\" src=\"https:\/\/serviozono.com\/wp-content\/uploads\/2022\/06\/poder-destructivo-del-ozono.jpg\" class=\"attachment-full size-full\" alt=\"https:\/\/serviozono.com\/wp-content\/uploads\/2022\/06\/poder-destructivo-del-ozono.jpg\" data-full_image_src=\"https:\/\/serviozono.com\/wp-content\/uploads\/2022\/06\/poder-destructivo-del-ozono.jpg\" title=\"le pouvoir destructeur de l&#039;ozone\" srcset=\"https:\/\/serviozono.com\/wp-content\/uploads\/2022\/06\/poder-destructivo-del-ozono.jpg 454w, https:\/\/serviozono.com\/wp-content\/uploads\/2022\/06\/poder-destructivo-del-ozono-320x229.jpg 320w\" sizes=\"auto, (max-width: 454px) 100vw, 454px\" \/><\/span><\/div><div class=\"bt_bb_separator bt_bb_border_style_none bt_bb_top_spacing_small bt_bb_bottom_spacing_normal\" data-bt-override-class=\"{&quot;bt_bb_top_spacing_&quot;:{&quot;current_class&quot;:&quot;bt_bb_top_spacing_small&quot;,&quot;def&quot;:&quot;small&quot;,&quot;xl&quot;:&quot;small&quot;},&quot;bt_bb_bottom_spacing_&quot;:{&quot;current_class&quot;:&quot;bt_bb_bottom_spacing_normal&quot;,&quot;def&quot;:&quot;normal&quot;,&quot;xl&quot;:&quot;normal&quot;}}\"><\/div><\/div><\/div><\/div><\/div><\/div><!-- cell_inner --><\/div><!-- cell --><\/div><!-- port --><\/section><section id=\"bt_bb_section69f50b408bc38\" class=\"bt_bb_section bt_bb_layout_boxed_1200\"  data-bt-override-class=\"null\"><div class=\"bt_bb_port\"><div class=\"bt_bb_cell\"><div class=\"bt_bb_cell_inner\"><div class=\"bt_bb_row\"  data-bt-override-class=\"{}\"><div class=\"bt_bb_row_holder\" ><div  class=\"bt_bb_column col-xxl-12 col-xl-12 col-xs-12 col-sm-12 col-md-12 col-lg-12 bt_bb_vertical_align_top bt_bb_align_left bt_bb_padding_normal\"  data-width=\"12\" data-bt-override-class=\"{}\"><div class=\"bt_bb_column_content\"><div  class=\"bt_bb_text\" ><\/p>\n<p style=\"text-align: center;\"><strong>Depuis le d\u00e9but du XXE si\u00e8cle, il a \u00e9t\u00e9 utilis\u00e9 pour le traitement de l&#039;eau et par la suite pour purifier l&#039;air. M\u00eame l&#039;utiliser directement sur le corps humain \u00e0 des fins th\u00e9rapeutiques (th\u00e9rapie de l&#039;Ozone). L&#039;Ozone, appliqu\u00e9e \u00e0 l&#039;environnement, effectue les trois actions:<\/strong><\/p>\n<p>\n<\/div><div class=\"bt_bb_separator bt_bb_border_style_none bt_bb_top_spacing_extra_small bt_bb_bottom_spacing_small\" data-bt-override-class=\"{&quot;bt_bb_top_spacing_&quot;:{&quot;current_class&quot;:&quot;bt_bb_top_spacing_extra_small&quot;,&quot;def&quot;:&quot;extra_small&quot;,&quot;xl&quot;:&quot;extra_small&quot;},&quot;bt_bb_bottom_spacing_&quot;:{&quot;current_class&quot;:&quot;bt_bb_bottom_spacing_small&quot;,&quot;def&quot;:&quot;small&quot;,&quot;xl&quot;:&quot;small&quot;}}\"><\/div><div class=\"bt_bb_accordion bt_bb_color_scheme_4 bt_bb_style_outline bt_bb_shape_square\" style=\"; --accordion-primary-color:#81bc29; --accordion-secondary-color:#ffffff;\"><div class=\"bt_bb_accordion_item\"><div class=\"bt_bb_accordion_item_title\">Action d\u00e9sodorisant d&#039;Ozone<\/div><div class=\"bt_bb_accordion_item_content\"><div  class=\"bt_bb_text\" ><\/p>\n<p>C&#039;est une propri\u00e9t\u00e9 facilement v\u00e9rifiable, et il est tr\u00e8s utile dans l&#039;\u00e9limination des odeurs d\u00e9sagr\u00e9ables.<\/p>\n<p>L&#039;Ozone a la propri\u00e9t\u00e9 de d\u00e9truire, non seulement les odeurs, mais directement la cause qui les produit sans ajout de composants chimiques et sans masque, la cr\u00e9ation d&#039;un environnement plus frais et agr\u00e9able, comme cela se produit apr\u00e8s la pluie.<\/p>\n<p>En plus de la mati\u00e8re organique en suspension, en particulier dans des endroits ferm\u00e9s, la cause des mauvaises odeurs sont les diff\u00e9rents micro-organismes produite par la sueur, l&#039;humidit\u00e9, le tabac, la nourriture, etc., Ainsi, d&#039;une part, il d\u00e9truit la mati\u00e8re organique par l&#039;ozone de lyse et de l&#039;autre, d&#039;attaquer les microbes qui se nourrissent d&#039;elle.<\/p>\n<p>\n<\/div><\/div><\/div><\/div><div class=\"bt_bb_accordion bt_bb_color_scheme_4 bt_bb_style_outline bt_bb_shape_square\" style=\"; --accordion-primary-color:#81bc29; --accordion-secondary-color:#ffffff;\"><div class=\"bt_bb_accordion_item\"><div class=\"bt_bb_accordion_item_title\">Action microbicide d&#039;Ozone<\/div><div class=\"bt_bb_accordion_item_content\"><div  class=\"bt_bb_text\" ><\/p>\n<p>L&#039;action microbicide ou germicide est la propri\u00e9t\u00e9 la plus importante de la couche d&#039;Ozone et les applications de plus lui sont attribu\u00e9s.<\/p>\n<p>L&#039;Ozone peut \u00eatre consid\u00e9r\u00e9 comme l&#039;agent microbicide plus rapide et efficace, il est connu, \u00e9liminant m\u00eame les micro-organismes qui ne sont pas sensibles \u00e0 la d\u00e9sinfection au chlore. Par cons\u00e9quent, il agit sur un large spectre germicide qui englobe l&#039;\u00e9limination de:<\/p>\n<ul>\n<li>Les bact\u00e9ries (effet Bact\u00e9ricide)<\/li>\n<li>Virus (effet Viricida)<\/li>\n<li>Les champignons (effet Fongicide)<\/li>\n<li>Les Spores (effet Sporicide)<\/li>\n<li>Les protozoaires (effet Protozoaire)<\/li>\n<\/ul>\n<p>\n<\/div><\/div><\/div><\/div><div class=\"bt_bb_accordion bt_bb_color_scheme_4 bt_bb_style_outline bt_bb_shape_square\" style=\"; --accordion-primary-color:#81bc29; --accordion-secondary-color:#ffffff;\"><div class=\"bt_bb_accordion_item\"><div class=\"bt_bb_accordion_item_title\">Action d\u00e9graissant d&#039;Ozone<\/div><div class=\"bt_bb_accordion_item_content\"><div  class=\"bt_bb_text\" ><\/p>\n<p>L&#039;Ozone (O3), un tr\u00e8s instable de l&#039;oxyg\u00e8ne (O2), il a tendance \u00e0 perdre rapidement de l&#039;atome suppl\u00e9mentaire, quelque chose qui permet \u00e0 l&#039;\u00e9grenage, les particules de salet\u00e9, exer\u00e7ant un effet de blanchiment dans les tissus et les aider, en partie, \u00e0 r\u00e9duire l&#039;utilisation des produits chimiques et d&#039;eau chaude (\u00e0 partir de 40 \u00b0 C \u00e0 l&#039;Ozone se d\u00e9compose plus rapidement). Pour \u00eatre en mesure d&#039;utiliser de l&#039;eau froide pour les nettoyer, il est entendu que diminue consid\u00e9rablement la consommation d&#039;\u00e9nergie et de r\u00e9duire l&#039;utilisation de produits chimiques, de la protection de la sant\u00e9 et de l&#039;environnement.<\/p>\n<p>\n<\/div><\/div><\/div><\/div><div class=\"bt_bb_separator bt_bb_border_style_none bt_bb_top_spacing_small bt_bb_bottom_spacing_normal\" data-bt-override-class=\"{&quot;bt_bb_top_spacing_&quot;:{&quot;current_class&quot;:&quot;bt_bb_top_spacing_small&quot;,&quot;def&quot;:&quot;small&quot;,&quot;xl&quot;:&quot;small&quot;},&quot;bt_bb_bottom_spacing_&quot;:{&quot;current_class&quot;:&quot;bt_bb_bottom_spacing_normal&quot;,&quot;def&quot;:&quot;normal&quot;,&quot;xl&quot;:&quot;normal&quot;}}\"><\/div><\/div><\/div><\/div><\/div><\/div><!-- cell_inner --><\/div><!-- cell --><\/div><!-- port --><\/section><\/p>","protected":false},"excerpt":{"rendered":"","protected":false},"author":1,"featured_media":0,"parent":0,"menu_order":0,"comment_status":"closed","ping_status":"closed","template":"","meta":{"footnotes":""},"class_list":["post-1584","page","type-page","status-publish","hentry"],"_links":{"self":[{"href":"https:\/\/serviozono.com\/fr\/wp-json\/wp\/v2\/pages\/1584","targetHints":{"allow":["GET"]}}],"collection":[{"href":"https:\/\/serviozono.com\/fr\/wp-json\/wp\/v2\/pages"}],"about":[{"href":"https:\/\/serviozono.com\/fr\/wp-json\/wp\/v2\/types\/page"}],"author":[{"embeddable":true,"href":"https:\/\/serviozono.com\/fr\/wp-json\/wp\/v2\/users\/1"}],"replies":[{"embeddable":true,"href":"https:\/\/serviozono.com\/fr\/wp-json\/wp\/v2\/comments?post=1584"}],"version-history":[{"count":69,"href":"https:\/\/serviozono.com\/fr\/wp-json\/wp\/v2\/pages\/1584\/revisions"}],"predecessor-version":[{"id":2978,"href":"https:\/\/serviozono.com\/fr\/wp-json\/wp\/v2\/pages\/1584\/revisions\/2978"}],"wp:attachment":[{"href":"https:\/\/serviozono.com\/fr\/wp-json\/wp\/v2\/media?parent=1584"}],"curies":[{"name":"wp","href":"https:\/\/api.w.org\/{rel}","templated":true}]}}