{"id":1644,"date":"2022-06-07T00:59:44","date_gmt":"2022-06-07T00:59:44","guid":{"rendered":"https:\/\/serviozono.com\/?page_id=1644"},"modified":"2024-06-11T14:31:12","modified_gmt":"2024-06-11T14:31:12","slug":"tecnologia-generar-ozono","status":"publish","type":"page","link":"https:\/\/serviozono.com\/fr\/tecnologia-generar-ozono\/","title":{"rendered":"La technologie pour produire de l&#039;Ozone"},"content":{"rendered":"<p><section id=\"bt_bb_section69f55c50b1bb0\" class=\"bt_bb_section bt_bb_layout_boxed_1200 bt_bb_vertical_align_top bt_bb_top_spacing_small bt_bb_bottom_spacing_medium\"  data-bt-override-class=\"{&quot;bt_bb_top_spacing_&quot;:{&quot;current_class&quot;:&quot;bt_bb_top_spacing_small&quot;,&quot;def&quot;:&quot;small&quot;,&quot;xl&quot;:&quot;small&quot;},&quot;bt_bb_bottom_spacing_&quot;:{&quot;current_class&quot;:&quot;bt_bb_bottom_spacing_medium&quot;,&quot;def&quot;:&quot;medium&quot;,&quot;xl&quot;:&quot;medium&quot;}}\"><div class=\"bt_bb_port\"><div class=\"bt_bb_cell\"><div class=\"bt_bb_cell_inner\"><div class=\"bt_bb_row\"  data-bt-override-class=\"{}\"><div class=\"bt_bb_row_holder\" ><div  class=\"bt_bb_column col-xxl-12 col-xl-12 col-xs-12 col-sm-12 col-md-12 col-lg-12 bt_bb_vertical_align_top bt_bb_align_left bt_bb_padding_normal\"  data-width=\"12\" data-bt-override-class=\"{}\"><div class=\"bt_bb_column_content\"><div data-bb-version=\"4.9.8\" class=\"bt_bb_separator bt_bb_border_style_none bt_bb_top_spacing_normal bt_bb_bottom_spacing_extra_small\" data-bt-override-class=\"{&quot;bt_bb_top_spacing_&quot;:{&quot;current_class&quot;:&quot;bt_bb_top_spacing_normal&quot;,&quot;def&quot;:&quot;normal&quot;},&quot;bt_bb_bottom_spacing_&quot;:{&quot;current_class&quot;:&quot;bt_bb_bottom_spacing_extra_small&quot;,&quot;def&quot;:&quot;extra_small&quot;}}\"><\/div><div  class=\"bt_bb_text\" ><\/p>\n<h1 style=\"text-align: center;\">El Reactor<\/h1>\n<h3>Pourquoi l&#039;effet se produit de la couronne?<\/h3>\n<p style=\"text-align: justify;\">Malgr\u00e9 cela, le syst\u00e8me est de plus en plus utilis\u00e9, nous permet de d\u00e9composer la mol\u00e9cule d&#039;oxyg\u00e8ne (O2) de l&#039;air en deux atomes d&#039;oxyg\u00e8ne (O1), qui se lient \u00e0 une autre mol\u00e9cule d&#039;oxyg\u00e8ne (O2) pour former de l&#039;Ozone (O3), apr\u00e8s avoir \u00e9t\u00e9 lib\u00e9r\u00e9s \u00e0 l&#039;environnement.<\/p>\n<p style=\"text-align: justify;\">L&#039;effet couronne est due \u00e0 l&#039;accumulation de charges \u00e9lectriques \u00e0 haut potentiel sur les conducteurs. Lorsque cette accumulation de charges \u00e9lectriques atteint la saturation, l&#039;air ambiant devient l\u00e9g\u00e8rement conducteurs et des charges \u00e9lectriques au-del\u00e0, en produisant un bruit caract\u00e9ristique et \u00e9mettant de la lumi\u00e8re.<\/p>\n<p style=\"text-align: justify;\">\u00c0 l&#039;effet couronne possible, vous avez besoin d&#039;un potentiel de 3 000 000 de Volts par m\u00e8tre dans l&#039;air sec au niveau de la mer. Cela signifie que, au moins, avec ce potentiel, il doit \u00eatre produit dans une d\u00e9charge d&#039;\u00e9lectricit\u00e9 qui passe par une distance de 1 m\u00e8tre.<\/p>\n<p style=\"text-align: justify;\">Referenci\u00e1ndolo en centim\u00e8tres, on va dire qu&#039;il faudra un potentiel de 30 000 Volts \u00e0 battre l&#039;air entre deux \u00e9lectrodes s\u00e9par\u00e9es de 1 cm de distance. Dans tous les cas, la gestion de ces potentiels est tr\u00e8s dangereux, de sorte qu&#039;ils sont utilis\u00e9s d&#039;appareils sp\u00e9ciaux pour produire une couronne avec un potentiel plus faible (de l&#039;ordre de 3 000 V). Lampes pour effet couronne sont les \u00e9l\u00e9ments qui permettent \u00e0 une concentration de hautes tensions dans la d\u00e9coration de votre int\u00e9rieur, la facilitation de la d\u00e9charge \u00e9lectrique (corona) sur un maillage reli\u00e9 \u00e0 la terre, qui couvre le corps de la lampe. Ces d\u00e9charges de haute tension va d\u00e9truire les mol\u00e9cules d&#039;oxyg\u00e8ne, et de produire de l&#039;Ozone.<\/p>\n<p style=\"text-align: justify;\">Un lecteur qui utilise des tubes di\u00e9lectriques peu diam\u00e8tre est capable de g\u00e9n\u00e9rer jusqu&#039;\u00e0 14% de l&#039;Ozone \u00e0 partir d&#039;oxyg\u00e8ne.<\/p>\n<p style=\"text-align: left;\"><strong>les r\u00e9acteurs en aluminium Haut de l&#039;Ozone<\/strong><\/p>\n<p>\n<\/div><\/div><\/div><\/div><\/div><\/div><!-- cell_inner --><\/div><!-- cell --><\/div><!-- port --><\/section><section id=\"bt_bb_section69f55c50b1ec8\" class=\"bt_bb_section bt_bb_layout_boxed_1200\"  data-bt-override-class=\"null\"><div class=\"bt_bb_port\"><div class=\"bt_bb_cell\"><div class=\"bt_bb_cell_inner\"><div class=\"bt_bb_row\"  data-bt-override-class=\"{}\"><div class=\"bt_bb_row_holder\" ><div  class=\"bt_bb_column col-xxl-6 col-xl-6 col-xs-12 col-sm-6 col-md-6 col-lg-6 bt_bb_vertical_align_top bt_bb_align_left bt_bb_padding_normal\"  data-width=\"6\" data-bt-override-class=\"{}\"><div class=\"bt_bb_column_content\"><div class=\"bt_bb_image bt_bb_shape_square bt_bb_target_self bt_bb_align_inherit bt_bb_hover_style_simple bt_bb_content_display_always bt_bb_content_align_middle\" data-bt-override-class=\"{&quot;bt_bb_align_&quot;:{&quot;current_class&quot;:&quot;bt_bb_align_inherit&quot;,&quot;def&quot;:&quot;inherit&quot;,&quot;xl&quot;:&quot;inherit&quot;}}\"><span><img loading=\"lazy\" decoding=\"async\" width=\"300\" height=\"420\" src=\"https:\/\/serviozono.com\/wp-content\/uploads\/2022\/06\/valvulas-de-los-reactores-de-Top-Ozono.jpg\" class=\"attachment-full size-full\" alt=\"https:\/\/serviozono.com\/wp-content\/uploads\/2022\/06\/valvulas-de-los-reactores-de-Top-Ozono.jpg\" data-full_image_src=\"https:\/\/serviozono.com\/wp-content\/uploads\/2022\/06\/valvulas-de-los-reactores-de-Top-Ozono.jpg\" title=\"vannes-de-la-r\u00e9acteur-de-Haut-Ozone\" \/><\/span><\/div><\/div><\/div><div  class=\"bt_bb_column col-xxl-6 col-xl-6 col-xs-12 col-sm-6 col-md-6 col-lg-6 bt_bb_vertical_align_top bt_bb_align_left bt_bb_padding_normal\"  data-width=\"6\" data-bt-override-class=\"{}\"><div class=\"bt_bb_column_content\"><div class=\"bt_bb_image bt_bb_shape_square bt_bb_target_self bt_bb_align_inherit bt_bb_hover_style_simple bt_bb_content_display_always bt_bb_content_align_middle\" data-bt-override-class=\"{&quot;bt_bb_align_&quot;:{&quot;current_class&quot;:&quot;bt_bb_align_inherit&quot;,&quot;def&quot;:&quot;inherit&quot;,&quot;xl&quot;:&quot;inherit&quot;}}\"><span><img loading=\"lazy\" decoding=\"async\" width=\"566\" height=\"330\" src=\"https:\/\/serviozono.com\/wp-content\/uploads\/2022\/06\/lampara-ozono-efecto-corona.jpg\" class=\"attachment-full size-full\" alt=\"https:\/\/serviozono.com\/wp-content\/uploads\/2022\/06\/lampara-ozono-efecto-corona.jpg\" data-full_image_src=\"https:\/\/serviozono.com\/wp-content\/uploads\/2022\/06\/lampara-ozono-efecto-corona.jpg\" title=\"lampe-ozone-effet-couronne\" srcset=\"https:\/\/serviozono.com\/wp-content\/uploads\/2022\/06\/lampara-ozono-efecto-corona.jpg 566w, https:\/\/serviozono.com\/wp-content\/uploads\/2022\/06\/lampara-ozono-efecto-corona-320x187.jpg 320w\" sizes=\"auto, (max-width: 566px) 100vw, 566px\" \/><\/span><\/div><\/div><\/div><\/div><\/div><\/div><!-- cell_inner --><\/div><!-- cell --><\/div><!-- port --><\/section><section id=\"bt_bb_section69f55c50b26cd\" class=\"bt_bb_section bt_bb_layout_boxed_1200\"  data-bt-override-class=\"null\"><div class=\"bt_bb_port\"><div class=\"bt_bb_cell\"><div class=\"bt_bb_cell_inner\"><div class=\"bt_bb_row\"  data-bt-override-class=\"{}\"><div class=\"bt_bb_row_holder\" ><div  class=\"bt_bb_column col-xxl-12 col-xl-12 col-xs-12 col-sm-12 col-md-12 col-lg-12 bt_bb_vertical_align_top bt_bb_align_left bt_bb_padding_normal\"  data-width=\"12\" data-bt-override-class=\"{}\"><div class=\"bt_bb_column_content\"><div class=\"bt_bb_separator bt_bb_border_style_none bt_bb_top_spacing_small bt_bb_bottom_spacing_normal\" data-bt-override-class=\"{&quot;bt_bb_top_spacing_&quot;:{&quot;current_class&quot;:&quot;bt_bb_top_spacing_small&quot;,&quot;def&quot;:&quot;small&quot;,&quot;xl&quot;:&quot;small&quot;},&quot;bt_bb_bottom_spacing_&quot;:{&quot;current_class&quot;:&quot;bt_bb_bottom_spacing_normal&quot;,&quot;def&quot;:&quot;normal&quot;,&quot;xl&quot;:&quot;normal&quot;}}\"><\/div><\/div><\/div><\/div><\/div><\/div><!-- cell_inner --><\/div><!-- cell --><\/div><!-- port --><\/section><\/p>","protected":false},"excerpt":{"rendered":"","protected":false},"author":1,"featured_media":0,"parent":0,"menu_order":0,"comment_status":"closed","ping_status":"closed","template":"","meta":{"footnotes":""},"class_list":["post-1644","page","type-page","status-publish","hentry"],"_links":{"self":[{"href":"https:\/\/serviozono.com\/fr\/wp-json\/wp\/v2\/pages\/1644","targetHints":{"allow":["GET"]}}],"collection":[{"href":"https:\/\/serviozono.com\/fr\/wp-json\/wp\/v2\/pages"}],"about":[{"href":"https:\/\/serviozono.com\/fr\/wp-json\/wp\/v2\/types\/page"}],"author":[{"embeddable":true,"href":"https:\/\/serviozono.com\/fr\/wp-json\/wp\/v2\/users\/1"}],"replies":[{"embeddable":true,"href":"https:\/\/serviozono.com\/fr\/wp-json\/wp\/v2\/comments?post=1644"}],"version-history":[{"count":52,"href":"https:\/\/serviozono.com\/fr\/wp-json\/wp\/v2\/pages\/1644\/revisions"}],"predecessor-version":[{"id":2981,"href":"https:\/\/serviozono.com\/fr\/wp-json\/wp\/v2\/pages\/1644\/revisions\/2981"}],"wp:attachment":[{"href":"https:\/\/serviozono.com\/fr\/wp-json\/wp\/v2\/media?parent=1644"}],"curies":[{"name":"wp","href":"https:\/\/api.w.org\/{rel}","templated":true}]}}