{"id":2928,"date":"2024-06-11T10:10:48","date_gmt":"2024-06-11T10:10:48","guid":{"rendered":"https:\/\/serviozono.com\/?page_id=2928"},"modified":"2024-06-11T16:40:36","modified_gmt":"2024-06-11T16:40:36","slug":"tecnologia-para-tratar-la-cal","status":"publish","type":"page","link":"https:\/\/serviozono.com\/fr\/tecnologia-para-tratar-la-cal\/","title":{"rendered":"La technologie pour traiter les cal"},"content":{"rendered":"<p><section data-bb-version=\"4.9.8\" id=\"bt_bb_section69f55ebfa7765\" class=\"bt_bb_section bt_bb_layout_boxed_1200 bt_bb_vertical_align_top bt_bb_top_spacing_medium bt_bb_bottom_spacing_small\"  data-bt-override-class=\"{&quot;bt_bb_top_spacing_&quot;:{&quot;current_class&quot;:&quot;bt_bb_top_spacing_medium&quot;,&quot;def&quot;:&quot;medium&quot;},&quot;bt_bb_bottom_spacing_&quot;:{&quot;current_class&quot;:&quot;bt_bb_bottom_spacing_small&quot;,&quot;def&quot;:&quot;small&quot;}}\"><div class=\"bt_bb_port\"><div class=\"bt_bb_cell\"><div class=\"bt_bb_cell_inner\"><div class=\"bt_bb_row\"  data-bt-override-class=\"{}\"><div class=\"bt_bb_row_holder\" ><div  class=\"bt_bb_column col-xxl-12 col-xl-12 col-xs-12 col-sm-12 col-md-12 col-lg-12 bt_bb_vertical_align_top bt_bb_align_left bt_bb_padding_normal\"  data-width=\"12\" data-bt-override-class=\"{}\"><div class=\"bt_bb_column_content\"><div  class=\"bt_bb_text\" ><\/p>\n<h1 class=\"elementor-heading-title elementor-size-default\" style=\"text-align: center;\">La technologie de l&#039;Inhibiteur de la<\/h1>\n<div class=\"elementor-element elementor-element-49082220 elementor-widget elementor-widget-heading\" data-id=\"49082220\" data-element_type=\"widget\" data-widget_type=\"heading.default\">\n<div class=\"elementor-widget-container\"><\/div>\n<\/div>\n<div class=\"elementor-element elementor-element-84649e6 elementor-widget elementor-widget-text-editor\" data-id=\"84649e6\" data-element_type=\"widget\" data-widget_type=\"text-editor.default\">\n<div class=\"elementor-widget-container\">\n<p><strong>Une solution \u00e9cologique et innovant<\/strong> pour le conditionnement et le traitement de l&#039;eau:\u00a0<strong>AQUAfree\u00a0<\/strong>inhibe l&#039;accumulation de calcaire, rouille et \u00e0 la corrosion, en r\u00e9duisant les co\u00fbts, l&#039;entretien et l&#039;utilisation de produits chimiques.<\/p>\n<p>L&#039;Inhibiteur de la AQUAfree compte avec une technologie test\u00e9e et certifi\u00e9e pour la\u00a0<strong>conditionnement de l&#039;eau<\/strong>\u00a0dans les r\u00e9seaux hydrauliques, circuits de chauffage, les appareils m\u00e9nagers, l&#039;eau chaude, les appareils, l&#039;\u00e9quipement et les processus.<\/p>\n<p>La technologie \u00e9lectrostatique de AQUAfree con\u00e7u pour les environnements r\u00e9sidentiels, commerciaux et industriels\u00a0<strong>il fonctionne de mani\u00e8re efficace et efficiente<\/strong>\u00a0sans l&#039;utilisation de produits chimiques nocifs, ou de l&#039;\u00e9nergie \u00e9lectrique. Les anodes de zinc et les mat\u00e9riaux utilis\u00e9s dans sa structure, en plus des conditions hydrodynamiques qui se produisent au cours de son fonctionnement, de la force de la pr\u00e9cipitation de carbonates de calcium et de magn\u00e9sium sous forme de cristaux de s\u00e9curit\u00e9 avec les propri\u00e9t\u00e9s non encrassement, ou des adeptes.<\/p>\n<p>Ce processus\u00a0<strong>emp\u00eache la formation de d\u00e9p\u00f4ts de tartre et de la corrosion<\/strong>\u00a0prise en en plus de cela, l&#039;eau est d\u00e9j\u00e0 trait\u00e9s, aller en absorbant et en faisant glisser son \u00e9tape de l&#039;\u00e9chelle ci-dessus que nous avons eu dans nos tuyaux, des surfaces et des \u00e9l\u00e9ments internes de notre r\u00e9seau de distribution d&#039;eau.<\/p>\n<\/div>\n<\/div>\n<p>\n<\/div><\/div><\/div><\/div><\/div><\/div><!-- cell_inner --><\/div><!-- cell --><\/div><!-- port --><\/section><section data-bb-version=\"4.9.8\" id=\"bt_bb_section69f55ebfa79be\" class=\"bt_bb_section bt_bb_layout_boxed_1200 bt_bb_vertical_align_top bt_bb_top_spacing_none bt_bb_bottom_spacing_none\"  data-bt-override-class=\"{&quot;bt_bb_top_spacing_&quot;:{&quot;current_class&quot;:&quot;bt_bb_top_spacing_none&quot;,&quot;def&quot;:&quot;none&quot;},&quot;bt_bb_bottom_spacing_&quot;:{&quot;current_class&quot;:&quot;bt_bb_bottom_spacing_none&quot;,&quot;def&quot;:&quot;none&quot;}}\"><div class=\"bt_bb_port\"><div class=\"bt_bb_cell\"><div class=\"bt_bb_cell_inner\"><div class=\"bt_bb_row\"  data-bt-override-class=\"{}\"><div class=\"bt_bb_row_holder\" ><div  class=\"bt_bb_column col-xxl-12 col-xl-12 col-xs-12 col-sm-12 col-md-12 col-lg-12 bt_bb_vertical_align_top bt_bb_align_left bt_bb_padding_normal\"  data-width=\"12\" data-bt-override-class=\"{}\"><div class=\"bt_bb_column_content\"><div  class=\"bt_bb_text\" ><\/p>\n<h3 class=\"elementor-heading-title elementor-size-default\">Comment l&#039;Inhibiteur de cal ?<\/h3>\n<div class=\"elementor-element elementor-element-49082220 elementor-widget elementor-widget-heading\" data-id=\"49082220\" data-element_type=\"widget\" data-widget_type=\"heading.default\">\n<div class=\"elementor-widget-container\">\n<p class=\"elementor-heading-title elementor-size-default\"><strong>L&#039;adoucisseur d&#039;eau AQUAfree inhibe la formation de d\u00e9p\u00f4ts de tartre et les changements de la crystal responsable pour les incrustations<\/strong><br \/>\nLe fonctionnement de l&#039;adoucisseur d&#039;eau AQUAfree consiste \u00e0 dissoudre le Zinc dans l&#039;eau, en tr\u00e8s petites quantit\u00e9s et sans affecter la potabilit\u00e9. De cette fa\u00e7on, nous obtenons deux effets sur l&#039;eau:<\/p>\n<\/div>\n<\/div>\n<div class=\"elementor-element elementor-element-84649e6 elementor-widget elementor-widget-text-editor\" data-id=\"84649e6\" data-element_type=\"widget\" data-widget_type=\"text-editor.default\">\n<div class=\"elementor-widget-container\">\n<ul>\n<li>La premi\u00e8re est la serrure ou\u00a0<strong>l&#039;inhibition entre 20% \u00e0 30 % du nombre total de licences d&#039;acc\u00e8s client peut \u00eatre form\u00e9 dans l&#039;eau.<\/strong><\/li>\n<li>Le second effet est que dans le reste de la chaux, qui est encore en cours de formation,\u00a0<strong>depuis, nous n&#039;aurons pas un rocher<\/strong>\u00a0qui va se d\u00e9velopper sur tous les c\u00f4t\u00e9s et de ne pas grandir, si ce n&#039;est que nous allons avoir une sorte de\u00a0<strong>la poussi\u00e8re<\/strong>\u00a0qui est entra\u00een\u00e9 par le courant de l&#039;eau. C&#039;est-\u00e0-dire, ce qui s&#039;est pass\u00e9 est un\u00a0<strong>la transformation des cristaux de calcite<\/strong>\u00a0(cubes et d&#039;adh\u00e9rer \u00e0 toutes les)\u00a0<strong>en d&#039;autres aragonite<\/strong>\u00a0allong\u00e9es (et fragile).<\/li>\n<\/ul>\n<div class=\"elementor-element elementor-element-951dea7 elementor-widget elementor-widget-text-editor\" data-id=\"951dea7\" data-element_type=\"widget\" data-widget_type=\"text-editor.default\">\n<div class=\"elementor-widget-container\">\n<p>L&#039;adoucisseur d&#039;eau<strong>\u00a0AQUAfree<\/strong>\u00a0<strong>\u00e9limine l&#039;utilisation de sels de<\/strong>\u00a0la protection des installations contre les d\u00e9p\u00f4ts de tartre, la rouille et la corrosion.AQUAfree est un syst\u00e8me efficace pour le traitement de l&#039;eau r\u00e9sidentielle, commerciale et industrielle, sans addition de sel ou de produits chimiques nocifs\u00a0<span class=\"tlid-translation translation\" lang=\"es\"><span class=\"\" title=\"\">donc, c&#039;est plus s\u00fbr, moins co\u00fbteux et plus respectueux de l&#039;environnement les syst\u00e8mes de traitement conventionnel.<\/span><\/span><\/p>\n<\/div>\n<\/div>\n<div class=\"elementor-element elementor-element-9a50d73 elementor-widget elementor-widget-text-editor\" data-id=\"9a50d73\" data-element_type=\"widget\" data-widget_type=\"text-editor.default\">\n<div class=\"elementor-widget-container\">\n<p>L&#039;adoucisseur d&#039;eau\u00a0<strong>AQUAfree aucun entretien: installer et d&#039;oublier.<\/strong>\u00a0Il est compos\u00e9 d&#039;un corps ext\u00e9rieur en Cuivre et une \u00e0 l&#039;int\u00e9rieur de Zinc. La conception de AQUAfree est destin\u00e9 \u00e0 faire le Zinc\u00a0<strong>il dure environ 15 \u00e0 20 ans<\/strong>\u00a0(d\u00e9pend de l&#039;utilisation et de la duret\u00e9 de la m\u00eame) \u00e0 la fin de laquelle on pourrait penser \u00e0 mettre un nouveau disque.<\/p>\n<\/div>\n<\/div>\n<p>&nbsp;<\/p>\n<\/div>\n<\/div>\n<p>\n<\/div><\/div><\/div><\/div><\/div><\/div><!-- cell_inner --><\/div><!-- cell --><\/div><!-- port --><\/section><section data-bb-version=\"4.9.8\" id=\"bt_bb_section69f55ebfa7c64\" class=\"bt_bb_section bt_bb_layout_boxed_1200 bt_bb_vertical_align_top bt_bb_top_spacing_none bt_bb_bottom_spacing_none\"  data-bt-override-class=\"{&quot;bt_bb_top_spacing_&quot;:{&quot;current_class&quot;:&quot;bt_bb_top_spacing_none&quot;,&quot;def&quot;:&quot;none&quot;},&quot;bt_bb_bottom_spacing_&quot;:{&quot;current_class&quot;:&quot;bt_bb_bottom_spacing_none&quot;,&quot;def&quot;:&quot;none&quot;}}\"><div class=\"bt_bb_port\"><div class=\"bt_bb_cell\"><div class=\"bt_bb_cell_inner\"><div class=\"bt_bb_row\"  data-bt-override-class=\"{}\"><div class=\"bt_bb_row_holder\" ><div  class=\"bt_bb_column col-xxl-12 col-xl-12 col-xs-12 col-sm-12 col-md-12 col-lg-12 bt_bb_vertical_align_top bt_bb_align_left bt_bb_padding_normal\"  data-width=\"12\" data-bt-override-class=\"{}\"><div class=\"bt_bb_column_content\"><div  class=\"bt_bb_text\" ><\/p>\n<h3 class=\"elementor-heading-title elementor-size-default\">Comment il agit dans les tuyaux ?<\/h3>\n<div class=\"elementor-element elementor-element-49082220 elementor-widget elementor-widget-heading\" data-id=\"49082220\" data-element_type=\"widget\" data-widget_type=\"heading.default\">\n<div class=\"elementor-widget-container\"><\/div>\n<\/div>\n<div class=\"elementor-element elementor-element-84649e6 elementor-widget elementor-widget-text-editor\" data-id=\"84649e6\" data-element_type=\"widget\" data-widget_type=\"text-editor.default\">\n<div class=\"elementor-widget-container\">\n<div>\n<p><strong>Dans les nouveaux tuyaux\u00a0<\/strong><\/p>\n<p>Le premier passage de l&#039;eau pour former une fine couche d&#039;Hydroxyde de Zinc, de sorte que les cristaux d&#039;aragonite sont licenci\u00e9s \u00e0 cause de leur manque de respect et la tra\u00een\u00e9e de l&#039;actuel.<\/p>\n<\/div>\n<div>\n<p><strong>Pipe incrust\u00e9s avec l&#039;existant\u00a0<\/strong><\/p>\n<p>Il g\u00e9n\u00e8re un nettoyage progressif \u201ccoiffure\u201d de l&#039;aragonite. Selon l&#039;\u00e9paisseur et la duret\u00e9 peut atteindre \u00e0 la dissolution. Tout ceci se produit dans les six premiers mois et ensuite le diam\u00e8tre de la tubulure stabilis\u00e9.<\/p>\n<\/div>\n<p>&nbsp;<\/p>\n<\/div>\n<\/div>\n<p>\n<\/div><\/div><\/div><\/div><\/div><\/div><!-- cell_inner --><\/div><!-- cell --><\/div><!-- port --><\/section><section id=\"bt_bb_section69f55ebfa7e0b\" class=\"bt_bb_section bt_bb_layout_boxed_1200\"  data-bt-override-class=\"null\"><div class=\"bt_bb_port\"><div class=\"bt_bb_cell\"><div class=\"bt_bb_cell_inner\"><div class=\"bt_bb_row\"  data-bt-override-class=\"{}\"><div class=\"bt_bb_row_holder\" ><div  class=\"bt_bb_column col-xxl-12 col-xl-12 col-xs-12 col-sm-12 col-md-12 col-lg-12 bt_bb_vertical_align_top bt_bb_align_left bt_bb_padding_normal\"  data-width=\"12\" data-bt-override-class=\"{}\"><div class=\"bt_bb_column_content\"><div data-bb-version=\"4.9.8\" class=\"bt_bb_image bt_bb_shape_square bt_bb_target_self bt_bb_align_inherit bt_bb_hover_style_simple bt_bb_content_display_always bt_bb_content_align_middle\" data-bt-override-class=\"{&quot;bt_bb_align_&quot;:{&quot;current_class&quot;:&quot;bt_bb_align_inherit&quot;,&quot;def&quot;:&quot;inherit&quot;},&quot;bt_bb_content_display_&quot;:{&quot;current_class&quot;:&quot;bt_bb_content_display_always&quot;,&quot;def&quot;:&quot;always&quot;}}\"><span><img loading=\"lazy\" decoding=\"async\" width=\"1536\" height=\"313\" src=\"https:\/\/serviozono.com\/wp-content\/uploads\/2024\/06\/aragonita10-1536x313-1.jpg\" class=\"attachment-full size-full\" alt=\"https:\/\/serviozono.com\/wp-content\/uploads\/2024\/06\/aragonita10-1536x313-1.jpg\" data-full_image_src=\"https:\/\/serviozono.com\/wp-content\/uploads\/2024\/06\/aragonita10-1536x313-1.jpg\" title=\"aragonita10-1536x313\" srcset=\"https:\/\/serviozono.com\/wp-content\/uploads\/2024\/06\/aragonita10-1536x313-1.jpg 1536w, https:\/\/serviozono.com\/wp-content\/uploads\/2024\/06\/aragonita10-1536x313-1-640x130.jpg 640w, https:\/\/serviozono.com\/wp-content\/uploads\/2024\/06\/aragonita10-1536x313-1-1280x261.jpg 1280w, https:\/\/serviozono.com\/wp-content\/uploads\/2024\/06\/aragonita10-1536x313-1-768x157.jpg 768w, https:\/\/serviozono.com\/wp-content\/uploads\/2024\/06\/aragonita10-1536x313-1-18x4.jpg 18w, https:\/\/serviozono.com\/wp-content\/uploads\/2024\/06\/aragonita10-1536x313-1-320x65.jpg 320w, https:\/\/serviozono.com\/wp-content\/uploads\/2024\/06\/aragonita10-1536x313-1-600x122.jpg 600w\" sizes=\"auto, (max-width: 1536px) 100vw, 1536px\" \/><\/span><\/div><\/div><\/div><\/div><\/div><\/div><!-- cell_inner --><\/div><!-- cell --><\/div><!-- port --><\/section><section id=\"bt_bb_section69f55ebfa8187\" class=\"bt_bb_section bt_bb_layout_boxed_1200\"  data-bt-override-class=\"null\"><div class=\"bt_bb_port\"><div class=\"bt_bb_cell\"><div class=\"bt_bb_cell_inner\"><div class=\"bt_bb_row\"  data-bt-override-class=\"{}\"><div class=\"bt_bb_row_holder\" ><div  class=\"bt_bb_column col-xxl-12 col-xl-12 col-xs-12 col-sm-12 col-md-12 col-lg-12 bt_bb_vertical_align_top bt_bb_align_left bt_bb_padding_normal\"  data-width=\"12\" data-bt-override-class=\"{}\"><div class=\"bt_bb_column_content\"><div class=\"bt_bb_separator bt_bb_border_style_none bt_bb_top_spacing_small bt_bb_bottom_spacing_normal\" data-bt-override-class=\"{&quot;bt_bb_top_spacing_&quot;:{&quot;current_class&quot;:&quot;bt_bb_top_spacing_small&quot;,&quot;def&quot;:&quot;small&quot;,&quot;xl&quot;:&quot;small&quot;},&quot;bt_bb_bottom_spacing_&quot;:{&quot;current_class&quot;:&quot;bt_bb_bottom_spacing_normal&quot;,&quot;def&quot;:&quot;normal&quot;,&quot;xl&quot;:&quot;normal&quot;}}\"><\/div><\/div><\/div><\/div><\/div><\/div><!-- cell_inner --><\/div><!-- cell --><\/div><!-- port --><\/section><section id=\"bt_bb_section69f55ebfa8278\" class=\"bt_bb_section bt_bb_layout_boxed_1200\"  data-bt-override-class=\"null\"><div class=\"bt_bb_port\"><div class=\"bt_bb_cell\"><div class=\"bt_bb_cell_inner\"><div class=\"bt_bb_row\"  data-bt-override-class=\"{}\"><div class=\"bt_bb_row_holder\" ><div  class=\"bt_bb_column col-xxl-12 col-xl-12 col-xs-12 col-sm-12 col-md-12 col-lg-12 bt_bb_vertical_align_top bt_bb_align_left bt_bb_padding_normal\"  data-width=\"12\" data-bt-override-class=\"{}\"><div class=\"bt_bb_column_content\"><div data-bb-version=\"4.9.8\" class=\"bt_bb_image bt_bb_shape_square bt_bb_target_self bt_bb_align_inherit bt_bb_hover_style_simple bt_bb_content_display_always bt_bb_content_align_middle\" data-bt-override-class=\"{&quot;bt_bb_align_&quot;:{&quot;current_class&quot;:&quot;bt_bb_align_inherit&quot;,&quot;def&quot;:&quot;inherit&quot;},&quot;bt_bb_content_display_&quot;:{&quot;current_class&quot;:&quot;bt_bb_content_display_always&quot;,&quot;def&quot;:&quot;always&quot;}}\"><span><img loading=\"lazy\" decoding=\"async\" width=\"1024\" height=\"508\" src=\"https:\/\/serviozono.com\/wp-content\/uploads\/2024\/06\/aqua10.jpg\" class=\"attachment-full size-full\" alt=\"https:\/\/serviozono.com\/wp-content\/uploads\/2024\/06\/aqua10.jpg\" data-full_image_src=\"https:\/\/serviozono.com\/wp-content\/uploads\/2024\/06\/aqua10.jpg\" title=\"aqua10\" srcset=\"https:\/\/serviozono.com\/wp-content\/uploads\/2024\/06\/aqua10.jpg 1024w, https:\/\/serviozono.com\/wp-content\/uploads\/2024\/06\/aqua10-640x318.jpg 640w, https:\/\/serviozono.com\/wp-content\/uploads\/2024\/06\/aqua10-768x381.jpg 768w, https:\/\/serviozono.com\/wp-content\/uploads\/2024\/06\/aqua10-18x9.jpg 18w, https:\/\/serviozono.com\/wp-content\/uploads\/2024\/06\/aqua10-320x159.jpg 320w, https:\/\/serviozono.com\/wp-content\/uploads\/2024\/06\/aqua10-600x298.jpg 600w\" sizes=\"auto, (max-width: 1024px) 100vw, 1024px\" \/><\/span><\/div><\/div><\/div><\/div><\/div><\/div><!-- cell_inner --><\/div><!-- cell --><\/div><!-- port --><\/section><section id=\"bt_bb_section69f55ebfa8555\" class=\"bt_bb_section bt_bb_layout_boxed_1200\"  data-bt-override-class=\"null\"><div class=\"bt_bb_port\"><div class=\"bt_bb_cell\"><div class=\"bt_bb_cell_inner\"><div class=\"bt_bb_row\"  data-bt-override-class=\"{}\"><div class=\"bt_bb_row_holder\" ><div  class=\"bt_bb_column col-xxl-12 col-xl-12 col-xs-12 col-sm-12 col-md-12 col-lg-12 bt_bb_vertical_align_top bt_bb_align_left bt_bb_padding_normal\"  data-width=\"12\" data-bt-override-class=\"{}\"><div class=\"bt_bb_column_content\"><div class=\"bt_bb_separator bt_bb_border_style_none bt_bb_top_spacing_small bt_bb_bottom_spacing_normal\" data-bt-override-class=\"{&quot;bt_bb_top_spacing_&quot;:{&quot;current_class&quot;:&quot;bt_bb_top_spacing_small&quot;,&quot;def&quot;:&quot;small&quot;,&quot;xl&quot;:&quot;small&quot;},&quot;bt_bb_bottom_spacing_&quot;:{&quot;current_class&quot;:&quot;bt_bb_bottom_spacing_normal&quot;,&quot;def&quot;:&quot;normal&quot;,&quot;xl&quot;:&quot;normal&quot;}}\"><\/div><\/div><\/div><\/div><\/div><\/div><!-- cell_inner --><\/div><!-- cell --><\/div><!-- port --><\/section><\/p>","protected":false},"excerpt":{"rendered":"","protected":false},"author":3,"featured_media":0,"parent":0,"menu_order":0,"comment_status":"closed","ping_status":"closed","template":"","meta":{"footnotes":""},"class_list":["post-2928","page","type-page","status-publish","hentry"],"_links":{"self":[{"href":"https:\/\/serviozono.com\/fr\/wp-json\/wp\/v2\/pages\/2928","targetHints":{"allow":["GET"]}}],"collection":[{"href":"https:\/\/serviozono.com\/fr\/wp-json\/wp\/v2\/pages"}],"about":[{"href":"https:\/\/serviozono.com\/fr\/wp-json\/wp\/v2\/types\/page"}],"author":[{"embeddable":true,"href":"https:\/\/serviozono.com\/fr\/wp-json\/wp\/v2\/users\/3"}],"replies":[{"embeddable":true,"href":"https:\/\/serviozono.com\/fr\/wp-json\/wp\/v2\/comments?post=2928"}],"version-history":[{"count":30,"href":"https:\/\/serviozono.com\/fr\/wp-json\/wp\/v2\/pages\/2928\/revisions"}],"predecessor-version":[{"id":2982,"href":"https:\/\/serviozono.com\/fr\/wp-json\/wp\/v2\/pages\/2928\/revisions\/2982"}],"wp:attachment":[{"href":"https:\/\/serviozono.com\/fr\/wp-json\/wp\/v2\/media?parent=2928"}],"curies":[{"name":"wp","href":"https:\/\/api.w.org\/{rel}","templated":true}]}}