{"id":3003,"date":"2024-07-02T10:03:18","date_gmt":"2024-07-02T10:03:18","guid":{"rendered":"https:\/\/serviozono.com\/?page_id=3003"},"modified":"2024-07-02T10:19:20","modified_gmt":"2024-07-02T10:19:20","slug":"ventajas-de-nuestros-canones-portatiles","status":"publish","type":"page","link":"https:\/\/serviozono.com\/fr\/ventajas-de-nuestros-canones-portatiles\/","title":{"rendered":"Avantages de nos canyons ordinateurs portables"},"content":{"rendered":"<section id=\"bt_bb_section69f55eb011fe9\" class=\"bt_bb_section bt_bb_layout_boxed_1200 bt_bb_vertical_align_top bt_bb_top_spacing_small bt_bb_bottom_spacing_medium\"  data-bt-override-class=\"{&quot;bt_bb_top_spacing_&quot;:{&quot;current_class&quot;:&quot;bt_bb_top_spacing_small&quot;,&quot;def&quot;:&quot;small&quot;,&quot;xl&quot;:&quot;small&quot;},&quot;bt_bb_bottom_spacing_&quot;:{&quot;current_class&quot;:&quot;bt_bb_bottom_spacing_medium&quot;,&quot;def&quot;:&quot;medium&quot;,&quot;xl&quot;:&quot;medium&quot;}}\"><div class=\"bt_bb_port\"><div class=\"bt_bb_cell\"><div class=\"bt_bb_cell_inner\"><div class=\"bt_bb_row\"  data-bt-override-class=\"{}\"><div class=\"bt_bb_row_holder\" ><div  class=\"bt_bb_column col-xxl-12 col-xl-12 col-xs-12 col-sm-12 col-md-12 col-lg-12 bt_bb_vertical_align_top bt_bb_align_left bt_bb_padding_normal\"  data-width=\"12\" data-bt-override-class=\"{}\"><div class=\"bt_bb_column_content\"><div data-bb-version=\"4.9.8\" class=\"bt_bb_separator bt_bb_border_style_none bt_bb_top_spacing_normal bt_bb_bottom_spacing_extra_small\" data-bt-override-class=\"{&quot;bt_bb_top_spacing_&quot;:{&quot;current_class&quot;:&quot;bt_bb_top_spacing_normal&quot;,&quot;def&quot;:&quot;normal&quot;},&quot;bt_bb_bottom_spacing_&quot;:{&quot;current_class&quot;:&quot;bt_bb_bottom_spacing_extra_small&quot;,&quot;def&quot;:&quot;extra_small&quot;}}\"><\/div><div  class=\"bt_bb_text\" ><\/p>\n<h1 style=\"text-align: center;\">CANYONS PORTABLE HAUT DE L&#039;OZONE<\/h1>\n<p>&nbsp;<\/p>\n<p><img loading=\"lazy\" decoding=\"async\" class=\"wp-image-1740 aligncenter\" src=\"https:\/\/serviozono.com\/wp-content\/uploads\/2022\/06\/P-ECO-4000V-min-640x507.jpg\" alt=\"\" width=\"311\" height=\"246\" srcset=\"https:\/\/serviozono.com\/wp-content\/uploads\/2022\/06\/P-ECO-4000V-min-640x507.jpg 640w, https:\/\/serviozono.com\/wp-content\/uploads\/2022\/06\/P-ECO-4000V-min-600x475.jpg 600w, https:\/\/serviozono.com\/wp-content\/uploads\/2022\/06\/P-ECO-4000V-min-768x608.jpg 768w, https:\/\/serviozono.com\/wp-content\/uploads\/2022\/06\/P-ECO-4000V-min-320x253.jpg 320w, https:\/\/serviozono.com\/wp-content\/uploads\/2022\/06\/P-ECO-4000V-min.jpg 866w\" sizes=\"auto, (max-width: 311px) 100vw, 311px\" \/><\/p>\n<p>&nbsp;<\/p>\n<p style=\"text-align: center;\">\u00a0 \u00a0 \u00a0 \u00a0 \u00a0 \u00a0 \u00a0 \u00a0Mod\u00e8le P-ECO-4000-V<\/p>\n<p>&nbsp;<\/p>\n<p><img loading=\"lazy\" decoding=\"async\" class=\"wp-image-1158 alignleft\" src=\"https:\/\/serviozono.com\/wp-content\/uploads\/2022\/06\/P8000T-w.png\" alt=\"\" width=\"390\" height=\"322\" srcset=\"https:\/\/serviozono.com\/wp-content\/uploads\/2022\/06\/P8000T-w.png 480w, https:\/\/serviozono.com\/wp-content\/uploads\/2022\/06\/P8000T-w-320x264.png 320w\" sizes=\"auto, (max-width: 390px) 100vw, 390px\" \/><img loading=\"lazy\" decoding=\"async\" class=\"wp-image-1159 alignright\" src=\"https:\/\/serviozono.com\/wp-content\/uploads\/2022\/06\/P8000T-back-w-min.png\" alt=\"\" width=\"370\" height=\"311\" srcset=\"https:\/\/serviozono.com\/wp-content\/uploads\/2022\/06\/P8000T-back-w-min.png 480w, https:\/\/serviozono.com\/wp-content\/uploads\/2022\/06\/P8000T-back-w-min-320x269.png 320w\" sizes=\"auto, (max-width: 370px) 100vw, 370px\" \/><\/p>\n<p>&nbsp;<\/p>\n<p>&nbsp;<\/p>\n<p>&nbsp;<\/p>\n<p>&nbsp;<\/p>\n<p>&nbsp;<\/p>\n<p>&nbsp;<\/p>\n<p>&nbsp;<\/p>\n<p>&nbsp;<\/p>\n<p>&nbsp;<\/p>\n<p style=\"text-align: left;\">\u00a0 \u00a0 \u00a0 \u00a0 \u00a0 \u00a0 \u00a0 \u00a0 \u00a0 \u00a0 \u00a0 \u00a0 \u00a0 \u00a0 \u00a0 \u00a0 \u00a0 \u00a0 \u00a0 \u00a0 \u00a0 \u00a0 \u00a0 \u00a0 \u00a0 \u00a0 \u00a0 \u00a0 \u00a0 \u00a0 \u00a0 \u00a0 \u00a0 \u00a0 \u00a0 \u00a0 \u00a0 \u00a0 \u00a0 \u00a0 \u00a0 \u00a0 \u00a0 \u00a0 \u00a0 \u00a0 \u00a0 Mod\u00e8le P-8000-T Mod\u00e8le P-16000-T<\/p>\n<p>&nbsp;<\/p>\n<h3>Obsolescence programm\u00e9e<\/h3>\n<p>Au c\u0153ur des mod\u00e8les P-ECO-4000-V, P-8000-T et de P-16000-T supports de r\u00e9acteurs en acier inoxydable, \u00e9tendant sa dur\u00e9e de vie presque illimit\u00e9e. Les autres marques, le plus souvent l&#039;utilisation des r\u00e9acteurs de produits avec des plaques en c\u00e9ramique (argile ou de boue est sa mati\u00e8re premi\u00e8re et de l&#039;aluminium, des particules qui la composent, de r\u00e9agir avec l&#039;Ozone, en lib\u00e9rant de l&#039;oxyde d&#039;aluminium,<\/p>\n<p>d\u00e9grader rapidement). Dans un premier temps, les plaques en c\u00e9ramique offrent une bonne production de l&#039;Ozone, mais en bref, il sera consid\u00e9rablement r\u00e9duite et les lampes sont difficiles \u00e0 surmonter ces 200 heures de dur\u00e9e de vie utile de mani\u00e8re efficace. Le commercial assur\u00e9, jusqu&#039;\u00e0 2000 heures de la vie, de le d\u00e9fendre, parce que ces g\u00e9n\u00e9rateurs n&#039;ont pas de conta<\/p>\n<p>les fournisseurs d&#039;heures, en basant leur fonctionnement dans la poursuite de la substitution de composants, et non pas dans son bon entretien.<\/p>\n<p>&nbsp;<\/p>\n<p><img loading=\"lazy\" decoding=\"async\" class=\"wp-image-3004 aligncenter\" src=\"https:\/\/serviozono.com\/wp-content\/uploads\/2024\/07\/Obsolescencia-640x550.png\" alt=\"\" width=\"401\" height=\"344\" srcset=\"https:\/\/serviozono.com\/wp-content\/uploads\/2024\/07\/Obsolescencia-640x550.png 640w, https:\/\/serviozono.com\/wp-content\/uploads\/2024\/07\/Obsolescencia-14x12.png 14w, https:\/\/serviozono.com\/wp-content\/uploads\/2024\/07\/Obsolescencia-320x275.png 320w, https:\/\/serviozono.com\/wp-content\/uploads\/2024\/07\/Obsolescencia-600x515.png 600w, https:\/\/serviozono.com\/wp-content\/uploads\/2024\/07\/Obsolescencia.png 724w\" sizes=\"auto, (max-width: 401px) 100vw, 401px\" \/><\/p>\n<h5><\/h5>\n<h3>Les nuisibles r\u00e9acteurs en C\u00e9ramique<\/h3>\n<p>L&#039;oxyde d&#039;aluminium (Al2O3), commun\u00e9ment connu comme l&#039;alumine, avec de la silice, sont les \u00e9l\u00e9ments les plus importants dans la constitution des argiles. L&#039;alumine est souvent utilis\u00e9 comme un g\u00e9nie de la c\u00e9ramique en raison de sa haute performance, combin\u00e9s avec un prix tr\u00e8s abordable. On pourrait dire que c&#039;est l&#039;un des mat\u00e9riaux c\u00e9ramiques sont plus rentables, \u00e9tant ainsi l&#039;un des plus utilis\u00e9s.<br \/>\nL&#039;aluminium est un m\u00e9tal tr\u00e8s lourd toxique pour le corps, de sorte que si elle respire, comme en cas d&#039;ingestion, comme si vous venez en contact par la peau. Des dommages peuvent se produire \u00e0 d\u00e9g\u00e9n\u00e9rative du tissu et, comme il est facilement accumul\u00e9 dans le cerveau, la limitation de la transmission \u00e9lectrique entre les neurones, l&#039;attribution d&#039;\u00eatre la cause de troubles mentaux tels que la maladie d&#039;Alzheimer.<br \/>\nL&#039;aluminium qui rend les plaques en c\u00e9ramique est d\u00e9grad\u00e9e rapidement en contact avec la couche d&#039;Ozone, \u00eatre tr\u00e8s dangereux pour votre sant\u00e9 \u00e0 utiliser l&#039;air trait\u00e9e \u00e0 l&#039;ozone g\u00e9n\u00e9r\u00e9 des r\u00e9acteurs avec de la c\u00e9ramique. En HAUT de l&#039;OZONE est libre de l&#039;aluminium, car il n&#039;utilise pas de r\u00e9acteurs en c\u00e9ramique pour votre g\u00e9n\u00e9rateurs, mais ils sont fabriqu\u00e9s en acier inoxydable avec Verre de Borosilicate. De cette fa\u00e7on, ces r\u00e9acteurs ne pas d\u00e9grader la sant\u00e9 lorsqu&#039;il est respir\u00e9, ou avez \u00e9t\u00e9 en contact avec l&#039;Ozone g\u00e9n\u00e9r\u00e9 dans un totalement sain.<\/p>\n<p>&nbsp;<\/p>\n<p><img loading=\"lazy\" decoding=\"async\" class=\"wp-image-3005 aligncenter\" src=\"https:\/\/serviozono.com\/wp-content\/uploads\/2024\/07\/paste644-300x215-1.jpg\" alt=\"\" width=\"400\" height=\"287\" srcset=\"https:\/\/serviozono.com\/wp-content\/uploads\/2024\/07\/paste644-300x215-1.jpg 300w, https:\/\/serviozono.com\/wp-content\/uploads\/2024\/07\/paste644-300x215-1-18x12.jpg 18w\" sizes=\"auto, (max-width: 400px) 100vw, 400px\" \/><\/p>\n<p>\n<\/div><\/div><\/div><\/div><\/div><\/div><!-- cell_inner --><\/div><!-- cell --><\/div><!-- port --><\/section>","protected":false},"excerpt":{"rendered":"","protected":false},"author":3,"featured_media":0,"parent":0,"menu_order":0,"comment_status":"closed","ping_status":"closed","template":"","meta":{"footnotes":""},"class_list":["post-3003","page","type-page","status-publish","hentry"],"_links":{"self":[{"href":"https:\/\/serviozono.com\/fr\/wp-json\/wp\/v2\/pages\/3003","targetHints":{"allow":["GET"]}}],"collection":[{"href":"https:\/\/serviozono.com\/fr\/wp-json\/wp\/v2\/pages"}],"about":[{"href":"https:\/\/serviozono.com\/fr\/wp-json\/wp\/v2\/types\/page"}],"author":[{"embeddable":true,"href":"https:\/\/serviozono.com\/fr\/wp-json\/wp\/v2\/users\/3"}],"replies":[{"embeddable":true,"href":"https:\/\/serviozono.com\/fr\/wp-json\/wp\/v2\/comments?post=3003"}],"version-history":[{"count":10,"href":"https:\/\/serviozono.com\/fr\/wp-json\/wp\/v2\/pages\/3003\/revisions"}],"predecessor-version":[{"id":3015,"href":"https:\/\/serviozono.com\/fr\/wp-json\/wp\/v2\/pages\/3003\/revisions\/3015"}],"wp:attachment":[{"href":"https:\/\/serviozono.com\/fr\/wp-json\/wp\/v2\/media?parent=3003"}],"curies":[{"name":"wp","href":"https:\/\/api.w.org\/{rel}","templated":true}]}}