{"id":1091,"date":"2022-06-01T12:11:56","date_gmt":"2022-06-01T12:11:56","guid":{"rendered":"https:\/\/serviozono.com\/?post_type=product&#038;p=1091"},"modified":"2025-10-20T16:17:22","modified_gmt":"2025-10-20T16:17:22","slug":"generador-go-2000-v-tc","status":"publish","type":"product","link":"https:\/\/serviozono.com\/fr\/produit\/generador-go-2000-v-tc\/","title":{"rendered":"G\u00e9n\u00e9rateur de GO 2000 V TC"},"content":{"rendered":"<h3>Ozonizers peintures murales commercial<\/h3>\n<p>Le mod\u00e8le GO 2000 V est un G\u00e9n\u00e9rateur d&#039;Ozone pour les applications de traitement de l&#039;air ambiant. L&#039;ozone est expuls\u00e9 par l&#039;avant \u00e0 travers la grille de diffuseur par le biais d&#039;un ventilateur interne. Ce mod\u00e8le est construit dans un bo\u00eetier en acier inoxydable et est \u00e9quip\u00e9 avec minuterie cyclique pour contr\u00f4ler le temps de production<\/p>\n<p>Le mod\u00e8le 2000 mg\/O3\/h pour les s\u00e9jours d&#039;environ 100 \u00e0 200 m2<\/p>\n<p>&nbsp;<\/p>\n<p><img loading=\"lazy\" decoding=\"async\" class=\"wp-image-1090 aligncenter\" src=\"https:\/\/serviozono.com\/wp-content\/uploads\/2022\/06\/GO1000V-w-640x646.jpg\" alt=\"\" width=\"314\" height=\"317\" srcset=\"https:\/\/serviozono.com\/wp-content\/uploads\/2022\/06\/GO1000V-w-640x646.jpg 640w, https:\/\/serviozono.com\/wp-content\/uploads\/2022\/06\/GO1000V-w-100x100.jpg 100w, https:\/\/serviozono.com\/wp-content\/uploads\/2022\/06\/GO1000V-w-600x606.jpg 600w, https:\/\/serviozono.com\/wp-content\/uploads\/2022\/06\/GO1000V-w-768x776.jpg 768w, https:\/\/serviozono.com\/wp-content\/uploads\/2022\/06\/GO1000V-w-320x323.jpg 320w, https:\/\/serviozono.com\/wp-content\/uploads\/2022\/06\/GO1000V-w.jpg 800w\" sizes=\"auto, (max-width: 314px) 100vw, 314px\" \/><\/p>\n<p>&nbsp;<\/p>\n<h3>Application<\/h3>\n<p>L&#039;Ozone est une variation de l&#039;oxyg\u00e8ne d&#039;une mol\u00e9cule form\u00e9e de trois atomes. Cette mol\u00e9cule se d\u00e9compose avec facilit\u00e9, lib\u00e9rant un atome d&#039;oxyg\u00e8ne, qui r\u00e9agit en combinaison avec des produits chimiques polluants de l&#039;air, qui agissent essentiellement sur les compos\u00e9s organiques, ainsi que les bact\u00e9ries, les virus et les champignons, les d\u00e9truisant et la pr\u00e9vention de leur formation.<\/p>\n<p>L&#039;Ozone, par son grand pouvoir oxydant, a, entre autres, les propri\u00e9t\u00e9s suivantes:<\/p>\n<p>\u2013 L&#039;odeur de l&#039;enl\u00e8vement, antibact\u00e9rien, st\u00e9rilisation, ...<\/p>\n<p>Nous obtenons donc \u00e0 supprimer:<\/p>\n<p>\u2013 Les mauvaises odeurs caus\u00e9es par le tabac, les drains, les animaux, les produits chimiques<br \/>\n\u2013 Des germes de l&#039;environnement et les mat\u00e9riaux de la maison (rideaux, tentures, tapis, ...)<br \/>\n\u2013 Le sentiment de l&#039;air mince<\/p>\n<h3>Installation de ozonizers peintures murales<\/h3>\n<p>Doit \u00eatre install\u00e9 entre 2 et 2,5 m\u00e8tres de hauteur et \u00e0 une distance du plafond d&#039;au moins 30 cm, de pr\u00e9f\u00e9rence sur le mur comme un tableau. Ne n\u00e9cessite pas de changement de filtres et d&#039;utiliser uniquement de l&#039;air et une quantit\u00e9 n\u00e9gligeable de l&#039;\u00e9lectricit\u00e9.<\/p>\n<p>Gr\u00e2ce \u00e0 la technologie de pointe int\u00e9gr\u00e9 HAUTE FR\u00c9QUENCE pour la production de l&#039;Ozone r\u00e9sultats sont obtenus consid\u00e9rablement plus \u00e9lev\u00e9 que les autres technologies utilis\u00e9es jusqu&#039;\u00e0 ce moment, permettant de r\u00e9duire l&#039;\u00e9quipement malgr\u00e9 la production de grandes quantit\u00e9s d&#039;Ozone.<\/p>\n<p>Les g\u00e9n\u00e9rateurs de Haut Ozone <strong>ne pas produire de l&#039;aluminium<\/strong>, tr\u00e8s toxiques, les m\u00e9taux lourds, comme il n&#039;utilise pas les r\u00e9acteurs de la c\u00e9ramique, mais en acier inoxydable.<\/p>\n<h3>R\u00e9sultats<\/h3>\n<p>-Supprimer compl\u00e8tement toutes sortes d&#039;odeurs, quelle que soit son origine.<br \/>\n-D\u00e9sinfecter l&#039;environnement, de la suppression des virus, des bact\u00e9ries et des acariens.<br \/>\n-Pour obtenir une st\u00e9rilisation des lieux avec une mauvaise ventilation.<br \/>\n-R\u00e9duire les sympt\u00f4mes des personnes souffrant d&#039;asthme et d&#039;allergies de toutes sortes.<br \/>\n-S&#039;assurer que le logement arr\u00eater de sentir si elles ont des animaux de compagnie.<br \/>\nPour obtenir une qualit\u00e9 de l&#039;air pour \u00eatre tr\u00e8s b\u00e9n\u00e9fique pour la sant\u00e9.<br \/>\n-Install\u00e9 dans les lieux de travail, r\u00e9duit consid\u00e9rablement le risque de contagion entre les gens de virus comme la grippe ou le COVID-19 (r\u00e9duction de la faible main-d&#039;\u0153uvre).<\/p>\n<h3>Caract\u00e9ristiques techniques<\/h3>\n<p>&nbsp;<\/p>\n<table>\n<tbody>\n<tr>\n<td width=\"283\">PUISSANCE<\/td>\n<td width=\"283\">\u00a0\u00a0\u00a0\u00a0\u00a0\u00a0\u00a0\u00a0\u00a0\u00a0\u00a0\u00a0\u00a0\u00a0\u00a0\u00a0\u00a0\u00a0 \u00a0\u00a0\u00a0\u00a0\u00a0\u00a0\u00a0\u00a0230 V 50 HZ<\/td>\n<\/tr>\n<tr>\n<td width=\"283\">La CONSOMMATION<\/td>\n<td width=\"283\">\u00a0 \u00a0 \u00a0 \u00a0 \u00a0 \u00a0 \u00a0 \u00a0 \u00a0 \u00a0 \u00a0 \u00a0 \u00a0 \u00a0 \u00a0 \u00a0 60 W<\/td>\n<\/tr>\n<tr>\n<td width=\"283\">DIMENSIONS<\/td>\n<td width=\"283\">\u00a0 \u00a0 \u00a0 \u00a0 \u00a0 \u00a0 \u00a0 \u00a0 \u00a0 \u00a0 \u00a0 \u00a049 x 30,3 x 14,5<\/td>\n<\/tr>\n<tr>\n<td width=\"283\">POIDS<\/td>\n<td width=\"283\">\u00a0 \u00a0 \u00a0 \u00a0 \u00a0 \u00a0 \u00a0 \u00a0 \u00a0 \u00a0 \u00a0 \u00a0 \u00a0 \u00a0 \u00a0 5 KG<\/td>\n<\/tr>\n<tr>\n<td width=\"283\">La PRODUCTION<\/td>\n<td width=\"283\">\u00a0\u00a0\u00a0\u00a0\u00a0\u00a0\u00a0\u00a0\u00a0\u00a0\u00a0\u00a0\u00a0 \u00a0\u00a0\u00a0\u00a0\u00a02000 MG \/ H MAXIMUM<\/td>\n<\/tr>\n<tr>\n<td width=\"283\">SORTIE<\/td>\n<td width=\"283\">\u00a0\u00a0\u00a0\u00a0\u00a0\u00a0\u00a0\u00a0\u00a0\u00a0\u00a0\u00a0\u00a0\u00a0\u00a0\u00a0\u00a0\u00a0 \u00a0\u00a0\u00a0\u00a0\u00a0\u00a0FAN<\/td>\n<\/tr>\n<tr>\n<td width=\"283\">LA PROTECTION \u00c9LECTRIQUE<\/td>\n<td width=\"283\">\u00a0\u00a0\u00a0\u00a0\u00a0\u00a0\u00a0\u00a0\u00a0\u00a0\u00a0\u00a0\u00a0\u00a0\u00a0\u00a0\u00a0\u00a0\u00a0\u00a0\u00a0\u00a0\u00a0\u00a0\u00a0 FUSIBLE 2 A<\/td>\n<\/tr>\n<tr>\n<td width=\"283\">BO\u00ceTE<\/td>\n<td width=\"283\">\u00a0\u00a0\u00a0\u00a0\u00a0\u00a0\u00a0\u00a0\u00a0\u00a0\u00a0\u00a0\u00a0\u00a0\u00a0\u00a0\u00a0\u00a0\u00a0\u00a0\u00a0\u00a0\u00a0\u00a0 L&#039;ACIER INOXYDABLE.<\/td>\n<\/tr>\n<tr>\n<td width=\"283\">SORTIE<\/td>\n<td width=\"283\">\u00a0\u00a0\u00a0\u00a0\u00a0\u00a0\u00a0\u00a0\u00a0\u00a0\u00a0\u00a0\u00a0\u00a0\u00a0\u00a0\u00a0\u00a0\u00a0\u00a0\u00a0\u00a0\u00a0\u00a0 FAN<\/td>\n<\/tr>\n<\/tbody>\n<\/table>","protected":false},"excerpt":{"rendered":"<p>G\u00e9n\u00e9rateur-GO-2000 V TC<\/p>","protected":false},"featured_media":1719,"template":"","meta":[],"product_brand":[],"product_cat":[59],"product_tag":[],"class_list":{"0":"post-1091","1":"product","2":"type-product","3":"status-publish","4":"has-post-thumbnail","6":"product_cat-murales-aire-ambiente","8":"first","9":"instock","10":"sale","11":"taxable","12":"shipping-taxable","13":"purchasable","14":"product-type-simple"},"_links":{"self":[{"href":"https:\/\/serviozono.com\/fr\/wp-json\/wp\/v2\/product\/1091","targetHints":{"allow":["GET"]}}],"collection":[{"href":"https:\/\/serviozono.com\/fr\/wp-json\/wp\/v2\/product"}],"about":[{"href":"https:\/\/serviozono.com\/fr\/wp-json\/wp\/v2\/types\/product"}],"wp:featuredmedia":[{"embeddable":true,"href":"https:\/\/serviozono.com\/fr\/wp-json\/wp\/v2\/media\/1719"}],"wp:attachment":[{"href":"https:\/\/serviozono.com\/fr\/wp-json\/wp\/v2\/media?parent=1091"}],"wp:term":[{"taxonomy":"product_brand","embeddable":true,"href":"https:\/\/serviozono.com\/fr\/wp-json\/wp\/v2\/product_brand?post=1091"},{"taxonomy":"product_cat","embeddable":true,"href":"https:\/\/serviozono.com\/fr\/wp-json\/wp\/v2\/product_cat?post=1091"},{"taxonomy":"product_tag","embeddable":true,"href":"https:\/\/serviozono.com\/fr\/wp-json\/wp\/v2\/product_tag?post=1091"}],"curies":[{"name":"wp","href":"https:\/\/api.w.org\/{rel}","templated":true}]}}