{"id":1092,"date":"2022-06-01T12:31:21","date_gmt":"2022-06-01T12:31:21","guid":{"rendered":"https:\/\/serviozono.com\/?post_type=product&#038;p=1092"},"modified":"2025-10-20T16:17:22","modified_gmt":"2025-10-20T16:17:22","slug":"generador-go-2000-ac-car-12-v","status":"publish","type":"product","link":"https:\/\/serviozono.com\/fr\/produit\/generador-go-2000-ac-car-12-v\/","title":{"rendered":"G\u00e9n\u00e9rateur d&#039;ALLER vers 2000 avant j.-c. de VOITURE 12 V"},"content":{"rendered":"<h3>Ozonizers conduit pour les v\u00e9hicules Conduits de Climatisation \/ Ventilation<\/h3>\n<p>Installer le g\u00e9n\u00e9rateur d&#039;aussi pr\u00e8s que possible de la gaine de ventilation, d&#039;injecter de l&#039;air trait\u00e9e \u00e0 l&#039;ozone \u00e0 l&#039;int\u00e9rieur par le biais d&#039;un tuyau d&#039;union entre le connecteur de sortie du g\u00e9n\u00e9rateur et d&#039;un trou pour entrer dans une petite portion du tube \u00e0 l&#039;int\u00e9rieur, toujours apr\u00e8s la turbine de conduite. Le g\u00e9n\u00e9rateur doit \u00eatre utilis\u00e9 uniquement lorsque le fonctionnement du circuit de ventilation (peut \u00eatre aliment\u00e9 en parall\u00e8le avec le moteur du ventilateur par l&#039;interm\u00e9diaire d&#039;un relais\/contacteur de s\u00e9parer les alimentations).<\/p>\n<p>&nbsp;<\/p>\n<p>&nbsp;<\/p>\n<p><img loading=\"lazy\" decoding=\"async\" class=\"alignnone wp-image-1481\" src=\"https:\/\/serviozono.com\/wp-content\/uploads\/2022\/06\/ozonizador-conducido-GO2000AC-CAR.jpg\" alt=\"\" width=\"537\" height=\"381\" srcset=\"https:\/\/serviozono.com\/wp-content\/uploads\/2022\/06\/ozonizador-conducido-GO2000AC-CAR.jpg 400w, https:\/\/serviozono.com\/wp-content\/uploads\/2022\/06\/ozonizador-conducido-GO2000AC-CAR-320x227.jpg 320w\" sizes=\"auto, (max-width: 537px) 100vw, 537px\" \/><img loading=\"lazy\" decoding=\"async\" class=\"alignnone wp-image-1095\" src=\"https:\/\/serviozono.com\/wp-content\/uploads\/2022\/06\/elcarte-autobus-lujo-interior-640x427.jpg\" alt=\"\" width=\"571\" height=\"381\" srcset=\"https:\/\/serviozono.com\/wp-content\/uploads\/2022\/06\/elcarte-autobus-lujo-interior-640x427.jpg 640w, https:\/\/serviozono.com\/wp-content\/uploads\/2022\/06\/elcarte-autobus-lujo-interior-600x400.jpg 600w, https:\/\/serviozono.com\/wp-content\/uploads\/2022\/06\/elcarte-autobus-lujo-interior-768x512.jpg 768w, https:\/\/serviozono.com\/wp-content\/uploads\/2022\/06\/elcarte-autobus-lujo-interior-320x213.jpg 320w, https:\/\/serviozono.com\/wp-content\/uploads\/2022\/06\/elcarte-autobus-lujo-interior.jpg 1200w\" sizes=\"auto, (max-width: 571px) 100vw, 571px\" \/><\/p>\n<h4><\/h4>\n<h4>\u00c9limination des odeurs dans l&#039;air, les syst\u00e8mes d&#039;extraction<\/h4>\n<p>Dans l&#039;extraction des conduits d&#039;air de l&#039;Ozone est inject\u00e9 dans le conduit, en essayant de garder la distance maximale \u00e0 la sortie de telle sorte que la couche d&#039;Ozone est en mesure d&#039;effectuer son effet durant tout le temps dans l&#039;air<br \/>\nexpuls\u00e9 s&#039;\u00e9coule \u00e0 travers le tube de sortie.<\/p>\n<p>Dans ces cas, la plus grande de la longueur de la chemin\u00e9e, le plus grand sera l&#039;effet de l&#039;oxydation des substances g\u00e9n\u00e9rer de mauvaises odeurs.<\/p>\n<p>&nbsp;<\/p>\n<p><img loading=\"lazy\" decoding=\"async\" class=\"size-medium wp-image-1094 aligncenter\" src=\"https:\/\/serviozono.com\/wp-content\/uploads\/2022\/06\/ozonizar-conductos-de-aire-acondicionado-TOP-OZONO-640x157.png\" alt=\"\" width=\"640\" height=\"157\" srcset=\"https:\/\/serviozono.com\/wp-content\/uploads\/2022\/06\/ozonizar-conductos-de-aire-acondicionado-TOP-OZONO-640x157.png 640w, https:\/\/serviozono.com\/wp-content\/uploads\/2022\/06\/ozonizar-conductos-de-aire-acondicionado-TOP-OZONO-600x147.png 600w, https:\/\/serviozono.com\/wp-content\/uploads\/2022\/06\/ozonizar-conductos-de-aire-acondicionado-TOP-OZONO-768x188.png 768w, https:\/\/serviozono.com\/wp-content\/uploads\/2022\/06\/ozonizar-conductos-de-aire-acondicionado-TOP-OZONO-320x78.png 320w, https:\/\/serviozono.com\/wp-content\/uploads\/2022\/06\/ozonizar-conductos-de-aire-acondicionado-TOP-OZONO.png 1102w\" sizes=\"auto, (max-width: 640px) 100vw, 640px\" \/><\/p>\n<p>&nbsp;<\/p>","protected":false},"excerpt":{"rendered":"<p>G\u00e9n\u00e9rateur-GO-2000-CA \u2013 VOITURE 12 V<\/p>","protected":false},"featured_media":1698,"template":"","meta":[],"product_brand":[],"product_cat":[61],"product_tag":[],"class_list":{"0":"post-1092","1":"product","2":"type-product","3":"status-publish","4":"has-post-thumbnail","6":"product_cat-murales-ambiente-bus","8":"first","9":"instock","10":"sale","11":"taxable","12":"shipping-taxable","13":"purchasable","14":"product-type-simple"},"_links":{"self":[{"href":"https:\/\/serviozono.com\/fr\/wp-json\/wp\/v2\/product\/1092","targetHints":{"allow":["GET"]}}],"collection":[{"href":"https:\/\/serviozono.com\/fr\/wp-json\/wp\/v2\/product"}],"about":[{"href":"https:\/\/serviozono.com\/fr\/wp-json\/wp\/v2\/types\/product"}],"wp:featuredmedia":[{"embeddable":true,"href":"https:\/\/serviozono.com\/fr\/wp-json\/wp\/v2\/media\/1698"}],"wp:attachment":[{"href":"https:\/\/serviozono.com\/fr\/wp-json\/wp\/v2\/media?parent=1092"}],"wp:term":[{"taxonomy":"product_brand","embeddable":true,"href":"https:\/\/serviozono.com\/fr\/wp-json\/wp\/v2\/product_brand?post=1092"},{"taxonomy":"product_cat","embeddable":true,"href":"https:\/\/serviozono.com\/fr\/wp-json\/wp\/v2\/product_cat?post=1092"},{"taxonomy":"product_tag","embeddable":true,"href":"https:\/\/serviozono.com\/fr\/wp-json\/wp\/v2\/product_tag?post=1092"}],"curies":[{"name":"wp","href":"https:\/\/api.w.org\/{rel}","templated":true}]}}