{"id":1100,"date":"2022-06-01T14:26:13","date_gmt":"2022-06-01T14:26:13","guid":{"rendered":"https:\/\/serviozono.com\/?post_type=product&#038;p=1100"},"modified":"2025-10-20T16:16:49","modified_gmt":"2025-10-20T16:16:49","slug":"generador-p-1000-v-ta","status":"publish","type":"product","link":"https:\/\/serviozono.com\/fr\/produit\/generador-p-1000-v-ta\/","title":{"rendered":"G\u00e9n\u00e9rateur de P 1000 V TA"},"content":{"rendered":"<h3>Ozonizers portable pour la maison et qualit\u00e9 industrielle<\/h3>\n<p>La polyvalence de g\u00e9n\u00e9rateurs d&#039;Ozone portable lui permet d&#039;\u00eatre utilis\u00e9 pour le traitement de choc, la d\u00e9sinfection des v\u00e9hicules et pour la d\u00e9sinfection et l&#039;\u00e9limination de tous les types d&#039;odeurs apr\u00e8s la proc\u00e9dure de nettoyage comme d&#039;habitude.<\/p>\n<p>Gr\u00e2ce \u00e0 la technologie de pointe int\u00e9gr\u00e9 HAUTE FR\u00c9QUENCE pour la production de l&#039;Ozone, les r\u00e9sultats significativement plus \u00e9lev\u00e9 que les autres syst\u00e8mes d&#039;employ\u00e9s \u00e0 la fois, vous permettant de r\u00e9duire l&#039;\u00e9quipement malgr\u00e9 la production de grandes quantit\u00e9s d&#039;Ozone.<\/p>\n<p>&nbsp;<\/p>\n<p><img loading=\"lazy\" decoding=\"async\" class=\"wp-image-1098 aligncenter\" src=\"https:\/\/serviozono.com\/wp-content\/uploads\/2022\/06\/Generador-de-ozono-portatil-TOP-OZONO-P500V.jpg\" alt=\"\" width=\"388\" height=\"285\" srcset=\"https:\/\/serviozono.com\/wp-content\/uploads\/2022\/06\/Generador-de-ozono-portatil-TOP-OZONO-P500V.jpg 503w, https:\/\/serviozono.com\/wp-content\/uploads\/2022\/06\/Generador-de-ozono-portatil-TOP-OZONO-P500V-320x235.jpg 320w\" sizes=\"auto, (max-width: 388px) 100vw, 388px\" \/><\/p>\n<p>&nbsp;<\/p>\n<p>Les g\u00e9n\u00e9rateurs de Haut Ozone<strong> ne pas produire de l&#039;aluminium<\/strong>, tr\u00e8s toxiques, les m\u00e9taux lourds, comme il n&#039;utilise pas les r\u00e9acteurs de la c\u00e9ramique, mais en acier inoxydable.<\/p>\n<h3>R\u00e9sultats<\/h3>\n<p>-Supprimer compl\u00e8tement toutes sortes d&#039;odeurs, ind\u00e9pendamment de leurs sources (urine, les cuisines, les \u00e9gouts, les zones humides, les d\u00e9chets, ...)<br \/>\n-D\u00e9sinfecter l&#039;environnement, supprimer les virus, les bact\u00e9ries, les champignons, les acariens de la poussi\u00e8re, et m\u00eame des larves et des \u0153ufs d&#039;insectes.<br \/>\n-Supprimer tous les types de micro-organismes et de l&#039;odeur en tissus et des v\u00eatements.<br \/>\n-Pour obtenir une st\u00e9rilisation des lieux avec une mauvaise ventilation.<br \/>\n-R\u00e9duire les sympt\u00f4mes des personnes souffrant d&#039;asthme et d&#039;allergies de toutes sortes.<br \/>\n-S&#039;assurer que le logement arr\u00eater \u00e0 sentir quand il y a des animaux de compagnie.<br \/>\nPour obtenir une qualit\u00e9 de l&#039;air pour \u00eatre tr\u00e8s b\u00e9n\u00e9fique pour la sant\u00e9.<br \/>\n-Install\u00e9 dans les lieux de travail, r\u00e9duit consid\u00e9rablement le risque de contagion entre les gens de virus comme la grippe, le SRAS-CoV-2 qui provoque la COVID-19, r\u00e9duisant de jours de cong\u00e9 de maladie.<br \/>\n-Vente de ozonizers ordinateurs portables pour la maison<br \/>\n-L&#039;\u00e9quipe d&#039;experts de Haut Ozone a un savoir-faire accumul\u00e9 depuis plus de trente ans dans la conception, la fabrication et l&#039;installation de ozonizers ordinateurs portables pour la maison. \u00a1Profitez de nos solutions de l&#039;ozone personnalis\u00e9 et adapt\u00e9 aux besoins de votre industrie!<\/p>\n<h3>Les Applications pour le ozonizers ordinateurs portables pour la maison<\/h3>\n<p>Ils ont utilis\u00e9 diff\u00e9rentes productions. Principales productions de l&#039;O3 peut r\u00e9duire le temps pass\u00e9 dans le traitement de d\u00e9sinfection. Augmenter le temps de d\u00e9chargement ou le temps d&#039;exposition apr\u00e8s la mar\u00e9e noire (a\u00e9ration lente) permettra d&#039;am\u00e9liorer la puissance de destruction de traitement.<\/p>\n<h3>Ozonateur portable mod\u00e8le 1000 mg\/h<\/h3>\n<p>-C&#039;est le mod\u00e8le le plus polyvalent pour une utilisation dans tous les travaux de choc dans la maison (salle de bains, buanderie, garage, cuisine...)<br \/>\n-Mettre dans un sac de plastique \u00e0 c\u00f4t\u00e9 des v\u00eatements, draps, oreillers, ou d&#039;autres tissus, \u00e9limine tous les micro-organismes et l&#039;odeur.<br \/>\n-Sur le matelas, et couvert d&#039;un film plastique, est d\u00e9sinfect\u00e9e par l&#039;\u00e9limination des acariens de la poussi\u00e8re et des agents pathog\u00e8nes.<br \/>\n-Dans un v\u00e9hicule \u00e9limine tous les pathog\u00e8nes et l&#039;odeur entre dix et quinze minutes. En seulement 20 minutes pour une caravane ou un bateau de 12 m\u00e8tres.<\/p>\n<h3>Caract\u00e9ristiques techniques<\/h3>\n<p>&nbsp;<\/p>\n<table>\n<tbody>\n<tr>\n<td width=\"283\">PUISSANCE<\/td>\n<td width=\"283\">\u00a0\u00a0\u00a0\u00a0\u00a0\u00a0\u00a0\u00a0\u00a0\u00a0\u00a0\u00a0\u00a0\u00a0\u00a0\u00a0\u00a0\u00a0 \u00a0\u00a0\u00a0\u00a0\u00a0\u00a0\u00a0\u00a0230 V 50 HZ<\/td>\n<\/tr>\n<tr>\n<td width=\"283\">La CONSOMMATION<\/td>\n<td width=\"283\">\u00a0 \u00a0 \u00a0 \u00a0 \u00a0 \u00a0 \u00a0 \u00a0 \u00a0 \u00a0 \u00a0 \u00a0 \u00a0 \u00a0 \u00a0 \u00a0 40 W<\/td>\n<\/tr>\n<tr>\n<td width=\"283\">DIMENSIONS<\/td>\n<td width=\"283\">\u00a0\u00a0\u00a0\u00a0\u00a0\u00a0\u00a0\u00a0\u00a0\u00a0\u00a0\u00a0\u00a0\u00a0\u00a0\u00a0\u00a0 \u00a0\u00a0\u00a0\u00a0\u00a034 x 16,5 x 16,5<\/td>\n<\/tr>\n<tr>\n<td width=\"283\">POIDS<\/td>\n<td width=\"283\">\u00a0 \u00a0 \u00a0 \u00a0 \u00a0 \u00a0 \u00a0 \u00a0 \u00a0 \u00a0 \u00a0 \u00a0 \u00a0 \u00a0 \u00a0 4.2 KG<\/td>\n<\/tr>\n<tr>\n<td width=\"283\">La PRODUCTION<\/td>\n<td width=\"283\">\u00a0 \u00a0 \u00a0 \u00a0 \u00a0 \u00a0 \u00a0 \u00a0 \u00a0 \u00a01000 MG \/ H MAXIMUM<\/td>\n<\/tr>\n<tr>\n<td width=\"283\">R\u00c8GLEMENT<\/td>\n<td width=\"283\">\u00a0 \u00a0 \u00a0 \u00a0 \u00a0 \u00a0 \u00a0 \u00a0MINUTERIE ACYCLIQUES<\/td>\n<\/tr>\n<tr>\n<td width=\"283\">LA PROTECTION \u00c9LECTRIQUE<\/td>\n<td width=\"283\">\u00a0\u00a0\u00a0\u00a0\u00a0\u00a0\u00a0\u00a0\u00a0\u00a0\u00a0\u00a0\u00a0\u00a0\u00a0\u00a0\u00a0\u00a0\u00a0\u00a0\u00a0\u00a0\u00a0\u00a0\u00a0 FUSIBLE 2 A<\/td>\n<\/tr>\n<tr>\n<td width=\"283\">BO\u00ceTE<\/td>\n<td width=\"283\">\u00a0\u00a0\u00a0\u00a0\u00a0\u00a0\u00a0\u00a0\u00a0\u00a0\u00a0\u00a0\u00a0\u00a0\u00a0\u00a0\u00a0\u00a0\u00a0\u00a0\u00a0\u00a0\u00a0\u00a0 L&#039;ACIER INOXYDABLE.<\/td>\n<\/tr>\n<\/tbody>\n<\/table>\n<p>&nbsp;<\/p>","protected":false},"excerpt":{"rendered":"<p>G\u00e9n\u00e9rateur de P-1000 V TA<\/p>","protected":false},"featured_media":1699,"template":"","meta":[],"product_brand":[],"product_cat":[62],"product_tag":[],"class_list":{"0":"post-1100","1":"product","2":"type-product","3":"status-publish","4":"has-post-thumbnail","6":"product_cat-portatil-aire-ambiente-y-choque","8":"first","9":"instock","10":"sale","11":"taxable","12":"shipping-taxable","13":"purchasable","14":"product-type-simple"},"_links":{"self":[{"href":"https:\/\/serviozono.com\/fr\/wp-json\/wp\/v2\/product\/1100","targetHints":{"allow":["GET"]}}],"collection":[{"href":"https:\/\/serviozono.com\/fr\/wp-json\/wp\/v2\/product"}],"about":[{"href":"https:\/\/serviozono.com\/fr\/wp-json\/wp\/v2\/types\/product"}],"wp:featuredmedia":[{"embeddable":true,"href":"https:\/\/serviozono.com\/fr\/wp-json\/wp\/v2\/media\/1699"}],"wp:attachment":[{"href":"https:\/\/serviozono.com\/fr\/wp-json\/wp\/v2\/media?parent=1100"}],"wp:term":[{"taxonomy":"product_brand","embeddable":true,"href":"https:\/\/serviozono.com\/fr\/wp-json\/wp\/v2\/product_brand?post=1100"},{"taxonomy":"product_cat","embeddable":true,"href":"https:\/\/serviozono.com\/fr\/wp-json\/wp\/v2\/product_cat?post=1100"},{"taxonomy":"product_tag","embeddable":true,"href":"https:\/\/serviozono.com\/fr\/wp-json\/wp\/v2\/product_tag?post=1100"}],"curies":[{"name":"wp","href":"https:\/\/api.w.org\/{rel}","templated":true}]}}