{"id":1112,"date":"2022-06-01T15:25:54","date_gmt":"2022-06-01T15:25:54","guid":{"rendered":"https:\/\/serviozono.com\/?post_type=product&#038;p=1112"},"modified":"2025-10-20T16:16:49","modified_gmt":"2025-10-20T16:16:49","slug":"generador-p-500-ac-ta","status":"publish","type":"product","link":"https:\/\/serviozono.com\/fr\/produit\/generador-p-500-ac-ta\/","title":{"rendered":"G\u00e9n\u00e9rateur de P 500 AC TA"},"content":{"rendered":"<h3>Ozonizers int\u00e9rieur multinationales<\/h3>\n<p>La polyvalence de ces g\u00e9n\u00e9rateurs est qu&#039;ils peuvent traiter des fluides et aussi de l&#039;air. Pour le traitement de l&#039;air, vous n&#039;avez qu&#039;\u00e0 d\u00e9brancher le tuyau, et le ventilateur de l&#039;\u00e9quipe de partager la couche d&#039;ozone pour l&#039;ensemble du s\u00e9jour. Vous avez seulement besoin d&#039;une prise \u00e9lectrique pour le brancher.<\/p>\n<p>Le mod\u00e8le murale peut \u00eatre mont\u00e9 sur le mur ou utilis\u00e9 sur un plan de travail.<\/p>\n<p>Ils sont con\u00e7us pour se poser sur le comptoir de la cuisine ou sur une table ou le coller sur le mur, pour ozonizar l&#039;eau contenue dans les r\u00e9cipients, bouteilles, cylindres ou des cubes. Pour ce faire, il suffit de connecter le tuyau \u00e0 la sortie du g\u00e9n\u00e9rateur d&#039;Ozone, \u00e0 l&#039;autre extr\u00e9mit\u00e9 de la connecter \u00e0 un diffuseur d&#039;introduire le tube conducteur de l&#039;Ozone \u00e0 l&#039;int\u00e9rieur du conteneur et d\u00e9marrer la machine. Il dispose d&#039;une temporisation r\u00e9glable et d&#039;un bouton marche\/arr\u00eat.<\/p>\n<p><img loading=\"lazy\" decoding=\"async\" class=\"size-medium wp-image-1104 aligncenter\" src=\"https:\/\/serviozono.com\/wp-content\/uploads\/2022\/06\/maquina-de-ozono-portatil-agua-TOP-OZONO-P500-AC-640x250.jpg\" alt=\"\" width=\"640\" height=\"250\" srcset=\"https:\/\/serviozono.com\/wp-content\/uploads\/2022\/06\/maquina-de-ozono-portatil-agua-TOP-OZONO-P500-AC-640x250.jpg 640w, https:\/\/serviozono.com\/wp-content\/uploads\/2022\/06\/maquina-de-ozono-portatil-agua-TOP-OZONO-P500-AC-600x234.jpg 600w, https:\/\/serviozono.com\/wp-content\/uploads\/2022\/06\/maquina-de-ozono-portatil-agua-TOP-OZONO-P500-AC-768x300.jpg 768w, https:\/\/serviozono.com\/wp-content\/uploads\/2022\/06\/maquina-de-ozono-portatil-agua-TOP-OZONO-P500-AC-320x125.jpg 320w, https:\/\/serviozono.com\/wp-content\/uploads\/2022\/06\/maquina-de-ozono-portatil-agua-TOP-OZONO-P500-AC.jpg 850w\" sizes=\"auto, (max-width: 640px) 100vw, 640px\" \/><\/p>\n<p>&nbsp;<\/p>\n<h3>Les g\u00e9n\u00e9rateurs d&#039;Ozone, portable pour la maison et qualit\u00e9 industrielle<\/h3>\n<p>En haut de l&#039;Ozone fabrique tous ses g\u00e9n\u00e9rateurs de composants industriels. Ont Pas de l&#039;obsolescence programm\u00e9e. Il n&#039;y a Pas de limite sur le nombre d&#039;heures de fonctionnement, comme il arrive avec tous les g\u00e9n\u00e9rateurs sur le march\u00e9.<\/p>\n<p>Gr\u00e2ce \u00e0 la technologie de pointe int\u00e9gr\u00e9 HAUTE FR\u00c9QUENCE pour la production de l&#039;Ozone, les r\u00e9sultats significativement plus \u00e9lev\u00e9 que les autres syst\u00e8mes utilis\u00e9s jusqu&#039;\u00e0 ce moment, vous permettant de r\u00e9duire l&#039;\u00e9quipement malgr\u00e9 la production de grandes quantit\u00e9s d&#039;Ozone.<\/p>\n<p>&nbsp;<\/p>\n<p><img loading=\"lazy\" decoding=\"async\" class=\"wp-image-1105 aligncenter\" src=\"https:\/\/serviozono.com\/wp-content\/uploads\/2022\/06\/P500AC-tubo-w.jpg\" alt=\"\" width=\"285\" height=\"369\" srcset=\"https:\/\/serviozono.com\/wp-content\/uploads\/2022\/06\/P500AC-tubo-w.jpg 600w, https:\/\/serviozono.com\/wp-content\/uploads\/2022\/06\/P500AC-tubo-w-320x414.jpg 320w\" sizes=\"auto, (max-width: 285px) 100vw, 285px\" \/><\/p>\n<p>&nbsp;<\/p>\n<h3 style=\"text-align: center;\">Diff\u00e9rentes applications pour la sant\u00e9 des \u00eatres vivants<\/h3>\n<h3>De l&#039;eau<\/h3>\n<p>-Prendre de l&#039;eau ozon\u00e9e, les effets de l&#039;Ozone de faire circuler largement dans l&#039;organisme par les voies digestives, le passage dans la circulation sanguine. Il est conseill\u00e9 de prendre l&#039;trait\u00e9e \u00e0 l&#039;ozone de l&#039;eau sur un estomac vide, en \u00e9vitant de prendre aucune nourriture jusqu&#039;au bout de 20 minutes. Pour ce faire, a \u00e9t\u00e9 ozonized un verre d&#039;eau pendant une demi-minute et le boire dans la matin\u00e9e et la nuit. \u00c9limine les maux de t\u00eate et l&#039;insomnie. Obtenir de nombreux avantages avec un r\u00e9gime alimentaire de l&#039;eau ozon\u00e9e. L&#039;oxyg\u00e9nation de l&#039;eau, en fait un excitant naturel et sain, en oxyg\u00e9nant le sang, augmentation de la libido et de causer un effet rajeunissant et antiseptique, comme moyens de d\u00e9fense.<br \/>\n-Boire l&#039;eau du robinet sans danger de contamination virale et bact\u00e9rienne, l&#039;acc\u00e8s \u00e0 l&#039;eau compl\u00e8tement st\u00e9rile, exempt d&#039;odeurs et pas de mauvais go\u00fbt.<br \/>\n-Oublier transporter des bouteilles d&#039;eau \u00e0 votre domicile.<br \/>\n-Laver les l\u00e9gumes et les fruits avec de l&#039;eau ozon\u00e9e pour \u00e9liminer les pesticides et les bact\u00e9ries E-coli.<br \/>\n-St\u00e9riliser les biberons.<br \/>\n-Utilisez-le de l&#039;eau ozon\u00e9e pour le nettoyage et la d\u00e9sinfection des lieux commis \u00e0 la culture de la s\u00e9curit\u00e9. Attention \u00e0 l&#039;appliquer dans les m\u00e9taux, que sa puissance d&#039;oxydation est \u00e9lev\u00e9.<br \/>\n-Id\u00e9al pour laver les animaux de compagnie, pour tuer les insectes et les parasites.<br \/>\n-Arroser les plantes avec de l&#039;eau ozon\u00e9e et ils vont grandir sains et forts.<br \/>\n-Utilisez-le de l&#039;eau ozon\u00e9e pour prolonger la dur\u00e9e de vie des fleurs fra\u00eeches coup\u00e9es d&#039;un vase.<br \/>\n-Ozonized un r\u00e9servoir de poissons. Dependiendiendo la taille du r\u00e9servoir et de la quantit\u00e9 de poissons qu&#039;il contient, vous pouvez ozonizarse entre 2 et 5 minutes, deux fois par jour, afin de nettoyer et de purifier l&#039;eau.<\/p>\n<p>&nbsp;<\/p>\n<p>&nbsp;<\/p>\n<p><img loading=\"lazy\" decoding=\"async\" class=\"wp-image-1106 aligncenter\" src=\"https:\/\/serviozono.com\/wp-content\/uploads\/2022\/06\/ozonizador-P500ACe-en-agua-640x388.png\" alt=\"\" width=\"478\" height=\"290\" srcset=\"https:\/\/serviozono.com\/wp-content\/uploads\/2022\/06\/ozonizador-P500ACe-en-agua-640x388.png 640w, https:\/\/serviozono.com\/wp-content\/uploads\/2022\/06\/ozonizador-P500ACe-en-agua-600x364.png 600w, https:\/\/serviozono.com\/wp-content\/uploads\/2022\/06\/ozonizador-P500ACe-en-agua-768x466.png 768w, https:\/\/serviozono.com\/wp-content\/uploads\/2022\/06\/ozonizador-P500ACe-en-agua-320x194.png 320w, https:\/\/serviozono.com\/wp-content\/uploads\/2022\/06\/ozonizador-P500ACe-en-agua.png 800w\" sizes=\"auto, (max-width: 478px) 100vw, 478px\" \/><\/p>\n<h3>De l&#039;air<\/h3>\n<p>-\u00c0 \u00eatre administr\u00e9 directement dans l&#039;air, \u00e9limine les agents pathog\u00e8nes et de r\u00e9duire la mati\u00e8re organique, d\u00e9gag\u00e9 de l&#039;air de toutes sortes d&#039;odeurs.<\/p>\n<p><img loading=\"lazy\" decoding=\"async\" class=\"wp-image-1108 aligncenter\" src=\"https:\/\/serviozono.com\/wp-content\/uploads\/2022\/06\/ozonizar-conductos-de-aire-hogar-TOP-OZONO-640x157.png\" alt=\"\" width=\"754\" height=\"185\" srcset=\"https:\/\/serviozono.com\/wp-content\/uploads\/2022\/06\/ozonizar-conductos-de-aire-hogar-TOP-OZONO-640x157.png 640w, https:\/\/serviozono.com\/wp-content\/uploads\/2022\/06\/ozonizar-conductos-de-aire-hogar-TOP-OZONO-600x147.png 600w, https:\/\/serviozono.com\/wp-content\/uploads\/2022\/06\/ozonizar-conductos-de-aire-hogar-TOP-OZONO-768x188.png 768w, https:\/\/serviozono.com\/wp-content\/uploads\/2022\/06\/ozonizar-conductos-de-aire-hogar-TOP-OZONO-320x78.png 320w, https:\/\/serviozono.com\/wp-content\/uploads\/2022\/06\/ozonizar-conductos-de-aire-hogar-TOP-OZONO.png 1102w\" sizes=\"auto, (max-width: 754px) 100vw, 754px\" \/><\/p>\n<p>&nbsp;<\/p>\n<h3>L&#039;utilisation de groupes \u00e9lectrog\u00e8nes pour la th\u00e9rapie par l&#039;ozone<\/h3>\n<p>Con\u00e7u pour un peut \u00eatre fait des traitements de th\u00e9rapie de l&#039;ozone \u00e0 la maison, et peut \u00eatre trait\u00e9e avec de l&#039;Ozone, l&#039;eau et l&#039;huile \u00e0 l&#039;instant, et extr\u00eamement conviviale, obtenant ainsi les incroyables avantages de l&#039;Ozone pour l&#039;interne (syst\u00e8me digestif) \u00e0 l&#039;ext\u00e9rieur (de la peau).<\/p>\n<p>Attention!!! Potable trait\u00e9e \u00e0 l&#039;ozone peut augmenter la tension. Prendre plusieurs verres trait\u00e9e \u00e0 l&#039;ozone peut impliquer des effets stimulants et tonifiants semblable \u00e0 une boisson \u00e9nerg\u00e9tique, mais tout \u00e0 fait naturel. Par cons\u00e9quent, le prendre \u00e0 la nuit peut causer de l&#039;insomnie.<\/p>\n<p>&nbsp;<\/p>\n<p><img loading=\"lazy\" decoding=\"async\" class=\"wp-image-1109 aligncenter\" src=\"https:\/\/serviozono.com\/wp-content\/uploads\/2022\/06\/IMG-20201015-WA0028.jpg\" alt=\"\" width=\"529\" height=\"341\" srcset=\"https:\/\/serviozono.com\/wp-content\/uploads\/2022\/06\/IMG-20201015-WA0028.jpg 338w, https:\/\/serviozono.com\/wp-content\/uploads\/2022\/06\/IMG-20201015-WA0028-320x206.jpg 320w\" sizes=\"auto, (max-width: 529px) 100vw, 529px\" \/><\/p>\n<p style=\"text-align: center;\"><strong>Exemple de traitement \u00e0 l&#039;Ozone sur la peau<\/strong><\/p>\n<p>Les th\u00e9rapies de l&#039;Ozone sont utilis\u00e9es pour fournir le corps avec des formes actives de l&#039;oxyg\u00e8ne par voie orale, par voie intraveineuse, ou par la peau. Une fois dans l&#039;organisme, le peroxyde d&#039;hydrog\u00e8ne ou de l&#039;Ozone vient en contact avec le virus et de toutes sortes de microbes ana\u00e9robies (ceux qui ont la capacit\u00e9 de vivre sans air), car ils sont des parasites, des virus, des bact\u00e9ries, des champignons et des levures, ainsi qu&#039;avec les cellules des tissus malades ou pauvres sont en train de pourrir dans le dernier terme de l&#039;oxyg\u00e8ne, l&#039;oxydation des cellules insalubres et en laissant de la sant\u00e9. Lorsque le corps est satur\u00e9 de ces formes particuli\u00e8res de l&#039;oxyg\u00e8ne, atteint un \u00e9tat de puret\u00e9 dans lequel les micro-organismes meurent, tandis que la toxicit\u00e9 sous-jacent est oxyd\u00e9 et enlev\u00e9.<\/p>\n<h3>Th\u00e9rapies oxydant de l&#039;Ozone affecte le corps humain dans l&#039;une des mani\u00e8res suivantes:<\/h3>\n<p>-Supprim\u00e9 le virus.<br \/>\n-L&#039;Ozone oxyde de toutes sortes de toxines et de les rendre solubles dans l&#039;eau, sont expuls\u00e9s de l&#039;organisme.<br \/>\n-L&#039;Ozone stimule le syst\u00e8me immunitaire et la circulation sanguine, l&#039;oxyg\u00e9nation de l&#039;organisme.<br \/>\n-Le cerveau utilise 15% de l&#039;oxyg\u00e8ne dans le corps et, pour cette raison, lorsque vous ajoutez de l&#039;Ozone, am\u00e9liore le fonctionnement du cerveau et de la m\u00e9moire.<br \/>\n-Stimuler la production de globules blancs n\u00e9cessaires pour lutter contre l&#039;infection.<br \/>\n-Augmentation de l&#039;oxyg\u00e8ne, par la dissociation de l&#039;h\u00e9moglobine, ce qui augmente l&#039;apport d&#039;oxyg\u00e8ne dans le sang vers les cellules.<br \/>\n-L&#039;Ozone est antineopl\u00e1stico, ce qui signifie qu&#039;il inhibe la croissance de nouveaux tissus comme les tumeurs.<br \/>\n-Oxyde et d\u00e9grade les produits p\u00e9tro-chimiques.<br \/>\n-Augmentation de la distensibilit\u00e9 de la membrane des globules rouges, et ainsi am\u00e9liorer leur flexibilit\u00e9 et leur efficacit\u00e9.<br \/>\n-Augmente la production de l&#039;interf\u00e9ron et le facteur de n\u00e9crose tumorale, dont le corps utilise pour lutter contre les infections et les cancers.<br \/>\n-Augmente l&#039;efficacit\u00e9 du syst\u00e8me d&#039;enzymes antioxydants, qui neutralise l&#039;exc\u00e8s de radicaux libres dans le corps.<br \/>\n-Acc\u00e9l\u00e8re le cycle d&#039;acide citrique, qui est le principal cycle pour la lib\u00e9ration de l&#039;\u00e9nergie \u00e0 partir de sucres. Ceci, \u00e0 son tour, stimule le m\u00e9tabolisme de base. Il a \u00e9galement d\u00e9compose les prot\u00e9ines, les glucides et les graisses pour \u00eatre utilis\u00e9s comme \u00e9nergie.<br \/>\n-Pour augmenter l&#039;oxyg\u00e9nation des tissus, la puissance de l&#039;am\u00e9lioration du patient.<br \/>\n-Alimenter le m\u00e9tabolisme des prot\u00e9ines, des glucides, des lipides, des vitamines et des min\u00e9raux.<br \/>\n-Agit comme un r\u00e9gulateur de l&#039;hormone, l&#039;am\u00e9lioration de la production du corps de l&#039;oestrog\u00e8ne, la progest\u00e9rone et de la thyroxine, aident \u00e0 r\u00e9guler le taux de sucre sanguin et la production d&#039;\u00e9nergie dans les cellules.<\/p>\n<h3>Caract\u00e9ristiques techniques<\/h3>\n<p>&nbsp;<\/p>\n<table>\n<tbody>\n<tr>\n<td width=\"283\">PUISSANCE<\/td>\n<td width=\"283\">\u00a0\u00a0\u00a0\u00a0\u00a0\u00a0\u00a0\u00a0\u00a0\u00a0\u00a0\u00a0\u00a0\u00a0\u00a0\u00a0\u00a0\u00a0 \u00a0\u00a0\u00a0\u00a0\u00a0\u00a0\u00a0\u00a0230 V 50 HZ<\/td>\n<\/tr>\n<tr>\n<td width=\"283\">La CONSOMMATION<\/td>\n<td width=\"283\">\u00a0\u00a0\u00a0\u00a0\u00a0\u00a0\u00a0\u00a0\u00a0\u00a0\u00a0\u00a0\u00a0\u00a0\u00a0\u00a0\u00a0\u00a0\u00a0\u00a0\u00a0 \u00a0\u00a0\u00a0\u00a0\u00a0\u00a0\u00a0\u00a0\u00a0\u00a046 W<\/td>\n<\/tr>\n<tr>\n<td width=\"283\">DIMENSIONS<\/td>\n<td width=\"283\">\u00a0\u00a0\u00a0\u00a0\u00a0\u00a0\u00a0\u00a0\u00a0\u00a0\u00a0\u00a0\u00a0\u00a0\u00a0\u00a0\u00a0 \u00a0\u00a0\u00a0\u00a0\u00a034 x 16,5 x 16,5<\/td>\n<\/tr>\n<tr>\n<td width=\"283\">POIDS<\/td>\n<td width=\"283\">\u00a0\u00a0\u00a0\u00a0\u00a0\u00a0\u00a0\u00a0\u00a0\u00a0\u00a0\u00a0\u00a0\u00a0\u00a0\u00a0\u00a0\u00a0\u00a0\u00a0\u00a0\u00a0\u00a0 \u00a0\u00a0\u00a0\u00a0\u00a0\u00a0\u00a04.2 KG<\/td>\n<\/tr>\n<tr>\n<td width=\"283\">La PRODUCTION<\/td>\n<td width=\"283\">\u00a0\u00a0\u00a0\u00a0\u00a0\u00a0\u00a0\u00a0\u00a0\u00a0\u00a0\u00a0\u00a0 \u00a0\u00a0\u00a0\u00a0\u00a0500 MG \/ H MAXIMUM<\/td>\n<\/tr>\n<tr>\n<td width=\"283\">R\u00c8GLEMENT<\/td>\n<td width=\"283\">\u00a0\u00a0\u00a0\u00a0\u00a0\u00a0\u00a0\u00a0\u00a0\u00a0\u00a0\u00a0\u00a0\u00a0 \u00a0MINUTERIE ACYCLIQUES<\/td>\n<\/tr>\n<tr>\n<td width=\"283\">LA PROTECTION \u00c9LECTRIQUE<\/td>\n<td width=\"283\">\u00a0\u00a0\u00a0\u00a0\u00a0\u00a0\u00a0\u00a0\u00a0\u00a0\u00a0\u00a0\u00a0\u00a0\u00a0\u00a0\u00a0\u00a0\u00a0\u00a0\u00a0\u00a0\u00a0\u00a0\u00a0 FUSIBLE 2 A<\/td>\n<\/tr>\n<tr>\n<td width=\"283\">BO\u00ceTE<\/td>\n<td width=\"283\">\u00a0\u00a0\u00a0\u00a0\u00a0\u00a0\u00a0\u00a0\u00a0\u00a0\u00a0\u00a0\u00a0\u00a0\u00a0\u00a0\u00a0\u00a0\u00a0\u00a0\u00a0\u00a0\u00a0\u00a0 L&#039;ACIER INOXYDABLE.<\/td>\n<\/tr>\n<tr>\n<td width=\"283\">COMPRESSEUR<\/td>\n<td width=\"283\">\u00a0\u00a0\u00a0\u00a0\u00a0\u00a0\u00a0\u00a0\u00a0\u00a0\u00a0\u00a0\u00a0\u00a0\u00a0\u00a0\u00a0\u00a0\u00a0\u00a0 10 LITRES\/ MINUTE<\/td>\n<\/tr>\n<\/tbody>\n<\/table>","protected":false},"excerpt":{"rendered":"<p>G\u00e9n\u00e9rateur de P-500-AC TA<\/p>","protected":false},"featured_media":1699,"template":"","meta":[],"product_brand":[],"product_cat":[64],"product_tag":[],"class_list":{"0":"post-1112","1":"product","2":"type-product","3":"status-publish","4":"has-post-thumbnail","6":"product_cat-portatil-mural-o-sobre-mesa-multifuncion-aire-agua","8":"first","9":"instock","10":"sale","11":"taxable","12":"shipping-taxable","13":"purchasable","14":"product-type-simple"},"_links":{"self":[{"href":"https:\/\/serviozono.com\/fr\/wp-json\/wp\/v2\/product\/1112","targetHints":{"allow":["GET"]}}],"collection":[{"href":"https:\/\/serviozono.com\/fr\/wp-json\/wp\/v2\/product"}],"about":[{"href":"https:\/\/serviozono.com\/fr\/wp-json\/wp\/v2\/types\/product"}],"wp:featuredmedia":[{"embeddable":true,"href":"https:\/\/serviozono.com\/fr\/wp-json\/wp\/v2\/media\/1699"}],"wp:attachment":[{"href":"https:\/\/serviozono.com\/fr\/wp-json\/wp\/v2\/media?parent=1112"}],"wp:term":[{"taxonomy":"product_brand","embeddable":true,"href":"https:\/\/serviozono.com\/fr\/wp-json\/wp\/v2\/product_brand?post=1112"},{"taxonomy":"product_cat","embeddable":true,"href":"https:\/\/serviozono.com\/fr\/wp-json\/wp\/v2\/product_cat?post=1112"},{"taxonomy":"product_tag","embeddable":true,"href":"https:\/\/serviozono.com\/fr\/wp-json\/wp\/v2\/product_tag?post=1112"}],"curies":[{"name":"wp","href":"https:\/\/api.w.org\/{rel}","templated":true}]}}