{"id":1127,"date":"2022-06-01T19:05:49","date_gmt":"2022-06-01T19:05:49","guid":{"rendered":"https:\/\/serviozono.com\/?post_type=product&#038;p=1127"},"modified":"2025-10-20T16:16:49","modified_gmt":"2025-10-20T16:16:49","slug":"generador-go-2000-ac-sc","status":"publish","type":"product","link":"https:\/\/serviozono.com\/fr\/produit\/generador-go-2000-ac-sc\/","title":{"rendered":"G\u00e9n\u00e9rateur d&#039;ALLER vers 2000 avant j.-c. SC"},"content":{"rendered":"<h3>Ozonizers Multifonction led commerciales de l&#039;air et de l&#039;eau<\/h3>\n<p>G\u00e9n\u00e9rateur d&#039;Ozone pour la d\u00e9sinfection et la d\u00e9sodorisation commerciales et domestiques dans l&#039;Ozone conduit par un tube de petite section.<\/p>\n<p>Sont mont\u00e9s dans un bo\u00eetier en acier inoxydable., y compris le r\u00e9acteur producteur d&#039;Ozone, compresseur \u00e0 membrane (membrane), cartouche de s\u00e9chage \u00e0 l&#039;air d&#039;admission du compresseur et d&#039;un syst\u00e8me de refroidissement par ventilateur. Le syst\u00e8me de r\u00e9gulation de l&#039;ordinateur est effectu\u00e9e par une minuterie num\u00e9rique qui r\u00e9gule \u00e0 la fois la production de l&#039;Ozone que l&#039;injection d&#039;air du compresseur.<\/p>\n<p>&nbsp;<\/p>\n<p><img loading=\"lazy\" decoding=\"async\" class=\"wp-image-2054 aligncenter\" src=\"https:\/\/serviozono.com\/wp-content\/uploads\/2022\/07\/pro-29.jpg\" alt=\"\" width=\"352\" height=\"352\" srcset=\"https:\/\/serviozono.com\/wp-content\/uploads\/2022\/07\/pro-29.jpg 500w, https:\/\/serviozono.com\/wp-content\/uploads\/2022\/07\/pro-29-300x300.jpg 300w, https:\/\/serviozono.com\/wp-content\/uploads\/2022\/07\/pro-29-100x100.jpg 100w, https:\/\/serviozono.com\/wp-content\/uploads\/2022\/07\/pro-29-160x160.jpg 160w, https:\/\/serviozono.com\/wp-content\/uploads\/2022\/07\/pro-29-12x12.jpg 12w, https:\/\/serviozono.com\/wp-content\/uploads\/2022\/07\/pro-29-320x320.jpg 320w\" sizes=\"auto, (max-width: 352px) 100vw, 352px\" \/><\/p>\n<p>&nbsp;<\/p>\n<p>&nbsp;<\/p>\n<h3>Application<\/h3>\n<p>L&#039;eau: r\u00e9servoirs, des r\u00e9servoirs, des puits, des rondelles, des industriels, etc<br \/>\nAir: des chambres froides, des conduits, des gicleurs de l&#039;environnement, des conduits de ventilation, des gaz d&#039;\u00e9chappement, l&#039;ozone traitements de th\u00e9rapie professionnels, etc<\/p>\n<h3>Traitement de l&#039;eau<\/h3>\n<p>Ils sont con\u00e7us pour d\u00e9sinfecter et st\u00e9riliser de grandes quantit\u00e9s d&#039;eau, les deux d\u00e9p\u00f4ts, tels que des puits ou des citernes.<\/p>\n<p>Sont des ordinateurs avec lesquels vous serez en mesure d&#039;obtenir de l&#039;eau ozon\u00e9e instantan\u00e9ment et extr\u00eamement simple, inyect\u00e1ndola \u00e0 travers un tube qui fournit du gaz \u00e0 un diffuseur. L&#039;introduction de l&#039;Ozone dans l&#039;eau par de l&#039;air comprim\u00e9, qui fournit une grande diffusion de l&#039;Ozone dans l&#039;eau \u00e0 traiter.<\/p>\n<p>Si vous utilisez un Venturi par l&#039;interm\u00e9diaire d&#039;un circuit de recirculation obtiendrez un meilleur m\u00e9lange de l&#039;Ozone de l&#039;eau.<\/p>\n<p>Pour les radeaux de l&#039;eau \u00e0 l&#039;ext\u00e9rieur, nous pouvons calculer la n\u00e9cessit\u00e9 de O3 \u00e0 un taux de 2 \u00e0 3 g\/m3, selon qu&#039;il y a beaucoup ou peu de temps pour r\u00e9aliser le traitement de l&#039;ozonation.<\/p>\n<p>Dans le cas de la n\u00e9cessit\u00e9 de grandes quantit\u00e9s d&#039;Ozone, vous pouvez utiliser l&#039;ordinateur pr\u00eat pour la connexion \u00e0 un syst\u00e8me d&#039;air comprim\u00e9 externe, quelque chose qui permettra d&#039;accro\u00eetre consid\u00e9rablement le volume d&#039;air inject\u00e9 dans l&#039;eau. Par le biais de l&#039;\u00e9tude pr\u00e9c\u00e9dente, nous pouvons nous adapter \u00e0 tout type de besoin.<\/p>\n<h3>Les r\u00e9servoirs d&#039;eau<\/h3>\n<p>Les mod\u00e8les avec un compresseur vous permettent d&#039;installer des diffuseurs au fond de la cuve et de r\u00e9aliser la couche d&#039;Ozone \u00e0 travers un conduit \u00e0 ces diffuseurs qui sont responsables de la diffusion de l&#039;air trait\u00e9e \u00e0 l&#039;ozone dans l&#039;eau, la cr\u00e9ation d&#039;une colonne de bulles.<\/p>\n<p>Une autre option est beaucoup plus efficace est d&#039;utiliser un ordinateur sans un compresseur pour un syst\u00e8me de recirculation avec Venturi, l&#039;obtention d&#039;un bon m\u00e9lange de l&#039;Ozone de l&#039;eau. Ce syst\u00e8me n\u00e9cessite une pompe de recirculation, et fournit une plus grande diffusion de l&#039;Ozone dans l&#039;eau.<\/p>\n<p>&nbsp;<\/p>\n<p><img loading=\"lazy\" decoding=\"async\" class=\"alignnone size-full wp-image-1122\" src=\"https:\/\/serviozono.com\/wp-content\/uploads\/2022\/06\/difusor-ozonizar-agua.jpg\" alt=\"\" width=\"110\" height=\"317\" \/><img loading=\"lazy\" decoding=\"async\" class=\"alignnone wp-image-1121\" src=\"https:\/\/serviozono.com\/wp-content\/uploads\/2022\/06\/generador-de-ozono-conducido-TOP-OZONO-en-deposito-de-agua.jpg\" alt=\"\" width=\"528\" height=\"330\" srcset=\"https:\/\/serviozono.com\/wp-content\/uploads\/2022\/06\/generador-de-ozono-conducido-TOP-OZONO-en-deposito-de-agua.jpg 635w, https:\/\/serviozono.com\/wp-content\/uploads\/2022\/06\/generador-de-ozono-conducido-TOP-OZONO-en-deposito-de-agua-600x375.jpg 600w, https:\/\/serviozono.com\/wp-content\/uploads\/2022\/06\/generador-de-ozono-conducido-TOP-OZONO-en-deposito-de-agua-320x200.jpg 320w\" sizes=\"auto, (max-width: 528px) 100vw, 528px\" \/><\/p>\n<p>&nbsp;<\/p>\n<h3>Les machines \u00e0 laver-industrielles<\/h3>\n<p>Alors que nous vous recommandons d&#039;un ozonateur en continu, nous pouvons relier ces ordinateurs \u00e0 des machines \u00e0 laver et industriel ainsi prescindiremos de la n\u00e9cessit\u00e9 pour l&#039;eau chaude et de r\u00e9duire l&#039;utilisation de produits d\u00e9tergents, agents de blanchiment et les adoucisseurs d&#039;eau, arrivant m\u00eame \u00e0 les supprimer si les tissus ne sont pas tr\u00e8s sales.<\/p>\n<p>Pour une petite machine \u00e0 laver va utiliser un g\u00e9n\u00e9rateur pour environ 2 000 mg\/h pour une moyenne de pr\u00e8s de 4 000 mg\/h et pour un grand d&#039;environ 8 000 mg\/h.<\/p>\n<h3>Traitement de l&#039;Air<\/h3>\n<p>Lors de l&#039;installation d&#039;un g\u00e9n\u00e9rateur d&#039;Ozone dans une chambre de refroidissement, la combinaison de la haute tension avec l&#039;environnement de l&#039;humidit\u00e9 se d\u00e9t\u00e9riore rapidement les composants de la machine. En outre, lorsque nous alimenter le g\u00e9n\u00e9rateur avec de l&#039;air humide \u00e0 l&#039;obtenir \u00e0 la d\u00e9t\u00e9rioration de beaucoup plus rapidement, car l&#039;\u00e9lectricit\u00e9 (quand l&#039;air re\u00e7oit la d\u00e9charge \u00e9lectrique dans le r\u00e9acteur), plus H\u2082O, plus d&#039;Azote (l&#039;air est compos\u00e9 de 78% d&#039;azote) est g\u00e9n\u00e9r\u00e9 par l&#039;acide nitrique, un compos\u00e9 tr\u00e8s oxydant et destructrice du r\u00e9acteur lui-m\u00eame.<\/p>\n<p>Les g\u00e9n\u00e9rateurs de O3 led sont install\u00e9s \u00e0 l&#039;ext\u00e9rieur de la chambre froide, \u00e0 l&#039;abri de l&#039;humidit\u00e9 de l&#039;int\u00e9rieur de l&#039;appareil. Le tube qui m\u00e8ne le gaz est ce qui va \u00eatre \u00e0 l&#039;int\u00e9rieur pour l&#039;injection, apr\u00e8s la voiture, de telle mani\u00e8re qu&#039;ils se dilatent rapidement dans la chambre.<\/p>\n<h3>Les conduits de Climatisation \/ Ventilation<\/h3>\n<p>Installer le g\u00e9n\u00e9rateur d&#039;aussi pr\u00e8s que possible de la gaine de ventilation, d&#039;injecter de l&#039;air trait\u00e9e \u00e0 l&#039;ozone \u00e0 l&#039;int\u00e9rieur par le biais d&#039;un tuyau d&#039;union entre le connecteur de sortie du g\u00e9n\u00e9rateur et d&#039;un trou pour entrer dans une petite portion du tube \u00e0 l&#039;int\u00e9rieur, toujours apr\u00e8s la turbine de conduite. Le g\u00e9n\u00e9rateur doit \u00eatre utilis\u00e9 uniquement lorsque le fonctionnement du circuit de ventilation (peut \u00eatre aliment\u00e9 en parall\u00e8le avec le moteur du ventilateur par l&#039;interm\u00e9diaire d&#039;un relais\/contacteur de s\u00e9parer les alimentations).<\/p>\n<p>&nbsp;<\/p>\n<p><img loading=\"lazy\" decoding=\"async\" class=\"wp-image-1125 aligncenter\" src=\"https:\/\/serviozono.com\/wp-content\/uploads\/2022\/06\/Sin-titulo-2-640x274.jpg\" alt=\"\" width=\"537\" height=\"230\" srcset=\"https:\/\/serviozono.com\/wp-content\/uploads\/2022\/06\/Sin-titulo-2-640x274.jpg 640w, https:\/\/serviozono.com\/wp-content\/uploads\/2022\/06\/Sin-titulo-2-600x257.jpg 600w, https:\/\/serviozono.com\/wp-content\/uploads\/2022\/06\/Sin-titulo-2-768x328.jpg 768w, https:\/\/serviozono.com\/wp-content\/uploads\/2022\/06\/Sin-titulo-2-320x137.jpg 320w, https:\/\/serviozono.com\/wp-content\/uploads\/2022\/06\/Sin-titulo-2.jpg 1071w\" sizes=\"auto, (max-width: 537px) 100vw, 537px\" \/><\/p>\n<p>&nbsp;<\/p>\n<h3>Chambres froides<\/h3>\n<p>Installer le g\u00e9n\u00e9rateur le plus pr\u00e8s possible de l&#039;appareil photo (jamais \u00e0 l&#039;int\u00e9rieur) et injecte de l&#039;Ozone \u00e0 travers un trou dans le panneau de configuration de la cam\u00e9ra (le plus haut possible) afin de les faire passer \u00e0 travers 6\/8 \u00e0 votre int\u00e9rieur.<\/p>\n<p>Pour les cam\u00e9ras avec grande taille, vous pouvez installer une canalisation de distribution \u00e0 l&#039;int\u00e9rieur et ainsi assurer une meilleure r\u00e9partition de l&#039;Ozone dans tout son volume. Dans ces cas, il peut \u00eatre n\u00e9cessaire d&#039;utiliser un compresseur avec une puissance plus \u00e9lev\u00e9e pour atteindre tout le volume \u00e0 traiter.<\/p>\n<p>Le g\u00e9n\u00e9rateur n&#039;est que de vous placer toujours plus \u00e9lev\u00e9e que celle de l&#039;entr\u00e9e \u00e0 la cam\u00e9ra, de sorte que l&#039;eau de condensation dans le tuyau d&#039;aspiration n&#039;est pas \u00e0 remonter dans le g\u00e9n\u00e9rateur, ou dans votre cas, l&#039;utilisation d&#039;un pi\u00e8ge \u00e0 eau de condensation.<\/p>\n<p><img loading=\"lazy\" decoding=\"async\" class=\"wp-image-1124 aligncenter\" src=\"https:\/\/serviozono.com\/wp-content\/uploads\/2022\/06\/generador-de-ozono-conducido-en-camaras-frigorificas-640x405.jpg\" alt=\"\" width=\"428\" height=\"271\" srcset=\"https:\/\/serviozono.com\/wp-content\/uploads\/2022\/06\/generador-de-ozono-conducido-en-camaras-frigorificas-640x405.jpg 640w, https:\/\/serviozono.com\/wp-content\/uploads\/2022\/06\/generador-de-ozono-conducido-en-camaras-frigorificas-600x379.jpg 600w, https:\/\/serviozono.com\/wp-content\/uploads\/2022\/06\/generador-de-ozono-conducido-en-camaras-frigorificas-768x485.jpg 768w, https:\/\/serviozono.com\/wp-content\/uploads\/2022\/06\/generador-de-ozono-conducido-en-camaras-frigorificas-320x202.jpg 320w, https:\/\/serviozono.com\/wp-content\/uploads\/2022\/06\/generador-de-ozono-conducido-en-camaras-frigorificas.jpg 799w\" sizes=\"auto, (max-width: 428px) 100vw, 428px\" \/><\/p>\n<p>&nbsp;<\/p>\n<h3>\u00c9limination des odeurs dans l&#039;air, les syst\u00e8mes d&#039;extraction<\/h3>\n<p>Dans l&#039;extraction des conduits d&#039;air de l&#039;Ozone est inject\u00e9 dans le conduit, en essayant de garder la distance maximale \u00e0 la sortie de telle sorte que la couche d&#039;Ozone est en mesure d&#039;effectuer son effet durant tout le temps dans l&#039;air<br \/>\nexpuls\u00e9 s&#039;\u00e9coule \u00e0 travers le tube de sortie.<\/p>\n<p>Dans ces cas, la plus grande de la longueur de la chemin\u00e9e, le plus grand sera l&#039;effet de l&#039;oxydation des substances g\u00e9n\u00e9rer de mauvaises odeurs.<\/p>\n<p>&nbsp;<\/p>\n<p><img loading=\"lazy\" decoding=\"async\" class=\"wp-image-1123 aligncenter\" src=\"https:\/\/serviozono.com\/wp-content\/uploads\/2022\/06\/generador-de-ozono-TOP-OZONO-en-extractor-de-aire-640x240.jpg\" alt=\"\" width=\"576\" height=\"216\" srcset=\"https:\/\/serviozono.com\/wp-content\/uploads\/2022\/06\/generador-de-ozono-TOP-OZONO-en-extractor-de-aire-640x240.jpg 640w, https:\/\/serviozono.com\/wp-content\/uploads\/2022\/06\/generador-de-ozono-TOP-OZONO-en-extractor-de-aire-600x225.jpg 600w, https:\/\/serviozono.com\/wp-content\/uploads\/2022\/06\/generador-de-ozono-TOP-OZONO-en-extractor-de-aire-768x288.jpg 768w, https:\/\/serviozono.com\/wp-content\/uploads\/2022\/06\/generador-de-ozono-TOP-OZONO-en-extractor-de-aire-320x120.jpg 320w, https:\/\/serviozono.com\/wp-content\/uploads\/2022\/06\/generador-de-ozono-TOP-OZONO-en-extractor-de-aire.jpg 785w\" sizes=\"auto, (max-width: 576px) 100vw, 576px\" \/><\/p>\n<p>&nbsp;<\/p>\n<h3>Les traitements de th\u00e9rapie de l&#039;ozone professionnels<\/h3>\n<p>Dans les h\u00f4pitaux, les cliniques et les pratiques, le mod\u00e8le ALLEZ-2000-colombie-britannique, gr\u00e2ce \u00e0 son compresseur de 25 l \/minute, il sera tr\u00e8s appropri\u00e9 pour la gu\u00e9rison des ulc\u00e8res, et pour tous les types de traitements de th\u00e9rapie de l&#039;ozone, qui n&#039;implique pas d&#039;injection dans les tissus ou le sang.<\/p>\n<p>&nbsp;<\/p>\n<p><img loading=\"lazy\" decoding=\"async\" class=\"wp-image-1109 aligncenter\" src=\"https:\/\/serviozono.com\/wp-content\/uploads\/2022\/06\/IMG-20201015-WA0028.jpg\" alt=\"\" width=\"530\" height=\"342\" srcset=\"https:\/\/serviozono.com\/wp-content\/uploads\/2022\/06\/IMG-20201015-WA0028.jpg 338w, https:\/\/serviozono.com\/wp-content\/uploads\/2022\/06\/IMG-20201015-WA0028-320x206.jpg 320w\" sizes=\"auto, (max-width: 530px) 100vw, 530px\" \/><\/p>\n<p style=\"text-align: center;\"><strong>Exemple de traitement \u00e0 l&#039;Ozone sur la peau<\/strong><\/p>\n<p>&nbsp;<\/p>\n<h3>Caract\u00e9ristiques techniques<\/h3>\n<p>&nbsp;<\/p>\n<table>\n<tbody>\n<tr>\n<td width=\"283\">PUISSANCE<\/td>\n<td width=\"283\">\u00a0 \u00a0 \u00a0 \u00a0 \u00a0 \u00a0 \u00a0 \u00a0 \u00a0 \u00a0 \u00a0 \u00a0 \u00a0 230 V 50 HZ<\/td>\n<\/tr>\n<tr>\n<td width=\"283\">La CONSOMMATION<\/td>\n<td width=\"283\">\u00a0 \u00a0 \u00a0 \u00a0 \u00a0 \u00a0 \u00a0 \u00a0 \u00a0 \u00a0 \u00a0 \u00a0 \u00a0 \u00a0 \u00a0 \u00a0 60 W<\/td>\n<\/tr>\n<tr>\n<td width=\"283\">DIMENSIONS<\/td>\n<td width=\"283\">\u00a0 \u00a0 \u00a0 \u00a0 \u00a0 \u00a0 \u00a0 \u00a0 \u00a0 \u00a0 \u00a0 \u00a049 x 30,3 x 14,5<\/td>\n<\/tr>\n<tr>\n<td width=\"283\">POIDS<\/td>\n<td width=\"283\">\u00a0 \u00a0 \u00a0 \u00a0 \u00a0 \u00a0 \u00a0 \u00a0 \u00a0 \u00a0 \u00a0 \u00a0 \u00a0 \u00a0 \u00a0 \u00a0 5 KG<\/td>\n<\/tr>\n<tr>\n<td width=\"283\">La PRODUCTION<\/td>\n<td width=\"283\">\u00a0 \u00a0 \u00a0 \u00a0 \u00a0 \u00a0 \u00a0 \u00a0 \u00a0 \u00a02000 MG \/ H MAXIMUM<\/td>\n<\/tr>\n<tr>\n<td width=\"283\">R\u00c8GLEMENT<\/td>\n<td width=\"283\">\u00a0 \u00a0 \u00a0 \u00a0 \u00a0 \u00a0 \u00a0 \u00a0 \u00a0MINUTERIE NUM\u00c9RIQUE<\/td>\n<\/tr>\n<tr>\n<td width=\"283\">LA PROTECTION \u00c9LECTRIQUE<\/td>\n<td width=\"283\">\u00a0\u00a0\u00a0\u00a0\u00a0\u00a0\u00a0\u00a0\u00a0\u00a0\u00a0\u00a0\u00a0\u00a0\u00a0\u00a0\u00a0\u00a0\u00a0\u00a0\u00a0\u00a0\u00a0\u00a0\u00a0 FUSIBLE 2 A<\/td>\n<\/tr>\n<tr>\n<td width=\"283\">BO\u00ceTE<\/td>\n<td width=\"283\">\u00a0\u00a0\u00a0\u00a0\u00a0\u00a0\u00a0\u00a0\u00a0\u00a0\u00a0\u00a0\u00a0\u00a0\u00a0\u00a0\u00a0\u00a0\u00a0\u00a0\u00a0\u00a0\u00a0\u00a0 L&#039;ACIER INOXYDABLE.<\/td>\n<\/tr>\n<\/tbody>\n<\/table>\n<p>&nbsp;<\/p>\n<p>&nbsp;<\/p>","protected":false},"excerpt":{"rendered":"<p>G\u00e9n\u00e9rateur-GO-2000-AC \u2013 SC<\/p>","protected":false},"featured_media":2054,"template":"","meta":[],"product_brand":[],"product_cat":[65],"product_tag":[],"class_list":{"0":"post-1127","1":"product","2":"type-product","3":"status-publish","4":"has-post-thumbnail","6":"product_cat-murales-aire-agua","8":"first","9":"instock","10":"sale","11":"taxable","12":"shipping-taxable","13":"purchasable","14":"product-type-simple"},"_links":{"self":[{"href":"https:\/\/serviozono.com\/fr\/wp-json\/wp\/v2\/product\/1127","targetHints":{"allow":["GET"]}}],"collection":[{"href":"https:\/\/serviozono.com\/fr\/wp-json\/wp\/v2\/product"}],"about":[{"href":"https:\/\/serviozono.com\/fr\/wp-json\/wp\/v2\/types\/product"}],"wp:featuredmedia":[{"embeddable":true,"href":"https:\/\/serviozono.com\/fr\/wp-json\/wp\/v2\/media\/2054"}],"wp:attachment":[{"href":"https:\/\/serviozono.com\/fr\/wp-json\/wp\/v2\/media?parent=1127"}],"wp:term":[{"taxonomy":"product_brand","embeddable":true,"href":"https:\/\/serviozono.com\/fr\/wp-json\/wp\/v2\/product_brand?post=1127"},{"taxonomy":"product_cat","embeddable":true,"href":"https:\/\/serviozono.com\/fr\/wp-json\/wp\/v2\/product_cat?post=1127"},{"taxonomy":"product_tag","embeddable":true,"href":"https:\/\/serviozono.com\/fr\/wp-json\/wp\/v2\/product_tag?post=1127"}],"curies":[{"name":"wp","href":"https:\/\/api.w.org\/{rel}","templated":true}]}}