{"id":1130,"date":"2022-06-02T07:46:24","date_gmt":"2022-06-02T07:46:24","guid":{"rendered":"https:\/\/serviozono.com\/?post_type=product&#038;p=1130"},"modified":"2025-10-20T16:16:49","modified_gmt":"2025-10-20T16:16:49","slug":"top-ozo-hogar","status":"publish","type":"product","link":"https:\/\/serviozono.com\/fr\/produit\/top-ozo-hogar\/","title":{"rendered":"TOP OZO MAISON"},"content":{"rendered":"<h3>Les g\u00e9n\u00e9rateurs d&#039;Ozone Haut Ozo-Maison<\/h3>\n<p>Fabriqu\u00e9 avec des composants industriels, sont de la meilleure mini-g\u00e9n\u00e9rateurs d&#039;Ozone disponibles sur le march\u00e9. Sont des appareils con\u00e7us pour \u00eatre utilis\u00e9s dans les cabines d&#039;ascenseurs, de petites chambres et m\u00eame pour d\u00e9sinfecter l&#039;achat de la mettre dans un sac lorsque vous arrivez \u00e0 la maison. Ne n\u00e9cessitent pas de changement de filtres, ou l&#039;ajout de tout type de consommables. Gr\u00e2ce \u00e0 la derni\u00e8re technologie int\u00e9gr\u00e9e de d\u00e9charge corona et \u00e0 HAUTE FR\u00c9QUENCE (2.500 V \/ 17.000 Hz) pour la production de l&#039;Ozone, les r\u00e9sultats significativement plus \u00e9lev\u00e9e que celle des syst\u00e8mes utilis\u00e9s jusqu&#039;\u00e0 ce moment, vous permettant de r\u00e9duire l&#039;\u00e9quipement en d\u00e9pit de l&#039;obtention de rendements \u00e9lev\u00e9s d&#039;Ozone.<\/p>\n<p style=\"text-align: center;\"><span style=\"color: #339966;\">JE RESPIRE DE L&#039;AIR PUR!<\/span><\/p>\n<p><img loading=\"lazy\" decoding=\"async\" class=\"alignnone wp-image-1304\" src=\"https:\/\/serviozono.com\/wp-content\/uploads\/2022\/06\/limpio-640x526.jpg\" alt=\"\" width=\"361\" height=\"297\" srcset=\"https:\/\/serviozono.com\/wp-content\/uploads\/2022\/06\/limpio-640x526.jpg 640w, https:\/\/serviozono.com\/wp-content\/uploads\/2022\/06\/limpio-600x493.jpg 600w, https:\/\/serviozono.com\/wp-content\/uploads\/2022\/06\/limpio-768x631.jpg 768w, https:\/\/serviozono.com\/wp-content\/uploads\/2022\/06\/limpio-320x263.jpg 320w, https:\/\/serviozono.com\/wp-content\/uploads\/2022\/06\/limpio.jpg 1000w\" sizes=\"auto, (max-width: 361px) 100vw, 361px\" \/><img loading=\"lazy\" decoding=\"async\" class=\"alignnone wp-image-1132\" src=\"https:\/\/serviozono.com\/wp-content\/uploads\/2022\/06\/TOP-OZO-HOGAR.jpg\" alt=\"\" width=\"171\" height=\"171\" srcset=\"https:\/\/serviozono.com\/wp-content\/uploads\/2022\/06\/TOP-OZO-HOGAR.jpg 500w, https:\/\/serviozono.com\/wp-content\/uploads\/2022\/06\/TOP-OZO-HOGAR-300x300.jpg 300w, https:\/\/serviozono.com\/wp-content\/uploads\/2022\/06\/TOP-OZO-HOGAR-100x100.jpg 100w, https:\/\/serviozono.com\/wp-content\/uploads\/2022\/06\/TOP-OZO-HOGAR-160x160.jpg 160w, https:\/\/serviozono.com\/wp-content\/uploads\/2022\/06\/TOP-OZO-HOGAR-320x320.jpg 320w\" sizes=\"auto, (max-width: 171px) 100vw, 171px\" \/><\/p>\n<p>-Supprimer compl\u00e8tement toutes sortes d&#039;odeurs \u00e0 l&#039;int\u00e9rieur de l&#039;habitacle (tabac, les excr\u00e9ments, les animaux de compagnie)<br \/>\n-D\u00e9sinfecter l&#039;environnement, de la suppression des virus, des bact\u00e9ries et des acariens.<br \/>\n-R\u00e9duire les sympt\u00f4mes de l&#039;asthme et des allergies de toutes sortes.<br \/>\n-Obtenir une qualit\u00e9 de l&#039;air tr\u00e8s b\u00e9n\u00e9fique pour la sant\u00e9<\/p>\n<h3>Comment \u00e7a marche la d\u00e9sinfection par l&#039;Ozone<\/h3>\n<p>La mol\u00e9cule d&#039;Oxyg\u00e8ne, O2, est divis\u00e9 en \u00e9lectricit\u00e9 par le r\u00e9acteur de l&#039;Ozone, r\u00e9sultant de la division de deux atomes d&#039;Oxyg\u00e8ne O1. Le S1 est tr\u00e8s instable et rapidement un ami, une autre mol\u00e9cule d&#039;Oxyg\u00e8ne, O2, \u00e0 qui il va \u00eatre coll\u00e9es pour former une mol\u00e9cule plus lourd, l&#039;Ozone O3. L&#039;O3 a une charge \u00e9lectrique oppos\u00e9e \u00e0 la charge \u00e9lectrique des bact\u00e9ries, des champignons, de la mati\u00e8re organique qui flotte dans l&#039;air, les virus, etc sera \u00e9tabli entre eux comme un aimant et, en cas de collision, l&#039;Ozone O3 livrer un atome d&#039;Oxyg\u00e8ne O1. C&#039;est ce que nous appelons l&#039;oxydation. L&#039;atome d&#039;Oxyg\u00e8ne O1 d\u00e9truire l&#039;agent pathog\u00e8ne et a \u00e9t\u00e9 libre de la mol\u00e9cule d&#039;Oxyg\u00e8ne O2. Par cons\u00e9quent, le r\u00e9sidu d&#039;arr\u00eater l&#039;oxydation sera un r\u00e9siduelle qui contient d\u00e8s le d\u00e9but, l&#039;air, la mol\u00e9cule de l&#039;Oxyg\u00e8ne, O2.<\/p>\n<p>\u00c9quip\u00e9 en interne avec une minuterie est cyclique, la production fonctionne par intermittence (1 min. SUR et 1 min. OFF), et cela permet de maintenir une parfaite relation de production<\/p>\n<h3>Caract\u00e9ristiques techniques<\/h3>\n<p>&nbsp;<\/p>\n<table>\n<tbody>\n<tr>\n<td width=\"283\">TENSION<\/td>\n<td width=\"283\">230<\/td>\n<\/tr>\n<tr>\n<td width=\"283\">La CONSOMMATION<\/td>\n<td width=\"283\">6 W<\/td>\n<\/tr>\n<tr>\n<td width=\"283\">TAILLE<\/td>\n<td width=\"283\">6 x 5 x 10.4<\/td>\n<\/tr>\n<tr>\n<td width=\"283\">POIDS<\/td>\n<td width=\"283\">220 G<\/td>\n<\/tr>\n<tr>\n<td width=\"283\">La PRODUCTION<\/td>\n<td width=\"283\">16 MG \/H<\/td>\n<\/tr>\n<tr>\n<td width=\"283\">TEMP\u00c9RATURE DE FONCTIONNEMENT<\/td>\n<td width=\"283\">5e \u00e0 45 \u00b0C \/ 41 \u00e0 113 \u00b0F<\/td>\n<\/tr>\n<tr>\n<td width=\"283\">L&#039;HUMIDIT\u00c9 D&#039;UTILISATION<\/td>\n<td width=\"283\">5 \u2013 85%<\/td>\n<\/tr>\n<\/tbody>\n<\/table>\n<p>&nbsp;<\/p>\n<p>&nbsp;<\/p>","protected":false},"excerpt":{"rendered":"<p>TOP OZO-MAISON<\/p>","protected":false},"featured_media":1132,"template":"","meta":[],"product_brand":[],"product_cat":[66],"product_tag":[],"class_list":{"0":"post-1130","1":"product","2":"type-product","3":"status-publish","4":"has-post-thumbnail","6":"product_cat-mini-ozo-hogar-car","8":"first","9":"instock","10":"sale","11":"taxable","12":"shipping-taxable","13":"purchasable","14":"product-type-simple"},"_links":{"self":[{"href":"https:\/\/serviozono.com\/fr\/wp-json\/wp\/v2\/product\/1130","targetHints":{"allow":["GET"]}}],"collection":[{"href":"https:\/\/serviozono.com\/fr\/wp-json\/wp\/v2\/product"}],"about":[{"href":"https:\/\/serviozono.com\/fr\/wp-json\/wp\/v2\/types\/product"}],"wp:featuredmedia":[{"embeddable":true,"href":"https:\/\/serviozono.com\/fr\/wp-json\/wp\/v2\/media\/1132"}],"wp:attachment":[{"href":"https:\/\/serviozono.com\/fr\/wp-json\/wp\/v2\/media?parent=1130"}],"wp:term":[{"taxonomy":"product_brand","embeddable":true,"href":"https:\/\/serviozono.com\/fr\/wp-json\/wp\/v2\/product_brand?post=1130"},{"taxonomy":"product_cat","embeddable":true,"href":"https:\/\/serviozono.com\/fr\/wp-json\/wp\/v2\/product_cat?post=1130"},{"taxonomy":"product_tag","embeddable":true,"href":"https:\/\/serviozono.com\/fr\/wp-json\/wp\/v2\/product_tag?post=1130"}],"curies":[{"name":"wp","href":"https:\/\/api.w.org\/{rel}","templated":true}]}}