{"id":1149,"date":"2022-06-02T14:09:13","date_gmt":"2022-06-02T14:09:13","guid":{"rendered":"https:\/\/serviozono.com\/?post_type=product&#038;p=1149"},"modified":"2025-10-20T16:16:49","modified_gmt":"2025-10-20T16:16:49","slug":"generador-p-eco-4000-v-ta","status":"publish","type":"product","link":"https:\/\/serviozono.com\/fr\/produit\/generador-p-eco-4000-v-ta\/","title":{"rendered":"G\u00e9n\u00e9rateur de P-ECO 4000 V TA"},"content":{"rendered":"<h3>Les g\u00e9n\u00e9rateurs d&#039;Ozone portable vraiment professionnel<\/h3>\n<p>La polyvalence de g\u00e9n\u00e9rateurs d&#039;Ozone portable permet d&#039;\u00eatre utilis\u00e9 pour les traitements de choc, principalement pour le nettoyage professionnel des h\u00f4tels, des soci\u00e9t\u00e9s de nettoyage, et les centres de lavage de voitures et pour la d\u00e9sinfection et l&#039;\u00e9limination de tous les types d&#039;odeurs apr\u00e8s la proc\u00e9dure de nettoyage comme d&#039;habitude.<\/p>\n<p>Gr\u00e2ce \u00e0 la technologie de HAUTE FR\u00c9QUENCE pour la production de l&#039;Ozone, les r\u00e9sultats significativement plus \u00e9lev\u00e9e que celle des syst\u00e8mes utilis\u00e9s jusqu&#039;\u00e0 pr\u00e9sent, vous permettant de r\u00e9duire l&#039;\u00e9quipement malgr\u00e9 la production de grandes quantit\u00e9s d&#039;Ozone.<\/p>\n<p>Sur la base de l&#039;application, nous allons utiliser les diff\u00e9rentes productions. Principales productions de l&#039;O3 peut r\u00e9duire le temps pass\u00e9 dans le traitement de d\u00e9sinfection. Augmenter le temps de d\u00e9chargement ou le temps d&#039;exposition apr\u00e8s la mar\u00e9e noire (a\u00e9ration lente) permettra d&#039;am\u00e9liorer la puissance de destruction de traitement.<\/p>\n<p>&nbsp;<\/p>\n<p><img loading=\"lazy\" decoding=\"async\" class=\"wp-image-1740 aligncenter\" src=\"https:\/\/serviozono.com\/wp-content\/uploads\/2022\/06\/P-ECO-4000V-min-640x507.jpg\" alt=\"\" width=\"526\" height=\"417\" srcset=\"https:\/\/serviozono.com\/wp-content\/uploads\/2022\/06\/P-ECO-4000V-min-640x507.jpg 640w, https:\/\/serviozono.com\/wp-content\/uploads\/2022\/06\/P-ECO-4000V-min-600x475.jpg 600w, https:\/\/serviozono.com\/wp-content\/uploads\/2022\/06\/P-ECO-4000V-min-768x608.jpg 768w, https:\/\/serviozono.com\/wp-content\/uploads\/2022\/06\/P-ECO-4000V-min-320x253.jpg 320w, https:\/\/serviozono.com\/wp-content\/uploads\/2022\/06\/P-ECO-4000V-min.jpg 866w\" sizes=\"auto, (max-width: 526px) 100vw, 526px\" \/><\/p>\n<p>&nbsp;<\/p>\n<p>&nbsp;<\/p>\n<p>Les g\u00e9n\u00e9rateurs de Haut Ozone <strong>n&#039;\u00e9mettent pas de l&#039;aluminium<\/strong>, tr\u00e8s toxiques, les m\u00e9taux lourds, qu&#039;ils n&#039;emploient pas les r\u00e9acteurs de la c\u00e9ramique, mais en acier inoxydable.<\/p>\n<h3>R\u00e9sultats:<\/h3>\n<p>-Supprimer compl\u00e8tement toutes sortes d&#039;odeurs, ind\u00e9pendamment de leurs sources (urine, les cuisines, les \u00e9gouts, les zones humides, les d\u00e9chets, ...)<br \/>\n-D\u00e9sinfecter l&#039;environnement, supprimer les virus, les bact\u00e9ries, les champignons, les acariens de la poussi\u00e8re, et m\u00eame des larves et des \u0153ufs d&#039;insectes.<br \/>\n-Supprimer tous les types de micro-organismes et de l&#039;odeur en tissus et des v\u00eatements.<br \/>\n-Pour obtenir une st\u00e9rilisation des lieux avec une mauvaise ventilation.<br \/>\n-R\u00e9duire les sympt\u00f4mes des personnes souffrant d&#039;asthme et d&#039;allergies de toutes sortes.<br \/>\n-\u00c9liminer les odeurs de la propri\u00e9t\u00e9 en pr\u00e9sence d&#039;animaux de compagnie.<br \/>\nPour obtenir une qualit\u00e9 de l&#039;air pour \u00eatre tr\u00e8s b\u00e9n\u00e9fique pour la sant\u00e9.<br \/>\n-Install\u00e9 dans les lieux de travail, r\u00e9duit consid\u00e9rablement le risque de contamination par des \u00e9ventuels virus, r\u00e9duisant ainsi les jours de cong\u00e9 de maladie.<\/p>\n<p>&nbsp;<\/p>\n<p><img loading=\"lazy\" decoding=\"async\" class=\"alignnone wp-image-1145\" src=\"https:\/\/serviozono.com\/wp-content\/uploads\/2022\/06\/PR_hotel.info_Cleanliness_Report_01-640x427.jpg\" alt=\"\" width=\"447\" height=\"298\" srcset=\"https:\/\/serviozono.com\/wp-content\/uploads\/2022\/06\/PR_hotel.info_Cleanliness_Report_01-640x427.jpg 640w, https:\/\/serviozono.com\/wp-content\/uploads\/2022\/06\/PR_hotel.info_Cleanliness_Report_01-600x401.jpg 600w, https:\/\/serviozono.com\/wp-content\/uploads\/2022\/06\/PR_hotel.info_Cleanliness_Report_01-768x513.jpg 768w, https:\/\/serviozono.com\/wp-content\/uploads\/2022\/06\/PR_hotel.info_Cleanliness_Report_01-320x214.jpg 320w, https:\/\/serviozono.com\/wp-content\/uploads\/2022\/06\/PR_hotel.info_Cleanliness_Report_01.jpg 1002w\" sizes=\"auto, (max-width: 447px) 100vw, 447px\" \/><\/p>\n<p>&nbsp;<\/p>\n<h4>Les Applications de l&#039;ozonateur portable avec le mod\u00e8le 4000 mg\/h ventilateur minuteur et acycliques<\/h4>\n<p>Les Fans de d\u00e9bit \u00e9lev\u00e9 (jusqu&#039;\u00e0 300 m3\/h) vous permettent de conduire le gaz de l&#039;Ozone beaucoup plus loin et plus vite que la norme de Fans, la distribution de l&#039;Ozone dans tout le volume d&#039;air \u00e0 traiter de fa\u00e7on efficace, sans la n\u00e9cessit\u00e9 d&#039;augmenter la production d&#039;Ozone.<\/p>\n<p>Les ordinateurs sont \u00e9quip\u00e9s de la buse \u00e0 \u00eatre utilis\u00e9 directement sur l&#039;environnement ou sur la conduite de l&#039;trait\u00e9e \u00e0 l&#039;ozone de l&#039;air \u00e0 travers un tube de mesures normalis\u00e9es (100 mm), en l&#039;utilisant pour application locale dans des pi\u00e8ces ferm\u00e9es, dans les conduits de climatisation ou d&#039;extraction de fum\u00e9e, conduisant \u00e0 une \u00e9limination totale des odeurs et de la d\u00e9sinfection de l&#039;air trait\u00e9.<\/p>\n<p>Le mod\u00e8le P-ECO-4000-V est utilis\u00e9 dans les processus de d\u00e9sinfection dans les tunnels de lavage, les bus, les chambres d&#039;h\u00f4tel, h\u00f4pital, maison de soins infirmiers, et les petites entreprises.<\/p>\n<p>&nbsp;<\/p>\n<p><img loading=\"lazy\" decoding=\"async\" class=\"wp-image-1146 aligncenter\" src=\"https:\/\/serviozono.com\/wp-content\/uploads\/2022\/06\/ozono-tubo.png\" alt=\"\" width=\"393\" height=\"294\" srcset=\"https:\/\/serviozono.com\/wp-content\/uploads\/2022\/06\/ozono-tubo.png 594w, https:\/\/serviozono.com\/wp-content\/uploads\/2022\/06\/ozono-tubo-320x240.png 320w\" sizes=\"auto, (max-width: 393px) 100vw, 393px\" \/><\/p>\n<p>&nbsp;<\/p>\n<p>-Dans un v\u00e9hicule \u00e9limine tous les pathog\u00e8nes et l&#039;odeur entre 5 et sept minutes et en seulement sept minutes pour une caravane ou un bateau de 12 m\u00e8tres.<br \/>\n-Il d\u00e9sinfecte et d\u00e9sodorise compl\u00e8tement une chambre d&#039;h\u00f4tel, d&#039;h\u00f4pital ou maison de soins infirmiers en seulement 5 minutes. Il serait le canon standard utilis\u00e9 pour ce type d&#039;applications.<\/p>\n<h3>Application dans les conduits d&#039;air conditionn\u00e9<\/h3>\n<p>Installer le g\u00e9n\u00e9rateur d&#039;Ozone aussi proche que possible de la conduite de distribution \u00e0 verser de l&#039;air trait\u00e9e \u00e0 l&#039;ozone \u00e0 l&#039;int\u00e9rieur, toujours apr\u00e8s la turbine de conduite. Le g\u00e9n\u00e9rateur d&#039;Ozone devrait \u00eatre utilis\u00e9 que lorsque le fonctionnement du circuit d&#039;air, d&#039;\u00eatre capable de se nourrir en parall\u00e8le avec le moteur de la turbine. De cette fa\u00e7on nous nous assurons que seuls l&#039;Ozone est produit quand il ya un flux d&#039;air pour \u00eatre en mesure de le partager.<\/p>\n<p><img loading=\"lazy\" decoding=\"async\" class=\"alignnone size-medium wp-image-1125\" src=\"https:\/\/serviozono.com\/wp-content\/uploads\/2022\/06\/Sin-titulo-2-640x274.jpg\" alt=\"\" width=\"640\" height=\"274\" srcset=\"https:\/\/serviozono.com\/wp-content\/uploads\/2022\/06\/Sin-titulo-2-640x274.jpg 640w, https:\/\/serviozono.com\/wp-content\/uploads\/2022\/06\/Sin-titulo-2-600x257.jpg 600w, https:\/\/serviozono.com\/wp-content\/uploads\/2022\/06\/Sin-titulo-2-768x328.jpg 768w, https:\/\/serviozono.com\/wp-content\/uploads\/2022\/06\/Sin-titulo-2-320x137.jpg 320w, https:\/\/serviozono.com\/wp-content\/uploads\/2022\/06\/Sin-titulo-2.jpg 1071w\" sizes=\"auto, (max-width: 640px) 100vw, 640px\" \/> <img loading=\"lazy\" decoding=\"async\" class=\"alignnone size-medium wp-image-1147\" src=\"https:\/\/serviozono.com\/wp-content\/uploads\/2022\/06\/Sin-titulo-1-640x219.jpg\" alt=\"\" width=\"640\" height=\"219\" srcset=\"https:\/\/serviozono.com\/wp-content\/uploads\/2022\/06\/Sin-titulo-1-640x219.jpg 640w, https:\/\/serviozono.com\/wp-content\/uploads\/2022\/06\/Sin-titulo-1-600x205.jpg 600w, https:\/\/serviozono.com\/wp-content\/uploads\/2022\/06\/Sin-titulo-1-1280x438.jpg 1280w, https:\/\/serviozono.com\/wp-content\/uploads\/2022\/06\/Sin-titulo-1-768x263.jpg 768w, https:\/\/serviozono.com\/wp-content\/uploads\/2022\/06\/Sin-titulo-1-1536x525.jpg 1536w, https:\/\/serviozono.com\/wp-content\/uploads\/2022\/06\/Sin-titulo-1-320x109.jpg 320w, https:\/\/serviozono.com\/wp-content\/uploads\/2022\/06\/Sin-titulo-1.jpg 1761w\" sizes=\"auto, (max-width: 640px) 100vw, 640px\" \/><\/p>\n<p>&nbsp;<\/p>\n<h3>\u00c9limination des odeurs dans l&#039;air, les syst\u00e8mes d&#039;extraction<\/h3>\n<div class=\"et_pb_module et_pb_text et_pb_text_28 et_pb_text_align_left et_pb_bg_layout_light\">\n<div class=\"et_pb_text_inner\">\n<p>Dans les hottes l&#039;Ozone est inject\u00e9 directement dans l&#039;int\u00e9rieur de la chemin\u00e9e de l&#039;expulsion. Plus la longueur de la chemin\u00e9e, le plus grand sera l&#039;efficacit\u00e9 de l&#039;oxydation des substances g\u00e9n\u00e9rer de mauvaises odeurs.<\/p>\n<\/div>\n<\/div>\n<p><img loading=\"lazy\" decoding=\"async\" class=\"wp-image-1148 aligncenter\" src=\"https:\/\/serviozono.com\/wp-content\/uploads\/2022\/06\/Sin-titulo-1-2-640x285.jpg\" alt=\"\" width=\"521\" height=\"232\" srcset=\"https:\/\/serviozono.com\/wp-content\/uploads\/2022\/06\/Sin-titulo-1-2-640x285.jpg 640w, https:\/\/serviozono.com\/wp-content\/uploads\/2022\/06\/Sin-titulo-1-2-600x267.jpg 600w, https:\/\/serviozono.com\/wp-content\/uploads\/2022\/06\/Sin-titulo-1-2-768x342.jpg 768w, https:\/\/serviozono.com\/wp-content\/uploads\/2022\/06\/Sin-titulo-1-2-320x143.jpg 320w, https:\/\/serviozono.com\/wp-content\/uploads\/2022\/06\/Sin-titulo-1-2.jpg 1014w\" sizes=\"auto, (max-width: 521px) 100vw, 521px\" \/><\/p>\n<h3>Caract\u00e9ristiques techniques<\/h3>\n<p>&nbsp;<\/p>\n<table>\n<tbody>\n<tr>\n<td width=\"283\">PUISSANCE<\/td>\n<td width=\"283\">230 V 50 HZ<\/td>\n<\/tr>\n<tr>\n<td width=\"283\">La CONSOMMATION<\/td>\n<td width=\"283\">115 W<\/td>\n<\/tr>\n<tr>\n<td width=\"283\">DIMENSIONS<\/td>\n<td width=\"283\">39 x 19,5 x 21,5<\/td>\n<\/tr>\n<tr>\n<td width=\"283\">POIDS<\/td>\n<td width=\"283\">5 K<\/td>\n<\/tr>\n<tr>\n<td width=\"283\">La PRODUCTION<\/td>\n<td width=\"283\">4000 mg \/ H<\/td>\n<\/tr>\n<tr>\n<td width=\"283\">LA PROTECTION \u00c9LECTRIQUE<\/td>\n<td width=\"283\">FUSIBLE 2 A<\/td>\n<\/tr>\n<tr>\n<td width=\"283\">BO\u00ceTE<\/td>\n<td width=\"283\">EN ACIER INOXYDABLE<\/td>\n<\/tr>\n<tr>\n<td width=\"283\">SORTIE<\/td>\n<td width=\"283\">FAN<\/td>\n<\/tr>\n<\/tbody>\n<\/table>\n<p>&nbsp;<\/p>","protected":false},"excerpt":{"rendered":"<p>G\u00e9n\u00e9rateur de P-ECO-4000 V TA<\/p>","protected":false},"featured_media":1711,"template":"","meta":[],"product_brand":[],"product_cat":[67],"product_tag":[],"class_list":{"0":"post-1149","1":"product","2":"type-product","3":"status-publish","4":"has-post-thumbnail","6":"product_cat-canones-portatil-aire-ambiente-con-ventilador","8":"first","9":"instock","10":"sale","11":"featured","12":"taxable","13":"shipping-taxable","14":"purchasable","15":"product-type-simple"},"_links":{"self":[{"href":"https:\/\/serviozono.com\/fr\/wp-json\/wp\/v2\/product\/1149","targetHints":{"allow":["GET"]}}],"collection":[{"href":"https:\/\/serviozono.com\/fr\/wp-json\/wp\/v2\/product"}],"about":[{"href":"https:\/\/serviozono.com\/fr\/wp-json\/wp\/v2\/types\/product"}],"wp:featuredmedia":[{"embeddable":true,"href":"https:\/\/serviozono.com\/fr\/wp-json\/wp\/v2\/media\/1711"}],"wp:attachment":[{"href":"https:\/\/serviozono.com\/fr\/wp-json\/wp\/v2\/media?parent=1149"}],"wp:term":[{"taxonomy":"product_brand","embeddable":true,"href":"https:\/\/serviozono.com\/fr\/wp-json\/wp\/v2\/product_brand?post=1149"},{"taxonomy":"product_cat","embeddable":true,"href":"https:\/\/serviozono.com\/fr\/wp-json\/wp\/v2\/product_cat?post=1149"},{"taxonomy":"product_tag","embeddable":true,"href":"https:\/\/serviozono.com\/fr\/wp-json\/wp\/v2\/product_tag?post=1149"}],"curies":[{"name":"wp","href":"https:\/\/api.w.org\/{rel}","templated":true}]}}