{"id":1174,"date":"2022-06-02T20:14:51","date_gmt":"2022-06-02T20:14:51","guid":{"rendered":"https:\/\/serviozono.com\/?post_type=product&#038;p=1174"},"modified":"2025-10-20T16:16:17","modified_gmt":"2025-10-20T16:16:17","slug":"generador-go-4000-alta-pot","status":"publish","type":"product","link":"https:\/\/serviozono.com\/fr\/produit\/generador-go-4000-alta-pot\/","title":{"rendered":"G\u00e9n\u00e9rateur d&#039;ALLER 4000 TA"},"content":{"rendered":"<h3>Ozonizers semi-industrielle de la goulotte<\/h3>\n<p>Ces mod\u00e8les sont fixe (pas de portable), qui peut \u00eatre install\u00e9 type de mur lorsque vous avez des supports de montage. Bo\u00eete avec frotisas et l&#039;entr\u00e9e d&#039;air de grande taille. Int\u00e9grer un timer digital Cyclique pour le contr\u00f4le de la production, toute l&#039;\u00e9lectronique est prot\u00e9g\u00e9 par un sceau avec de la r\u00e9sine et de la mont\u00e9e de la caract\u00e9ristique des r\u00e9acteurs en acier inoxydable Haut de l&#039;Ozone, de haute r\u00e9sistance, de durabilit\u00e9 et de fiabilit\u00e9.<\/p>\n<p>Ces \u00e9quipes sont le meilleur choix pour les conduits.<\/p>\n<p>Sa fonction est d&#039;injecter de l&#039;Ozone dans les conduits de ventilation. Ces \u00e9quipes produisent de grandes quantit\u00e9s d&#039;Ozone (nous avons des \u00e9quipes de 4 GR.\/h jusqu&#039;\u00e0 48 GR.\/h) et sont con\u00e7us et fabriqu\u00e9s pour \u00eatre utilis\u00e9s avec des objectifs diff\u00e9rents.<\/p>\n<p>Les g\u00e9n\u00e9rateurs de Haut Ozone <strong>ne pas produire de l&#039;aluminium<\/strong>, tr\u00e8s toxiques, les m\u00e9taux lourds, qu&#039;ils n&#039;emploient pas les r\u00e9acteurs de la c\u00e9ramique, mais en acier inoxydable.<\/p>\n<p>&nbsp;<\/p>\n<p><img loading=\"lazy\" decoding=\"async\" class=\"alignnone wp-image-1165\" src=\"https:\/\/serviozono.com\/wp-content\/uploads\/2022\/06\/GO4000T-w.jpg\" alt=\"\" width=\"301\" height=\"409\" srcset=\"https:\/\/serviozono.com\/wp-content\/uploads\/2022\/06\/GO4000T-w.jpg 400w, https:\/\/serviozono.com\/wp-content\/uploads\/2022\/06\/GO4000T-w-320x435.jpg 320w\" sizes=\"auto, (max-width: 301px) 100vw, 301px\" \/><img loading=\"lazy\" decoding=\"async\" class=\"alignnone wp-image-1166\" src=\"https:\/\/serviozono.com\/wp-content\/uploads\/2022\/06\/Maquina-de-ozono-para-conducto1.jpg\" alt=\"\" width=\"520\" height=\"336\" \/><\/p>\n<h3><\/h3>\n<h3>Ces g\u00e9n\u00e9rateurs d&#039;Ozone, pour vous permettre de:<\/h3>\n<p>-Supprimer compl\u00e8tement toutes sortes d&#039;odeurs, quelle que soit son origine.<br \/>\n-D\u00e9sinfecter l&#039;environnement, de la suppression des virus, des bact\u00e9ries et des acariens.<br \/>\n-Pour obtenir une st\u00e9rilisation des lieux avec une mauvaise ventilation.<br \/>\n-R\u00e9duire les sympt\u00f4mes des personnes souffrant d&#039;asthme et d&#039;allergies de toutes sortes.<br \/>\nPour obtenir une qualit\u00e9 de l&#039;air pour \u00eatre tr\u00e8s b\u00e9n\u00e9fique pour la sant\u00e9.<br \/>\n-Install\u00e9 dans les lieux de travail, r\u00e9duit consid\u00e9rablement le risque de contagion entre les gens du virus de la grippe a (une r\u00e9duction des jours de cong\u00e9 de maladie)<br \/>\nCes g\u00e9n\u00e9rateurs d&#039;Ozone sont id\u00e9ales pour \u00eatre utilis\u00e9 dans:<br \/>\n-Des conduits de climatisation des b\u00e2timents.<br \/>\n-Les hottes de l&#039;air (cuisines, processus de fabrication, les extractions dans des environnements pollu\u00e9s, de grands volumes d&#039;air)<br \/>\nTraitement de choc, industriels (par exemple, dans des silos)<\/p>\n<p>&nbsp;<\/p>\n<p><img loading=\"lazy\" decoding=\"async\" class=\"wp-image-1173 aligncenter\" src=\"https:\/\/serviozono.com\/wp-content\/uploads\/2022\/06\/gimnasio-640x480.jpg\" alt=\"\" width=\"480\" height=\"360\" srcset=\"https:\/\/serviozono.com\/wp-content\/uploads\/2022\/06\/gimnasio-640x480.jpg 640w, https:\/\/serviozono.com\/wp-content\/uploads\/2022\/06\/gimnasio-600x450.jpg 600w, https:\/\/serviozono.com\/wp-content\/uploads\/2022\/06\/gimnasio-768x576.jpg 768w, https:\/\/serviozono.com\/wp-content\/uploads\/2022\/06\/gimnasio-320x240.jpg 320w, https:\/\/serviozono.com\/wp-content\/uploads\/2022\/06\/gimnasio.jpg 800w\" sizes=\"auto, (max-width: 480px) 100vw, 480px\" \/><\/p>\n<div class=\"et_pb_module et_pb_text et_pb_text_4 et_pb_text_align_left et_pb_bg_layout_light\">\n<div class=\"et_pb_text_inner\"><\/div>\n<\/div>\n<h3>Turbine et la Turbine haute-pression<\/h3>\n<p>De sortie pour le raccordement \u00e0 un tube de 100 mm de Turbines ont un d\u00e9bit de 460 m3\/h. Les Turbines Haute Pression (BP) sont utilis\u00e9s pour les longueurs de tuyau jusqu&#039;\u00e0 10 m\u00e8tres ou pour les chambres \u00e0 pression positive. En fonction de la demande qui doit \u00eatre donn\u00e9 \u00e0 l&#039;\u00e9quipe, vous devrez fournir une turbine avec des caract\u00e9ristiques de d\u00e9bit et de pression appropri\u00e9 \u00e0 l&#039;installation.<\/p>\n<p>Le r\u00e8glement est effectu\u00e9 par un timer digital.<\/p>\n<h3>Application dans les appareils-photo pour le stockage des aliments<\/h3>\n<p>Installer le g\u00e9n\u00e9rateur d&#039;Ozone aussi pr\u00e8s que possible le stockage de l&#039;appareil photo, et jamais \u00e0 l&#039;int\u00e9rieur. \u00c0 travers un trou perc\u00e9 dans la chambre, le conduit d&#039;injection d&#039;Ozone. Dans les chambres de grande taille peut \u00eatre install\u00e9 dans un tube de distribution de l&#039;int\u00e9rieur, de mani\u00e8re \u00e0 assurer une meilleure r\u00e9partition de l&#039;Ozone dans tout son volume.<\/p>\n<p>&nbsp;<\/p>\n<p><img loading=\"lazy\" decoding=\"async\" class=\"size-medium wp-image-1169 aligncenter\" src=\"https:\/\/serviozono.com\/wp-content\/uploads\/2022\/06\/ozono-en-camaras-frigorificas-Ventilador-640x298.jpg\" alt=\"\" width=\"640\" height=\"298\" srcset=\"https:\/\/serviozono.com\/wp-content\/uploads\/2022\/06\/ozono-en-camaras-frigorificas-Ventilador-640x298.jpg 640w, https:\/\/serviozono.com\/wp-content\/uploads\/2022\/06\/ozono-en-camaras-frigorificas-Ventilador-600x280.jpg 600w, https:\/\/serviozono.com\/wp-content\/uploads\/2022\/06\/ozono-en-camaras-frigorificas-Ventilador-768x358.jpg 768w, https:\/\/serviozono.com\/wp-content\/uploads\/2022\/06\/ozono-en-camaras-frigorificas-Ventilador-320x149.jpg 320w, https:\/\/serviozono.com\/wp-content\/uploads\/2022\/06\/ozono-en-camaras-frigorificas-Ventilador.jpg 873w\" sizes=\"auto, (max-width: 640px) 100vw, 640px\" \/><\/p>\n<h3><\/h3>\n<h3>\u00c9limination des odeurs dans l&#039;air, les syst\u00e8mes d&#039;extraction<\/h3>\n<p>Dans les hottes l&#039;Ozone est inject\u00e9 directement dans l&#039;int\u00e9rieur de la chemin\u00e9e de l&#039;expulsion. Plus la longueur de la chemin\u00e9e, le plus grand sera l&#039;efficacit\u00e9 de l&#039;oxydation des substances g\u00e9n\u00e9rer de mauvaises odeurs.<\/p>\n<p>&nbsp;<\/p>\n<p><img loading=\"lazy\" decoding=\"async\" class=\"alignnone size-medium wp-image-1170\" src=\"https:\/\/serviozono.com\/wp-content\/uploads\/2022\/06\/Sin-titulo-2-1-640x274.jpg\" alt=\"\" width=\"640\" height=\"274\" srcset=\"https:\/\/serviozono.com\/wp-content\/uploads\/2022\/06\/Sin-titulo-2-1-640x274.jpg 640w, https:\/\/serviozono.com\/wp-content\/uploads\/2022\/06\/Sin-titulo-2-1-600x257.jpg 600w, https:\/\/serviozono.com\/wp-content\/uploads\/2022\/06\/Sin-titulo-2-1-768x328.jpg 768w, https:\/\/serviozono.com\/wp-content\/uploads\/2022\/06\/Sin-titulo-2-1-320x137.jpg 320w, https:\/\/serviozono.com\/wp-content\/uploads\/2022\/06\/Sin-titulo-2-1.jpg 1071w\" sizes=\"auto, (max-width: 640px) 100vw, 640px\" \/><img loading=\"lazy\" decoding=\"async\" class=\"alignnone wp-image-1171\" src=\"https:\/\/serviozono.com\/wp-content\/uploads\/2022\/06\/ozono-en-la-extraccion-de-aire-980x480-2-640x313.jpg\" alt=\"\" width=\"544\" height=\"266\" srcset=\"https:\/\/serviozono.com\/wp-content\/uploads\/2022\/06\/ozono-en-la-extraccion-de-aire-980x480-2-640x313.jpg 640w, https:\/\/serviozono.com\/wp-content\/uploads\/2022\/06\/ozono-en-la-extraccion-de-aire-980x480-2-600x294.jpg 600w, https:\/\/serviozono.com\/wp-content\/uploads\/2022\/06\/ozono-en-la-extraccion-de-aire-980x480-2-768x376.jpg 768w, https:\/\/serviozono.com\/wp-content\/uploads\/2022\/06\/ozono-en-la-extraccion-de-aire-980x480-2-320x157.jpg 320w, https:\/\/serviozono.com\/wp-content\/uploads\/2022\/06\/ozono-en-la-extraccion-de-aire-980x480-2.jpg 980w\" sizes=\"auto, (max-width: 544px) 100vw, 544px\" \/><\/p>\n<p>&nbsp;<\/p>\n<h3>Application dans les conduits de climatisation<\/h3>\n<p>Installer le g\u00e9n\u00e9rateur d&#039;Ozone aussi proche que possible de la conduite de distribution \u00e0 verser de l&#039;air trait\u00e9e \u00e0 l&#039;ozone \u00e0 l&#039;int\u00e9rieur, toujours apr\u00e8s la turbine de conduite. Le g\u00e9n\u00e9rateur d&#039;Ozone devrait \u00eatre utilis\u00e9 que lorsque le fonctionnement du circuit d&#039;air, d&#039;\u00eatre capable de se nourrir en parall\u00e8le avec le moteur de la turbine. De cette fa\u00e7on nous nous assurons que seuls l&#039;Ozone est produit quand il ya un flux d&#039;air pour \u00eatre en mesure de le partager.<\/p>\n<p>&nbsp;<\/p>\n<p><img loading=\"lazy\" decoding=\"async\" class=\"size-medium wp-image-1172 aligncenter\" src=\"https:\/\/serviozono.com\/wp-content\/uploads\/2022\/06\/ozono-en-conductos-de-aire-acondicionado-1280x535-1-980x410-2-640x268.jpg\" alt=\"\" width=\"640\" height=\"268\" srcset=\"https:\/\/serviozono.com\/wp-content\/uploads\/2022\/06\/ozono-en-conductos-de-aire-acondicionado-1280x535-1-980x410-2-640x268.jpg 640w, https:\/\/serviozono.com\/wp-content\/uploads\/2022\/06\/ozono-en-conductos-de-aire-acondicionado-1280x535-1-980x410-2-600x251.jpg 600w, https:\/\/serviozono.com\/wp-content\/uploads\/2022\/06\/ozono-en-conductos-de-aire-acondicionado-1280x535-1-980x410-2-768x321.jpg 768w, https:\/\/serviozono.com\/wp-content\/uploads\/2022\/06\/ozono-en-conductos-de-aire-acondicionado-1280x535-1-980x410-2-320x134.jpg 320w, https:\/\/serviozono.com\/wp-content\/uploads\/2022\/06\/ozono-en-conductos-de-aire-acondicionado-1280x535-1-980x410-2.jpg 980w\" sizes=\"auto, (max-width: 640px) 100vw, 640px\" \/><\/p>\n<p>&nbsp;<\/p>\n<h3>Caract\u00e9ristiques techniques<\/h3>\n<p>&nbsp;<\/p>\n<table>\n<tbody>\n<tr>\n<td width=\"283\">PUISSANCE<\/td>\n<td width=\"283\">230 V 50 HZ<\/td>\n<\/tr>\n<tr>\n<td width=\"283\">La CONSOMMATION<\/td>\n<td width=\"283\">120 W<\/td>\n<\/tr>\n<tr>\n<td width=\"283\">DIMENSIONS<\/td>\n<td width=\"283\">65 x 45 x 25<\/td>\n<\/tr>\n<tr>\n<td width=\"283\">POIDS<\/td>\n<td width=\"283\">10 K<\/td>\n<\/tr>\n<tr>\n<td width=\"283\">La PRODUCTION<\/td>\n<td width=\"283\">4000 mg \/ H<\/td>\n<\/tr>\n<tr>\n<td width=\"283\">LA PROTECTION \u00c9LECTRIQUE<\/td>\n<td width=\"283\">FUSIBLE 2 A<\/td>\n<\/tr>\n<tr>\n<td width=\"283\">BO\u00ceTE<\/td>\n<td width=\"283\">EN ACIER INOXYDABLE<\/td>\n<\/tr>\n<tr>\n<td width=\"283\">SORTIE<\/td>\n<td width=\"283\">TURBINE<\/td>\n<\/tr>\n<\/tbody>\n<\/table>\n<p>&nbsp;<\/p>","protected":false},"excerpt":{"rendered":"<p>G\u00e9n\u00e9rateur-GO-4000 HAUTE-POT<\/p>","protected":false},"featured_media":1700,"template":"","meta":[],"product_brand":[],"product_cat":[69],"product_tag":[],"class_list":{"0":"post-1174","1":"product","2":"type-product","3":"status-publish","4":"has-post-thumbnail","6":"product_cat-conducto-climatizacion-con-turbina","8":"first","9":"instock","10":"sale","11":"taxable","12":"shipping-taxable","13":"purchasable","14":"product-type-simple"},"_links":{"self":[{"href":"https:\/\/serviozono.com\/fr\/wp-json\/wp\/v2\/product\/1174","targetHints":{"allow":["GET"]}}],"collection":[{"href":"https:\/\/serviozono.com\/fr\/wp-json\/wp\/v2\/product"}],"about":[{"href":"https:\/\/serviozono.com\/fr\/wp-json\/wp\/v2\/types\/product"}],"wp:featuredmedia":[{"embeddable":true,"href":"https:\/\/serviozono.com\/fr\/wp-json\/wp\/v2\/media\/1700"}],"wp:attachment":[{"href":"https:\/\/serviozono.com\/fr\/wp-json\/wp\/v2\/media?parent=1174"}],"wp:term":[{"taxonomy":"product_brand","embeddable":true,"href":"https:\/\/serviozono.com\/fr\/wp-json\/wp\/v2\/product_brand?post=1174"},{"taxonomy":"product_cat","embeddable":true,"href":"https:\/\/serviozono.com\/fr\/wp-json\/wp\/v2\/product_cat?post=1174"},{"taxonomy":"product_tag","embeddable":true,"href":"https:\/\/serviozono.com\/fr\/wp-json\/wp\/v2\/product_tag?post=1174"}],"curies":[{"name":"wp","href":"https:\/\/api.w.org\/{rel}","templated":true}]}}