{"id":1421,"date":"2022-06-06T06:56:06","date_gmt":"2022-06-06T06:56:06","guid":{"rendered":"https:\/\/serviozono.com\/?post_type=product&#038;p=1421"},"modified":"2025-10-20T16:16:17","modified_gmt":"2025-10-20T16:16:17","slug":"ozonizador-en-continuo-30-l-minuto-03-08-ppm-4000-mg-o3-h","status":"publish","type":"product","link":"https:\/\/serviozono.com\/fr\/produit\/ozonizador-en-continuo-30-l-minuto-03-08-ppm-4000-mg-o3-h\/","title":{"rendered":"Generador en Continuo 30 L \/minuto 0,3 &#8211; 0,8 ppm 4000 mg\/O3\/h"},"content":{"rendered":"<h4>Ozonizers de l&#039;eau en continu<\/h4>\n<p>Il se compose du module g\u00e9n\u00e9rateur de l&#039;Ozone r\u00e9acteurs, en acier inoxydable, kit Venturi capteur de d\u00e9bit d&#039;eau et pi\u00e8ge \u00e0 eau avec capteur capacitif, \u00e9lectrovanne et \u00e9lectronique de contr\u00f4le, montage ext\u00e9rieur. La Filtration de l&#039;air par le tamis mol\u00e9culaire et de la Bo\u00eete-monobloc en polyester avec poign\u00e9e pour une ouverture rapide. De sortie de l&#039;eau avec thread\u00bd\u201d. Peut \u00eatre mont\u00e9 dans un panier pour le rendre portable.<\/p>\n<p>G\u00e9n\u00e9rateurs\u00a0<strong>En haut de l&#039;Ozone n&#039;est pas de produire de l&#039;aluminium<\/strong>, tr\u00e8s toxiques, les m\u00e9taux lourds, comme il n&#039;utilise pas les r\u00e9acteurs de la c\u00e9ramique, mais en acier inoxydable.<\/p>\n<p>Convient pour la plupart des applications.<\/p>\n<p>-Pression maximale prise en charge: 2 \u00e0 4 bar<\/p>\n<p>-Les Concentrations de 0,3 \u00e0 0,8 ppm et de 0,5 \u00e0 1,2 ppm, en fonction de la qualit\u00e9 de l&#039;eau.<\/p>\n<p>&nbsp;<\/p>\n<p><img loading=\"lazy\" decoding=\"async\" class=\"wp-image-1735 aligncenter\" src=\"https:\/\/serviozono.com\/wp-content\/uploads\/2022\/06\/GO-H2O-2-640x783.png\" alt=\"\" width=\"550\" height=\"673\" srcset=\"https:\/\/serviozono.com\/wp-content\/uploads\/2022\/06\/GO-H2O-2-640x783.png 640w, https:\/\/serviozono.com\/wp-content\/uploads\/2022\/06\/GO-H2O-2-600x734.png 600w, https:\/\/serviozono.com\/wp-content\/uploads\/2022\/06\/GO-H2O-2-768x940.png 768w, https:\/\/serviozono.com\/wp-content\/uploads\/2022\/06\/GO-H2O-2-320x392.png 320w, https:\/\/serviozono.com\/wp-content\/uploads\/2022\/06\/GO-H2O-2.png 1134w\" sizes=\"auto, (max-width: 550px) 100vw, 550px\" \/><\/p>\n<p>&nbsp;<\/p>\n<h4>Multitude d&#039;utilisations<\/h4>\n<p>\u2013 Remplir les d\u00e9p\u00f4ts<\/p>\n<p>-Le nettoyage des surfaces dans les abattoirs, des fermes, des camions, de l&#039;\u00e9levage, de l&#039;alimentation, etc<\/p>\n<p>-D\u00e9graissage-nettoyage et restauration.<\/p>\n<p>-Nettoyage de combinaisons dans les centres de plong\u00e9e.<\/p>\n<p>-Laver les animaux de la ferme ou de v\u00e9t\u00e9rinaire.<\/p>\n<p>-Connexion \u00e0 des machines \u00e0 laver industrielles.<\/p>\n<p>&nbsp;<\/p>\n<p><img loading=\"lazy\" decoding=\"async\" class=\"wp-image-1417 aligncenter\" src=\"https:\/\/serviozono.com\/wp-content\/uploads\/2022\/06\/desinfeccion.jpg\" alt=\"\" width=\"401\" height=\"312\" srcset=\"https:\/\/serviozono.com\/wp-content\/uploads\/2022\/06\/desinfeccion.jpg 525w, https:\/\/serviozono.com\/wp-content\/uploads\/2022\/06\/desinfeccion-320x249.jpg 320w\" sizes=\"auto, (max-width: 401px) 100vw, 401px\" \/><\/p>\n<p>&nbsp;<\/p>\n<div class=\"et_pb_module et_pb_text et_pb_text_1 et_pb_text_align_left et_pb_bg_layout_light\">\n<div class=\"et_pb_text_inner\">\n<p>Pour le traitement de l&#039;eau ozon\u00e9e dans les lignes d&#039;\u00e9coulement de l&#039;eau. Les syst\u00e8mes sont tr\u00e8s faciles \u00e0 installer, car qui n&#039;ont besoin de connexion au r\u00e9seau \u00e9lectrique, une entr\u00e9e d&#039;eau et une prise de courant libre. Dans la sortie se connecte au tuyau que vous utilisez r\u00e9guli\u00e8rement. Donc, tous les flux qui passe \u00e0 travers la machine quitte imm\u00e9diatement par la bouche de sortie et le joint de tuyau, transform\u00e9 en de l&#039;eau ozon\u00e9e. \u00c0 la fois pour une utilisation avec des produits frais et de l&#039;eau sal\u00e9e.<\/p>\n<p>Con\u00e7u pour des pressions de 2 \u00e0 4 atmosph\u00e8res.<\/p>\n<p>Bien que n&#039;\u00e9tant pas con\u00e7u pour une utilisation en tant que produits de d\u00e9graissage, les aident \u00e0 d\u00e9composer la graisse, mais pour le d\u00e9graissage doit \u00eatre utilis\u00e9 \u00e0 d&#039;autres m\u00e9thodes, telles que l&#039;eau chaude, puis terminer la d\u00e9sinfection \u00e0 l&#039;aide de ces machines<\/p>\n<p>&nbsp;<\/p>\n<\/div>\n<\/div>\n<h4>Caract\u00e9ristiques Techniques<\/h4>\n<p>&nbsp;<\/p>\n<div class=\"et_pb_module et_pb_text et_pb_text_1 et_pb_text_align_left et_pb_bg_layout_light\">\n<div class=\"et_pb_text_inner\">\n<table>\n<tbody>\n<tr bgcolor=\"#f0f0f0\">\n<td>Mod\u00e8le<\/td>\n<td>D\u00e9bit<\/td>\n<td>ppm<\/td>\n<td>La Production d&#039;O3\/h<\/td>\n<\/tr>\n<tr>\n<td>G-H2O-2G-15<\/td>\n<td>15 L \/ minute<\/td>\n<td>De 0,3 \u00e0 0,8<\/td>\n<td>2000 mg<\/td>\n<\/tr>\n<tr>\n<td>G-H2O-4G-15<\/td>\n<td>15 L \/ minute<\/td>\n<td>0,5 1,2<\/td>\n<td>4000 mg<\/td>\n<\/tr>\n<tr>\n<td>G-H2O-4G-30<\/td>\n<td>30 L \/ min<\/td>\n<td>De 0,3 \u00e0 0,8<\/td>\n<td>4000 mg<\/td>\n<\/tr>\n<tr>\n<td>G-H2O-8G-30<\/td>\n<td>30 L \/ min<\/td>\n<td>0,5 1,2<\/td>\n<td>8000 mg<\/td>\n<\/tr>\n<\/tbody>\n<\/table>\n<\/div>\n<\/div>\n<div class=\"et_pb_module et_pb_image et_pb_image_0\"><\/div>","protected":false},"excerpt":{"rendered":"<p>Ozonateur CONTINU DE 30 L \/min 0,3 \u2013 0,8 ppm 4000 mg\/O3\/h<\/p>","protected":false},"featured_media":1736,"template":"","meta":[],"product_brand":[],"product_cat":[73],"product_tag":[],"class_list":{"0":"post-1421","1":"product","2":"type-product","3":"status-publish","4":"has-post-thumbnail","6":"product_cat-agua-en-continuo","8":"first","9":"instock","10":"sale","11":"taxable","12":"shipping-taxable","13":"purchasable","14":"product-type-simple"},"_links":{"self":[{"href":"https:\/\/serviozono.com\/fr\/wp-json\/wp\/v2\/product\/1421","targetHints":{"allow":["GET"]}}],"collection":[{"href":"https:\/\/serviozono.com\/fr\/wp-json\/wp\/v2\/product"}],"about":[{"href":"https:\/\/serviozono.com\/fr\/wp-json\/wp\/v2\/types\/product"}],"wp:featuredmedia":[{"embeddable":true,"href":"https:\/\/serviozono.com\/fr\/wp-json\/wp\/v2\/media\/1736"}],"wp:attachment":[{"href":"https:\/\/serviozono.com\/fr\/wp-json\/wp\/v2\/media?parent=1421"}],"wp:term":[{"taxonomy":"product_brand","embeddable":true,"href":"https:\/\/serviozono.com\/fr\/wp-json\/wp\/v2\/product_brand?post=1421"},{"taxonomy":"product_cat","embeddable":true,"href":"https:\/\/serviozono.com\/fr\/wp-json\/wp\/v2\/product_cat?post=1421"},{"taxonomy":"product_tag","embeddable":true,"href":"https:\/\/serviozono.com\/fr\/wp-json\/wp\/v2\/product_tag?post=1421"}],"curies":[{"name":"wp","href":"https:\/\/api.w.org\/{rel}","templated":true}]}}