{"id":1428,"date":"2022-06-06T07:30:14","date_gmt":"2022-06-06T07:30:14","guid":{"rendered":"https:\/\/serviozono.com\/?post_type=product&#038;p=1428"},"modified":"2025-10-20T16:16:16","modified_gmt":"2025-10-20T16:16:16","slug":"ozonizador-en-continuo-para-embotelladora-30-l-minutos-03-08-ppm-4000-mg-o3-h","status":"publish","type":"product","link":"https:\/\/serviozono.com\/fr\/produit\/ozonizador-en-continuo-para-embotelladora-30-l-minutos-03-08-ppm-4000-mg-o3-h\/","title":{"rendered":"Generador en Continuo para Embotelladora 30 L \/minutos 0,3 &#8211; 0,8 ppm 4000 mg\/O3\/h"},"content":{"rendered":"<h3>Ozonizers en Continu de la mise en bouteille<\/h3>\n<p>Il se compose du module g\u00e9n\u00e9rateur de l&#039;Ozone r\u00e9acteurs, en acier inoxydable, Kit Venturi capteur de d\u00e9bit d&#039;eau et pi\u00e8ge \u00e0 eau avec capteur capacitif, \u00e9lectrovanne et \u00e9lectronique de contr\u00f4le, montage ext\u00e9rieur. Int\u00e8gre compteur de Litres. La Filtration de l&#039;air par le tamis mol\u00e9culaire et de la Bo\u00eete-monobloc Polyester. Peut \u00eatre mont\u00e9 dans un panier pour le rendre portable.<br \/>\nNous vous recommandons d&#039;alimenter le g\u00e9n\u00e9rateur avec de l&#039;oxyg\u00e8ne pour assurer la qualit\u00e9 du m\u00e9lange.<\/p>\n<p>-Pression maximale prise en charge: 2 \u00e0 4 bar<\/p>\n<p>-Les Concentrations de 0,3 \u00e0 0,8 ppm, en fonction de la qualit\u00e9 de l&#039;eau.<\/p>\n<p>&nbsp;<\/p>\n<p><img loading=\"lazy\" decoding=\"async\" class=\"size-medium wp-image-1731 aligncenter\" src=\"https:\/\/serviozono.com\/wp-content\/uploads\/2022\/06\/GO-H2Oweb-1-640x608.png\" alt=\"\" width=\"640\" height=\"608\" srcset=\"https:\/\/serviozono.com\/wp-content\/uploads\/2022\/06\/GO-H2Oweb-1-640x608.png 640w, https:\/\/serviozono.com\/wp-content\/uploads\/2022\/06\/GO-H2Oweb-1-600x570.png 600w, https:\/\/serviozono.com\/wp-content\/uploads\/2022\/06\/GO-H2Oweb-1-768x730.png 768w, https:\/\/serviozono.com\/wp-content\/uploads\/2022\/06\/GO-H2Oweb-1-320x304.png 320w, https:\/\/serviozono.com\/wp-content\/uploads\/2022\/06\/GO-H2Oweb-1.png 800w\" sizes=\"auto, (max-width: 640px) 100vw, 640px\" \/><\/p>\n<p>&nbsp;<\/p>\n<h3>R\u00e9sultats<\/h3>\n<p>-L&#039;oxydation du Fer et du Mangan\u00e8se.<\/p>\n<p>-R\u00e9duction de Sels de lourdes.<br \/>\n-Suppression de la couleur, du go\u00fbt, de l&#039;odorat<br \/>\n-R\u00e9duit la turbidit\u00e9, les mati\u00e8res en suspension contenu et les exigences chimiques (COD) et biologiques (BOD) de l&#039;oxyg\u00e8ne.<br \/>\n-L&#039;enl\u00e8vement des Algues.<br \/>\n-L&#039;oxydation Biologique des Ph\u00e9nols, des D\u00e9tergents, Pesticides).<br \/>\n-Microfloculaci\u00f3n de solvants organiques.<br \/>\n-L&#039;oxydation de compos\u00e9s Inorganiques (Cyanures, Sulfures et les Nitrites).<br \/>\n-R\u00e9duction de Trihalom\u00e9thanes, et d&#039;autres \u00e9l\u00e9ments de l&#039;orgue-chlor\u00e9s.<\/p>\n<h3>Avantages du traitement<\/h3>\n<p>-Il est tr\u00e8s rapide et efficace, bien au-dessus de celle des autres traitements<br \/>\n-Est un traitement qui est \u00e9cologique et respectueuse de l&#039;environnement<br \/>\n-Les syst\u00e8mes de production d&#039;ozone ne n\u00e9cessitent pas de produits chimiques additionnels<br \/>\n-Les syst\u00e8mes ont un minimum d&#039;entretien<\/p>\n<p>&nbsp;<\/p>\n<p><img loading=\"lazy\" decoding=\"async\" class=\"wp-image-1427 aligncenter\" src=\"https:\/\/serviozono.com\/wp-content\/uploads\/2022\/06\/embotelladora-agua-640x479.jpeg\" alt=\"\" width=\"448\" height=\"335\" srcset=\"https:\/\/serviozono.com\/wp-content\/uploads\/2022\/06\/embotelladora-agua-640x480.jpeg 640w, https:\/\/serviozono.com\/wp-content\/uploads\/2022\/06\/embotelladora-agua-600x449.jpeg 600w, https:\/\/serviozono.com\/wp-content\/uploads\/2022\/06\/embotelladora-agua-320x240.jpeg 320w, https:\/\/serviozono.com\/wp-content\/uploads\/2022\/06\/embotelladora-agua.jpeg 757w\" sizes=\"auto, (max-width: 448px) 100vw, 448px\" \/><\/p>\n<p>&nbsp;<\/p>\n<p>Pour le traitement de l&#039;eau ozon\u00e9e dans les lignes d&#039;\u00e9coulement de l&#039;eau. Les syst\u00e8mes sont tr\u00e8s faciles \u00e0 installer, car ils ne n\u00e9cessitent connexion au r\u00e9seau \u00e9lectrique, une entr\u00e9e d&#039;eau et une prise de courant libre. Dans la sortie se connecte au tuyau qui utilisent normalement. Donc, tous les flux qui passe \u00e0 travers la machine quitte imm\u00e9diatement par la bouche de sortie et le joint de tuyau, transform\u00e9 en de l&#039;eau ozon\u00e9e. \u00c0 la fois pour une utilisation avec des produits frais et de l&#039;eau sal\u00e9e.<\/p>\n<p>G\u00e9n\u00e9rateurs\u00a0<strong>En haut de l&#039;Ozone n&#039;est pas de produire de l&#039;aluminium<\/strong>, tr\u00e8s toxiques, les m\u00e9taux lourds, qu&#039;ils n&#039;emploient pas les r\u00e9acteurs de la c\u00e9ramique, mais en acier inoxydable.<\/p>\n<p>Con\u00e7u pour des pressions de 2 \u00e0 4 atmosph\u00e8res.<\/p>\n<p>Bien que n&#039;\u00e9tant pas con\u00e7u pour une utilisation en tant que produits de d\u00e9graissage, les aident \u00e0 d\u00e9composer la graisse, mais pour le d\u00e9graissage doit \u00eatre utilis\u00e9 \u00e0 d&#039;autres m\u00e9thodes, telles que l&#039;eau chaude, puis terminer la d\u00e9sinfection \u00e0 l&#039;aide de ces machines.<\/p>\n<h4>Caract\u00e9ristiques Techniques<\/h4>\n<p>&nbsp;<\/p>\n<div class=\"et_pb_module et_pb_text et_pb_text_4 et_pb_text_align_left et_pb_bg_layout_light\">\n<div class=\"et_pb_text_inner\">\n<table>\n<tbody>\n<tr bgcolor=\"#f0f0f0\">\n<td>Mod\u00e8le<\/td>\n<td>D\u00e9bit<\/td>\n<td>ppm<\/td>\n<td>La Production d&#039;O3\/h<\/td>\n<\/tr>\n<tr>\n<td>G-H2O-C-15<\/td>\n<td>15 L \/ minute<\/td>\n<td>De 0,3 \u00e0 0,8<\/td>\n<td>2000 mg<\/td>\n<\/tr>\n<tr>\n<td>G-H2O-C-30<\/td>\n<td>30 L \/ min<\/td>\n<td>De 0,3 \u00e0 0,8<\/td>\n<td>4000 mg<\/td>\n<\/tr>\n<tr>\n<td>G-H2O-C-80<\/td>\n<td>60 \u2013 80 L \/ min<\/td>\n<td>De 0,3 \u00e0 0,8<\/td>\n<td>12000 mg<\/td>\n<\/tr>\n<\/tbody>\n<\/table>\n<\/div>\n<\/div>\n<p>&nbsp;<\/p>\n<p>&nbsp;<\/p>","protected":false},"excerpt":{"rendered":"<p>Ozonateur en Continu de la mise en bouteille De 30 L \/min 0,3 \u2013 0,8 ppm 4000 mg\/O3\/h<\/p>","protected":false},"featured_media":1732,"template":"","meta":[],"product_brand":[],"product_cat":[75],"product_tag":[],"class_list":{"0":"post-1428","1":"product","2":"type-product","3":"status-publish","4":"has-post-thumbnail","6":"product_cat-agua-en-continuo-embotellada","8":"first","9":"instock","10":"sale","11":"taxable","12":"shipping-taxable","13":"purchasable","14":"product-type-simple"},"_links":{"self":[{"href":"https:\/\/serviozono.com\/fr\/wp-json\/wp\/v2\/product\/1428","targetHints":{"allow":["GET"]}}],"collection":[{"href":"https:\/\/serviozono.com\/fr\/wp-json\/wp\/v2\/product"}],"about":[{"href":"https:\/\/serviozono.com\/fr\/wp-json\/wp\/v2\/types\/product"}],"wp:featuredmedia":[{"embeddable":true,"href":"https:\/\/serviozono.com\/fr\/wp-json\/wp\/v2\/media\/1732"}],"wp:attachment":[{"href":"https:\/\/serviozono.com\/fr\/wp-json\/wp\/v2\/media?parent=1428"}],"wp:term":[{"taxonomy":"product_brand","embeddable":true,"href":"https:\/\/serviozono.com\/fr\/wp-json\/wp\/v2\/product_brand?post=1428"},{"taxonomy":"product_cat","embeddable":true,"href":"https:\/\/serviozono.com\/fr\/wp-json\/wp\/v2\/product_cat?post=1428"},{"taxonomy":"product_tag","embeddable":true,"href":"https:\/\/serviozono.com\/fr\/wp-json\/wp\/v2\/product_tag?post=1428"}],"curies":[{"name":"wp","href":"https:\/\/api.w.org\/{rel}","templated":true}]}}