{"id":1433,"date":"2022-06-06T07:51:23","date_gmt":"2022-06-06T07:51:23","guid":{"rendered":"https:\/\/serviozono.com\/?post_type=product&#038;p=1433"},"modified":"2025-10-20T16:16:16","modified_gmt":"2025-10-20T16:16:16","slug":"generador-go-8000-ac","status":"publish","type":"product","link":"https:\/\/serviozono.com\/fr\/produit\/generador-go-8000-ac\/","title":{"rendered":"G\u00e9n\u00e9rateur d&#039;ALLER \u00c0 8000 avant jc"},"content":{"rendered":"<h3>Ozonizers semi-industrielle O3 Led<\/h3>\n<p>Les g\u00e9n\u00e9rateurs d&#039;Ozone pour les applications o\u00f9 il est n\u00e9cessaire de r\u00e9aliser la couche d&#039;Ozone \u00e0 l&#039;endroit de la performance par le biais d&#039;un conduit et conduit par la pression de l&#039;air provenant d&#039;un compresseur. Vous pouvez choisir le g\u00e9n\u00e9rateur interne du compresseur ou sans l&#039;utiliser avec un compresseur sur l&#039;ext\u00e9rieur, ce qui donnera plus de pression. Il peut \u00e9galement \u00eatre utilis\u00e9 par Venturi.<\/p>\n<p>Les mod\u00e8les VONT jusqu&#039;\u00e0 16000 mg\/O3\/h, mont\u00e9 r\u00e9acteurs d&#039;Ozone de l&#039;industrie. Ils sont assembl\u00e9s dans un bo\u00eetier en acier inoxydable, sauf le mod\u00e8le 16000, qui est maintenant \u00e0 la case-monobloc polyester. Son r\u00e8glement est effectu\u00e9 en utilisant un timer cyclique num\u00e9rique.<\/p>\n<p>Les g\u00e9n\u00e9rateurs de Haut Ozone <strong>ne pas produire de l&#039;aluminium<\/strong>, tr\u00e8s toxiques, les m\u00e9taux lourds, qu&#039;ils n&#039;emploient pas les r\u00e9acteurs de la c\u00e9ramique, mais en acier inoxydable.<\/p>\n<p>Compresseur mont\u00e9 sur 40 L\/ minute et la cartouche blot, bien que, selon la demande de l&#039;installation nous pouvons installer des syst\u00e8mes de traitement de l&#039;air vari\u00e9.<\/p>\n<p>&nbsp;<\/p>\n<p><img loading=\"lazy\" decoding=\"async\" class=\"wp-image-1209 aligncenter\" src=\"https:\/\/serviozono.com\/wp-content\/uploads\/2022\/06\/Generador-de-ozono-para-conducto1.jpg\" alt=\"\" width=\"304\" height=\"341\" srcset=\"https:\/\/serviozono.com\/wp-content\/uploads\/2022\/06\/Generador-de-ozono-para-conducto1.jpg 428w, https:\/\/serviozono.com\/wp-content\/uploads\/2022\/06\/Generador-de-ozono-para-conducto1-320x359.jpg 320w\" sizes=\"auto, (max-width: 304px) 100vw, 304px\" \/><\/p>\n<h3>Les traitements<\/h3>\n<p>-L&#039;eau: les traitements de l&#039;eau, des piscines, traitement de l&#039;eau pour le lavage des fruits et l\u00e9gumes, des r\u00e9servoirs, des r\u00e9servoirs, des puits, etc<br \/>\n-Air: des chambres froides, des conduits, des gicleurs de l&#039;environnement, des conduits de ventilation, salle de coupe et l&#039;emballage des aliments, le contr\u00f4le des odeurs dans des silos et des fosses, etc<\/p>\n<h3>Traitement de l&#039;eau<\/h3>\n<p>Ils sont con\u00e7us pour d\u00e9sinfecter et st\u00e9riliser de grandes quantit\u00e9s d&#039;eau, les deux d\u00e9p\u00f4ts, tels que des puits ou des citernes.<\/p>\n<p>Sont des ordinateurs avec lesquels vous serez en mesure d&#039;obtenir de l&#039;eau ozon\u00e9e instantan\u00e9ment et extr\u00eamement simple, inyect\u00e1ndola \u00e0 travers un tube qui fournit du gaz \u00e0 un diffuseur. L&#039;introduction de l&#039;Ozone dans l&#039;eau par de l&#039;air comprim\u00e9, qui fournit une grande diffusion de l&#039;Ozone dans l&#039;eau \u00e0 traiter.<\/p>\n<p>Pour les radeaux de l&#039;eau \u00e0 l&#039;ext\u00e9rieur, nous pouvons calculer la n\u00e9cessit\u00e9 de O3 \u00e0 un taux de 2 \u00e0 3 G\/ m3, selon qu&#039;il y a beaucoup ou peu de temps pour r\u00e9aliser le traitement de l&#039;ozonation.<\/p>\n<p>Si vous utilisez un Venturi par l&#039;interm\u00e9diaire d&#039;un circuit de recirculation obtiendrez un meilleur m\u00e9lange de l&#039;Ozone de l&#039;eau.<\/p>\n<p>Dans le cas de la n\u00e9cessit\u00e9 de grandes quantit\u00e9s d&#039;Ozone, vous pouvez utiliser l&#039;ordinateur pr\u00eat pour la connexion \u00e0 un syst\u00e8me d&#039;air comprim\u00e9 externe, quelque chose qui permettra d&#039;accro\u00eetre consid\u00e9rablement le volume d&#039;air inject\u00e9 dans l&#039;eau. Par le biais de l&#039;\u00e9tude pr\u00e9c\u00e9dente, nous pouvons nous adapter \u00e0 tout type de besoin.<\/p>\n<p>&nbsp;<\/p>\n<p><img loading=\"lazy\" decoding=\"async\" class=\"wp-image-1215 aligncenter\" src=\"https:\/\/serviozono.com\/wp-content\/uploads\/2022\/06\/paste1439-640x516.jpg\" alt=\"\" width=\"487\" height=\"393\" srcset=\"https:\/\/serviozono.com\/wp-content\/uploads\/2022\/06\/paste1439-640x516.jpg 640w, https:\/\/serviozono.com\/wp-content\/uploads\/2022\/06\/paste1439-600x484.jpg 600w, https:\/\/serviozono.com\/wp-content\/uploads\/2022\/06\/paste1439-768x620.jpg 768w, https:\/\/serviozono.com\/wp-content\/uploads\/2022\/06\/paste1439-320x258.jpg 320w, https:\/\/serviozono.com\/wp-content\/uploads\/2022\/06\/paste1439.jpg 1031w\" sizes=\"auto, (max-width: 487px) 100vw, 487px\" \/><\/p>\n<p>&nbsp;<\/p>\n<p>&nbsp;<\/p>\n<h3>Les machines \u00e0 laver-industrielles<\/h3>\n<p>Connect\u00e9s \u00e0 des machines \u00e0 laver industrielles prescindiremos de la n\u00e9cessit\u00e9 pour l&#039;eau chaude et de r\u00e9duire l&#039;utilisation de produits d\u00e9tergents, agents de blanchiment et les adoucisseurs d&#039;eau, arrivant m\u00eame \u00e0 les supprimer si les tissus ne sont pas tr\u00e8s sales. Pour une petite machine \u00e0 laver, nous allons utiliser un g\u00e9n\u00e9rateur \u00e0 environ 2 000 mg\/h pour une moyenne de pr\u00e8s de 4 000 mg\/h et pour un grand d&#039;environ 8 000 mg\/h.<\/p>\n<p>&nbsp;<\/p>\n<p>&nbsp;<\/p>\n<h3>Les r\u00e9servoirs d&#039;eau<\/h3>\n<p>Installer des diffuseurs au fond de la cuve et prend la couche d&#039;ozone \u00e0 travers un conduit \u00e0 ces diffuseurs qui sont responsables de la diffusion de l&#039;air trait\u00e9e \u00e0 l&#039;ozone dans l&#039;eau, la cr\u00e9ation d&#039;une colonne de bulles, l&#039;Autre option est un syst\u00e8me de recirculation avec Venturi pour un bon m\u00e9lange de l&#039;Ozone de l&#039;eau. Ce syst\u00e8me n\u00e9cessite une pompe de recirculation, et fournit une plus grande diffusion de l&#039;Ozone dans l&#039;eau.<\/p>\n<p>&nbsp;<\/p>\n<p><img loading=\"lazy\" decoding=\"async\" class=\"alignnone size-full wp-image-1211\" src=\"https:\/\/serviozono.com\/wp-content\/uploads\/2022\/06\/difusor-ozonizar-agua-1.jpg\" alt=\"\" width=\"110\" height=\"317\" \/><img loading=\"lazy\" decoding=\"async\" class=\"alignnone size-full wp-image-1213\" src=\"https:\/\/serviozono.com\/wp-content\/uploads\/2022\/06\/generador-de-ozono-conducido-TOP-OZONO-semi-industrial-en-deposito-de-agua-480x300-1.jpg\" alt=\"\" width=\"480\" height=\"300\" srcset=\"https:\/\/serviozono.com\/wp-content\/uploads\/2022\/06\/generador-de-ozono-conducido-TOP-OZONO-semi-industrial-en-deposito-de-agua-480x300-1.jpg 480w, https:\/\/serviozono.com\/wp-content\/uploads\/2022\/06\/generador-de-ozono-conducido-TOP-OZONO-semi-industrial-en-deposito-de-agua-480x300-1-320x200.jpg 320w\" sizes=\"auto, (max-width: 480px) 100vw, 480px\" \/><\/p>\n<h3>Les g\u00e9n\u00e9rateurs d&#039;Ozone offre les avantages suivants:<\/h3>\n<p>-R\u00e9duire drastiquement les niveaux de Fer dans l&#039;eau.<br \/>\n-Obtenir en un instant l&#039;eau compl\u00e8tement st\u00e9rile, exempt d&#039;odeurs et d\u00e9pourvu de mauvais go\u00fbt.<br \/>\n-Tuer les bact\u00e9ries et les virus.<br \/>\n-R\u00e9duction importante de la dco (Demande Chimique en Oxyg\u00e8ne).<br \/>\n-Augmenter consid\u00e9rablement la quantit\u00e9 d&#039;oxyg\u00e8ne dans l&#039;eau.<br \/>\n-Machines \u00e0 laver-industrielles<br \/>\n-Reli\u00e9 \u00e0 des machines \u00e0 laver industrielles prescindiremos de la n\u00e9cessit\u00e9 pour l&#039;eau chaude et de r\u00e9duire l&#039;utilisation de produits d\u00e9tergents, agents de blanchiment et les adoucisseurs d&#039;eau, m\u00eame \u00e0 les supprimer si les tissus ne sont pas tr\u00e8s sales. Pour une petite machine \u00e0 laver, nous allons utiliser un g\u00e9n\u00e9rateur \u00e0 environ 2 000 mg\/h pour une moyenne de pr\u00e8s de 4 000 mg\/h et pour un grand d&#039;environ 8 000 mg\/h.<\/p>\n<p>&nbsp;<\/p>\n<p><img loading=\"lazy\" decoding=\"async\" class=\"wp-image-1224 aligncenter\" src=\"https:\/\/serviozono.com\/wp-content\/uploads\/2022\/06\/2040361-640x366.jpeg\" alt=\"\" width=\"491\" height=\"281\" srcset=\"https:\/\/serviozono.com\/wp-content\/uploads\/2022\/06\/2040361-640x366.jpeg 640w, https:\/\/serviozono.com\/wp-content\/uploads\/2022\/06\/2040361-600x343.jpeg 600w, https:\/\/serviozono.com\/wp-content\/uploads\/2022\/06\/2040361-768x439.jpeg 768w, https:\/\/serviozono.com\/wp-content\/uploads\/2022\/06\/2040361-320x183.jpeg 320w, https:\/\/serviozono.com\/wp-content\/uploads\/2022\/06\/2040361.jpeg 980w\" sizes=\"auto, (max-width: 491px) 100vw, 491px\" \/><\/p>\n<h3>Traitement de l&#039;Air<\/h3>\n<p>Lors de l&#039;installation d&#039;un g\u00e9n\u00e9rateur d&#039;Ozone dans une chambre de refroidissement, la combinaison de la haute tension avec l&#039;environnement de l&#039;humidit\u00e9 se d\u00e9t\u00e9riore rapidement les composants de la machine. En outre, lorsque nous alimenter le g\u00e9n\u00e9rateur avec de l&#039;air humide \u00e0 l&#039;obtenir \u00e0 la d\u00e9t\u00e9rioration de beaucoup plus rapidement, car l&#039;\u00e9lectricit\u00e9 (quand l&#039;air re\u00e7oit la d\u00e9charge \u00e9lectrique dans le r\u00e9acteur), plus H\u2082O, plus d&#039;Azote (l&#039;air est compos\u00e9 de 78% d&#039;azote) est g\u00e9n\u00e9r\u00e9 par l&#039;acide nitrique, un compos\u00e9 tr\u00e8s oxydant et destructrice du r\u00e9acteur lui-m\u00eame.<\/p>\n<p>Les g\u00e9n\u00e9rateurs de O3 led sont install\u00e9s \u00e0 l&#039;ext\u00e9rieur de la chambre froide, \u00e0 l&#039;abri de l&#039;humidit\u00e9 de l&#039;int\u00e9rieur de l&#039;appareil. Le tube qui m\u00e8ne le gaz est ce qui va \u00eatre \u00e0 l&#039;int\u00e9rieur pour l&#039;injection, apr\u00e8s la voiture, de telle mani\u00e8re qu&#039;ils se dilatent rapidement dans la chambre.<\/p>\n<p>La production d&#039;\u00e9nergie sera calculer sur une base de 5 \u00e0 10 mg \/ m3. Il est pr\u00e9f\u00e9rable d&#039;installer un g\u00e9n\u00e9rateur plus puissant qui peut ensuite \u00eatre r\u00e9gul\u00e9e \u00e0 la basse avant que l&#039;on ne vient pas \u00e0 satisfaire les attentes pour lequel il est install\u00e9.<\/p>\n<h3>Les conduits de Climatisation \/ Ventilation<\/h3>\n<p>Installer le g\u00e9n\u00e9rateur d&#039;aussi pr\u00e8s que possible de la gaine de ventilation, d&#039;injecter de l&#039;air trait\u00e9e \u00e0 l&#039;ozone \u00e0 l&#039;int\u00e9rieur par le biais d&#039;un tuyau d&#039;union entre le connecteur de sortie du g\u00e9n\u00e9rateur et d&#039;un trou pour entrer dans une petite portion du tube \u00e0 l&#039;int\u00e9rieur, toujours apr\u00e8s la turbine de conduite. Le g\u00e9n\u00e9rateur doit \u00eatre utilis\u00e9 uniquement lorsque le fonctionnement du circuit de ventilation (peut \u00eatre aliment\u00e9 en parall\u00e8le avec le moteur du ventilateur par l&#039;interm\u00e9diaire d&#039;un relais\/contacteur de s\u00e9parer les alimentations).<\/p>\n<p><img loading=\"lazy\" decoding=\"async\" class=\"size-medium wp-image-1172 aligncenter\" src=\"https:\/\/serviozono.com\/wp-content\/uploads\/2022\/06\/ozono-en-conductos-de-aire-acondicionado-1280x535-1-980x410-2-640x268.jpg\" alt=\"\" width=\"640\" height=\"268\" srcset=\"https:\/\/serviozono.com\/wp-content\/uploads\/2022\/06\/ozono-en-conductos-de-aire-acondicionado-1280x535-1-980x410-2-640x268.jpg 640w, https:\/\/serviozono.com\/wp-content\/uploads\/2022\/06\/ozono-en-conductos-de-aire-acondicionado-1280x535-1-980x410-2-600x251.jpg 600w, https:\/\/serviozono.com\/wp-content\/uploads\/2022\/06\/ozono-en-conductos-de-aire-acondicionado-1280x535-1-980x410-2-768x321.jpg 768w, https:\/\/serviozono.com\/wp-content\/uploads\/2022\/06\/ozono-en-conductos-de-aire-acondicionado-1280x535-1-980x410-2-320x134.jpg 320w, https:\/\/serviozono.com\/wp-content\/uploads\/2022\/06\/ozono-en-conductos-de-aire-acondicionado-1280x535-1-980x410-2.jpg 980w\" sizes=\"auto, (max-width: 640px) 100vw, 640px\" \/><\/p>\n<p>&nbsp;<\/p>\n<h3>Chambres froides<\/h3>\n<p>Installer le g\u00e9n\u00e9rateur le plus pr\u00e8s possible de l&#039;appareil photo (jamais \u00e0 l&#039;int\u00e9rieur) et injecte de l&#039;Ozone \u00e0 travers un trou dans le panneau de configuration de la cam\u00e9ra (le plus haut possible) afin de les faire passer \u00e0 travers 6\/8 \u00e0 votre int\u00e9rieur.<\/p>\n<p>Pour les cam\u00e9ras avec grande taille, vous pouvez installer une canalisation de distribution \u00e0 l&#039;int\u00e9rieur et ainsi assurer une meilleure r\u00e9partition de l&#039;Ozone dans tout son volume. Dans ces cas, il peut \u00eatre n\u00e9cessaire d&#039;utiliser un compresseur avec une puissance plus \u00e9lev\u00e9e pour atteindre tout le volume \u00e0 traiter.<\/p>\n<p>Le g\u00e9n\u00e9rateur n&#039;est que de vous placer toujours plus \u00e9lev\u00e9e que celle de l&#039;entr\u00e9e \u00e0 la cam\u00e9ra, de sorte que l&#039;eau de condensation dans le tuyau d&#039;aspiration n&#039;est pas \u00e0 remonter dans le g\u00e9n\u00e9rateur, ou dans votre cas, l&#039;utilisation d&#039;un pi\u00e8ge \u00e0 eau de condensation.<\/p>\n<p>&nbsp;<\/p>\n<p><img loading=\"lazy\" decoding=\"async\" class=\"wp-image-1214 aligncenter\" src=\"https:\/\/serviozono.com\/wp-content\/uploads\/2022\/06\/paste1038.jpg\" alt=\"\" width=\"391\" height=\"301\" srcset=\"https:\/\/serviozono.com\/wp-content\/uploads\/2022\/06\/paste1038.jpg 518w, https:\/\/serviozono.com\/wp-content\/uploads\/2022\/06\/paste1038-320x246.jpg 320w\" sizes=\"auto, (max-width: 391px) 100vw, 391px\" \/><\/p>\n<p>&nbsp;<\/p>\n<h3>\u00c9limination des odeurs dans l&#039;air, les syst\u00e8mes d&#039;extraction<\/h3>\n<p>Dans l&#039;extraction des conduits d&#039;air de l&#039;Ozone est inject\u00e9 dans le conduit, en essayant de garder la distance maximale \u00e0 la sortie de telle sorte que la couche d&#039;Ozone est en mesure d&#039;effectuer son effet durant tout le temps dans l&#039;air<br \/>\nexpuls\u00e9 s&#039;\u00e9coule \u00e0 travers le tube de sortie.<\/p>\n<p>Dans ces cas, la plus grande de la longueur de la chemin\u00e9e, le plus grand sera l&#039;effet de l&#039;oxydation des substances g\u00e9n\u00e9rer de mauvaises odeurs.<\/p>\n<p>&nbsp;<\/p>\n<p><img loading=\"lazy\" decoding=\"async\" class=\"wp-image-1171 aligncenter\" src=\"https:\/\/serviozono.com\/wp-content\/uploads\/2022\/06\/ozono-en-la-extraccion-de-aire-980x480-2-640x313.jpg\" alt=\"\" width=\"548\" height=\"268\" srcset=\"https:\/\/serviozono.com\/wp-content\/uploads\/2022\/06\/ozono-en-la-extraccion-de-aire-980x480-2-640x313.jpg 640w, https:\/\/serviozono.com\/wp-content\/uploads\/2022\/06\/ozono-en-la-extraccion-de-aire-980x480-2-600x294.jpg 600w, https:\/\/serviozono.com\/wp-content\/uploads\/2022\/06\/ozono-en-la-extraccion-de-aire-980x480-2-768x376.jpg 768w, https:\/\/serviozono.com\/wp-content\/uploads\/2022\/06\/ozono-en-la-extraccion-de-aire-980x480-2-320x157.jpg 320w, https:\/\/serviozono.com\/wp-content\/uploads\/2022\/06\/ozono-en-la-extraccion-de-aire-980x480-2.jpg 980w\" sizes=\"auto, (max-width: 548px) 100vw, 548px\" \/><\/p>\n<p>&nbsp;<\/p>\n<h3>Caract\u00e9ristiques techniques<\/h3>\n<p>&nbsp;<\/p>\n<table>\n<tbody>\n<tr bgcolor=\"#f0f0f0\">\n<td>Mod\u00e8le<\/td>\n<td>La Production D&#039;O3<\/td>\n<td>Compresseur<\/td>\n<td>La consommation<\/td>\n<td>Traitement<\/td>\n<\/tr>\n<tr>\n<td>ALLEZ-4000-AC-XL<\/td>\n<td>4000 mg\/h<\/td>\n<td>40 l\/min<\/td>\n<td><\/td>\n<td>5000 l\/h<\/td>\n<\/tr>\n<tr>\n<td>ALLEZ-8000-AC<\/td>\n<td>8000 mg\/h<\/td>\n<td>40 l\/min<\/td>\n<td>130 W<\/td>\n<td>10000 l\/h<\/td>\n<\/tr>\n<tr>\n<td>ALLEZ-12000-AC<\/td>\n<td>12000 mg\/h<\/td>\n<td>40 l\/min<\/td>\n<td><\/td>\n<td>16000 l\/h<\/td>\n<\/tr>\n<tr>\n<td>ALLEZ-16000-AC<\/td>\n<td>16000 mg\/h<\/td>\n<td>40 l\/min<\/td>\n<td><\/td>\n<td>21000 l\/h<\/td>\n<\/tr>\n<\/tbody>\n<\/table>\n<p>&nbsp;<\/p>","protected":false},"excerpt":{"rendered":"<p>G\u00e9n\u00e9rateur-GO-8000-AC<\/p>","protected":false},"featured_media":1701,"template":"","meta":[],"product_brand":[],"product_cat":[72],"product_tag":[],"class_list":{"0":"post-1433","1":"product","2":"type-product","3":"status-publish","4":"has-post-thumbnail","6":"product_cat-conducto-aire-y-agua","8":"first","9":"instock","10":"sale","11":"taxable","12":"shipping-taxable","13":"purchasable","14":"product-type-simple"},"_links":{"self":[{"href":"https:\/\/serviozono.com\/fr\/wp-json\/wp\/v2\/product\/1433","targetHints":{"allow":["GET"]}}],"collection":[{"href":"https:\/\/serviozono.com\/fr\/wp-json\/wp\/v2\/product"}],"about":[{"href":"https:\/\/serviozono.com\/fr\/wp-json\/wp\/v2\/types\/product"}],"wp:featuredmedia":[{"embeddable":true,"href":"https:\/\/serviozono.com\/fr\/wp-json\/wp\/v2\/media\/1701"}],"wp:attachment":[{"href":"https:\/\/serviozono.com\/fr\/wp-json\/wp\/v2\/media?parent=1433"}],"wp:term":[{"taxonomy":"product_brand","embeddable":true,"href":"https:\/\/serviozono.com\/fr\/wp-json\/wp\/v2\/product_brand?post=1433"},{"taxonomy":"product_cat","embeddable":true,"href":"https:\/\/serviozono.com\/fr\/wp-json\/wp\/v2\/product_cat?post=1433"},{"taxonomy":"product_tag","embeddable":true,"href":"https:\/\/serviozono.com\/fr\/wp-json\/wp\/v2\/product_tag?post=1433"}],"curies":[{"name":"wp","href":"https:\/\/api.w.org\/{rel}","templated":true}]}}