{"id":1443,"date":"2022-06-06T09:10:50","date_gmt":"2022-06-06T09:10:50","guid":{"rendered":"https:\/\/serviozono.com\/?post_type=product&#038;p=1443"},"modified":"2025-10-20T16:15:17","modified_gmt":"2025-10-20T16:15:17","slug":"go-24000-ac-pro","status":"publish","type":"product","link":"https:\/\/serviozono.com\/fr\/produit\/go-24000-ac-pro\/","title":{"rendered":"G\u00e9n\u00e9rateur d&#039;ALLER 24000 AC PRO"},"content":{"rendered":"<h3>Ozonizers compacteurs et les chambres de d\u00e9chets<\/h3>\n<p>Les salles et les entrep\u00f4ts de poubelles, de compacteurs et de d\u00e9chets de toutes sortes d&#039;industries animales transform\u00e9es sont la source des mauvaises odeurs et un s\u00e9rieux manque d&#039;hygi\u00e8ne autour d&#039;eux. L&#039;Ozone d\u00e9sinfecte et d\u00e9sodorise efficacement que l&#039;environnement, en r\u00e9duisant et en \u00e9liminant le probl\u00e8me de la prolif\u00e9ration des insectes et des rongeurs.<\/p>\n<p>Nos machines sont fabriqu\u00e9es avec des composants robustes industrielle europ\u00e9enne, tr\u00e8s fiable et durable. Int\u00e8gre compresseur interne de la membrane, 24000 mg r\u00e9acteurs et de l&#039;acier inoxydable de la cartouche de traitement de l&#039;air.<\/p>\n<p>&nbsp;<\/p>\n<p><img loading=\"lazy\" decoding=\"async\" class=\"wp-image-1444 aligncenter\" src=\"https:\/\/serviozono.com\/wp-content\/uploads\/2022\/06\/Generador-de-ozono-TOP-OZONO-GO24000AC-PROw.jpg\" alt=\"\" width=\"280\" height=\"419\" srcset=\"https:\/\/serviozono.com\/wp-content\/uploads\/2022\/06\/Generador-de-ozono-TOP-OZONO-GO24000AC-PROw.jpg 400w, https:\/\/serviozono.com\/wp-content\/uploads\/2022\/06\/Generador-de-ozono-TOP-OZONO-GO24000AC-PROw-320x479.jpg 320w\" sizes=\"auto, (max-width: 280px) 100vw, 280px\" \/><\/p>\n<p>&nbsp;<\/p>\n<h3>Diff\u00e9rents exemples de compacteurs de l&#039;endroit o\u00f9 installer l&#039;ozonateur<\/h3>\n<p>&nbsp;<\/p>\n<p><img loading=\"lazy\" decoding=\"async\" class=\"alignnone wp-image-1445\" src=\"https:\/\/serviozono.com\/wp-content\/uploads\/2022\/06\/Compactador-basura1.jpg\" alt=\"\" width=\"294\" height=\"241\" srcset=\"https:\/\/serviozono.com\/wp-content\/uploads\/2022\/06\/Compactador-basura1.jpg 539w, https:\/\/serviozono.com\/wp-content\/uploads\/2022\/06\/Compactador-basura1-320x262.jpg 320w\" sizes=\"auto, (max-width: 294px) 100vw, 294px\" \/><img loading=\"lazy\" decoding=\"async\" class=\"alignnone wp-image-1446\" src=\"https:\/\/serviozono.com\/wp-content\/uploads\/2022\/06\/Compactador-basura1-1.jpg\" alt=\"\" width=\"312\" height=\"235\" srcset=\"https:\/\/serviozono.com\/wp-content\/uploads\/2022\/06\/Compactador-basura1-1.jpg 403w, https:\/\/serviozono.com\/wp-content\/uploads\/2022\/06\/Compactador-basura1-1-320x240.jpg 320w\" sizes=\"auto, (max-width: 312px) 100vw, 312px\" \/><\/p>\n<p>&nbsp;<\/p>\n<h3>caract\u00e9ristiques techniques<\/h3>\n<p>&nbsp;<\/p>\n<table>\n<tbody>\n<tr bgcolor=\"#f0f0f0\">\n<td>MOD\u00c8LE<\/td>\n<td>MAT\u00c9RIEL<\/td>\n<td>La CONSOMMATION<\/td>\n<td>TAILLE<\/td>\n<td>POIDS<\/td>\n<td>La PRODUCTION d&#039;O3<\/p>\n<p>mg\/h max.<\/td>\n<\/tr>\n<tr>\n<td>G0-24000 AC PRO<\/td>\n<td>l&#039;acier inoxydable.<\/td>\n<td>300 W<\/td>\n<td>70 x 50 x 32 cm<\/td>\n<td>25 Kg<\/td>\n<td>24000 mg\/h<\/td>\n<\/tr>\n<\/tbody>\n<\/table>\n<p>&nbsp;<\/p>\n<p>&nbsp;<\/p>\n<p>&nbsp;<\/p>","protected":false},"excerpt":{"rendered":"<p>G\u00e9n\u00e9rateur de G0-24000 AC PRO<\/p>","protected":false},"featured_media":1712,"template":"","meta":[],"product_brand":[],"product_cat":[77],"product_tag":[],"class_list":{"0":"post-1443","1":"product","2":"type-product","3":"status-publish","4":"has-post-thumbnail","6":"product_cat-compactadora-de-basuras","8":"first","9":"instock","10":"sale","11":"taxable","12":"shipping-taxable","13":"purchasable","14":"product-type-simple"},"_links":{"self":[{"href":"https:\/\/serviozono.com\/fr\/wp-json\/wp\/v2\/product\/1443","targetHints":{"allow":["GET"]}}],"collection":[{"href":"https:\/\/serviozono.com\/fr\/wp-json\/wp\/v2\/product"}],"about":[{"href":"https:\/\/serviozono.com\/fr\/wp-json\/wp\/v2\/types\/product"}],"wp:featuredmedia":[{"embeddable":true,"href":"https:\/\/serviozono.com\/fr\/wp-json\/wp\/v2\/media\/1712"}],"wp:attachment":[{"href":"https:\/\/serviozono.com\/fr\/wp-json\/wp\/v2\/media?parent=1443"}],"wp:term":[{"taxonomy":"product_brand","embeddable":true,"href":"https:\/\/serviozono.com\/fr\/wp-json\/wp\/v2\/product_brand?post=1443"},{"taxonomy":"product_cat","embeddable":true,"href":"https:\/\/serviozono.com\/fr\/wp-json\/wp\/v2\/product_cat?post=1443"},{"taxonomy":"product_tag","embeddable":true,"href":"https:\/\/serviozono.com\/fr\/wp-json\/wp\/v2\/product_tag?post=1443"}],"curies":[{"name":"wp","href":"https:\/\/api.w.org\/{rel}","templated":true}]}}