{"id":1450,"date":"2022-06-06T09:31:42","date_gmt":"2022-06-06T09:31:42","guid":{"rendered":"https:\/\/serviozono.com\/?post_type=product&#038;p=1450"},"modified":"2025-10-20T16:15:17","modified_gmt":"2025-10-20T16:15:17","slug":"1450","status":"publish","type":"product","link":"https:\/\/serviozono.com\/fr\/produit\/1450\/","title":{"rendered":"G\u00e9n\u00e9rateur d&#039;ALLER 24000 T TA Avec Panier"},"content":{"rendered":"<h3>Ozonizers de silos vides<\/h3>\n<p>Un syst\u00e8me professionnel, de haute performance et fiabilit\u00e9, con\u00e7u pour le traitement de choc de l&#039;\u00e9co-friendly par l&#039;ozonation dans des silos \u00e0 grains, en acier galvanis\u00e9, avec des capacit\u00e9s allant jusqu&#039;\u00e0 200 m3. Le traitement est effectu\u00e9 avec les silos vides, r\u00e9sultant dans une p\u00e9riode de une \u00e0 deux heures, sans l&#039;utilisation de tout type de produit chimique. Seront supprim\u00e9s les champignons, les virus, les bact\u00e9ries, les spores et les \u0153ufs d&#039;insectes. Les quelques insectes qui parviennent \u00e0 survivre le traitement ne sera plus en mesure de se reproduire.<\/p>\n<p>Nos machines sont fabriqu\u00e9es avec des composants robustes industrielle europ\u00e9enne, tr\u00e8s fiable et durable.<\/p>\n<p>&nbsp;<\/p>\n<p><img loading=\"lazy\" decoding=\"async\" class=\"size-full wp-image-1452 aligncenter\" src=\"https:\/\/serviozono.com\/wp-content\/uploads\/2022\/06\/GO24000T-Carrito-w.jpg\" alt=\"\" width=\"259\" height=\"400\" \/><\/p>\n<p>&nbsp;<\/p>\n<h3>G\u00e9n\u00e9rateur d&#039;Ozone portable<\/h3>\n<p>-La Production du G\u00e9n\u00e9rateur: 24 gr \/ heure.<br \/>\n-Bo\u00eete de polyester, avec une bouche de 100 mm pour la connexion au tube.<br \/>\n-Minuterie contr\u00f4l\u00e9e par un microprocesseur.<br \/>\n-Les r\u00e9acteurs en acier inoxydable. Travail en 3 groupes de puissance de sortie (8, 12, et 24 g), en fonction de la dimension du silo (25, 50 et 100 m3), \u00e0 des dilutions de O3 pr\u00e8s de la 0,24 ppm.<br \/>\n-Int\u00e8gre une puissante turbine de 600 m3 \/ heure, pour accro\u00eetre la puissance et de traiter efficacement avec l&#039;Ozone.<br \/>\n-Il est portable, mont\u00e9 sur un chariot pour le transport facile.<br \/>\n-La consommation \u00e0 puissance maximale: 400 W.<br \/>\n-Dimensions de la caisse (sans panier): 74,7 x 53.6 x 30 cm<br \/>\n-Poids approximatif: 12 Kg.<\/p>\n<h4 style=\"text-align: center;\">Disponible aussi la version de 40 gr \/ heure.<\/h4>\n<p>&nbsp;<\/p>\n<p>Les g\u00e9n\u00e9rateurs de Haut Ozone <strong>ne pas produire de l&#039;aluminium<\/strong>, tr\u00e8s toxiques, les m\u00e9taux lourds, comme il n&#039;utilise pas les r\u00e9acteurs de la c\u00e9ramique, mais en acier inoxydable.<\/p>\n<h3>Formulaire de demande<\/h3>\n<p>-Une fois que vous avez nettoy\u00e9 le silo, il va pr\u00e9senter le gaz de l&#039;Ozone dans le silo au moyen de deux conduits simultan\u00e9ment. L&#039;un pour le haut et l&#039;autre en bas.<br \/>\n-Il va \u00eatre dans des groupes temporaires de 20 minutes de g\u00e9n\u00e9ration d&#039;Ozone et \u00e0 15 minutes de vestige (afin de laisser l&#039;r\u00e9siduelle de travail de 15 \u00e0 20 minutes)<br \/>\n-Entre 3 et 4 poses de 20 minutes chacun, nous pouvons assurer un traitement correct dans le vide, pour assurer une d\u00e9sinfection compl\u00e8te du silo.<br \/>\n-La couche d&#039;Ozone, comme n&#039;importe quel d\u00e9sinfectant, il agit par oxydation. Si le silo est faite, dans leur int\u00e9gralit\u00e9, avec des mat\u00e9riaux en acier inoxydable (y compris les soudures), il n&#039;y aura pas de probl\u00e8mes d&#039;oxydation.<br \/>\n-Une fois que vous avez atteint le but, et si \u00e7a ne va pas \u00eatre utilis\u00e9 imm\u00e9diatement le silo, nous ne recommandons pas l&#039;application de l&#039;Ozone qui ne sont pas \u00e0 c\u00f4t\u00e9 du remplissage du silo.<\/p>\n<p>&nbsp;<\/p>\n<p><img loading=\"lazy\" decoding=\"async\" class=\"wp-image-1455 aligncenter\" src=\"https:\/\/serviozono.com\/wp-content\/uploads\/2022\/06\/paste1312.jpg\" alt=\"\" width=\"461\" height=\"280\" \/><\/p>\n<p>&nbsp;<\/p>\n<p>L&#039;\u00e9quipement peut \u00e9galement \u00eatre utilis\u00e9 pour ozonizar des Big bags. Pour ce faire, vous installez un couvercle sur les Grands Sacs et applique la couche d&#039;ozone, en remplacement de la sulfat\u00e9s. La m\u00eame proc\u00e9dure sera utilis\u00e9e pour les palettes \u00e9tag\u00e8re.<\/p>\n<p>&nbsp;<\/p>\n<p><img loading=\"lazy\" decoding=\"async\" class=\"wp-image-1454 aligncenter\" src=\"https:\/\/serviozono.com\/wp-content\/uploads\/2022\/06\/Big-bag.jpg\" alt=\"\" width=\"301\" height=\"270\" \/><\/p>\n<h3>Caract\u00e9ristiques Techniques<\/h3>\n<p>&nbsp;<\/p>\n<table>\n<tbody>\n<tr>\n<td width=\"198\">PUISSANCE<\/td>\n<td width=\"444\">\u00a0\u00a0\u00a0\u00a0\u00a0\u00a0\u00a0\u00a0\u00a0\u00a0\u00a0\u00a0\u00a0\u00a0\u00a0\u00a0\u00a0\u00a0 \u00a0\u00a0\u00a0\u00a0\u00a0\u00a0\u00a0\u00a0\u00a0\u00a0\u00a0\u00a0\u00a0\u00a0\u00a0\u00a0\u00a0\u00a0\u00a0\u00a0\u00a0\u00a0230 V 50 HZ<\/td>\n<\/tr>\n<tr>\n<td width=\"198\">La CONSOMMATION<\/td>\n<td width=\"444\">\u00a0\u00a0\u00a0\u00a0\u00a0\u00a0\u00a0\u00a0\u00a0\u00a0\u00a0\u00a0\u00a0\u00a0\u00a0\u00a0\u00a0\u00a0\u00a0\u00a0\u00a0 \u00a0\u00a0\u00a0\u00a0\u00a0\u00a0\u00a0\u00a0\u00a0\u00a0\u00a0\u00a0\u00a0\u00a0\u00a0\u00a0\u00a0\u00a0\u00a0\u00a0\u00a0\u00a0\u00a0400 W<\/td>\n<\/tr>\n<tr>\n<td width=\"198\">DIMENSIONS<\/td>\n<td width=\"444\">\u00a0\u00a0\u00a0\u00a0\u00a0\u00a0\u00a0\u00a0\u00a0\u00a0\u00a0\u00a0\u00a0\u00a0\u00a0\u00a0\u00a0 \u00a0\u00a0\u00a0\u00a0\u00a0\u00a0\u00a0\u00a0\u00a0\u00a0\u00a0\u00a0\u00a0\u00a0\u00a0\u00a0\u00a0\u00a0\u00a0\u00a0\u00a0\u00a0\u00a075 x 54 x 30<\/td>\n<\/tr>\n<tr>\n<td width=\"198\">POIDS<\/td>\n<td width=\"444\">\u00a0\u00a0\u00a0\u00a0\u00a0\u00a0\u00a0\u00a0\u00a0\u00a0\u00a0\u00a0\u00a0\u00a0\u00a0\u00a0\u00a0\u00a0\u00a0\u00a0\u00a0\u00a0\u00a0 \u00a0\u00a0\u00a0\u00a0\u00a0\u00a0\u00a0\u00a0\u00a0\u00a0\u00a0\u00a0\u00a0\u00a0\u00a0\u00a0\u00a0\u00a0\u00a0\u00a0\u00a012 KG<\/td>\n<\/tr>\n<tr>\n<td width=\"198\">La PRODUCTION<\/td>\n<td width=\"444\">\u00a0\u00a0\u00a0\u00a0\u00a0\u00a0\u00a0\u00a0\u00a0\u00a0\u00a0\u00a0\u00a0 \u00a0\u00a0\u00a0\u00a0\u00a0\u00a0\u00a0\u00a0\u00a0\u00a0\u00a0\u00a0\u00a0\u00a0\u00a0\u00a024000 MG \/ H MAXIMUM<\/td>\n<\/tr>\n<tr>\n<td width=\"198\">R\u00c8GLEMENT<\/td>\n<td width=\"444\">\u00a0MINUTERIE, CONTR\u00d4L\u00c9 PAR MICROPROCESSEUR<\/td>\n<\/tr>\n<tr>\n<td width=\"198\">PUISSANCE<\/td>\n<td width=\"444\">\u00a0 \u00a0 \u00a0 \u00a0 \u00a0 \u00a0 \u00a0 \u00a0 \u00a0 \u00a0 \u00a0 \u00a0 \u00a0 \u00a0 \u00a0TURBINE \u00e0 600 M3 \/ HEURE<\/td>\n<\/tr>\n<tr>\n<td width=\"198\">BO\u00ceTE<\/td>\n<td width=\"444\">\u00a0 \u00a0 \u00a0 \u00a0 \u00a0 \u00a0 \u00a0 \u00a0 \u00a0 \u00a0 \u00a0ARMOIRE MONOBLOC POLYESTER<\/td>\n<\/tr>\n<\/tbody>\n<\/table>\n<p>&nbsp;<\/p>\n<p>&nbsp;<\/p>\n<p>&nbsp;<\/p>\n<p>&nbsp;<\/p>\n<p>&nbsp;<\/p>\n<p>&nbsp;<\/p>","protected":false},"excerpt":{"rendered":"<p>G\u00e9n\u00e9rateur d&#039;ALLER 24000 T TA Avec Panier<\/p>","protected":false},"featured_media":1713,"template":"","meta":[],"product_brand":[],"product_cat":[78],"product_tag":[],"class_list":{"0":"post-1450","1":"product","2":"type-product","3":"status-publish","4":"has-post-thumbnail","6":"product_cat-silos-de-granos-y-palets","8":"first","9":"instock","10":"sale","11":"taxable","12":"shipping-taxable","13":"purchasable","14":"product-type-simple"},"_links":{"self":[{"href":"https:\/\/serviozono.com\/fr\/wp-json\/wp\/v2\/product\/1450","targetHints":{"allow":["GET"]}}],"collection":[{"href":"https:\/\/serviozono.com\/fr\/wp-json\/wp\/v2\/product"}],"about":[{"href":"https:\/\/serviozono.com\/fr\/wp-json\/wp\/v2\/types\/product"}],"wp:featuredmedia":[{"embeddable":true,"href":"https:\/\/serviozono.com\/fr\/wp-json\/wp\/v2\/media\/1713"}],"wp:attachment":[{"href":"https:\/\/serviozono.com\/fr\/wp-json\/wp\/v2\/media?parent=1450"}],"wp:term":[{"taxonomy":"product_brand","embeddable":true,"href":"https:\/\/serviozono.com\/fr\/wp-json\/wp\/v2\/product_brand?post=1450"},{"taxonomy":"product_cat","embeddable":true,"href":"https:\/\/serviozono.com\/fr\/wp-json\/wp\/v2\/product_cat?post=1450"},{"taxonomy":"product_tag","embeddable":true,"href":"https:\/\/serviozono.com\/fr\/wp-json\/wp\/v2\/product_tag?post=1450"}],"curies":[{"name":"wp","href":"https:\/\/api.w.org\/{rel}","templated":true}]}}