{"id":2945,"date":"2024-06-11T13:12:49","date_gmt":"2024-06-11T13:12:49","guid":{"rendered":"https:\/\/serviozono.com\/?post_type=product&#038;p=2945"},"modified":"2025-10-20T16:15:17","modified_gmt":"2025-10-20T16:15:17","slug":"inhibidor-aquafree-3-4%e2%80%b3-20-mm","status":"publish","type":"product","link":"https:\/\/serviozono.com\/fr\/produit\/inhibidor-aquafree-3-4%e2%80%b3-20-mm\/","title":{"rendered":"Inhibiteur De AQUAfree 3\/4&#034; 20 Mm"},"content":{"rendered":"<p>Fabriqu\u00e9 au royaume-UNI depuis plus de 20 ans pour l&#039;Industrie, aujourd&#039;hui, avec des appareils de<br \/>\npetit, peut \u00eatre fourni pour les installations semi-industrielles et domestiques.<br \/>\nIl y a un autre fabricant d&#039;appareils de la m\u00eame classe, m\u00eame si la diff\u00e9rence est<br \/>\nnotre qualit\u00e9, ce qui nous permet d&#039;offrir une garantie contre les d\u00e9fauts de fabrication pendant 5 ans<br \/>\net que nous cotiser le maximum de la dissolution du Zinc par litre.<\/p>\n<h5>Avantages :<\/h5>\n<ul>\n<li>Eco-friendly 100%<\/li>\n<li>\u00c9conomiser de l&#039;\u00e9nergie et de l&#039;eau<\/li>\n<li>Des \u00e9conomies d&#039;argent<\/li>\n<li>Sans le co\u00fbt de l&#039;entretien ou de fournitures<\/li>\n<li>Anti-corrosif<\/li>\n<li>Anti calcaire<\/li>\n<li>Am\u00e9liore la clart\u00e9 de l&#039;eau et de sa potabilit\u00e9<\/li>\n<li>Ne pas occuper l&#039;espace<\/li>\n<\/ul>\n<h3>Caract\u00e9ristiques Techniques<\/h3>\n<table>\n<thead>\n<tr>\n<td colspan=\"2\">DIAM\u00c8TRE INT\u00c9RIEUR<\/td>\n<td>D\u00c9BIT (m3\/h)<\/td>\n<td>LONGUEUR (mm)<\/td>\n<td>LES UTILISATIONS AUX FINS DE R\u00c9F\u00c9RENCE UNIQUEMENT<\/td>\n<\/tr>\n<\/thead>\n<tbody>\n<tr>\n<td>Pouces<\/td>\n<td>mm<\/td>\n<td><\/td>\n<td><\/td>\n<td><\/td>\n<\/tr>\n<tr>\n<td>3\/4&#034;<\/td>\n<td>20 mm<\/td>\n<td>2,26<\/td>\n<td>228<\/td>\n<td>Logement avec deux ou trois bains<\/td>\n<\/tr>\n<\/tbody>\n<\/table>\n<p>&nbsp;<\/p>","protected":false},"excerpt":{"rendered":"<div class=\"summary entry-summary\">\n<div class=\"woocommerce-product-details__short-description\">\n<div class=\"elementor-element elementor-element-1c8c8ff elementor-widget elementor-widget-heading animated fadeInUp\" data-id=\"1c8c8ff\" data-element_type=\"widget\" data-settings=\"{&quot;_animation&quot;:&quot;fadeInUp&quot;,&quot;_animation_delay&quot;:400}\" data-widget_type=\"heading.default\">\n<div class=\"elementor-widget-container\">\n<h3 class=\"elementor-heading-title elementor-size-default\">INHIBITEUR de AQUAfree<\/h3>\n<\/div>\n<\/div>\n<div class=\"elementor-element elementor-element-ba5c107 elementor-widget elementor-widget-heading animated fadeInUp\" data-id=\"ba5c107\" data-element_type=\"widget\" data-settings=\"{&quot;_animation&quot;:&quot;fadeInUp&quot;,&quot;_animation_delay&quot;:500}\" data-widget_type=\"heading.default\">\n<div class=\"elementor-widget-container\">\n<p class=\"elementor-heading-title elementor-size-default\">Neutralise les d\u00e9p\u00f4ts de tartre, emp\u00eache la corrosion, r\u00e9duit les co\u00fbts, pas d&#039;entretien, ni avez-vous besoin d&#039;\u00e9lectricit\u00e9, et il n&#039;utilise pas de produits chimiques dans son traitement.<\/p>\n<\/div>\n<\/div>\n<\/div>\n<\/div>","protected":false},"featured_media":2993,"template":"","meta":[],"product_brand":[],"product_cat":[135],"product_tag":[],"class_list":{"0":"post-2945","1":"product","2":"type-product","3":"status-publish","4":"has-post-thumbnail","6":"product_cat-inhibidores","8":"first","9":"instock","10":"sale","11":"taxable","12":"shipping-taxable","13":"purchasable","14":"product-type-simple"},"_links":{"self":[{"href":"https:\/\/serviozono.com\/fr\/wp-json\/wp\/v2\/product\/2945","targetHints":{"allow":["GET"]}}],"collection":[{"href":"https:\/\/serviozono.com\/fr\/wp-json\/wp\/v2\/product"}],"about":[{"href":"https:\/\/serviozono.com\/fr\/wp-json\/wp\/v2\/types\/product"}],"wp:featuredmedia":[{"embeddable":true,"href":"https:\/\/serviozono.com\/fr\/wp-json\/wp\/v2\/media\/2993"}],"wp:attachment":[{"href":"https:\/\/serviozono.com\/fr\/wp-json\/wp\/v2\/media?parent=2945"}],"wp:term":[{"taxonomy":"product_brand","embeddable":true,"href":"https:\/\/serviozono.com\/fr\/wp-json\/wp\/v2\/product_brand?post=2945"},{"taxonomy":"product_cat","embeddable":true,"href":"https:\/\/serviozono.com\/fr\/wp-json\/wp\/v2\/product_cat?post=2945"},{"taxonomy":"product_tag","embeddable":true,"href":"https:\/\/serviozono.com\/fr\/wp-json\/wp\/v2\/product_tag?post=2945"}],"curies":[{"name":"wp","href":"https:\/\/api.w.org\/{rel}","templated":true}]}}