{"id":3028,"date":"2024-07-09T22:50:23","date_gmt":"2024-07-09T22:50:23","guid":{"rendered":"https:\/\/serviozono.com\/?post_type=product&#038;p=3028"},"modified":"2025-10-20T16:15:17","modified_gmt":"2025-10-20T16:15:17","slug":"plag-150","status":"publish","type":"product","link":"https:\/\/serviozono.com\/fr\/produit\/plag-150\/","title":{"rendered":"PLAG-150"},"content":{"rendered":"<h3>ECO Plaguicidador \u00e0 Atomiser<\/h3>\n<p>L&#039;\u00a0<strong>ECO Plaguicidador<\/strong>\u00a0c&#039;est une machine construite dans n&#039;importe quel atomiseur atomiseur ou d&#039;un n\u00e9buliseur, il convertit le traitement de l&#039;eau du r\u00e9servoir dans l&#039;\u00e9quivalent d&#039;un puissant pesticide, totalement naturel et sans produit chimique.<\/p>\n<p>&nbsp;<\/p>\n<p><img loading=\"lazy\" decoding=\"async\" class=\"size-full wp-image-2880 aligncenter\" src=\"https:\/\/serviozono.com\/wp-content\/uploads\/2024\/05\/Tratamientos-con-ozono-para-la-atomizacion-agro-ecologica.webp\" alt=\"\" width=\"400\" height=\"258\" srcset=\"https:\/\/serviozono.com\/wp-content\/uploads\/2024\/05\/Tratamientos-con-ozono-para-la-atomizacion-agro-ecologica.webp 400w, https:\/\/serviozono.com\/wp-content\/uploads\/2024\/05\/Tratamientos-con-ozono-para-la-atomizacion-agro-ecologica-18x12.webp 18w, https:\/\/serviozono.com\/wp-content\/uploads\/2024\/05\/Tratamientos-con-ozono-para-la-atomizacion-agro-ecologica-320x206.webp 320w\" sizes=\"auto, (max-width: 400px) 100vw, 400px\" \/><\/p>\n<p>&nbsp;<\/p>\n<p>Ce syst\u00e8me ne peut pas \u00eatre consid\u00e9r\u00e9e comme un simple traitement de la feuille, puisqu&#039;il est \u00e9gal au tronc, les boutures de tiges, de feuilles, de fleurs et de fruits, en \u00e9vitant la prolif\u00e9ration des ravageurs. Ce r\u00e9sultat est obtenu par la transformation de l&#039;eau dans le r\u00e9servoir de la \u00e1pero dans un syst\u00e8me avanc\u00e9 de l&#039;oxydation naturelle qui affectent l&#039;environnement autour de la centrale, qui effectue la nature avec de l&#039;eau de pluie au cours d&#039;une temp\u00eate, bien que dans une proportion de l&#039;Ozone, Hydroxyde de sodium et le Peroxyde d&#039;Hydrog\u00e8ne est beaucoup plus petite que notre dispositif.<\/p>\n<p>Dans la d\u00e9sinfection \u00e0 l&#039;Ozone est utilis\u00e9 par le syst\u00e8me, vous avez seulement besoin d&#039;oxyg\u00e8ne, une prise \u00e9lectrique (tous nous avons besoin est la batterie du tracteur) et de l&#039;eau \u00e0 traiter.<\/p>\n<p>Le m\u00e9lange d&#039;un gaz par un liquide est quelque chose de difficile \u00e0 r\u00e9aliser et de plus, si nous travaillons avec des pressions jusqu&#039;\u00e0 20 atmosph\u00e8res. Nous pr\u00e9tendons que, lorsque vous d\u00e9compressez le m\u00e9lange va pas faire dispara\u00eetre la couche d&#039;Ozone de son compagnon de voyage, l&#039;eau. C&#039;est une chose complexe qui n&#039;est pas possible avec n&#039;importe quel syst\u00e8me de l&#039;ozonation.<\/p>\n<p>&nbsp;<\/p>\n<p><img loading=\"lazy\" decoding=\"async\" class=\"size-full wp-image-3024 aligncenter\" src=\"https:\/\/serviozono.com\/wp-content\/uploads\/2024\/07\/paste1854-1.jpg\" alt=\"\" width=\"463\" height=\"313\" srcset=\"https:\/\/serviozono.com\/wp-content\/uploads\/2024\/07\/paste1854-1.jpg 463w, https:\/\/serviozono.com\/wp-content\/uploads\/2024\/07\/paste1854-1-18x12.jpg 18w, https:\/\/serviozono.com\/wp-content\/uploads\/2024\/07\/paste1854-1-320x216.jpg 320w\" sizes=\"auto, (max-width: 463px) 100vw, 463px\" \/><\/p>\n<p>&nbsp;<\/p>\n<p>Notre syst\u00e8me de l&#039;ozonation est con\u00e7u pour \u00eatre install\u00e9 dans les caract\u00e9ristiques du r\u00e9servoir du pulv\u00e9risateur atomiseur ou d&#039;un n\u00e9buliseur. Le nouveau syst\u00e8me est compos\u00e9 d&#039;oxyg\u00e8ne et est compos\u00e9 de plusieurs modules de taille r\u00e9duite mont\u00e9 sur un rack. Comprend un g\u00e9n\u00e9rateur d&#039;Ozone, de r\u00e9acteurs, de l&#039;acier inoxydable 316L, dans bo\u00eete compacte de polyester \u00e0 m\u00eame de r\u00e9sister aux vibrations et secousses fonctions de travail dans le domaine, en plus d&#039;un syst\u00e8me de dilution et l&#039;am\u00e9lioration de m\u00e9lange qui permettra \u00e0 un traitement en ligne, ce qui \u00e9vite d&#039;avoir \u00e0 attendre pour ozonizar tout au long du r\u00e9servoir, en plus de nous assurer d&#039;une production et le mixage de l&#039;uniforme en tout temps.<\/p>\n<p>&nbsp;<\/p>\n<p><img loading=\"lazy\" decoding=\"async\" class=\"wp-image-3025 aligncenter\" src=\"https:\/\/serviozono.com\/wp-content\/uploads\/2024\/07\/Reactores-plaguicidador.jpg\" alt=\"\" width=\"292\" height=\"305\" srcset=\"https:\/\/serviozono.com\/wp-content\/uploads\/2024\/07\/Reactores-plaguicidador.jpg 507w, https:\/\/serviozono.com\/wp-content\/uploads\/2024\/07\/Reactores-plaguicidador-12x12.jpg 12w, https:\/\/serviozono.com\/wp-content\/uploads\/2024\/07\/Reactores-plaguicidador-320x334.jpg 320w\" sizes=\"auto, (max-width: 292px) 100vw, 292px\" \/><\/p>\n<p>r\u00e9acteur plagicidador<\/p>\n<div class=\"et_pb_module et_pb_text et_pb_text_2 et_pb_text_align_left et_pb_bg_layout_light\">\n<div class=\"et_pb_text_inner\">\n<p>&nbsp;<\/p>\n<p>Contrairement \u00e0 ce qui peut \u00eatre offert \u00e0 la pulv\u00e9risation, la pulv\u00e9risation et la brume avec de l&#039;eau \u00e0 l&#039;Ozone, nos machines\u00a0<strong>PAS de<\/strong>\u00a0sont assembl\u00e9s avec des composants asiatiques domestiqu\u00e9s, mais sont fabriqu\u00e9s avec des composants robustes industrielle europ\u00e9enne, con\u00e7us et fabriqu\u00e9s dans notre usine, les composants, tr\u00e8s fiable et durable. Ces syst\u00e8mes peuvent \u00eatre adapt\u00e9s pour \u00eatre mont\u00e9s sur des v\u00e9hicules, des chars, des pulv\u00e9risateurs, atomiseurs, n\u00e9buliseurs, des canyons, etc<\/p>\n<p>&nbsp;<\/p>\n<\/div>\n<\/div>\n<p><img loading=\"lazy\" decoding=\"async\" class=\"wp-image-3023 aligncenter\" src=\"https:\/\/serviozono.com\/wp-content\/uploads\/2024\/07\/plagicidador--640x1138.jpg\" alt=\"\" width=\"279\" height=\"496\" srcset=\"https:\/\/serviozono.com\/wp-content\/uploads\/2024\/07\/plagicidador--640x1138.jpg 640w, https:\/\/serviozono.com\/wp-content\/uploads\/2024\/07\/plagicidador--768x1365.jpg 768w, https:\/\/serviozono.com\/wp-content\/uploads\/2024\/07\/plagicidador--864x1536.jpg 864w, https:\/\/serviozono.com\/wp-content\/uploads\/2024\/07\/plagicidador--7x12.jpg 7w, https:\/\/serviozono.com\/wp-content\/uploads\/2024\/07\/plagicidador--320x569.jpg 320w, https:\/\/serviozono.com\/wp-content\/uploads\/2024\/07\/plagicidador--600x1067.jpg 600w, https:\/\/serviozono.com\/wp-content\/uploads\/2024\/07\/plagicidador-.jpg 1152w\" sizes=\"auto, (max-width: 279px) 100vw, 279px\" \/><\/p>\n<p>&nbsp;<\/p>\n<p>&nbsp;<\/p>\n<h4>Caract\u00e9ristiques Techniques<\/h4>\n<p>&nbsp;<\/p>\n<table>\n<tbody>\n<tr bgcolor=\"#f0f0f0\">\n<td>Mod\u00e8le<\/td>\n<td>D\u00e9bit<\/td>\n<td>M\u00e8tres Cubes De Temps<\/td>\n<td>La Production d&#039;O3\/h<\/td>\n<\/tr>\n<tr>\n<td>PLAG \u2013 150<\/td>\n<td>Jusqu&#039;\u00e0 150 L \/ min<\/td>\n<td>9) m3h<\/td>\n<td>40.000 mg<\/td>\n<\/tr>\n<\/tbody>\n<\/table>\n<p>&nbsp;<\/p>\n<p>&nbsp;<\/p>","protected":false},"excerpt":{"rendered":"<p>Eco Plagicidador \u2013 150L \u2013 40G\/O3\/h.<\/p>","protected":false},"featured_media":3022,"template":"","meta":[],"product_brand":[],"product_cat":[139],"product_tag":[],"class_list":{"0":"post-3028","1":"product","2":"type-product","3":"status-publish","4":"has-post-thumbnail","6":"product_cat-eco-plaguicidador-para-atomizar","8":"first","9":"instock","10":"sale","11":"taxable","12":"shipping-taxable","13":"purchasable","14":"product-type-simple"},"_links":{"self":[{"href":"https:\/\/serviozono.com\/fr\/wp-json\/wp\/v2\/product\/3028","targetHints":{"allow":["GET"]}}],"collection":[{"href":"https:\/\/serviozono.com\/fr\/wp-json\/wp\/v2\/product"}],"about":[{"href":"https:\/\/serviozono.com\/fr\/wp-json\/wp\/v2\/types\/product"}],"wp:featuredmedia":[{"embeddable":true,"href":"https:\/\/serviozono.com\/fr\/wp-json\/wp\/v2\/media\/3022"}],"wp:attachment":[{"href":"https:\/\/serviozono.com\/fr\/wp-json\/wp\/v2\/media?parent=3028"}],"wp:term":[{"taxonomy":"product_brand","embeddable":true,"href":"https:\/\/serviozono.com\/fr\/wp-json\/wp\/v2\/product_brand?post=3028"},{"taxonomy":"product_cat","embeddable":true,"href":"https:\/\/serviozono.com\/fr\/wp-json\/wp\/v2\/product_cat?post=3028"},{"taxonomy":"product_tag","embeddable":true,"href":"https:\/\/serviozono.com\/fr\/wp-json\/wp\/v2\/product_tag?post=3028"}],"curies":[{"name":"wp","href":"https:\/\/api.w.org\/{rel}","templated":true}]}}