{"id":1584,"date":"2022-06-06T20:57:02","date_gmt":"2022-06-06T20:57:02","guid":{"rendered":"https:\/\/serviozono.com\/?page_id=1584"},"modified":"2024-06-11T14:24:42","modified_gmt":"2024-06-11T14:24:42","slug":"el-poder-que-tiene-el-ozono","status":"publish","type":"page","link":"https:\/\/serviozono.com\/it\/el-poder-que-tiene-el-ozono\/","title":{"rendered":"La potenza dell&#039;ozono"},"content":{"rendered":"<p><section id=\"bt_bb_section69f64c059894f\" class=\"bt_bb_section bt_bb_layout_boxed_1200\"  data-bt-override-class=\"null\"><div class=\"bt_bb_port\"><div class=\"bt_bb_cell\"><div class=\"bt_bb_cell_inner\"><div class=\"bt_bb_row\"  data-bt-override-class=\"{}\"><div class=\"bt_bb_row_holder\" ><div  class=\"bt_bb_column col-xxl-12 col-xl-12 col-xs-12 col-sm-12 col-md-12 col-lg-12 bt_bb_vertical_align_top bt_bb_align_left bt_bb_padding_normal\"  data-width=\"12\" data-bt-override-class=\"{}\"><div class=\"bt_bb_column_content\"><div class=\"bt_bb_separator bt_bb_border_style_none bt_bb_top_spacing_small bt_bb_bottom_spacing_normal\" data-bt-override-class=\"{&quot;bt_bb_top_spacing_&quot;:{&quot;current_class&quot;:&quot;bt_bb_top_spacing_small&quot;,&quot;def&quot;:&quot;small&quot;,&quot;xl&quot;:&quot;small&quot;},&quot;bt_bb_bottom_spacing_&quot;:{&quot;current_class&quot;:&quot;bt_bb_bottom_spacing_normal&quot;,&quot;def&quot;:&quot;normal&quot;,&quot;xl&quot;:&quot;normal&quot;}}\"><\/div><div  class=\"bt_bb_text\" ><\/p>\n<h1 style=\"text-align: center;\">Il potere distruttivo dell&#039;ozono<\/h1>\n<p>L&#039;Ozono molecola (O3), composto da tre atomi di Ossigeno (O1), ha una carica negativa, e sappiamo che la carica negativa di eliminare i radicali liberi che causano il cancro.<\/p>\n<p>Le cariche negative, come con qualsiasi magnete, sono disegnati rapidamente le cariche positive e questo \u00e8 dove si trova il miracolo.<\/p>\n<p>I microrganismi patogeni (batteri, virus, funghi, prioni, spore, molecole degli odori...) hanno una carica positiva, e quando si scontrano con loro, grazie all&#039;alta ossidante dell&#039;Ozono, sono distrutto quasi subito, distruggendo allo stesso tempo anche l&#039;Ozono, che perde un atomo di Ossigeno (O1), lasciando come residuo della molecola di Ossigeno (O2).<\/p>\n<p>Come accade nel gioco &#039;come noci di cocco&#039;, le molecole di Ozono agire rapidamente &#034;mangiare&#034;, o la rimozione di qualsiasi agente patogeno in aria o in acqua. Quando hai finito tutto, \u00e8 allora che si comincia ad apprezzare l&#039;eccesso di Ozono e il suo caratteristico odore. Pertanto, siamo in grado di regolare il generatore di Ozono per il limite destro l&#039;eliminazione dell&#039;eventuale produzione di inquinanti, senza produrre alcun tipo di odore.<\/p>\n<p>\n<\/div><div class=\"bt_bb_separator bt_bb_border_style_none bt_bb_top_spacing_small bt_bb_bottom_spacing_normal\" data-bt-override-class=\"{&quot;bt_bb_top_spacing_&quot;:{&quot;current_class&quot;:&quot;bt_bb_top_spacing_small&quot;,&quot;def&quot;:&quot;small&quot;,&quot;xl&quot;:&quot;small&quot;},&quot;bt_bb_bottom_spacing_&quot;:{&quot;current_class&quot;:&quot;bt_bb_bottom_spacing_normal&quot;,&quot;def&quot;:&quot;normal&quot;,&quot;xl&quot;:&quot;normal&quot;}}\"><\/div><div class=\"bt_bb_image bt_bb_shape_square bt_bb_target_self bt_bb_align_center bt_bb_hover_style_simple bt_bb_content_display_always bt_bb_content_align_middle\" data-bt-override-class=\"{&quot;bt_bb_align_&quot;:{&quot;current_class&quot;:&quot;bt_bb_align_center&quot;,&quot;def&quot;:&quot;center&quot;,&quot;xl&quot;:&quot;center&quot;}}\"><span><img loading=\"lazy\" decoding=\"async\" width=\"454\" height=\"325\" src=\"https:\/\/serviozono.com\/wp-content\/uploads\/2022\/06\/poder-destructivo-del-ozono.jpg\" class=\"attachment-full size-full\" alt=\"https:\/\/serviozono.com\/wp-content\/uploads\/2022\/06\/poder-destructivo-del-ozono.jpg\" data-full_image_src=\"https:\/\/serviozono.com\/wp-content\/uploads\/2022\/06\/poder-destructivo-del-ozono.jpg\" title=\"il potere distruttivo dell&#039;ozono\" srcset=\"https:\/\/serviozono.com\/wp-content\/uploads\/2022\/06\/poder-destructivo-del-ozono.jpg 454w, https:\/\/serviozono.com\/wp-content\/uploads\/2022\/06\/poder-destructivo-del-ozono-320x229.jpg 320w\" sizes=\"auto, (max-width: 454px) 100vw, 454px\" \/><\/span><\/div><div class=\"bt_bb_separator bt_bb_border_style_none bt_bb_top_spacing_small bt_bb_bottom_spacing_normal\" data-bt-override-class=\"{&quot;bt_bb_top_spacing_&quot;:{&quot;current_class&quot;:&quot;bt_bb_top_spacing_small&quot;,&quot;def&quot;:&quot;small&quot;,&quot;xl&quot;:&quot;small&quot;},&quot;bt_bb_bottom_spacing_&quot;:{&quot;current_class&quot;:&quot;bt_bb_bottom_spacing_normal&quot;,&quot;def&quot;:&quot;normal&quot;,&quot;xl&quot;:&quot;normal&quot;}}\"><\/div><\/div><\/div><\/div><\/div><\/div><!-- cell_inner --><\/div><!-- cell --><\/div><!-- port --><\/section><section id=\"bt_bb_section69f64c0598ec4\" class=\"bt_bb_section bt_bb_layout_boxed_1200\"  data-bt-override-class=\"null\"><div class=\"bt_bb_port\"><div class=\"bt_bb_cell\"><div class=\"bt_bb_cell_inner\"><div class=\"bt_bb_row\"  data-bt-override-class=\"{}\"><div class=\"bt_bb_row_holder\" ><div  class=\"bt_bb_column col-xxl-12 col-xl-12 col-xs-12 col-sm-12 col-md-12 col-lg-12 bt_bb_vertical_align_top bt_bb_align_left bt_bb_padding_normal\"  data-width=\"12\" data-bt-override-class=\"{}\"><div class=\"bt_bb_column_content\"><div  class=\"bt_bb_text\" ><\/p>\n<p style=\"text-align: center;\"><strong>Dall&#039;inizio del VENTESIMO secolo \u00e8 stato utilizzato per il trattamento dell&#039;acqua e, successivamente, a purificare l&#039;aria. Usate direttamente sul corpo umano a fini terapeutici (terapia di Ozono). L&#039;ozono, applicate all&#039;ambiente, svolge tre azioni fondamentali:<\/strong><\/p>\n<p>\n<\/div><div class=\"bt_bb_separator bt_bb_border_style_none bt_bb_top_spacing_extra_small bt_bb_bottom_spacing_small\" data-bt-override-class=\"{&quot;bt_bb_top_spacing_&quot;:{&quot;current_class&quot;:&quot;bt_bb_top_spacing_extra_small&quot;,&quot;def&quot;:&quot;extra_small&quot;,&quot;xl&quot;:&quot;extra_small&quot;},&quot;bt_bb_bottom_spacing_&quot;:{&quot;current_class&quot;:&quot;bt_bb_bottom_spacing_small&quot;,&quot;def&quot;:&quot;small&quot;,&quot;xl&quot;:&quot;small&quot;}}\"><\/div><div class=\"bt_bb_accordion bt_bb_color_scheme_4 bt_bb_style_outline bt_bb_shape_square\" style=\"; --accordion-primary-color:#81bc29; --accordion-secondary-color:#ffffff;\"><div class=\"bt_bb_accordion_item\"><div class=\"bt_bb_accordion_item_title\">Azione deodorante di Ozono<\/div><div class=\"bt_bb_accordion_item_content\"><div  class=\"bt_bb_text\" ><\/p>\n<p>Questo \u00e8 facilmente verificabile, \u00e8 molto utile per l&#039;eliminazione di odori sgradevoli.<\/p>\n<p>L&#039;ozono ha la propriet\u00e0 di distruggere, non solo profumi, ma direttamente la causa che li produce, senza l&#039;aggiunta di alcun componente chimico e senza maschera, creando un ambiente pi\u00f9 fresco e piacevole, come si verifica dopo la pioggia.<\/p>\n<p>Inoltre, la sostanza organica in sospensione, soprattutto in ambienti chiusi, la causa degli odori sono diversi micro-organismi prodotta dal sudore, l&#039;umidit\u00e0, tabacchi, alimentari, ecc.... cos\u00ec, da una parte, distrugge la materia organica da parte di ozono lisi e, dall&#039;altro, attaccando i microbi che si nutrono di esso.<\/p>\n<p>\n<\/div><\/div><\/div><\/div><div class=\"bt_bb_accordion bt_bb_color_scheme_4 bt_bb_style_outline bt_bb_shape_square\" style=\"; --accordion-primary-color:#81bc29; --accordion-secondary-color:#ffffff;\"><div class=\"bt_bb_accordion_item\"><div class=\"bt_bb_accordion_item_title\">Azione microbicida Ozono<\/div><div class=\"bt_bb_accordion_item_content\"><div  class=\"bt_bb_text\" ><\/p>\n<p>L&#039;azione microbicida o germicida \u00e8 la propriet\u00e0 pi\u00f9 importante dell&#039;Ozono e il pi\u00f9 applicazioni sono da attribuire a lui.<\/p>\n<p>L&#039;ozono pu\u00f2 essere considerato come l&#039;agente microbicida pi\u00f9 veloce ed efficiente \u00e8 noto, eliminando anche la micro-organismi che non sono suscettibili di disinfezione con il cloro. Pertanto, agisce su un ampio spettro germicida, che comprende l&#039;eliminazione di:<\/p>\n<ul>\n<li>Batteri (effetto Battericida)<\/li>\n<li>Virus (effetto Viricida)<\/li>\n<li>Funghi (effetto Fungicida)<\/li>\n<li>Spore (effetto Sporicida)<\/li>\n<li>Protozoi (effetto Protozoo)<\/li>\n<\/ul>\n<p>\n<\/div><\/div><\/div><\/div><div class=\"bt_bb_accordion bt_bb_color_scheme_4 bt_bb_style_outline bt_bb_shape_square\" style=\"; --accordion-primary-color:#81bc29; --accordion-secondary-color:#ffffff;\"><div class=\"bt_bb_accordion_item\"><div class=\"bt_bb_accordion_item_title\">Azione sgrassante Ozono<\/div><div class=\"bt_bb_accordion_item_content\"><div  class=\"bt_bb_text\" ><\/p>\n<p>Ozono (O3), per essere altamente instabili di ossigeno (O2), tende a perdere rapidamente l&#039;atomo extra, qualcosa che ti fa sconvolgente, le particelle di sporco, esercitando un effetto di sbiancamento in tessuti e contribuendo, in parte, per ridurre la necessit\u00e0 di utilizzare prodotti chimici e di acqua calda (40 \u00b0 C l&#039;Ozono si decompone pi\u00f9 rapidamente). Per essere in grado di utilizzare acqua fredda per pulire, si \u00e8 capito che riduce drasticamente il consumo di energia e ridurre l&#039;uso di sostanze chimiche, protezione del immediato per la salute e per l&#039;ambiente.<\/p>\n<p>\n<\/div><\/div><\/div><\/div><div class=\"bt_bb_separator bt_bb_border_style_none bt_bb_top_spacing_small bt_bb_bottom_spacing_normal\" data-bt-override-class=\"{&quot;bt_bb_top_spacing_&quot;:{&quot;current_class&quot;:&quot;bt_bb_top_spacing_small&quot;,&quot;def&quot;:&quot;small&quot;,&quot;xl&quot;:&quot;small&quot;},&quot;bt_bb_bottom_spacing_&quot;:{&quot;current_class&quot;:&quot;bt_bb_bottom_spacing_normal&quot;,&quot;def&quot;:&quot;normal&quot;,&quot;xl&quot;:&quot;normal&quot;}}\"><\/div><\/div><\/div><\/div><\/div><\/div><!-- cell_inner --><\/div><!-- cell --><\/div><!-- port --><\/section><\/p>","protected":false},"excerpt":{"rendered":"","protected":false},"author":1,"featured_media":0,"parent":0,"menu_order":0,"comment_status":"closed","ping_status":"closed","template":"","meta":{"footnotes":""},"class_list":["post-1584","page","type-page","status-publish","hentry"],"_links":{"self":[{"href":"https:\/\/serviozono.com\/it\/wp-json\/wp\/v2\/pages\/1584","targetHints":{"allow":["GET"]}}],"collection":[{"href":"https:\/\/serviozono.com\/it\/wp-json\/wp\/v2\/pages"}],"about":[{"href":"https:\/\/serviozono.com\/it\/wp-json\/wp\/v2\/types\/page"}],"author":[{"embeddable":true,"href":"https:\/\/serviozono.com\/it\/wp-json\/wp\/v2\/users\/1"}],"replies":[{"embeddable":true,"href":"https:\/\/serviozono.com\/it\/wp-json\/wp\/v2\/comments?post=1584"}],"version-history":[{"count":69,"href":"https:\/\/serviozono.com\/it\/wp-json\/wp\/v2\/pages\/1584\/revisions"}],"predecessor-version":[{"id":2978,"href":"https:\/\/serviozono.com\/it\/wp-json\/wp\/v2\/pages\/1584\/revisions\/2978"}],"wp:attachment":[{"href":"https:\/\/serviozono.com\/it\/wp-json\/wp\/v2\/media?parent=1584"}],"curies":[{"name":"wp","href":"https:\/\/api.w.org\/{rel}","templated":true}]}}