{"id":2928,"date":"2024-06-11T10:10:48","date_gmt":"2024-06-11T10:10:48","guid":{"rendered":"https:\/\/serviozono.com\/?page_id=2928"},"modified":"2024-06-11T16:40:36","modified_gmt":"2024-06-11T16:40:36","slug":"tecnologia-para-tratar-la-cal","status":"publish","type":"page","link":"https:\/\/serviozono.com\/it\/tecnologia-para-tratar-la-cal\/","title":{"rendered":"La tecnologia per il trattamento di cal"},"content":{"rendered":"<p><section data-bb-version=\"4.9.8\" id=\"bt_bb_section69f638789c0be\" class=\"bt_bb_section bt_bb_layout_boxed_1200 bt_bb_vertical_align_top bt_bb_top_spacing_medium bt_bb_bottom_spacing_small\"  data-bt-override-class=\"{&quot;bt_bb_top_spacing_&quot;:{&quot;current_class&quot;:&quot;bt_bb_top_spacing_medium&quot;,&quot;def&quot;:&quot;medium&quot;},&quot;bt_bb_bottom_spacing_&quot;:{&quot;current_class&quot;:&quot;bt_bb_bottom_spacing_small&quot;,&quot;def&quot;:&quot;small&quot;}}\"><div class=\"bt_bb_port\"><div class=\"bt_bb_cell\"><div class=\"bt_bb_cell_inner\"><div class=\"bt_bb_row\"  data-bt-override-class=\"{}\"><div class=\"bt_bb_row_holder\" ><div  class=\"bt_bb_column col-xxl-12 col-xl-12 col-xs-12 col-sm-12 col-md-12 col-lg-12 bt_bb_vertical_align_top bt_bb_align_left bt_bb_padding_normal\"  data-width=\"12\" data-bt-override-class=\"{}\"><div class=\"bt_bb_column_content\"><div  class=\"bt_bb_text\" ><\/p>\n<h1 class=\"elementor-heading-title elementor-size-default\" style=\"text-align: center;\">La tecnologia dell&#039;Inibitore<\/h1>\n<div class=\"elementor-element elementor-element-49082220 elementor-widget elementor-widget-heading\" data-id=\"49082220\" data-element_type=\"widget\" data-widget_type=\"heading.default\">\n<div class=\"elementor-widget-container\"><\/div>\n<\/div>\n<div class=\"elementor-element elementor-element-84649e6 elementor-widget elementor-widget-text-editor\" data-id=\"84649e6\" data-element_type=\"widget\" data-widget_type=\"text-editor.default\">\n<div class=\"elementor-widget-container\">\n<p><strong>Una soluzione ecologica e innovativa<\/strong> per il condizionamento e il trattamento dell&#039;acqua:\u00a0<strong>AQUAfree\u00a0<\/strong>inibisce l&#039;accumulo di calcare, ruggine e corrosione, riducendo al minimo i costi di manutenzione, la manutenzione e l&#039;uso di prodotti chimici.<\/p>\n<p>L&#039;Inibitore AQUAfree account con una tecnologia testata e certificata per l&#039;\u00a0<strong>condizionata di acqua<\/strong>\u00a0idraulico in reti, circuiti di riscaldamento, elettrodomestici, acqua calda, elettrodomestici, attrezzature e processi.<\/p>\n<p>La tecnologia elettrostatica di AQUAfree progettato per uso residenziale, commerciale e industriale\u00a0<strong>esso funziona in modo efficace ed efficiente<\/strong>\u00a0senza l&#039;utilizzo di sostanze chimiche nocive, o di energia elettrica. Gli anodi di zinco e i materiali utilizzati nella sua struttura, in aggiunta alle condizioni idrodinamiche che si verificano durante il suo funzionamento, la forza e la precipitazione dei carbonati di calcio e magnesio in forma di cristalli di sicurezza con propriet\u00e0 di non sporcare, o aderenti.<\/p>\n<p>Questo processo\u00a0<strong>previene la formazione di depositi di calcare e corrosione<\/strong>\u00a0ottenere in oltre a questo, l&#039;acqua \u00e8 gi\u00e0 trattati, andare per assorbire e trascinando il suo passaggio di scala di cui sopra, che abbiamo avuto nella nostra tubi, le superfici e gli elementi interni della nostra rete di distribuzione dell&#039;acqua.<\/p>\n<\/div>\n<\/div>\n<p>\n<\/div><\/div><\/div><\/div><\/div><\/div><!-- cell_inner --><\/div><!-- cell --><\/div><!-- port --><\/section><section data-bb-version=\"4.9.8\" id=\"bt_bb_section69f638789c48d\" class=\"bt_bb_section bt_bb_layout_boxed_1200 bt_bb_vertical_align_top bt_bb_top_spacing_none bt_bb_bottom_spacing_none\"  data-bt-override-class=\"{&quot;bt_bb_top_spacing_&quot;:{&quot;current_class&quot;:&quot;bt_bb_top_spacing_none&quot;,&quot;def&quot;:&quot;none&quot;},&quot;bt_bb_bottom_spacing_&quot;:{&quot;current_class&quot;:&quot;bt_bb_bottom_spacing_none&quot;,&quot;def&quot;:&quot;none&quot;}}\"><div class=\"bt_bb_port\"><div class=\"bt_bb_cell\"><div class=\"bt_bb_cell_inner\"><div class=\"bt_bb_row\"  data-bt-override-class=\"{}\"><div class=\"bt_bb_row_holder\" ><div  class=\"bt_bb_column col-xxl-12 col-xl-12 col-xs-12 col-sm-12 col-md-12 col-lg-12 bt_bb_vertical_align_top bt_bb_align_left bt_bb_padding_normal\"  data-width=\"12\" data-bt-override-class=\"{}\"><div class=\"bt_bb_column_content\"><div  class=\"bt_bb_text\" ><\/p>\n<h3 class=\"elementor-heading-title elementor-size-default\">Come fa l&#039;Inibitore di cal ?<\/h3>\n<div class=\"elementor-element elementor-element-49082220 elementor-widget elementor-widget-heading\" data-id=\"49082220\" data-element_type=\"widget\" data-widget_type=\"heading.default\">\n<div class=\"elementor-widget-container\">\n<p class=\"elementor-heading-title elementor-size-default\"><strong>L&#039;addolcitore AQUAfree inibisce la formazione di depositi di calcare e cambia il cristallo responsabile per gli intarsi<\/strong><br \/>\nIl funzionamento dell&#039;addolcitore AQUAfree comporta la dissoluzione dello Zinco in acqua, in quantit\u00e0 molto piccole e senza compromettere la potabilit\u00e0. In questo modo si ottengono due effetti sull&#039;acqua:<\/p>\n<\/div>\n<\/div>\n<div class=\"elementor-element elementor-element-84649e6 elementor-widget elementor-widget-text-editor\" data-id=\"84649e6\" data-element_type=\"widget\" data-widget_type=\"text-editor.default\">\n<div class=\"elementor-widget-container\">\n<ul>\n<li>Il primo \u00e8 il blocco o\u00a0<strong>inibizione tra il 20% e il 30 % del numero totale di cal, che pu\u00f2 essere formato in acqua.<\/strong><\/li>\n<li>Il secondo effetto \u00e8 che nel resto della calce, che \u00e8 ancora in formazione,\u00a0<strong>dal momento che non avremo una roccia<\/strong>\u00a0che \u00e8 destinato a crescere su tutti i lati e non a crescere, se non che ci sar\u00e0 una sorta di\u00a0<strong>polvere<\/strong>\u00a0che viene trascinato dalla corrente dell&#039;acqua. Vale a dire, ci\u00f2 che \u00e8 accaduto \u00e8 un\u00a0<strong>trasformazione dei cristalli di calcite<\/strong>\u00a0(cubi e attenersi a tutte)\u00a0<strong>in altre aragonite<\/strong>\u00a0(di forma allungata e friabile).<\/li>\n<\/ul>\n<div class=\"elementor-element elementor-element-951dea7 elementor-widget elementor-widget-text-editor\" data-id=\"951dea7\" data-element_type=\"widget\" data-widget_type=\"text-editor.default\">\n<div class=\"elementor-widget-container\">\n<p>L&#039;addolcitore d&#039;acqua<strong>\u00a0AQUAfree<\/strong>\u00a0<strong>elimina l&#039;uso di sali<\/strong>\u00a0protezione di strutture contro i depositi di calcare, ruggine e corrosione.AQUAfree \u00e8 un efficace sistema per il trattamento dell&#039;acqua ad uso residenziale, commerciale e industriale, senza aggiunta di sale o sostanze chimiche nocive\u00a0<span class=\"tlid-translation translation\" lang=\"es\"><span class=\"\" title=\"\">quindi \u00e8 pi\u00f9 sicuro, meno costoso e pi\u00f9 ecologico dei sistemi di trattamento convenzionale.<\/span><\/span><\/p>\n<\/div>\n<\/div>\n<div class=\"elementor-element elementor-element-9a50d73 elementor-widget elementor-widget-text-editor\" data-id=\"9a50d73\" data-element_type=\"widget\" data-widget_type=\"text-editor.default\">\n<div class=\"elementor-widget-container\">\n<p>L&#039;addolcitore d&#039;acqua\u00a0<strong>AQUAfree la manutenzione: installare e dimenticare.<\/strong>\u00a0Esso \u00e8 costituito da un corpo esterno in Rame e uno interno di Zinco. Il design di AQUAfree \u00e8 destinato a fare il Zinco\u00a0<strong>e &#039; dura per circa 15 a 20 anni<\/strong>\u00a0(dipende dall&#039;uso e la durezza della stessa), al termine del quale si potrebbe pensare di mettere una nuova unit\u00e0.<\/p>\n<\/div>\n<\/div>\n<p>&nbsp;<\/p>\n<\/div>\n<\/div>\n<p>\n<\/div><\/div><\/div><\/div><\/div><\/div><!-- cell_inner --><\/div><!-- cell --><\/div><!-- port --><\/section><section data-bb-version=\"4.9.8\" id=\"bt_bb_section69f638789c7de\" class=\"bt_bb_section bt_bb_layout_boxed_1200 bt_bb_vertical_align_top bt_bb_top_spacing_none bt_bb_bottom_spacing_none\"  data-bt-override-class=\"{&quot;bt_bb_top_spacing_&quot;:{&quot;current_class&quot;:&quot;bt_bb_top_spacing_none&quot;,&quot;def&quot;:&quot;none&quot;},&quot;bt_bb_bottom_spacing_&quot;:{&quot;current_class&quot;:&quot;bt_bb_bottom_spacing_none&quot;,&quot;def&quot;:&quot;none&quot;}}\"><div class=\"bt_bb_port\"><div class=\"bt_bb_cell\"><div class=\"bt_bb_cell_inner\"><div class=\"bt_bb_row\"  data-bt-override-class=\"{}\"><div class=\"bt_bb_row_holder\" ><div  class=\"bt_bb_column col-xxl-12 col-xl-12 col-xs-12 col-sm-12 col-md-12 col-lg-12 bt_bb_vertical_align_top bt_bb_align_left bt_bb_padding_normal\"  data-width=\"12\" data-bt-override-class=\"{}\"><div class=\"bt_bb_column_content\"><div  class=\"bt_bb_text\" ><\/p>\n<h3 class=\"elementor-heading-title elementor-size-default\">Come agisce nei tubi ?<\/h3>\n<div class=\"elementor-element elementor-element-49082220 elementor-widget elementor-widget-heading\" data-id=\"49082220\" data-element_type=\"widget\" data-widget_type=\"heading.default\">\n<div class=\"elementor-widget-container\"><\/div>\n<\/div>\n<div class=\"elementor-element elementor-element-84649e6 elementor-widget elementor-widget-text-editor\" data-id=\"84649e6\" data-element_type=\"widget\" data-widget_type=\"text-editor.default\">\n<div class=\"elementor-widget-container\">\n<div>\n<p><strong>Nel nuovo tubi\u00a0<\/strong><\/p>\n<p>Il primo passaggio di acqua per formare un sottile strato di Idrossido di Zinco, in modo che i cristalli di aragonite sono licenziati per la loro mancanza di aderenza e la resistenza della corrente.<\/p>\n<\/div>\n<div>\n<p><strong>Tubo con intarsi esistenti\u00a0<\/strong><\/p>\n<p>Esso genera una pulizia progressivo \u201ctaglio di capelli\u201d di aragonite. A seconda dello spessore e la durezza pu\u00f2 raggiungere la totale dissoluzione. Tutto questo accade nei primi sei mesi e poi il diametro del tubo stabilizzato.<\/p>\n<\/div>\n<p>&nbsp;<\/p>\n<\/div>\n<\/div>\n<p>\n<\/div><\/div><\/div><\/div><\/div><\/div><!-- cell_inner --><\/div><!-- cell --><\/div><!-- port --><\/section><section id=\"bt_bb_section69f638789c989\" class=\"bt_bb_section bt_bb_layout_boxed_1200\"  data-bt-override-class=\"null\"><div class=\"bt_bb_port\"><div class=\"bt_bb_cell\"><div class=\"bt_bb_cell_inner\"><div class=\"bt_bb_row\"  data-bt-override-class=\"{}\"><div class=\"bt_bb_row_holder\" ><div  class=\"bt_bb_column col-xxl-12 col-xl-12 col-xs-12 col-sm-12 col-md-12 col-lg-12 bt_bb_vertical_align_top bt_bb_align_left bt_bb_padding_normal\"  data-width=\"12\" data-bt-override-class=\"{}\"><div class=\"bt_bb_column_content\"><div data-bb-version=\"4.9.8\" class=\"bt_bb_image bt_bb_shape_square bt_bb_target_self bt_bb_align_inherit bt_bb_hover_style_simple bt_bb_content_display_always bt_bb_content_align_middle\" data-bt-override-class=\"{&quot;bt_bb_align_&quot;:{&quot;current_class&quot;:&quot;bt_bb_align_inherit&quot;,&quot;def&quot;:&quot;inherit&quot;},&quot;bt_bb_content_display_&quot;:{&quot;current_class&quot;:&quot;bt_bb_content_display_always&quot;,&quot;def&quot;:&quot;always&quot;}}\"><span><img loading=\"lazy\" decoding=\"async\" width=\"1536\" height=\"313\" src=\"https:\/\/serviozono.com\/wp-content\/uploads\/2024\/06\/aragonita10-1536x313-1.jpg\" class=\"attachment-full size-full\" alt=\"https:\/\/serviozono.com\/wp-content\/uploads\/2024\/06\/aragonita10-1536x313-1.jpg\" data-full_image_src=\"https:\/\/serviozono.com\/wp-content\/uploads\/2024\/06\/aragonita10-1536x313-1.jpg\" title=\"aragonita10-1536x313\" srcset=\"https:\/\/serviozono.com\/wp-content\/uploads\/2024\/06\/aragonita10-1536x313-1.jpg 1536w, https:\/\/serviozono.com\/wp-content\/uploads\/2024\/06\/aragonita10-1536x313-1-640x130.jpg 640w, https:\/\/serviozono.com\/wp-content\/uploads\/2024\/06\/aragonita10-1536x313-1-1280x261.jpg 1280w, https:\/\/serviozono.com\/wp-content\/uploads\/2024\/06\/aragonita10-1536x313-1-768x157.jpg 768w, https:\/\/serviozono.com\/wp-content\/uploads\/2024\/06\/aragonita10-1536x313-1-18x4.jpg 18w, https:\/\/serviozono.com\/wp-content\/uploads\/2024\/06\/aragonita10-1536x313-1-320x65.jpg 320w, https:\/\/serviozono.com\/wp-content\/uploads\/2024\/06\/aragonita10-1536x313-1-600x122.jpg 600w\" sizes=\"auto, (max-width: 1536px) 100vw, 1536px\" \/><\/span><\/div><\/div><\/div><\/div><\/div><\/div><!-- cell_inner --><\/div><!-- cell --><\/div><!-- port --><\/section><section id=\"bt_bb_section69f638789cd2d\" class=\"bt_bb_section bt_bb_layout_boxed_1200\"  data-bt-override-class=\"null\"><div class=\"bt_bb_port\"><div class=\"bt_bb_cell\"><div class=\"bt_bb_cell_inner\"><div class=\"bt_bb_row\"  data-bt-override-class=\"{}\"><div class=\"bt_bb_row_holder\" ><div  class=\"bt_bb_column col-xxl-12 col-xl-12 col-xs-12 col-sm-12 col-md-12 col-lg-12 bt_bb_vertical_align_top bt_bb_align_left bt_bb_padding_normal\"  data-width=\"12\" data-bt-override-class=\"{}\"><div class=\"bt_bb_column_content\"><div class=\"bt_bb_separator bt_bb_border_style_none bt_bb_top_spacing_small bt_bb_bottom_spacing_normal\" data-bt-override-class=\"{&quot;bt_bb_top_spacing_&quot;:{&quot;current_class&quot;:&quot;bt_bb_top_spacing_small&quot;,&quot;def&quot;:&quot;small&quot;,&quot;xl&quot;:&quot;small&quot;},&quot;bt_bb_bottom_spacing_&quot;:{&quot;current_class&quot;:&quot;bt_bb_bottom_spacing_normal&quot;,&quot;def&quot;:&quot;normal&quot;,&quot;xl&quot;:&quot;normal&quot;}}\"><\/div><\/div><\/div><\/div><\/div><\/div><!-- cell_inner --><\/div><!-- cell --><\/div><!-- port --><\/section><section id=\"bt_bb_section69f638789ce3e\" class=\"bt_bb_section bt_bb_layout_boxed_1200\"  data-bt-override-class=\"null\"><div class=\"bt_bb_port\"><div class=\"bt_bb_cell\"><div class=\"bt_bb_cell_inner\"><div class=\"bt_bb_row\"  data-bt-override-class=\"{}\"><div class=\"bt_bb_row_holder\" ><div  class=\"bt_bb_column col-xxl-12 col-xl-12 col-xs-12 col-sm-12 col-md-12 col-lg-12 bt_bb_vertical_align_top bt_bb_align_left bt_bb_padding_normal\"  data-width=\"12\" data-bt-override-class=\"{}\"><div class=\"bt_bb_column_content\"><div data-bb-version=\"4.9.8\" class=\"bt_bb_image bt_bb_shape_square bt_bb_target_self bt_bb_align_inherit bt_bb_hover_style_simple bt_bb_content_display_always bt_bb_content_align_middle\" data-bt-override-class=\"{&quot;bt_bb_align_&quot;:{&quot;current_class&quot;:&quot;bt_bb_align_inherit&quot;,&quot;def&quot;:&quot;inherit&quot;},&quot;bt_bb_content_display_&quot;:{&quot;current_class&quot;:&quot;bt_bb_content_display_always&quot;,&quot;def&quot;:&quot;always&quot;}}\"><span><img loading=\"lazy\" decoding=\"async\" width=\"1024\" height=\"508\" src=\"https:\/\/serviozono.com\/wp-content\/uploads\/2024\/06\/aqua10.jpg\" class=\"attachment-full size-full\" alt=\"https:\/\/serviozono.com\/wp-content\/uploads\/2024\/06\/aqua10.jpg\" data-full_image_src=\"https:\/\/serviozono.com\/wp-content\/uploads\/2024\/06\/aqua10.jpg\" title=\"aqua10\" srcset=\"https:\/\/serviozono.com\/wp-content\/uploads\/2024\/06\/aqua10.jpg 1024w, https:\/\/serviozono.com\/wp-content\/uploads\/2024\/06\/aqua10-640x318.jpg 640w, https:\/\/serviozono.com\/wp-content\/uploads\/2024\/06\/aqua10-768x381.jpg 768w, https:\/\/serviozono.com\/wp-content\/uploads\/2024\/06\/aqua10-18x9.jpg 18w, https:\/\/serviozono.com\/wp-content\/uploads\/2024\/06\/aqua10-320x159.jpg 320w, https:\/\/serviozono.com\/wp-content\/uploads\/2024\/06\/aqua10-600x298.jpg 600w\" sizes=\"auto, (max-width: 1024px) 100vw, 1024px\" \/><\/span><\/div><\/div><\/div><\/div><\/div><\/div><!-- cell_inner --><\/div><!-- cell --><\/div><!-- port --><\/section><section id=\"bt_bb_section69f638789d103\" class=\"bt_bb_section bt_bb_layout_boxed_1200\"  data-bt-override-class=\"null\"><div class=\"bt_bb_port\"><div class=\"bt_bb_cell\"><div class=\"bt_bb_cell_inner\"><div class=\"bt_bb_row\"  data-bt-override-class=\"{}\"><div class=\"bt_bb_row_holder\" ><div  class=\"bt_bb_column col-xxl-12 col-xl-12 col-xs-12 col-sm-12 col-md-12 col-lg-12 bt_bb_vertical_align_top bt_bb_align_left bt_bb_padding_normal\"  data-width=\"12\" data-bt-override-class=\"{}\"><div class=\"bt_bb_column_content\"><div class=\"bt_bb_separator bt_bb_border_style_none bt_bb_top_spacing_small bt_bb_bottom_spacing_normal\" data-bt-override-class=\"{&quot;bt_bb_top_spacing_&quot;:{&quot;current_class&quot;:&quot;bt_bb_top_spacing_small&quot;,&quot;def&quot;:&quot;small&quot;,&quot;xl&quot;:&quot;small&quot;},&quot;bt_bb_bottom_spacing_&quot;:{&quot;current_class&quot;:&quot;bt_bb_bottom_spacing_normal&quot;,&quot;def&quot;:&quot;normal&quot;,&quot;xl&quot;:&quot;normal&quot;}}\"><\/div><\/div><\/div><\/div><\/div><\/div><!-- cell_inner --><\/div><!-- cell --><\/div><!-- port --><\/section><\/p>","protected":false},"excerpt":{"rendered":"","protected":false},"author":3,"featured_media":0,"parent":0,"menu_order":0,"comment_status":"closed","ping_status":"closed","template":"","meta":{"footnotes":""},"class_list":["post-2928","page","type-page","status-publish","hentry"],"_links":{"self":[{"href":"https:\/\/serviozono.com\/it\/wp-json\/wp\/v2\/pages\/2928","targetHints":{"allow":["GET"]}}],"collection":[{"href":"https:\/\/serviozono.com\/it\/wp-json\/wp\/v2\/pages"}],"about":[{"href":"https:\/\/serviozono.com\/it\/wp-json\/wp\/v2\/types\/page"}],"author":[{"embeddable":true,"href":"https:\/\/serviozono.com\/it\/wp-json\/wp\/v2\/users\/3"}],"replies":[{"embeddable":true,"href":"https:\/\/serviozono.com\/it\/wp-json\/wp\/v2\/comments?post=2928"}],"version-history":[{"count":30,"href":"https:\/\/serviozono.com\/it\/wp-json\/wp\/v2\/pages\/2928\/revisions"}],"predecessor-version":[{"id":2982,"href":"https:\/\/serviozono.com\/it\/wp-json\/wp\/v2\/pages\/2928\/revisions\/2982"}],"wp:attachment":[{"href":"https:\/\/serviozono.com\/it\/wp-json\/wp\/v2\/media?parent=2928"}],"curies":[{"name":"wp","href":"https:\/\/api.w.org\/{rel}","templated":true}]}}