{"id":3003,"date":"2024-07-02T10:03:18","date_gmt":"2024-07-02T10:03:18","guid":{"rendered":"https:\/\/serviozono.com\/?page_id=3003"},"modified":"2024-07-02T10:19:20","modified_gmt":"2024-07-02T10:19:20","slug":"ventajas-de-nuestros-canones-portatiles","status":"publish","type":"page","link":"https:\/\/serviozono.com\/it\/ventajas-de-nuestros-canones-portatiles\/","title":{"rendered":"Vantaggi dei nostri canyon portatili"},"content":{"rendered":"<section id=\"bt_bb_section69f15e886a0fd\" class=\"bt_bb_section bt_bb_layout_boxed_1200 bt_bb_vertical_align_top bt_bb_top_spacing_small bt_bb_bottom_spacing_medium\"  data-bt-override-class=\"{&quot;bt_bb_top_spacing_&quot;:{&quot;current_class&quot;:&quot;bt_bb_top_spacing_small&quot;,&quot;def&quot;:&quot;small&quot;,&quot;xl&quot;:&quot;small&quot;},&quot;bt_bb_bottom_spacing_&quot;:{&quot;current_class&quot;:&quot;bt_bb_bottom_spacing_medium&quot;,&quot;def&quot;:&quot;medium&quot;,&quot;xl&quot;:&quot;medium&quot;}}\"><div class=\"bt_bb_port\"><div class=\"bt_bb_cell\"><div class=\"bt_bb_cell_inner\"><div class=\"bt_bb_row\"  data-bt-override-class=\"{}\"><div class=\"bt_bb_row_holder\" ><div  class=\"bt_bb_column col-xxl-12 col-xl-12 col-xs-12 col-sm-12 col-md-12 col-lg-12 bt_bb_vertical_align_top bt_bb_align_left bt_bb_padding_normal\"  data-width=\"12\" data-bt-override-class=\"{}\"><div class=\"bt_bb_column_content\"><div data-bb-version=\"4.9.8\" class=\"bt_bb_separator bt_bb_border_style_none bt_bb_top_spacing_normal bt_bb_bottom_spacing_extra_small\" data-bt-override-class=\"{&quot;bt_bb_top_spacing_&quot;:{&quot;current_class&quot;:&quot;bt_bb_top_spacing_normal&quot;,&quot;def&quot;:&quot;normal&quot;},&quot;bt_bb_bottom_spacing_&quot;:{&quot;current_class&quot;:&quot;bt_bb_bottom_spacing_extra_small&quot;,&quot;def&quot;:&quot;extra_small&quot;}}\"><\/div><div  class=\"bt_bb_text\" ><\/p>\n<h1 style=\"text-align: center;\">CANYON PORTATILE TOP DI OZONO<\/h1>\n<p>&nbsp;<\/p>\n<p><img loading=\"lazy\" decoding=\"async\" class=\"wp-image-1740 aligncenter\" src=\"https:\/\/serviozono.com\/wp-content\/uploads\/2022\/06\/P-ECO-4000V-min-640x507.jpg\" alt=\"\" width=\"311\" height=\"246\" srcset=\"https:\/\/serviozono.com\/wp-content\/uploads\/2022\/06\/P-ECO-4000V-min-640x507.jpg 640w, https:\/\/serviozono.com\/wp-content\/uploads\/2022\/06\/P-ECO-4000V-min-600x475.jpg 600w, https:\/\/serviozono.com\/wp-content\/uploads\/2022\/06\/P-ECO-4000V-min-768x608.jpg 768w, https:\/\/serviozono.com\/wp-content\/uploads\/2022\/06\/P-ECO-4000V-min-320x253.jpg 320w, https:\/\/serviozono.com\/wp-content\/uploads\/2022\/06\/P-ECO-4000V-min.jpg 866w\" sizes=\"auto, (max-width: 311px) 100vw, 311px\" \/><\/p>\n<p>&nbsp;<\/p>\n<p style=\"text-align: center;\">\u00a0 \u00a0 \u00a0 \u00a0 \u00a0 \u00a0 \u00a0 \u00a0Modello P-ECO-4000-V<\/p>\n<p>&nbsp;<\/p>\n<p><img loading=\"lazy\" decoding=\"async\" class=\"wp-image-1158 alignleft\" src=\"https:\/\/serviozono.com\/wp-content\/uploads\/2022\/06\/P8000T-w.png\" alt=\"\" width=\"390\" height=\"322\" srcset=\"https:\/\/serviozono.com\/wp-content\/uploads\/2022\/06\/P8000T-w.png 480w, https:\/\/serviozono.com\/wp-content\/uploads\/2022\/06\/P8000T-w-320x264.png 320w\" sizes=\"auto, (max-width: 390px) 100vw, 390px\" \/><img loading=\"lazy\" decoding=\"async\" class=\"wp-image-1159 alignright\" src=\"https:\/\/serviozono.com\/wp-content\/uploads\/2022\/06\/P8000T-back-w-min.png\" alt=\"\" width=\"370\" height=\"311\" srcset=\"https:\/\/serviozono.com\/wp-content\/uploads\/2022\/06\/P8000T-back-w-min.png 480w, https:\/\/serviozono.com\/wp-content\/uploads\/2022\/06\/P8000T-back-w-min-320x269.png 320w\" sizes=\"auto, (max-width: 370px) 100vw, 370px\" \/><\/p>\n<p>&nbsp;<\/p>\n<p>&nbsp;<\/p>\n<p>&nbsp;<\/p>\n<p>&nbsp;<\/p>\n<p>&nbsp;<\/p>\n<p>&nbsp;<\/p>\n<p>&nbsp;<\/p>\n<p>&nbsp;<\/p>\n<p>&nbsp;<\/p>\n<p style=\"text-align: left;\">\u00a0 \u00a0 \u00a0 \u00a0 \u00a0 \u00a0 \u00a0 \u00a0 \u00a0 \u00a0 \u00a0 \u00a0 \u00a0 \u00a0 \u00a0 \u00a0 \u00a0 \u00a0 \u00a0 \u00a0 \u00a0 \u00a0 \u00a0 \u00a0 \u00a0 \u00a0 \u00a0 \u00a0 \u00a0 \u00a0 \u00a0 \u00a0 \u00a0 \u00a0 \u00a0 \u00a0 \u00a0 \u00a0 \u00a0 \u00a0 \u00a0 \u00a0 \u00a0 \u00a0 \u00a0 \u00a0 \u00a0 Modello P-8000-T Modello P-16000-T<\/p>\n<p>&nbsp;<\/p>\n<h3>Obsolescenza programmata<\/h3>\n<p>Il cuore dei modelli P-ECO-4000-V, P-8000-T e P-16000-T monta reattori in acciaio inox, estendendo la sua vita quasi all&#039;infinito. Le altre marche che uso pi\u00f9 spesso \u00e8 reattori prodotto con piastre in ceramica (argilla o fango \u00e8 la sua materia prima e le particelle di alluminio che compongono reagire con l&#039;Ozono, il rilascio di ossido di alluminio,<\/p>\n<p>degradano rapidamente). In un primo tempo, i piatti di ceramica offrono una buona produzione di Ozono, ma in breve, esso sar\u00e0 drasticamente ridotto e le lampade sono difficili da superare quei 200 ore di vita utile in modo efficace. Commerciale assicurato fino a 2000 ore di vita di difenderlo, perch\u00e9 questi generatori non hanno una conta<\/p>\n<p>fornitori di ore, basando il loro funzionamento in continuo la sostituzione dei componenti, e non in una sua corretta manutenzione.<\/p>\n<p>&nbsp;<\/p>\n<p><img loading=\"lazy\" decoding=\"async\" class=\"wp-image-3004 aligncenter\" src=\"https:\/\/serviozono.com\/wp-content\/uploads\/2024\/07\/Obsolescencia-640x550.png\" alt=\"\" width=\"401\" height=\"344\" srcset=\"https:\/\/serviozono.com\/wp-content\/uploads\/2024\/07\/Obsolescencia-640x550.png 640w, https:\/\/serviozono.com\/wp-content\/uploads\/2024\/07\/Obsolescencia-14x12.png 14w, https:\/\/serviozono.com\/wp-content\/uploads\/2024\/07\/Obsolescencia-320x275.png 320w, https:\/\/serviozono.com\/wp-content\/uploads\/2024\/07\/Obsolescencia-600x515.png 600w, https:\/\/serviozono.com\/wp-content\/uploads\/2024\/07\/Obsolescencia.png 724w\" sizes=\"auto, (max-width: 401px) 100vw, 401px\" \/><\/p>\n<h5><\/h5>\n<h3>Nocivi reattori in Ceramica<\/h3>\n<p>L&#039;ossido di alluminio (Al2O3), comunemente noto come allumina, insieme con la silice sono i componenti pi\u00f9 importanti nella costituzione delle argille. L&#039;allumina \u00e8 spesso usato come una ceramica di ingegneria a causa della sua alta-prestazioni combinato con un prezzo molto conveniente. Si potrebbe dire che \u00e8 uno dei materiali ceramici sono pi\u00f9 costo-efficace, cos\u00ec da essere una delle pi\u00f9 utilizzate.<br \/>\nL&#039;alluminio \u00e8 un metallo pesante altamente tossico per il corpo, quindi se si respira, come in caso di ingestione, come se si entra in contatto attraverso la pelle. Possono verificarsi danni degenerativi dei tessuti e, come \u00e8 facilmente accumulato nel cervello, limitando la trasmissione elettrica tra i neuroni, attribuendo essere la causa di disturbi mentali come il morbo di Alzheimer.<br \/>\nL&#039;alluminio che rende i piatti di ceramica \u00e8 rapidamente degradata a contatto con l&#039;Ozono, essendo molto pericoloso per la salute di utilizzare aria ozonizzata generato reattori con ceramica. TOP OZONO \u00e8 libero di alluminio, perch\u00e9 non utilizzare reattori in ceramica per generatori, ma sono realizzati in acciaio inox con Vetro Borosilicato. In questo modo, questi reattori non peggiorare la salute quando si \u00e8 respirato o a contatto con l&#039;Ozono generato in maniera del tutto sano.<\/p>\n<p>&nbsp;<\/p>\n<p><img loading=\"lazy\" decoding=\"async\" class=\"wp-image-3005 aligncenter\" src=\"https:\/\/serviozono.com\/wp-content\/uploads\/2024\/07\/paste644-300x215-1.jpg\" alt=\"\" width=\"400\" height=\"287\" srcset=\"https:\/\/serviozono.com\/wp-content\/uploads\/2024\/07\/paste644-300x215-1.jpg 300w, https:\/\/serviozono.com\/wp-content\/uploads\/2024\/07\/paste644-300x215-1-18x12.jpg 18w\" sizes=\"auto, (max-width: 400px) 100vw, 400px\" \/><\/p>\n<p>\n<\/div><\/div><\/div><\/div><\/div><\/div><!-- cell_inner --><\/div><!-- cell --><\/div><!-- port --><\/section>","protected":false},"excerpt":{"rendered":"","protected":false},"author":3,"featured_media":0,"parent":0,"menu_order":0,"comment_status":"closed","ping_status":"closed","template":"","meta":{"footnotes":""},"class_list":["post-3003","page","type-page","status-publish","hentry"],"_links":{"self":[{"href":"https:\/\/serviozono.com\/it\/wp-json\/wp\/v2\/pages\/3003","targetHints":{"allow":["GET"]}}],"collection":[{"href":"https:\/\/serviozono.com\/it\/wp-json\/wp\/v2\/pages"}],"about":[{"href":"https:\/\/serviozono.com\/it\/wp-json\/wp\/v2\/types\/page"}],"author":[{"embeddable":true,"href":"https:\/\/serviozono.com\/it\/wp-json\/wp\/v2\/users\/3"}],"replies":[{"embeddable":true,"href":"https:\/\/serviozono.com\/it\/wp-json\/wp\/v2\/comments?post=3003"}],"version-history":[{"count":10,"href":"https:\/\/serviozono.com\/it\/wp-json\/wp\/v2\/pages\/3003\/revisions"}],"predecessor-version":[{"id":3015,"href":"https:\/\/serviozono.com\/it\/wp-json\/wp\/v2\/pages\/3003\/revisions\/3015"}],"wp:attachment":[{"href":"https:\/\/serviozono.com\/it\/wp-json\/wp\/v2\/media?parent=3003"}],"curies":[{"name":"wp","href":"https:\/\/api.w.org\/{rel}","templated":true}]}}