{"id":1086,"date":"2022-06-01T11:41:30","date_gmt":"2022-06-01T11:41:30","guid":{"rendered":"https:\/\/serviozono.com\/?post_type=product&#038;p=1086"},"modified":"2025-10-20T16:17:22","modified_gmt":"2025-10-20T16:17:22","slug":"generador-go-500-v","status":"publish","type":"product","link":"https:\/\/serviozono.com\/it\/prodotto\/generador-go-500-v\/","title":{"rendered":"Generatore di ANDARE a 500 V"},"content":{"rendered":"<h3>Ozonizzatori murales commerciale<\/h3>\n<p>Il modello di ANDARE a 500 V \u00e8 un Generatore di Ozono per il trattamento dell&#039;aria. L&#039;ozono viene espulso attraverso la parte anteriore attraverso la griglia del diffusore per mezzo di una ventola interna. Questo modello \u00e8 costruito in una cassa in acciaio \u00e8 dotato di un timer ciclico per il controllo della produzione in tempo<\/p>\n<p>Il modello 500 mg\/O3\/h sia per soggiorni di circa 60 m2<\/p>\n<p>&nbsp;<\/p>\n<h3><img loading=\"lazy\" decoding=\"async\" class=\"aligncenter wp-image-1714\" src=\"https:\/\/serviozono.com\/wp-content\/uploads\/2022\/06\/pro-20.jpg\" alt=\"\" width=\"400\" height=\"400\" srcset=\"https:\/\/serviozono.com\/wp-content\/uploads\/2022\/06\/pro-20.jpg 500w, https:\/\/serviozono.com\/wp-content\/uploads\/2022\/06\/pro-20-300x300.jpg 300w, https:\/\/serviozono.com\/wp-content\/uploads\/2022\/06\/pro-20-100x100.jpg 100w, https:\/\/serviozono.com\/wp-content\/uploads\/2022\/06\/pro-20-160x160.jpg 160w, https:\/\/serviozono.com\/wp-content\/uploads\/2022\/06\/pro-20-320x320.jpg 320w\" sizes=\"auto, (max-width: 400px) 100vw, 400px\" \/>Applicazione<\/h3>\n<p>L&#039;ozono \u00e8 una variazione di ossigeno, con una molecola formata da tre atomi. Questa molecola \u00e8 ripartito con facilit\u00e0, il rilascio di un atomo di ossigeno che reagisce in combinazione con sostanze chimiche inquinanti dall&#039;aria, agendo principalmente di composti organici, cos\u00ec come i batteri, virus e funghi, la loro distruzione e di prevenire la loro formazione.<\/p>\n<p>L&#039;ozono, per il suo grande potere ossidante, ha tra le altre, le seguenti propriet\u00e0:<\/p>\n<p>\u2013 Rimozione odore, antibatterico, sterilizzazione, ...<\/p>\n<p>Cos\u00ec possiamo cancellare:<\/p>\n<p>\u2013 I cattivi odori causati dal tabacco, fognature, animali, prodotti chimici<br \/>\nI germi dell&#039;ambiente e per i materiali che la casa (tende, tessuti, tappeti, ...)<br \/>\n\u2013 La sensazione di aria sottile<\/p>\n<h3>Installazione di ozonizzatori murales<\/h3>\n<p>Deve essere installato tra i 2 e i 2,5 metri di altezza e a una distanza dal soffitto di almeno 30 cm, preferibilmente appeso al muro come un quadro. Non richiede un cambio di filtri e utilizzare solo aria e una quantit\u00e0 trascurabile di energia elettrica.<\/p>\n<p>Grazie alla pi\u00f9 recente tecnologia built-in ad ALTA FREQUENZA per la produzione di Ozono ottenuto un risultato nettamente superiore a quello di altre tecnologie utilizzate fino a quel momento, permettendo di ridurre l&#039;attrezzatura nonostante la produzione di elevate quantit\u00e0 di Ozono.<\/p>\n<p>I generatori di Top Ozono <strong>non producono alluminio<\/strong>, metallo pesante altamente tossico, in quanto non fa uso di reattori di ceramica, ma fatta di acciaio inossidabile.<\/p>\n<h3>Risultati<\/h3>\n<p>-Rimuovere completamente tutti i tipi di odori, qualunque sia la sua origine.<br \/>\n-Disinfettare l&#039;ambiente, la rimozione di virus, batteri e acari della polvere.<br \/>\n-Ottenere una completa sterilizzazione dei luoghi con scarsa ventilazione.<br \/>\n-Ridurre i sintomi per le persone con asma e le allergie di tutti i tipi.<br \/>\n-Assicurare che la custodia interrompere l&#039;odore se si tratta di animali.<br \/>\n-Per ottenere una qualit\u00e0 dell&#039;aria di essere molto benefico per la salute.<br \/>\n-Installato nei luoghi di lavoro, riduce drasticamente la possibilit\u00e0 di contagio tra persone di virus come l&#039;influenza o il COVID-19 (riduzione di manodopera a basso).<\/p>\n<h3>Caratteristiche tecniche<\/h3>\n<p>&nbsp;<\/p>\n<table>\n<tbody>\n<tr>\n<td width=\"283\">POTENZA<\/td>\n<td width=\"283\">\u00a0 \u00a0 \u00a0 \u00a0 \u00a0 \u00a0 \u00a0 \u00a0 \u00a0 \u00a0 \u00a0 \u00a0230 V 50 HZ<\/td>\n<\/tr>\n<tr>\n<td width=\"283\">Il CONSUMO di<\/td>\n<td width=\"283\">\u00a0 \u00a0 \u00a0 \u00a0 \u00a0 \u00a0 \u00a0 \u00a0 \u00a0 \u00a0 \u00a0 \u00a0 \u00a0 \u00a0 \u00a018 W<\/td>\n<\/tr>\n<tr>\n<td width=\"283\">DIMENSIONI<\/td>\n<td width=\"283\">\u00a0 \u00a0 \u00a0 \u00a0 \u00a0 \u00a0 \u00a0 \u00a0 \u00a0 \u00a0 \u00a0 \u00a017 x 20 x 6,5<\/td>\n<\/tr>\n<tr>\n<td width=\"283\">PESO<\/td>\n<td width=\"283\">\u00a0 \u00a0 \u00a0 \u00a0 \u00a0 \u00a0 \u00a0 \u00a0 \u00a0 \u00a0 \u00a0 \u00a0 \u00a0 \u00a0 0,5 KG<\/td>\n<\/tr>\n<tr>\n<td width=\"283\">PRODUZIONE<\/td>\n<td width=\"283\">\u00a0 \u00a0 \u00a0 \u00a0 \u00a0 \u00a0 \u00a0 \u00a0 \u00a0 \u00a0500 MG \/ H MASSIMO<\/td>\n<\/tr>\n<tr>\n<td width=\"283\">REGOLAMENTO<\/td>\n<td width=\"283\">\u00a0 \u00a0 \u00a0 \u00a0 \u00a0 \u00a0 \u00a0 \u00a0 \u00a0 \u00a0 \u00a0TIMER<\/td>\n<\/tr>\n<tr>\n<td width=\"283\">PROTEZIONE ELETTRICA<\/td>\n<td width=\"283\">\u00a0\u00a0\u00a0\u00a0\u00a0\u00a0\u00a0\u00a0\u00a0\u00a0\u00a0\u00a0\u00a0\u00a0\u00a0\u00a0\u00a0\u00a0\u00a0\u00a0\u00a0\u00a0\u00a0\u00a0\u00a0 FUSIBILE 1 A<\/td>\n<\/tr>\n<tr>\n<td width=\"283\">BOX<\/td>\n<td width=\"283\">\u00a0\u00a0\u00a0\u00a0\u00a0\u00a0\u00a0\u00a0\u00a0\u00a0\u00a0\u00a0\u00a0\u00a0\u00a0\u00a0\u00a0\u00a0\u00a0\u00a0\u00a0\u00a0\u00a0\u00a0 IN ACCIAIO INOX.<\/td>\n<\/tr>\n<\/tbody>\n<\/table>\n<p>&nbsp;<\/p>","protected":false},"excerpt":{"rendered":"<p>Generatore-GO-500 V<\/p>","protected":false},"featured_media":1714,"template":"","meta":[],"product_brand":[],"product_cat":[59],"product_tag":[],"class_list":{"0":"post-1086","1":"product","2":"type-product","3":"status-publish","4":"has-post-thumbnail","6":"product_cat-murales-aire-ambiente","8":"first","9":"instock","10":"sale","11":"featured","12":"taxable","13":"shipping-taxable","14":"purchasable","15":"product-type-simple"},"_links":{"self":[{"href":"https:\/\/serviozono.com\/it\/wp-json\/wp\/v2\/product\/1086","targetHints":{"allow":["GET"]}}],"collection":[{"href":"https:\/\/serviozono.com\/it\/wp-json\/wp\/v2\/product"}],"about":[{"href":"https:\/\/serviozono.com\/it\/wp-json\/wp\/v2\/types\/product"}],"wp:featuredmedia":[{"embeddable":true,"href":"https:\/\/serviozono.com\/it\/wp-json\/wp\/v2\/media\/1714"}],"wp:attachment":[{"href":"https:\/\/serviozono.com\/it\/wp-json\/wp\/v2\/media?parent=1086"}],"wp:term":[{"taxonomy":"product_brand","embeddable":true,"href":"https:\/\/serviozono.com\/it\/wp-json\/wp\/v2\/product_brand?post=1086"},{"taxonomy":"product_cat","embeddable":true,"href":"https:\/\/serviozono.com\/it\/wp-json\/wp\/v2\/product_cat?post=1086"},{"taxonomy":"product_tag","embeddable":true,"href":"https:\/\/serviozono.com\/it\/wp-json\/wp\/v2\/product_tag?post=1086"}],"curies":[{"name":"wp","href":"https:\/\/api.w.org\/{rel}","templated":true}]}}