{"id":1112,"date":"2022-06-01T15:25:54","date_gmt":"2022-06-01T15:25:54","guid":{"rendered":"https:\/\/serviozono.com\/?post_type=product&#038;p=1112"},"modified":"2025-10-20T16:16:49","modified_gmt":"2025-10-20T16:16:49","slug":"generador-p-500-ac-ta","status":"publish","type":"product","link":"https:\/\/serviozono.com\/it\/prodotto\/generador-p-500-ac-ta\/","title":{"rendered":"Generatore P 500 CA TA"},"content":{"rendered":"<h3>Ozonizzatori nazionali multinazionali<\/h3>\n<p>La versatilit\u00e0 di questi generatori \u00e8 che si pu\u00f2 trattare fluidi e anche l&#039;aria. Per il trattamento dell&#039;aria \u00e8 sufficiente scollegare il tubo, e la ventola del team di condividere l&#039;ozono per l&#039;intero soggiorno. Hai solo bisogno di una presa di alimentazione per il collegamento.<\/p>\n<p>Il modello murale pu\u00f2 essere montato a parete o utilizzato su un piano di lavoro.<\/p>\n<p>Essi sono progettati per l&#039;immissione sul bancone della cucina o su qualsiasi tabella o attaccarlo al muro, per ozonizar l&#039;acqua contenuta nei vasi, bottiglie, bombole o a cubetti. Per fare questo, basta collegare il tubo di uscita del generatore di Ozono, l&#039;altra estremit\u00e0 per collegare un diffusore per introdurre il driver del tubo di Ozono all&#039;interno del contenitore e avviare la macchina. Ha un timer regolabile e un pulsante di accensione\/spegnimento.<\/p>\n<p><img loading=\"lazy\" decoding=\"async\" class=\"size-medium wp-image-1104 aligncenter\" src=\"https:\/\/serviozono.com\/wp-content\/uploads\/2022\/06\/maquina-de-ozono-portatil-agua-TOP-OZONO-P500-AC-640x250.jpg\" alt=\"\" width=\"640\" height=\"250\" srcset=\"https:\/\/serviozono.com\/wp-content\/uploads\/2022\/06\/maquina-de-ozono-portatil-agua-TOP-OZONO-P500-AC-640x250.jpg 640w, https:\/\/serviozono.com\/wp-content\/uploads\/2022\/06\/maquina-de-ozono-portatil-agua-TOP-OZONO-P500-AC-600x234.jpg 600w, https:\/\/serviozono.com\/wp-content\/uploads\/2022\/06\/maquina-de-ozono-portatil-agua-TOP-OZONO-P500-AC-768x300.jpg 768w, https:\/\/serviozono.com\/wp-content\/uploads\/2022\/06\/maquina-de-ozono-portatil-agua-TOP-OZONO-P500-AC-320x125.jpg 320w, https:\/\/serviozono.com\/wp-content\/uploads\/2022\/06\/maquina-de-ozono-portatil-agua-TOP-OZONO-P500-AC.jpg 850w\" sizes=\"auto, (max-width: 640px) 100vw, 640px\" \/><\/p>\n<p>&nbsp;<\/p>\n<h3>Generatori di ozono, portatile per la casa e per la qualit\u00e0 industriale<\/h3>\n<p>Top Ozono produce tutte le sue generatori di componenti industriali. Non hanno obsolescenza programmata. Non c&#039;\u00e8 limite alle ore di funzionamento come accade per tutti i generatori di mercato.<\/p>\n<p>Grazie alla pi\u00f9 recente tecnologia built-in ad ALTA FREQUENZA per la produzione di Ozono, i risultati significativamente superiore a quello di altri sistemi utilizzati fino a quel momento, che consente di ridurre l&#039;attrezzatura nonostante la produzione di elevate quantit\u00e0 di Ozono.<\/p>\n<p>&nbsp;<\/p>\n<p><img loading=\"lazy\" decoding=\"async\" class=\"wp-image-1105 aligncenter\" src=\"https:\/\/serviozono.com\/wp-content\/uploads\/2022\/06\/P500AC-tubo-w.jpg\" alt=\"\" width=\"285\" height=\"369\" srcset=\"https:\/\/serviozono.com\/wp-content\/uploads\/2022\/06\/P500AC-tubo-w.jpg 600w, https:\/\/serviozono.com\/wp-content\/uploads\/2022\/06\/P500AC-tubo-w-320x414.jpg 320w\" sizes=\"auto, (max-width: 285px) 100vw, 285px\" \/><\/p>\n<p>&nbsp;<\/p>\n<h3 style=\"text-align: center;\">Diverse applicazioni per la salute degli esseri viventi<\/h3>\n<h3>Per l&#039;acqua<\/h3>\n<p>L&#039;assunzione di acqua ozonizzata, gli effetti dell&#039;Ozono circolare ampiamente in tutto il corpo attraverso il tratto digestivo, passando nel flusso sanguigno. Si consiglia di prendere l&#039;acqua ozonizzata a stomaco vuoto, per evitare di prendere qualsiasi cibo fino a quando dopo 20 minuti. Per fare questo, \u00e8 stato ozonizzato un bicchiere di acqua per mezzo minuto e bere al mattino e alla sera. Elimina il mal di testa e insonnia. Ottenere numerosi vantaggi con una dieta a base di acqua ozonizzata. Ossigenare l&#039;acqua rende questo un eccitante naturale e sano, ossigenare il sangue, anche aumentando la libido e causando un effetto di ringiovanimento e antisettico, come le difese.<br \/>\n-Bere l&#039;acqua del rubinetto senza pericolo di contaminazione virale e batterica, di ottenere l&#039;acqua completamente sterili, privi di odori e non di cattivo gusto.<br \/>\n-Dimenticare trascinare pesanti bottiglie d&#039;acqua per la vostra casa.<br \/>\n-Lavare frutta e verdura con acqua ozonizzata per rimuovere i pesticidi e batteri E-coli.<br \/>\n-Sterilizzare i biberon.<br \/>\n-Utilizzare l&#039;acqua ozonizzata per la pulizia e la disinfezione dei luoghi impegnata per la cultura della sicurezza. Attenzione ad applicare nei metalli, come il suo potere di ossidazione \u00e8 alta.<br \/>\n-Grande per il lavaggio animali, per uccidere gli insetti e parassiti.<br \/>\n-Piante di acqua con acqua ozonizzata e possano crescere sani e forti.<br \/>\n-Utilizzare l&#039;acqua ozonizzata per prolungare la vita dei fiori freschi di taglio di un vaso.<br \/>\nOzonizzato un serbatoio di pesce. Dependiendiendo la dimensione del serbatoio e la quantit\u00e0 di pesce che contiene, \u00e8 possibile ozonizarse tra i 2 e i 5 minuti, due volte al giorno, per detergere e purificare l&#039;acqua.<\/p>\n<p>&nbsp;<\/p>\n<p>&nbsp;<\/p>\n<p><img loading=\"lazy\" decoding=\"async\" class=\"wp-image-1106 aligncenter\" src=\"https:\/\/serviozono.com\/wp-content\/uploads\/2022\/06\/ozonizador-P500ACe-en-agua-640x388.png\" alt=\"\" width=\"478\" height=\"290\" srcset=\"https:\/\/serviozono.com\/wp-content\/uploads\/2022\/06\/ozonizador-P500ACe-en-agua-640x388.png 640w, https:\/\/serviozono.com\/wp-content\/uploads\/2022\/06\/ozonizador-P500ACe-en-agua-600x364.png 600w, https:\/\/serviozono.com\/wp-content\/uploads\/2022\/06\/ozonizador-P500ACe-en-agua-768x466.png 768w, https:\/\/serviozono.com\/wp-content\/uploads\/2022\/06\/ozonizador-P500ACe-en-agua-320x194.png 320w, https:\/\/serviozono.com\/wp-content\/uploads\/2022\/06\/ozonizador-P500ACe-en-agua.png 800w\" sizes=\"auto, (max-width: 478px) 100vw, 478px\" \/><\/p>\n<h3>Per l&#039;aria<\/h3>\n<p>-Per essere somministrato direttamente in aria, elimina gli agenti patogeni e riduce la materia organica, cancellato l&#039;aria di tutti i tipi di odori.<\/p>\n<p><img loading=\"lazy\" decoding=\"async\" class=\"wp-image-1108 aligncenter\" src=\"https:\/\/serviozono.com\/wp-content\/uploads\/2022\/06\/ozonizar-conductos-de-aire-hogar-TOP-OZONO-640x157.png\" alt=\"\" width=\"754\" height=\"185\" srcset=\"https:\/\/serviozono.com\/wp-content\/uploads\/2022\/06\/ozonizar-conductos-de-aire-hogar-TOP-OZONO-640x157.png 640w, https:\/\/serviozono.com\/wp-content\/uploads\/2022\/06\/ozonizar-conductos-de-aire-hogar-TOP-OZONO-600x147.png 600w, https:\/\/serviozono.com\/wp-content\/uploads\/2022\/06\/ozonizar-conductos-de-aire-hogar-TOP-OZONO-768x188.png 768w, https:\/\/serviozono.com\/wp-content\/uploads\/2022\/06\/ozonizar-conductos-de-aire-hogar-TOP-OZONO-320x78.png 320w, https:\/\/serviozono.com\/wp-content\/uploads\/2022\/06\/ozonizar-conductos-de-aire-hogar-TOP-OZONO.png 1102w\" sizes=\"auto, (max-width: 754px) 100vw, 754px\" \/><\/p>\n<p>&nbsp;<\/p>\n<h3>L&#039;uso di generatori di ozono terapia<\/h3>\n<p>Progettato per uno possono essere effettuati trattamenti di ozono terapia a casa, e pu\u00f2 essere trattata con Ozono, l&#039;acqua e l&#039;olio per l&#039;immediata ed estremamente user-friendly, in modo da ottenere i benefici incredibili di Ozono sia per l&#039;interno (apparato digerente) verso l&#039;esterno (la pelle).<\/p>\n<p>Attenzione!!! A proposito ozonizzato pu\u00f2 aumentare la tensione. Prendere diversi bicchieri ozonizzato pu\u00f2 comportare effetti eccitanti e tonificante simile a un energy drink, ma del tutto naturale. Quindi, prendere la notte pu\u00f2 causare insonnia.<\/p>\n<p>&nbsp;<\/p>\n<p><img loading=\"lazy\" decoding=\"async\" class=\"wp-image-1109 aligncenter\" src=\"https:\/\/serviozono.com\/wp-content\/uploads\/2022\/06\/IMG-20201015-WA0028.jpg\" alt=\"\" width=\"529\" height=\"341\" srcset=\"https:\/\/serviozono.com\/wp-content\/uploads\/2022\/06\/IMG-20201015-WA0028.jpg 338w, https:\/\/serviozono.com\/wp-content\/uploads\/2022\/06\/IMG-20201015-WA0028-320x206.jpg 320w\" sizes=\"auto, (max-width: 529px) 100vw, 529px\" \/><\/p>\n<p style=\"text-align: center;\"><strong>Esempio di trattamento con Ozono sulla pelle<\/strong><\/p>\n<p>Le terapie di Ozono sono utilizzati per fornire il corpo con le forme attive di ossigeno per bocca, per via endovenosa, o dalla pelle. Una volta nel corpo, il perossido di idrogeno o l&#039;Ozono viene a contatto con il virus e tutti i tipi di microbi anaerobici (quelli che hanno la capacit\u00e0 di vivere senza l&#039;aria), come sono parassiti, virus, batteri, funghi e lieviti, con le cellule dei tessuti malati o poveri, a marcire nella scorsa legislatura in ossigeno comburente cella malsana e lasciando il sano. Quando il corpo \u00e8 saturo di queste particolari forme di ossigeno, raggiunge uno stato di purezza, in cui i microrganismi muoiono, mentre la tossicit\u00e0 sottostante \u00e8 ossidato e rimosso.<\/p>\n<h3>Terapie ossidativo Ozono influenzano il corpo umano nei seguenti modi:<\/h3>\n<p>-Rimosso il virus.<br \/>\n-L&#039;Ozono ossida tutti i tipi di tossine e che li rende solubili in acqua, vengono espulsi dal corpo.<br \/>\n-L&#039;Ozono stimola il sistema immunitario e la circolazione sanguigna, l&#039;ossigenazione del corpo.<br \/>\n-Il cervello usa il 15% di ossigeno nel corpo e per questo motivo, quando si aggiunge Ozono, migliora le funzioni cerebrali e di memoria.<br \/>\n-Stimolare la produzione di globuli bianchi necessari per combattere le infezioni.<br \/>\n-Aumentare l&#039;ossigeno, da parte di dissociazione dell&#039;emoglobina, che aumenta l&#039;apporto di ossigeno dal sangue alle cellule.<br \/>\n-L&#039;ozono \u00e8 antineopl\u00e1stico, il che significa che inibisce la crescita di nuovi tessuti come i tumori.<br \/>\n-Si ossida e si degrada prodotti petro-chemicals.<br \/>\n-Aumentare la distensibilit\u00e0 della membrana dei globuli rossi del sangue, migliorando la flessibilit\u00e0 e l&#039;efficacia.<br \/>\n-Aumenta la produzione di interferone e fattore di necrosi tumorale, che il corpo utilizza per combattere le infezioni e tumori.<br \/>\n-Aumenta l&#039;efficienza dell&#039;enzima antiossidante sistema che neutralizza l&#039;eccesso di radicali liberi nel corpo.<br \/>\n-Accelera il ciclo dell&#039;acido citrico, che \u00e8 il ciclo principale per la liberazione di energia da zuccheri. Questo, a sua volta, stimola il metabolismo di base. Inoltre, rompe le proteine, carboidrati e grassi per essere utilizzati come energia.<br \/>\n-Per aumentare l&#039;ossigenazione del tessuto, il miglioramento della potenza del paziente.<br \/>\n-Alimentazione con il metabolismo di proteine, carboidrati, grassi, vitamine e minerali.<br \/>\n-Agisce come un regolatore di ormone, migliorare la produzione del corpo di estrogeni, progesterone e tiroxina, aiutando a regolare lo zucchero nel sangue e la produzione di energia nelle cellule.<\/p>\n<h3>Caratteristiche tecniche<\/h3>\n<p>&nbsp;<\/p>\n<table>\n<tbody>\n<tr>\n<td width=\"283\">POTENZA<\/td>\n<td width=\"283\">\u00a0\u00a0\u00a0\u00a0\u00a0\u00a0\u00a0\u00a0\u00a0\u00a0\u00a0\u00a0\u00a0\u00a0\u00a0\u00a0\u00a0\u00a0 \u00a0\u00a0\u00a0\u00a0\u00a0\u00a0\u00a0\u00a0230 V 50 HZ<\/td>\n<\/tr>\n<tr>\n<td width=\"283\">Il CONSUMO di<\/td>\n<td width=\"283\">\u00a0\u00a0\u00a0\u00a0\u00a0\u00a0\u00a0\u00a0\u00a0\u00a0\u00a0\u00a0\u00a0\u00a0\u00a0\u00a0\u00a0\u00a0\u00a0\u00a0\u00a0 \u00a0\u00a0\u00a0\u00a0\u00a0\u00a0\u00a0\u00a0\u00a0\u00a046 W<\/td>\n<\/tr>\n<tr>\n<td width=\"283\">DIMENSIONI<\/td>\n<td width=\"283\">\u00a0\u00a0\u00a0\u00a0\u00a0\u00a0\u00a0\u00a0\u00a0\u00a0\u00a0\u00a0\u00a0\u00a0\u00a0\u00a0\u00a0 \u00a0\u00a0\u00a0\u00a0\u00a034 x 16,5 x 16,5<\/td>\n<\/tr>\n<tr>\n<td width=\"283\">PESO<\/td>\n<td width=\"283\">\u00a0\u00a0\u00a0\u00a0\u00a0\u00a0\u00a0\u00a0\u00a0\u00a0\u00a0\u00a0\u00a0\u00a0\u00a0\u00a0\u00a0\u00a0\u00a0\u00a0\u00a0\u00a0\u00a0 \u00a0\u00a0\u00a0\u00a0\u00a0\u00a0\u00a04.2 KG<\/td>\n<\/tr>\n<tr>\n<td width=\"283\">PRODUZIONE<\/td>\n<td width=\"283\">\u00a0\u00a0\u00a0\u00a0\u00a0\u00a0\u00a0\u00a0\u00a0\u00a0\u00a0\u00a0\u00a0 \u00a0\u00a0\u00a0\u00a0\u00a0500 MG \/ H MASSIMO<\/td>\n<\/tr>\n<tr>\n<td width=\"283\">REGOLAMENTO<\/td>\n<td width=\"283\">\u00a0\u00a0\u00a0\u00a0\u00a0\u00a0\u00a0\u00a0\u00a0\u00a0\u00a0\u00a0\u00a0\u00a0 \u00a0TIMER ACICLICI<\/td>\n<\/tr>\n<tr>\n<td width=\"283\">PROTEZIONE ELETTRICA<\/td>\n<td width=\"283\">\u00a0\u00a0\u00a0\u00a0\u00a0\u00a0\u00a0\u00a0\u00a0\u00a0\u00a0\u00a0\u00a0\u00a0\u00a0\u00a0\u00a0\u00a0\u00a0\u00a0\u00a0\u00a0\u00a0\u00a0\u00a0 FUSIBILE 2 A<\/td>\n<\/tr>\n<tr>\n<td width=\"283\">BOX<\/td>\n<td width=\"283\">\u00a0\u00a0\u00a0\u00a0\u00a0\u00a0\u00a0\u00a0\u00a0\u00a0\u00a0\u00a0\u00a0\u00a0\u00a0\u00a0\u00a0\u00a0\u00a0\u00a0\u00a0\u00a0\u00a0\u00a0 IN ACCIAIO INOX.<\/td>\n<\/tr>\n<tr>\n<td width=\"283\">COMPRESSORE<\/td>\n<td width=\"283\">\u00a0\u00a0\u00a0\u00a0\u00a0\u00a0\u00a0\u00a0\u00a0\u00a0\u00a0\u00a0\u00a0\u00a0\u00a0\u00a0\u00a0\u00a0\u00a0\u00a0 10 LITRI\/ MINUTO<\/td>\n<\/tr>\n<\/tbody>\n<\/table>","protected":false},"excerpt":{"rendered":"<p>Generatore di P-500-CA TA<\/p>","protected":false},"featured_media":1699,"template":"","meta":[],"product_brand":[],"product_cat":[64],"product_tag":[],"class_list":{"0":"post-1112","1":"product","2":"type-product","3":"status-publish","4":"has-post-thumbnail","6":"product_cat-portatil-mural-o-sobre-mesa-multifuncion-aire-agua","8":"first","9":"instock","10":"sale","11":"taxable","12":"shipping-taxable","13":"purchasable","14":"product-type-simple"},"_links":{"self":[{"href":"https:\/\/serviozono.com\/it\/wp-json\/wp\/v2\/product\/1112","targetHints":{"allow":["GET"]}}],"collection":[{"href":"https:\/\/serviozono.com\/it\/wp-json\/wp\/v2\/product"}],"about":[{"href":"https:\/\/serviozono.com\/it\/wp-json\/wp\/v2\/types\/product"}],"wp:featuredmedia":[{"embeddable":true,"href":"https:\/\/serviozono.com\/it\/wp-json\/wp\/v2\/media\/1699"}],"wp:attachment":[{"href":"https:\/\/serviozono.com\/it\/wp-json\/wp\/v2\/media?parent=1112"}],"wp:term":[{"taxonomy":"product_brand","embeddable":true,"href":"https:\/\/serviozono.com\/it\/wp-json\/wp\/v2\/product_brand?post=1112"},{"taxonomy":"product_cat","embeddable":true,"href":"https:\/\/serviozono.com\/it\/wp-json\/wp\/v2\/product_cat?post=1112"},{"taxonomy":"product_tag","embeddable":true,"href":"https:\/\/serviozono.com\/it\/wp-json\/wp\/v2\/product_tag?post=1112"}],"curies":[{"name":"wp","href":"https:\/\/api.w.org\/{rel}","templated":true}]}}