{"id":1119,"date":"2022-06-01T19:01:44","date_gmt":"2022-06-01T19:01:44","guid":{"rendered":"https:\/\/serviozono.com\/?post_type=product&#038;p=1119"},"modified":"2025-10-20T16:16:49","modified_gmt":"2025-10-20T16:16:49","slug":"generador-go-2000-ac","status":"publish","type":"product","link":"https:\/\/serviozono.com\/it\/prodotto\/generador-go-2000-ac\/","title":{"rendered":"Generatore di ANDARE al 2000 A.C."},"content":{"rendered":"<h3>Ozonizzatori led Multifunzione commerciale di aria e acqua<\/h3>\n<p>Generatore di ozono per la disinfezione e deodorazione commerciali e domestici nell&#039;Ozono guidato da un tubo di piccola sezione.<\/p>\n<p>Sono montato in un contenitore, in acciaio inox., tra reattore produttore di Ozono, compressore a membrana (membrana), cartuccia di essiccazione dell&#039;aria in ingresso al compressore e il raffreddamento forzato tramite ventola. Il sistema di regolazione del computer viene eseguito da un timer digitale che regola la produzione di Ozono, come l&#039;iniezione di aria dal compressore.<\/p>\n<p>&nbsp;<\/p>\n<p><img loading=\"lazy\" decoding=\"async\" class=\"wp-image-2054 aligncenter\" src=\"https:\/\/serviozono.com\/wp-content\/uploads\/2022\/07\/pro-29.jpg\" alt=\"\" width=\"350\" height=\"350\" srcset=\"https:\/\/serviozono.com\/wp-content\/uploads\/2022\/07\/pro-29.jpg 500w, https:\/\/serviozono.com\/wp-content\/uploads\/2022\/07\/pro-29-300x300.jpg 300w, https:\/\/serviozono.com\/wp-content\/uploads\/2022\/07\/pro-29-100x100.jpg 100w, https:\/\/serviozono.com\/wp-content\/uploads\/2022\/07\/pro-29-160x160.jpg 160w, https:\/\/serviozono.com\/wp-content\/uploads\/2022\/07\/pro-29-12x12.jpg 12w, https:\/\/serviozono.com\/wp-content\/uploads\/2022\/07\/pro-29-320x320.jpg 320w\" sizes=\"auto, (max-width: 350px) 100vw, 350px\" \/><\/p>\n<p>&nbsp;<\/p>\n<h3>Applicazione<\/h3>\n<p>Acqua: serbatoi, cisterne, pozzi, rondelle, industriale, ecc<br \/>\nAria: ambienti refrigerati, condotti, sprinkler ambientale, condotti di ventilazione, gas di scarico, ozono terapia, professionisti, ecc<\/p>\n<h3>Trattamento delle acque<\/h3>\n<p>Essi sono progettati per disinfettare e sterilizzare grandi quantit\u00e0 di acqua, di entrambi i depositi, come pozzi o cisterne.<\/p>\n<p>Sono computer con il quale sarete in grado di ottenere acqua ozonizzata immediatamente ed estremamente semplice, inyect\u00e1ndola attraverso un tubo che trasporta il gas ad un diffusore. L&#039;introduzione di Ozono in acqua con aria compressa, che fornisce una grande diffusione di Ozono nell&#039;acqua da trattare.<\/p>\n<p>Se si utilizza un tubo di Venturi attraverso un circuito di ricircolo otterr\u00e0 una migliore miscela di Ozono\/acqua.<\/p>\n<p>Per zattere di acqua al di fuori di noi pu\u00f2 calcolare il bisogno di O3 a un tasso del 2 a 3 g\/m3, a seconda se \u00e8 molto o poco tempo per effettuare il trattamento di ozonizzazione.<\/p>\n<p>In caso di necessit\u00e0 di grandi quantit\u00e0 di Ozono, \u00e8 possibile utilizzare il computer pronto per il collegamento ad un sistema di aria compressa esterna, qualcosa che consente di aumentare notevolmente il volume di aria iniettata in acqua. Attraverso studi precedenti, siamo in grado di adattarsi a qualsiasi esigenza.<\/p>\n<h3>Serbatoi di acqua<\/h3>\n<p>Modelli con un compressore per consentire l&#039;installazione di diffusori sul fondo del serbatoio e portare l&#039;Ozono tramite il condotto di questi diffusori, che sono responsabili per la diffusione dell&#039;aria ozonizzata in acqua, creando una colonna di bolle.<\/p>\n<p>Un&#039;altra opzione \u00e8 molto pi\u00f9 efficace \u00e8 quello di utilizzare un computer senza un compressore con un sistema di ricircolo con Venturi, l&#039;ottenimento di una corretta miscela di Ozono\/acqua. Questo sistema richiede una pompa di ricircolo, e fornisce una maggiore diffusione di Ozono nell&#039;acqua.<\/p>\n<p>&nbsp;<\/p>\n<p><img loading=\"lazy\" decoding=\"async\" class=\"alignnone size-full wp-image-1122\" src=\"https:\/\/serviozono.com\/wp-content\/uploads\/2022\/06\/difusor-ozonizar-agua.jpg\" alt=\"\" width=\"110\" height=\"317\" \/><img loading=\"lazy\" decoding=\"async\" class=\"alignnone wp-image-1121\" src=\"https:\/\/serviozono.com\/wp-content\/uploads\/2022\/06\/generador-de-ozono-conducido-TOP-OZONO-en-deposito-de-agua.jpg\" alt=\"\" width=\"528\" height=\"330\" srcset=\"https:\/\/serviozono.com\/wp-content\/uploads\/2022\/06\/generador-de-ozono-conducido-TOP-OZONO-en-deposito-de-agua.jpg 635w, https:\/\/serviozono.com\/wp-content\/uploads\/2022\/06\/generador-de-ozono-conducido-TOP-OZONO-en-deposito-de-agua-600x375.jpg 600w, https:\/\/serviozono.com\/wp-content\/uploads\/2022\/06\/generador-de-ozono-conducido-TOP-OZONO-en-deposito-de-agua-320x200.jpg 320w\" sizes=\"auto, (max-width: 528px) 100vw, 528px\" \/><\/p>\n<p>&nbsp;<\/p>\n<h3>Lavatrici industriali<\/h3>\n<p>Mentre si consiglia un ozonizzatore in continuo, ci si pu\u00f2 collegare questi computer per lavatrici e industriali prescindiremos della necessit\u00e0 di acqua calda e di ridurre l&#039;uso di detergenti, candeggina o ammorbidenti, arrivando anche a rimuovere, se i tessuti non sono molto sporchi.<\/p>\n<p>Per una piccola lavatrice si utilizza un generatore di circa 2.000 mg\/h per una media di circa 4.000 mg\/h e per un unico grande appartamento di circa 8.000 mg\/h.<\/p>\n<h3>Il trattamento dell&#039;aria<\/h3>\n<p>Quando l&#039;installazione di un generatore di Ozono in una camera di refrigerazione, la combinazione dell&#039;alta tensione con l&#039;umidit\u00e0 ambientale si deteriora rapidamente i componenti della macchina. Inoltre, quando continuiamo ad alimentare il generatore di aria umida e il ottenere il deterioramento di molto pi\u00f9 rapidamente, dato che l&#039;elettricit\u00e0 (quando l&#039;aria riceve la scossa elettrica nel reattore), pi\u00f9 H\u2082O, pi\u00f9 Azoto (l&#039;aria \u00e8 composta per il 78% di azoto) \u00e8 generato da acido nitrico, un composto molto ossidanti e distruttiva del reattore stesso.<\/p>\n<p>I generatori di O3 led sono installati al di fuori della cella, lontano da umidit\u00e0 all&#039;interno della fotocamera. Il tubo che porta il gas \u00e8 quello che si trova all&#039;interno per l&#039;iniezione, dopo l&#039;unit\u00e0, in modo che si espandono rapidamente in tutta la camera.<\/p>\n<h3>Condotti di aria Condizionata \/ Ventilazione<\/h3>\n<p>Installare il generatore pi\u00f9 vicino possibile al condotto di ventilazione, l&#039;iniezione di aria ozonizzata all&#039;interno per mezzo di un tubo di unione tra il connettore di uscita del generatore e di un foro per inserire una piccola porzione del tubo all&#039;interno, sempre dopo la turbina di guida. Il generatore dovrebbe essere utilizzato solo quando il circuito lavoro di ventilazione (possono essere alimentati in parallelo con il motore del ventilatore tramite un rel\u00e8\/contattore di alimentazione separata)<\/p>\n<p>&nbsp;<\/p>\n<p><img loading=\"lazy\" decoding=\"async\" class=\"wp-image-1125 aligncenter\" src=\"https:\/\/serviozono.com\/wp-content\/uploads\/2022\/06\/Sin-titulo-2-640x274.jpg\" alt=\"\" width=\"537\" height=\"230\" srcset=\"https:\/\/serviozono.com\/wp-content\/uploads\/2022\/06\/Sin-titulo-2-640x274.jpg 640w, https:\/\/serviozono.com\/wp-content\/uploads\/2022\/06\/Sin-titulo-2-600x257.jpg 600w, https:\/\/serviozono.com\/wp-content\/uploads\/2022\/06\/Sin-titulo-2-768x328.jpg 768w, https:\/\/serviozono.com\/wp-content\/uploads\/2022\/06\/Sin-titulo-2-320x137.jpg 320w, https:\/\/serviozono.com\/wp-content\/uploads\/2022\/06\/Sin-titulo-2.jpg 1071w\" sizes=\"auto, (max-width: 537px) 100vw, 537px\" \/><\/p>\n<p>&nbsp;<\/p>\n<h3>Camere fredde<\/h3>\n<p>Installare il generatore pi\u00f9 vicino possibile alla fotocamera (non all&#039;interno) e inietta Ozono attraverso un foro nel pannello della fotocamera (il massimo possibile) in modo da far passare attraverso 6\/8 al vostro interno.<\/p>\n<p>Le videocamere di grandi dimensioni \u00e8 possibile installare un tubo di distribuzione all&#039;interno e quindi garantire una migliore distribuzione dell&#039;Ozono in tutto il suo volume. In questi casi pu\u00f2 essere necessario l&#039;utilizzo di un compressore con un pi\u00f9 alto potere per il raggiungimento di tutti i volumi da trattare.<\/p>\n<p>Il generatore c&#039;\u00e8 sempre superiore all&#039;ingresso per la fotocamera, in modo che l&#039;eventuale condensa nel tubo di ingresso non indietro verso il generatore, o nel tuo caso utilizzare una trappola di acqua per la condensazione.<\/p>\n<p><img loading=\"lazy\" decoding=\"async\" class=\"wp-image-1124 aligncenter\" src=\"https:\/\/serviozono.com\/wp-content\/uploads\/2022\/06\/generador-de-ozono-conducido-en-camaras-frigorificas-640x405.jpg\" alt=\"\" width=\"428\" height=\"271\" srcset=\"https:\/\/serviozono.com\/wp-content\/uploads\/2022\/06\/generador-de-ozono-conducido-en-camaras-frigorificas-640x405.jpg 640w, https:\/\/serviozono.com\/wp-content\/uploads\/2022\/06\/generador-de-ozono-conducido-en-camaras-frigorificas-600x379.jpg 600w, https:\/\/serviozono.com\/wp-content\/uploads\/2022\/06\/generador-de-ozono-conducido-en-camaras-frigorificas-768x485.jpg 768w, https:\/\/serviozono.com\/wp-content\/uploads\/2022\/06\/generador-de-ozono-conducido-en-camaras-frigorificas-320x202.jpg 320w, https:\/\/serviozono.com\/wp-content\/uploads\/2022\/06\/generador-de-ozono-conducido-en-camaras-frigorificas.jpg 799w\" sizes=\"auto, (max-width: 428px) 100vw, 428px\" \/><\/p>\n<p>&nbsp;<\/p>\n<h3>Eliminazione di odori negli impianti di estrazione aria<\/h3>\n<p>Nell&#039;estrazione condotti di aria viene iniettata Ozono nel condotto, cercando di mantenere la distanza massima per l&#039;output in modo che l&#039;Ozono \u00e8 in grado di svolgere il suo effetto durante tutto il tempo in aria<br \/>\nespulso scorre attraverso il tubo di uscita.<\/p>\n<p>In questi casi, maggiore \u00e8 la lunghezza della canna fumaria, maggiore sar\u00e0 l&#039;effetto dell&#039;ossidazione delle sostanze generazione di cattivi odori.<\/p>\n<p>&nbsp;<\/p>\n<p><img loading=\"lazy\" decoding=\"async\" class=\"wp-image-1123 aligncenter\" src=\"https:\/\/serviozono.com\/wp-content\/uploads\/2022\/06\/generador-de-ozono-TOP-OZONO-en-extractor-de-aire-640x240.jpg\" alt=\"\" width=\"576\" height=\"216\" srcset=\"https:\/\/serviozono.com\/wp-content\/uploads\/2022\/06\/generador-de-ozono-TOP-OZONO-en-extractor-de-aire-640x240.jpg 640w, https:\/\/serviozono.com\/wp-content\/uploads\/2022\/06\/generador-de-ozono-TOP-OZONO-en-extractor-de-aire-600x225.jpg 600w, https:\/\/serviozono.com\/wp-content\/uploads\/2022\/06\/generador-de-ozono-TOP-OZONO-en-extractor-de-aire-768x288.jpg 768w, https:\/\/serviozono.com\/wp-content\/uploads\/2022\/06\/generador-de-ozono-TOP-OZONO-en-extractor-de-aire-320x120.jpg 320w, https:\/\/serviozono.com\/wp-content\/uploads\/2022\/06\/generador-de-ozono-TOP-OZONO-en-extractor-de-aire.jpg 785w\" sizes=\"auto, (max-width: 576px) 100vw, 576px\" \/><\/p>\n<p>&nbsp;<\/p>\n<h3>Trattamenti di ozono terapia professionisti<\/h3>\n<p>In ospedali, cliniche e pratiche, il modello di GO-2000-BC, grazie al compressore di 25 l \/minuto, sar\u00e0 molto adatto per la guarigione delle ulcere, e per tutti i tipi di trattamenti di ozono terapia, che non comporta l&#039;iniezione nei tessuti o sangue.<\/p>\n<p>&nbsp;<\/p>\n<p><img loading=\"lazy\" decoding=\"async\" class=\"wp-image-1109 aligncenter\" src=\"https:\/\/serviozono.com\/wp-content\/uploads\/2022\/06\/IMG-20201015-WA0028.jpg\" alt=\"\" width=\"519\" height=\"335\" srcset=\"https:\/\/serviozono.com\/wp-content\/uploads\/2022\/06\/IMG-20201015-WA0028.jpg 338w, https:\/\/serviozono.com\/wp-content\/uploads\/2022\/06\/IMG-20201015-WA0028-320x206.jpg 320w\" sizes=\"auto, (max-width: 519px) 100vw, 519px\" \/><\/p>\n<p style=\"text-align: center;\"><strong>Esempio di trattamento con Ozono sulla pelle<\/strong><\/p>\n<h3>Caratteristiche tecniche<\/h3>\n<p>&nbsp;<\/p>\n<table>\n<tbody>\n<tr>\n<td width=\"283\">POTENZA<\/td>\n<td width=\"283\">\u00a0\u00a0\u00a0\u00a0\u00a0\u00a0\u00a0\u00a0\u00a0\u00a0\u00a0\u00a0\u00a0\u00a0\u00a0\u00a0\u00a0\u00a0 \u00a0\u00a0\u00a0\u00a0\u00a0\u00a0\u00a0\u00a0230 V 50 HZ<\/td>\n<\/tr>\n<tr>\n<td width=\"283\">Il CONSUMO di<\/td>\n<td width=\"283\">\u00a0 \u00a0 \u00a0 \u00a0 \u00a0 \u00a0 \u00a0 \u00a0 \u00a0 \u00a0 \u00a0 \u00a0 \u00a0 \u00a0 \u00a0 \u00a0 60 W<\/td>\n<\/tr>\n<tr>\n<td width=\"283\">DIMENSIONI<\/td>\n<td width=\"283\">\u00a0 \u00a0 \u00a0 \u00a0 \u00a0 \u00a0 \u00a0 \u00a0 \u00a0 \u00a0 \u00a0 \u00a049 x 30,3 x 14,5<\/td>\n<\/tr>\n<tr>\n<td width=\"283\">PESO<\/td>\n<td width=\"283\">\u00a0 \u00a0 \u00a0 \u00a0 \u00a0 \u00a0 \u00a0 \u00a0 \u00a0 \u00a0 \u00a0 \u00a0 \u00a0 \u00a0 \u00a0 \u00a05 KG<\/td>\n<\/tr>\n<tr>\n<td width=\"283\">PRODUZIONE<\/td>\n<td width=\"283\">\u00a0 \u00a0 \u00a0 \u00a0 \u00a0 \u00a0 \u00a0 \u00a0 \u00a0 \u00a02000 MG \/ H MASSIMO<\/td>\n<\/tr>\n<tr>\n<td width=\"283\">REGOLAMENTO<\/td>\n<td width=\"283\">\u00a0\u00a0\u00a0\u00a0\u00a0\u00a0\u00a0\u00a0\u00a0\u00a0\u00a0\u00a0\u00a0\u00a0 \u00a0TIMER DIGITALE<\/td>\n<\/tr>\n<tr>\n<td width=\"283\">PROTEZIONE ELETTRICA<\/td>\n<td width=\"283\">\u00a0\u00a0\u00a0\u00a0\u00a0\u00a0\u00a0\u00a0\u00a0\u00a0\u00a0\u00a0\u00a0\u00a0\u00a0\u00a0\u00a0\u00a0\u00a0\u00a0\u00a0\u00a0\u00a0\u00a0\u00a0 FUSIBILE 2 A<\/td>\n<\/tr>\n<tr>\n<td width=\"283\">BOX<\/td>\n<td width=\"283\">\u00a0\u00a0\u00a0\u00a0\u00a0\u00a0\u00a0\u00a0\u00a0\u00a0\u00a0\u00a0\u00a0\u00a0\u00a0\u00a0\u00a0\u00a0\u00a0\u00a0\u00a0\u00a0\u00a0\u00a0 IN ACCIAIO INOX.<\/td>\n<\/tr>\n<tr>\n<td width=\"283\">USCITA<\/td>\n<td width=\"283\">\u00a0 \u00a0 \u00a0 \u00a0 \u00a0 \u00a0 \u00a0 \u00a0 COMPRESSORE INTEGRATO<\/td>\n<\/tr>\n<\/tbody>\n<\/table>\n<p>&nbsp;<\/p>\n<p>&nbsp;<\/p>\n<p>&nbsp;<\/p>\n<p>&nbsp;<\/p>\n<p>&nbsp;<\/p>\n<p>&nbsp;<\/p>\n<p>&nbsp;<\/p>","protected":false},"excerpt":{"rendered":"<p>Generatore di-ANDARE-2000-BC<\/p>","protected":false},"featured_media":2054,"template":"","meta":[],"product_brand":[],"product_cat":[65],"product_tag":[],"class_list":{"0":"post-1119","1":"product","2":"type-product","3":"status-publish","4":"has-post-thumbnail","6":"product_cat-murales-aire-agua","8":"first","9":"instock","10":"sale","11":"taxable","12":"shipping-taxable","13":"purchasable","14":"product-type-simple"},"_links":{"self":[{"href":"https:\/\/serviozono.com\/it\/wp-json\/wp\/v2\/product\/1119","targetHints":{"allow":["GET"]}}],"collection":[{"href":"https:\/\/serviozono.com\/it\/wp-json\/wp\/v2\/product"}],"about":[{"href":"https:\/\/serviozono.com\/it\/wp-json\/wp\/v2\/types\/product"}],"wp:featuredmedia":[{"embeddable":true,"href":"https:\/\/serviozono.com\/it\/wp-json\/wp\/v2\/media\/2054"}],"wp:attachment":[{"href":"https:\/\/serviozono.com\/it\/wp-json\/wp\/v2\/media?parent=1119"}],"wp:term":[{"taxonomy":"product_brand","embeddable":true,"href":"https:\/\/serviozono.com\/it\/wp-json\/wp\/v2\/product_brand?post=1119"},{"taxonomy":"product_cat","embeddable":true,"href":"https:\/\/serviozono.com\/it\/wp-json\/wp\/v2\/product_cat?post=1119"},{"taxonomy":"product_tag","embeddable":true,"href":"https:\/\/serviozono.com\/it\/wp-json\/wp\/v2\/product_tag?post=1119"}],"curies":[{"name":"wp","href":"https:\/\/api.w.org\/{rel}","templated":true}]}}